{"id":6071,"date":"2022-08-09T10:14:20","date_gmt":"2022-08-09T15:14:20","guid":{"rendered":"https:\/\/encuentro-tic.anuies.mx\/2024\/?page_id=6071"},"modified":"2024-09-26T15:35:48","modified_gmt":"2024-09-26T21:35:48","slug":"hotel-sede","status":"publish","type":"page","link":"https:\/\/encuentro-tic.anuies.mx\/2024\/hotel-sede\/","title":{"rendered":"Hoteles sede"},"content":{"rendered":"<div id=\"pl-6071\"  class=\"panel-layout\" ><div id=\"pg-6071-0\"  class=\"panel-grid panel-no-style\" ><div id=\"pgc-6071-0-0\"  class=\"panel-grid-cell\" ><div id=\"panel-6071-0-0-0\" class=\"so-panel widget widget_sow-tabs panel-first-child panel-last-child\" data-index=\"0\" ><div\n\t\t\t\n\t\t\tclass=\"so-widget-sow-tabs so-widget-sow-tabs-default-3f342ea3567e-6071\"\n\t\t\t\n\t\t><div class=\"sow-tabs\">\n\t<div class=\"sow-tabs-tab-container\" role=\"tablist\">\n\t\t\t<div\n\t\t\tclass=\"sow-tabs-tab\n\t\t\t sow-tabs-tab-selected\t\t\t\"\n\t\t\trole=\"tab\"\n\t\t\tdata-anchor-id=\"sicomoro-chihuahua\"\n\t\t\taria-selected=\"true\"\n\t\t\ttabindex=\"0\"\n\t\t>\n\t\t\t<div class=\"sow-tabs-title sow-tabs-title-icon-left\">\n\t\t\t\t\t\t\t\tSicomoro Chihuahua\t\t\t\t\t\t\t<\/div>\n\t\t<\/div>\n\t\t\t<div\n\t\t\tclass=\"sow-tabs-tab\n\t\t\t\t\t\t\"\n\t\t\trole=\"tab\"\n\t\t\tdata-anchor-id=\"sheraton-chihuahua-soberano\"\n\t\t\taria-selected=\"false\"\n\t\t\ttabindex=\"0\"\n\t\t>\n\t\t\t<div class=\"sow-tabs-title sow-tabs-title-icon-left\">\n\t\t\t\t\t\t\t\t Sheraton Chihuahua Soberano\t\t\t\t\t\t\t<\/div>\n\t\t<\/div>\n\t\t\t<div\n\t\t\tclass=\"sow-tabs-tab\n\t\t\t\t\t\t\"\n\t\t\trole=\"tab\"\n\t\t\tdata-anchor-id=\"one-fashion-mall\"\n\t\t\taria-selected=\"false\"\n\t\t\ttabindex=\"0\"\n\t\t>\n\t\t\t<div class=\"sow-tabs-title sow-tabs-title-icon-left\">\n\t\t\t\t\t\t\t\t One Fashion Mall\t\t\t\t\t\t\t<\/div>\n\t\t<\/div>\n\t\t\t<div\n\t\t\tclass=\"sow-tabs-tab\n\t\t\t\t\t\t\"\n\t\t\trole=\"tab\"\n\t\t\tdata-anchor-id=\"fiesta-inn-fashion-mall\"\n\t\t\taria-selected=\"false\"\n\t\t\ttabindex=\"0\"\n\t\t>\n\t\t\t<div class=\"sow-tabs-title sow-tabs-title-icon-left\">\n\t\t\t\t\t\t\t\t Fiesta Inn Fashion Mall\t\t\t\t\t\t\t<\/div>\n\t\t<\/div>\n\t\t\t<div\n\t\t\tclass=\"sow-tabs-tab\n\t\t\t\t\t\t\"\n\t\t\trole=\"tab\"\n\t\t\tdata-anchor-id=\"hotel-don-ruben\"\n\t\t\taria-selected=\"false\"\n\t\t\ttabindex=\"0\"\n\t\t>\n\t\t\t<div class=\"sow-tabs-title sow-tabs-title-icon-left\">\n\t\t\t\t\t\t\t\tHotel Don Rub\u00e9n\t\t\t\t\t\t\t<\/div>\n\t\t<\/div>\n\t\t<\/div>\n\n\t<div class=\"sow-tabs-panel-container\">\n\t\t\t<div class=\"sow-tabs-panel\">\n\t\t\t<div\n\t\t\t\tclass=\"sow-tabs-panel-content\"\n\t\t\t\trole=\"tabpanel\"\n\t\t\t\taria-hidden=\"false\"\n\t\t\t>\n\t\t\t\t<table class=\"aligncenter\" style=\"height: 161px;width: 100%;border-collapse: collapse\" border=\"1\" cellspacing=\"2\" cellpadding=\"2\">\n<tbody>\n<tr style=\"height: 23px\">\n<td style=\"width: 54.5627%;height: 23px;text-align: right\"><span style=\"font-size: 16pt\"><strong>Fecha:<\/strong><\/span><\/td>\n<td style=\"width: 4.75285%;height: 23px\">&nbsp;<\/td>\n<td style=\"width: 40.6844%;height: 23px\"><span style=\"font-size: 16pt\">18 al 24 de octubre de 2024<\/span><\/td>\n<\/tr>\n<tr style=\"height: 23px\">\n<td style=\"width: 54.5627%;height: 23px;text-align: right\"><span style=\"font-size: 16pt\"><strong>Ocupaci\u00f3n sencilla o doble:<\/strong><\/span><\/td>\n<td style=\"width: 4.75285%;height: 23px\">&nbsp;<\/td>\n<td style=\"width: 40.6844%;height: 23px\"><span style=\"font-size: 16pt\">$980.00<\/span><\/td>\n<\/tr>\n<tr style=\"height: 23px\">\n<td style=\"width: 54.5627%;height: 23px;text-align: right\"><span style=\"font-size: 16pt\"><strong>Ocupaci\u00f3n triple:&nbsp;&nbsp;<\/strong><\/span><\/td>\n<td style=\"width: 4.75285%;height: 23px\">&nbsp;<\/td>\n<td style=\"width: 40.6844%;height: 23px\"><span style=\"font-size: 16pt\">$1,260.00<\/span><\/td>\n<\/tr>\n<tr style=\"height: 23px\">\n<td style=\"width: 54.5627%;height: 23px;text-align: right\"><span style=\"font-size: 16pt\"><strong>Ocupaci\u00f3n m\u00e1xima permitida por habitaci\u00f3n<\/strong><\/span><\/td>\n<td style=\"width: 4.75285%;height: 23px\">&nbsp;<\/td>\n<td style=\"width: 40.6844%;height: 23px\"><span style=\"font-size: 16pt\">Tres personas<\/span><\/td>\n<\/tr>\n<tr style=\"height: 23px\">\n<td style=\"width: 54.5627%;height: 23px;text-align: right\"><strong><span style=\"font-size: 16pt\">Impuestos y desayuno incluido<\/span><\/strong><\/td>\n<td style=\"width: 4.75285%;height: 23px\">&nbsp;<\/td>\n<td style=\"width: 40.6844%;height: 23px\"><span style=\"font-size: 16pt\">S\u00ed<\/span><\/td>\n<\/tr>\n<tr style=\"height: 23px\">\n<td style=\"width: 54.5627%;height: 23px;text-align: right\"><span style=\"font-size: 16pt\"><strong>Reservaciones:<\/strong><\/span><\/td>\n<td style=\"width: 4.75285%;height: 23px\">&nbsp;<\/td>\n<td style=\"width: 40.6844%;height: 23px\"><span style=\"font-size: 16pt\">M\u00f3vil +52 1 614 548 26 97,&nbsp; Mayra Mart\u00ednez<\/span><\/td>\n<\/tr>\n<tr style=\"height: 23px\">\n<td style=\"width: 99.9999%;height: 23px;text-align: right\" colspan=\"3\"><span style=\"font-size: 16pt\"><strong>M\u00e9todo de pago:<\/strong>&nbsp; VS o MC debito o cr\u00e9dito (no efectivo)<\/span><\/td>\n<\/tr>\n<\/tbody>\n<\/table>\n<p>&nbsp;<\/p>\n<p>&nbsp;<\/p>\n<p><img loading=\"lazy\" decoding=\"async\" class=\"aligncenter wp-image-11881\" src=\"https:\/\/encuentro-tic.anuies.mx\/2024\/ctrl-content\/uploads\/sites\/11\/2024\/05\/hotel_1.png\" alt=\"\" width=\"601\" height=\"337\" srcset=\"https:\/\/encuentro-tic.anuies.mx\/ctrl-content\/uploads\/sites\/11\/2024\/05\/hotel_1.png 2327w, https:\/\/encuentro-tic.anuies.mx\/ctrl-content\/uploads\/sites\/11\/2024\/05\/hotel_1-300x168.png 300w, https:\/\/encuentro-tic.anuies.mx\/ctrl-content\/uploads\/sites\/11\/2024\/05\/hotel_1-1024x574.png 1024w, https:\/\/encuentro-tic.anuies.mx\/ctrl-content\/uploads\/sites\/11\/2024\/05\/hotel_1-768x431.png 768w, https:\/\/encuentro-tic.anuies.mx\/ctrl-content\/uploads\/sites\/11\/2024\/05\/hotel_1-1536x861.png 1536w, https:\/\/encuentro-tic.anuies.mx\/ctrl-content\/uploads\/sites\/11\/2024\/05\/hotel_1-2048x1149.png 2048w, https:\/\/encuentro-tic.anuies.mx\/ctrl-content\/uploads\/sites\/11\/2024\/05\/hotel_1-1920x1077.png 1920w\" sizes=\"auto, (max-width: 601px) 100vw, 601px\" \/><\/p>\n<p>&nbsp;<\/p>\n\t\t\t<\/div>\n\t\t<\/div>\n\t\t\t<div class=\"sow-tabs-panel\">\n\t\t\t<div\n\t\t\t\tclass=\"sow-tabs-panel-content\"\n\t\t\t\trole=\"tabpanel\"\n\t\t\t\taria-hidden=\"true\"\n\t\t\t>\n\t\t\t\t<table class=\"aligncenter\" style=\"height: 115px;width: 100%;border-collapse: collapse\" border=\"1\" cellspacing=\"2\" cellpadding=\"2\">\n<tbody>\n<tr style=\"height: 23px\">\n<td style=\"width: 54.5627%;height: 23px;text-align: right\"><span style=\"font-size: 16pt\"><strong>Fecha:<\/strong><\/span><\/td>\n<td style=\"width: 4.75285%;height: 23px\">&nbsp;<\/td>\n<td style=\"width: 40.6844%;height: 23px\"><span style=\"font-size: 16pt\">18 al 24 de octubre de 2024<\/span><\/td>\n<\/tr>\n<tr style=\"height: 23px\">\n<td style=\"width: 54.5627%;height: 23px;text-align: right\"><span style=\"font-size: 16pt\"><strong>1 persona:<\/strong><\/span><\/td>\n<td style=\"width: 4.75285%;height: 23px\">&nbsp;<\/td>\n<td style=\"width: 40.6844%;height: 23px\"><span style=\"font-size: 16pt\">$1,500.00<\/span><\/td>\n<\/tr>\n<tr style=\"height: 23px\">\n<td style=\"width: 54.5627%;height: 23px;text-align: right\"><span style=\"font-size: 16pt\"><strong>2 personas<\/strong><\/span><\/td>\n<td style=\"width: 4.75285%;height: 23px\">&nbsp;<\/td>\n<td style=\"width: 40.6844%;height: 23px\"><span style=\"font-size: 16pt\">$1,650.00<\/span><\/td>\n<\/tr>\n<tr style=\"height: 23px\">\n<td style=\"width: 54.5627%;height: 23px;text-align: right\"><span style=\"font-size: 16pt\"><strong>Reservaciones:<\/strong><\/span><\/td>\n<td style=\"width: 4.75285%;height: 23px\">&nbsp;<\/td>\n<td style=\"width: 40.6844%;height: 23px\"><span style=\"font-size: 16pt\">M\u00f3vil +52 1 614 290 78 36, Carolina Crucci<\/span><\/td>\n<\/tr>\n<tr style=\"height: 23px\">\n<td style=\"width: 99.9999%;height: 23px;text-align: right\" colspan=\"3\">&nbsp;<\/td>\n<\/tr>\n<\/tbody>\n<\/table>\n<p>&nbsp;<\/p>\n<p><img loading=\"lazy\" decoding=\"async\" class=\"aligncenter wp-image-12052\" src=\"https:\/\/encuentro-tic.anuies.mx\/2024\/ctrl-content\/uploads\/sites\/11\/2024\/08\/sheraton-chihuahua-soberano.jpg\" alt=\"\" width=\"580\" height=\"387\" srcset=\"https:\/\/encuentro-tic.anuies.mx\/ctrl-content\/uploads\/sites\/11\/2024\/08\/sheraton-chihuahua-soberano.jpg 700w, https:\/\/encuentro-tic.anuies.mx\/ctrl-content\/uploads\/sites\/11\/2024\/08\/sheraton-chihuahua-soberano-300x200.jpg 300w, https:\/\/encuentro-tic.anuies.mx\/ctrl-content\/uploads\/sites\/11\/2024\/08\/sheraton-chihuahua-soberano-272x182.jpg 272w\" sizes=\"auto, (max-width: 580px) 100vw, 580px\" \/><\/p>\n<p>&nbsp;<\/p>\n<p>&nbsp;<\/p>\n\t\t\t<\/div>\n\t\t<\/div>\n\t\t\t<div class=\"sow-tabs-panel\">\n\t\t\t<div\n\t\t\t\tclass=\"sow-tabs-panel-content\"\n\t\t\t\trole=\"tabpanel\"\n\t\t\t\taria-hidden=\"true\"\n\t\t\t>\n\t\t\t\t<table class=\"aligncenter\" style=\"height: 116px;width: 100%;border-collapse: collapse\" border=\"1\" cellspacing=\"2\" cellpadding=\"2\">\n<tbody>\n<tr style=\"height: 23px\">\n<td style=\"width: 54.5627%;height: 23px;text-align: right\"><span style=\"font-size: 16pt\"><strong>Fecha:<\/strong><\/span><\/td>\n<td style=\"width: 4.75285%;height: 23px\">&nbsp;<\/td>\n<td style=\"width: 40.6844%;height: 23px\"><span style=\"font-size: 16pt\">20 al 24 de octubre de 2024<\/span><\/td>\n<\/tr>\n<tr style=\"height: 23px\">\n<td style=\"width: 54.5627%;height: 23px;text-align: right\"><span style=\"font-size: 16pt\"><strong>Sencilla o doble<\/strong><\/span><\/td>\n<td style=\"width: 4.75285%;height: 23px\">&nbsp;<\/td>\n<td style=\"width: 40.6844%;height: 23px\"><span style=\"font-size: 16pt\">$1,082.00&nbsp; + <\/span><span style=\"font-size: 16pt\">(Desayuno buffet Americano)<\/span><\/td>\n<\/tr>\n<tr style=\"height: 24px\">\n<td style=\"width: 54.5627%;text-align: right;height: 24px\"><span style=\"font-size: 16pt\"><strong>Impuestos incluidos:<\/strong><\/span><\/td>\n<td style=\"width: 4.75285%;height: 24px\">&nbsp;<\/td>\n<td style=\"width: 40.6844%;height: 24px\"><span style=\"font-size: 16pt\">S\u00ed<\/span><\/td>\n<\/tr>\n<tr style=\"height: 23px\">\n<td style=\"width: 54.5627%;height: 23px;text-align: right\"><span style=\"font-size: 16pt\"><strong>Reservaciones:<\/strong><\/span><\/td>\n<td style=\"width: 4.75285%;height: 23px\">&nbsp;<\/td>\n<td style=\"width: 40.6844%;height: 23px\"><span style=\"font-size: 16pt\">+52 1 55 36 316003<\/span><\/td>\n<\/tr>\n<tr>\n<td style=\"width: 54.5627%;text-align: right\">&nbsp;<\/td>\n<td style=\"width: 4.75285%\">&nbsp;<\/td>\n<td style=\"width: 40.6844%\"><span style=\"font-size: 16pt\">Tarifa con desayuno buffet americano incluido<\/span><\/td>\n<\/tr>\n<tr style=\"height: 23px\">\n<td style=\"width: 99.9999%;height: 23px;text-align: right\" colspan=\"3\">&nbsp;<\/td>\n<\/tr>\n<\/tbody>\n<\/table>\n<p>&nbsp;<\/p>\n<p>&nbsp;<\/p>\n<p><img loading=\"lazy\" decoding=\"async\" class=\"aligncenter wp-image-12057\" src=\"https:\/\/encuentro-tic.anuies.mx\/2024\/ctrl-content\/uploads\/sites\/11\/2024\/08\/exterior1.jpg\" alt=\"\" width=\"591\" height=\"398\" srcset=\"https:\/\/encuentro-tic.anuies.mx\/ctrl-content\/uploads\/sites\/11\/2024\/08\/exterior1.jpg 700w, https:\/\/encuentro-tic.anuies.mx\/ctrl-content\/uploads\/sites\/11\/2024\/08\/exterior1-300x202.jpg 300w, https:\/\/encuentro-tic.anuies.mx\/ctrl-content\/uploads\/sites\/11\/2024\/08\/exterior1-272x182.jpg 272w\" sizes=\"auto, (max-width: 591px) 100vw, 591px\" \/><\/p>\n<p>&nbsp;<\/p>\n\t\t\t<\/div>\n\t\t<\/div>\n\t\t\t<div class=\"sow-tabs-panel\">\n\t\t\t<div\n\t\t\t\tclass=\"sow-tabs-panel-content\"\n\t\t\t\trole=\"tabpanel\"\n\t\t\t\taria-hidden=\"true\"\n\t\t\t>\n\t\t\t\t<table class=\"aligncenter\" style=\"height: 116px;width: 100%;border-collapse: collapse\" border=\"1\" cellspacing=\"2\" cellpadding=\"2\">\n<tbody>\n<tr style=\"height: 23px\">\n<td style=\"width: 54.5627%;height: 23px;text-align: right\"><span style=\"font-size: 16pt\"><strong>Fecha:<\/strong><\/span><\/td>\n<td style=\"width: 4.75285%;height: 23px\">&nbsp;<\/td>\n<td style=\"width: 40.6844%;height: 23px\"><span style=\"font-size: 16pt\">20 al 22 de octubre de 2024<\/span><\/td>\n<\/tr>\n<tr style=\"height: 23px\">\n<td style=\"width: 54.5627%;height: 23px;text-align: right\"><span style=\"font-size: 16pt\"><strong>Sencilla o doble<\/strong><\/span><\/td>\n<td style=\"width: 4.75285%;height: 23px\">&nbsp;<\/td>\n<td style=\"width: 40.6844%;height: 23px\"><span style=\"font-size: 16pt\">$1,533.20&nbsp; <span style=\"font-size: 14pt\">(plan europeo)<\/span><\/span><\/td>\n<\/tr>\n<tr style=\"height: 24px\">\n<td style=\"width: 54.5627%;text-align: right;height: 24px\"><span style=\"font-size: 16pt\"><strong>Impuestos incluidos:<\/strong><\/span><\/td>\n<td style=\"width: 4.75285%;height: 24px\">&nbsp;<\/td>\n<td style=\"width: 40.6844%;height: 24px\"><span style=\"font-size: 16pt\">S\u00ed<\/span><\/td>\n<\/tr>\n<tr style=\"height: 23px\">\n<td style=\"width: 54.5627%;height: 23px;text-align: right\"><span style=\"font-size: 16pt\"><strong>Reservaciones:<\/strong><\/span><\/td>\n<td style=\"width: 4.75285%;height: 23px\">&nbsp;<\/td>\n<td style=\"width: 40.6844%;height: 23px\"><span style=\"font-size: 16pt\">M\u00f3vil +52 1 627 123 9125, Elizabeth Rodr\u00edguez<\/span><\/td>\n<\/tr>\n<tr>\n<td style=\"width: 54.5627%;text-align: right\"><span style=\"font-size: 16pt\"><strong>&nbsp;<\/strong><\/span><\/td>\n<td style=\"width: 4.75285%\">&nbsp;<\/td>\n<td style=\"width: 40.6844%\"><span style=\"font-size: 16pt\">Tarifa en plan europeo<\/span><span style=\"font-size: 16pt\"><br \/>\n<\/span><\/td>\n<\/tr>\n<tr style=\"height: 23px\">\n<td style=\"width: 99.9999%;height: 23px;text-align: right\" colspan=\"3\">&nbsp;<\/td>\n<\/tr>\n<\/tbody>\n<\/table>\n<p>&nbsp;<\/p>\n<p><img loading=\"lazy\" decoding=\"async\" class=\"aligncenter wp-image-12055\" src=\"https:\/\/encuentro-tic.anuies.mx\/2024\/ctrl-content\/uploads\/sites\/11\/2024\/08\/exterior-2-result.jpg\" alt=\"\" width=\"591\" height=\"394\" srcset=\"https:\/\/encuentro-tic.anuies.mx\/ctrl-content\/uploads\/sites\/11\/2024\/08\/exterior-2-result.jpg 1920w, https:\/\/encuentro-tic.anuies.mx\/ctrl-content\/uploads\/sites\/11\/2024\/08\/exterior-2-result-300x200.jpg 300w, https:\/\/encuentro-tic.anuies.mx\/ctrl-content\/uploads\/sites\/11\/2024\/08\/exterior-2-result-1024x683.jpg 1024w, https:\/\/encuentro-tic.anuies.mx\/ctrl-content\/uploads\/sites\/11\/2024\/08\/exterior-2-result-768x512.jpg 768w, https:\/\/encuentro-tic.anuies.mx\/ctrl-content\/uploads\/sites\/11\/2024\/08\/exterior-2-result-1536x1024.jpg 1536w, https:\/\/encuentro-tic.anuies.mx\/ctrl-content\/uploads\/sites\/11\/2024\/08\/exterior-2-result-1620x1080.jpg 1620w, https:\/\/encuentro-tic.anuies.mx\/ctrl-content\/uploads\/sites\/11\/2024\/08\/exterior-2-result-272x182.jpg 272w\" sizes=\"auto, (max-width: 591px) 100vw, 591px\" \/><\/p>\n<p>&nbsp;<\/p>\n<p>&nbsp;<\/p>\n\t\t\t<\/div>\n\t\t<\/div>\n\t\t\t<div class=\"sow-tabs-panel\">\n\t\t\t<div\n\t\t\t\tclass=\"sow-tabs-panel-content\"\n\t\t\t\trole=\"tabpanel\"\n\t\t\t\taria-hidden=\"true\"\n\t\t\t>\n\t\t\t\t<table class=\"aligncenter\" style=\"height: 140px;width: 100%;border-collapse: collapse\" border=\"1\" cellspacing=\"2\" cellpadding=\"2\">\n<tbody>\n<tr style=\"height: 23px\">\n<td style=\"width: 54.5627%;height: 23px;text-align: right\"><span style=\"font-size: 16pt\"><strong>Fecha:<\/strong><\/span><\/td>\n<td style=\"width: 4.75285%;height: 23px\">&nbsp;<\/td>\n<td style=\"width: 40.6844%;height: 23px\"><span style=\"font-size: 16pt\">20 al 26 de octubre de 2024<\/span><\/td>\n<\/tr>\n<tr style=\"height: 23px\">\n<td style=\"width: 54.5627%;height: 23px;text-align: right\"><span style=\"font-size: 16pt\"><strong>Sencilla o doble<\/strong><\/span><\/td>\n<td style=\"width: 4.75285%;height: 23px\">&nbsp;<\/td>\n<td style=\"width: 40.6844%;height: 23px\"><span style=\"font-size: 16pt\">$1,500.00&nbsp;&nbsp;<\/span><\/td>\n<\/tr>\n<tr>\n<td style=\"width: 54.5627%;text-align: right\"><span style=\"font-size: 16pt\"><strong>Triple:<\/strong><\/span><\/td>\n<td style=\"width: 4.75285%\">&nbsp;<\/td>\n<td style=\"width: 40.6844%\"><span style=\"font-size: 16pt\">$1,700.00<\/span><\/td>\n<\/tr>\n<tr>\n<td style=\"width: 54.5627%;text-align: right\"><span style=\"font-size: 16pt\"><strong>Cuadruple:<\/strong><\/span><\/td>\n<td style=\"width: 4.75285%\">&nbsp;<\/td>\n<td style=\"width: 40.6844%\"><span style=\"font-size: 16pt\">$2,000.00<\/span><\/td>\n<\/tr>\n<tr style=\"height: 24px\">\n<td style=\"width: 54.5627%;text-align: right;height: 24px\"><span style=\"font-size: 16pt\"><strong>Impuestos incluidos:<\/strong><\/span><\/td>\n<td style=\"width: 4.75285%;height: 24px\">&nbsp;<\/td>\n<td style=\"width: 40.6844%;height: 24px\"><span style=\"font-size: 16pt\">S\u00ed<\/span><\/td>\n<\/tr>\n<tr style=\"height: 23px\">\n<td style=\"width: 54.5627%;height: 23px;text-align: right\"><span style=\"font-size: 16pt\"><strong>Reservaciones:<\/strong><\/span><\/td>\n<td style=\"width: 4.75285%;height: 23px\">&nbsp;<\/td>\n<td style=\"width: 40.6844%;height: 23px\"><span style=\"font-size: 16pt\">M\u00f3vil +52 1 614 136 12 38, C. Mayra Cervantes<\/span><\/td>\n<\/tr>\n<tr style=\"height: 24px\">\n<td style=\"width: 54.5627%;text-align: right;height: 24px\"><span style=\"font-size: 16pt\"><strong>&nbsp;<\/strong><\/span><\/td>\n<td style=\"width: 4.75285%;height: 24px\">&nbsp;<\/td>\n<td style=\"width: 40.6844%;height: 24px\"><span style=\"font-size: 16pt\">Desayuno caliente tipo buffert<\/span><span style=\"font-size: 16pt\"><br \/>\n<\/span><\/td>\n<\/tr>\n<tr style=\"height: 23px\">\n<td style=\"width: 99.9999%;height: 23px;text-align: right\" colspan=\"3\">&nbsp;<\/td>\n<\/tr>\n<\/tbody>\n<\/table>\n<p>&nbsp;<\/p>\n<p>&nbsp;<\/p>\n<p><img loading=\"lazy\" decoding=\"async\" class=\"aligncenter size-full wp-image-12307\" src=\"https:\/\/encuentro-tic.anuies.mx\/2024\/ctrl-content\/uploads\/sites\/11\/2024\/09\/121801276.jpg\" alt=\"\" width=\"500\" height=\"281\" srcset=\"https:\/\/encuentro-tic.anuies.mx\/ctrl-content\/uploads\/sites\/11\/2024\/09\/121801276.jpg 500w, https:\/\/encuentro-tic.anuies.mx\/ctrl-content\/uploads\/sites\/11\/2024\/09\/121801276-300x169.jpg 300w\" sizes=\"auto, (max-width: 500px) 100vw, 500px\" \/><\/p>\n<p>&nbsp;<\/p>\n\t\t\t<\/div>\n\t\t<\/div>\n\t\t<\/div>\n<\/div>\n<\/div><\/div><\/div><\/div><\/div>","protected":false},"excerpt":{"rendered":"<p>Sicomoro Chihuahua Sheraton Chihuahua Soberano One Fashion Mall Fiesta Inn Fashion Mall Hotel Don Rub\u00e9n Fecha: &nbsp; 18 al 24 de octubre de 2024 Ocupaci\u00f3n sencilla o doble: &nbsp; $980.00 Ocupaci\u00f3n triple:&nbsp;&nbsp; &nbsp; $1,260.00 Ocupaci\u00f3n m\u00e1xima permitida por habitaci\u00f3n &nbsp; Tres personas Impuestos y desayuno incluido &nbsp; S\u00ed Reservaciones: &nbsp; M\u00f3vil +52 1 614 548&hellip; <br \/> <a class=\"button small blue\" href=\"https:\/\/encuentro-tic.anuies.mx\/2024\/hotel-sede\/\">Leer m\u00e1s<\/a><\/p>\n","protected":false},"author":1,"featured_media":0,"parent":0,"menu_order":0,"comment_status":"closed","ping_status":"closed","template":"","meta":{"_exactmetrics_skip_tracking":false,"_exactmetrics_sitenote_active":false,"_exactmetrics_sitenote_note":"","_exactmetrics_sitenote_category":0,"ngg_post_thumbnail":0,"footnotes":""},"class_list":["post-6071","page","type-page","status-publish","hentry"],"rttpg_featured_image_url":null,"rttpg_author":{"display_name":"ctrlweb","author_link":"https:\/\/encuentro-tic.anuies.mx\/2024\/author\/ctrlweb\/"},"rttpg_comment":0,"rttpg_category":false,"rttpg_excerpt":"Sicomoro Chihuahua Sheraton Chihuahua Soberano One Fashion Mall Fiesta Inn Fashion Mall Hotel Don Rub\u00e9n Fecha: &nbsp; 18 al 24 de octubre de 2024 Ocupaci\u00f3n sencilla o doble: &nbsp; $980.00 Ocupaci\u00f3n triple:&nbsp;&nbsp; &nbsp; $1,260.00 Ocupaci\u00f3n m\u00e1xima permitida por habitaci\u00f3n &nbsp; Tres personas Impuestos y desayuno incluido &nbsp; S\u00ed Reservaciones: &nbsp; M\u00f3vil +52 1 614 548&hellip;&hellip;","_links":{"self":[{"href":"https:\/\/encuentro-tic.anuies.mx\/2024\/wp-json\/wp\/v2\/pages\/6071","targetHints":{"allow":["GET"]}}],"collection":[{"href":"https:\/\/encuentro-tic.anuies.mx\/2024\/wp-json\/wp\/v2\/pages"}],"about":[{"href":"https:\/\/encuentro-tic.anuies.mx\/2024\/wp-json\/wp\/v2\/types\/page"}],"author":[{"embeddable":true,"href":"https:\/\/encuentro-tic.anuies.mx\/2024\/wp-json\/wp\/v2\/users\/1"}],"replies":[{"embeddable":true,"href":"https:\/\/encuentro-tic.anuies.mx\/2024\/wp-json\/wp\/v2\/comments?post=6071"}],"version-history":[{"count":55,"href":"https:\/\/encuentro-tic.anuies.mx\/2024\/wp-json\/wp\/v2\/pages\/6071\/revisions"}],"predecessor-version":[{"id":12310,"href":"https:\/\/encuentro-tic.anuies.mx\/2024\/wp-json\/wp\/v2\/pages\/6071\/revisions\/12310"}],"wp:attachment":[{"href":"https:\/\/encuentro-tic.anuies.mx\/2024\/wp-json\/wp\/v2\/media?parent=6071"}],"curies":[{"name":"wp","href":"https:\/\/api.w.org\/{rel}","templated":true}]}}