{"id":6060,"date":"2022-08-09T08:51:28","date_gmt":"2022-08-09T13:51:28","guid":{"rendered":"https:\/\/encuentro-tic.anuies.mx\/2024\/?page_id=6060"},"modified":"2024-04-22T09:55:40","modified_gmt":"2024-04-22T15:55:40","slug":"clima","status":"publish","type":"page","link":"https:\/\/encuentro-tic.anuies.mx\/2024\/clima\/","title":{"rendered":"Clima"},"content":{"rendered":"<div id=\"pl-6060\"  class=\"panel-layout\" ><div id=\"pg-6060-0\"  class=\"panel-grid panel-has-style\" ><div class=\"panel-row-style panel-row-style-for-6060-0\" ><div id=\"pgc-6060-0-0\"  class=\"panel-grid-cell\" ><div id=\"panel-6060-0-0-0\" class=\"so-panel widget widget_clima_widget_widget clima_widget_widget panel-first-child panel-last-child\" data-index=\"0\" >\n        <div id=\"\"\n             class=\"weather_widget_wrap clima-widget weather_widget_style2\"\n             data-text-color='#ffffff'\n             data-background=\"#16a2d0\"\n             data-width=\"tight\"\n             data-days=\"3\"\n             data-sunrise=\"on\"\n             data-wind=\"on\"\n             data-language=\"spanish\"\n             data-city=\"Chihuahua\"\n             data-country=\"M\u00e9xico\">\n        <\/div>\n        <\/div><\/div><div id=\"pgc-6060-0-1\"  class=\"panel-grid-cell\" ><div id=\"panel-6060-0-1-0\" class=\"so-panel widget widget_sow-editor panel-first-child panel-last-child\" data-index=\"1\" ><div\n\t\t\t\n\t\t\tclass=\"so-widget-sow-editor so-widget-sow-editor-base\"\n\t\t\t\n\t\t>\n<div class=\"siteorigin-widget-tinymce textwidget\">\n\t<p style=\"text-align: center;\"><strong>Pron\u00f3stico meteorol\u00f3gico del clima en Chihuahua para octubre de 2024<\/strong><\/p>\n<p style=\"text-align: justify;\">Las temperaturas en Chihuahua en octubre 2024 est\u00e1n m\u00e1s que todo del lado frio, con temperaturas de 7\u00b0C y 24\u00b0C grados. Asegurate de traer una chaqueta durante el mes de octubre!<\/p>\n<p style=\"text-align: justify;\">Puedes esperar 3 u 8 d\u00edas de lluvia en Chihuahua durante el mes de octubre. Es una buena idea llevar siempre un parag\u00fcas para que no te tome de sorpresa la lluvia.<\/p>\n<p style=\"text-align: justify;\"><em>Fuente: Tiempo 3 <a href=\"https:\/\/www.tiempo3.com\/\" target=\"_blank\" rel=\"noopener\">https:\/\/www.tiempo3.com\/<\/a><\/em><\/p>\n<\/div>\n<\/div><\/div><\/div><\/div><\/div><\/div>","protected":false},"excerpt":{"rendered":"<p>Pron\u00f3stico meteorol\u00f3gico del clima en Chihuahua para octubre de 2024 Las temperaturas en Chihuahua en octubre 2024 est\u00e1n m\u00e1s que todo del lado frio, con temperaturas de 7\u00b0C y 24\u00b0C grados. Asegurate de traer una chaqueta durante el mes de octubre! Puedes esperar 3 u 8 d\u00edas de lluvia en Chihuahua durante el mes de&hellip; <br \/> <a class=\"button small blue\" href=\"https:\/\/encuentro-tic.anuies.mx\/2024\/clima\/\">Leer m\u00e1s<\/a><\/p>\n","protected":false},"author":1,"featured_media":0,"parent":0,"menu_order":0,"comment_status":"closed","ping_status":"closed","template":"","meta":{"_exactmetrics_skip_tracking":false,"_exactmetrics_sitenote_active":false,"_exactmetrics_sitenote_note":"","_exactmetrics_sitenote_category":0,"ngg_post_thumbnail":0,"footnotes":""},"class_list":["post-6060","page","type-page","status-publish","hentry"],"rttpg_featured_image_url":null,"rttpg_author":{"display_name":"ctrlweb","author_link":"https:\/\/encuentro-tic.anuies.mx\/2024\/author\/ctrlweb\/"},"rttpg_comment":0,"rttpg_category":false,"rttpg_excerpt":"Pron\u00f3stico meteorol\u00f3gico del clima en Chihuahua para octubre de 2024 Las temperaturas en Chihuahua en octubre 2024 est\u00e1n m\u00e1s que todo del lado frio, con temperaturas de 7\u00b0C y 24\u00b0C grados. Asegurate de traer una chaqueta durante el mes de octubre! Puedes esperar 3 u 8 d\u00edas de lluvia en Chihuahua durante el mes de&hellip;&hellip;","_links":{"self":[{"href":"https:\/\/encuentro-tic.anuies.mx\/2024\/wp-json\/wp\/v2\/pages\/6060","targetHints":{"allow":["GET"]}}],"collection":[{"href":"https:\/\/encuentro-tic.anuies.mx\/2024\/wp-json\/wp\/v2\/pages"}],"about":[{"href":"https:\/\/encuentro-tic.anuies.mx\/2024\/wp-json\/wp\/v2\/types\/page"}],"author":[{"embeddable":true,"href":"https:\/\/encuentro-tic.anuies.mx\/2024\/wp-json\/wp\/v2\/users\/1"}],"replies":[{"embeddable":true,"href":"https:\/\/encuentro-tic.anuies.mx\/2024\/wp-json\/wp\/v2\/comments?post=6060"}],"version-history":[{"count":17,"href":"https:\/\/encuentro-tic.anuies.mx\/2024\/wp-json\/wp\/v2\/pages\/6060\/revisions"}],"predecessor-version":[{"id":11816,"href":"https:\/\/encuentro-tic.anuies.mx\/2024\/wp-json\/wp\/v2\/pages\/6060\/revisions\/11816"}],"wp:attachment":[{"href":"https:\/\/encuentro-tic.anuies.mx\/2024\/wp-json\/wp\/v2\/media?parent=6060"}],"curies":[{"name":"wp","href":"https:\/\/api.w.org\/{rel}","templated":true}]}}