{"id":6025,"date":"2022-08-08T09:55:12","date_gmt":"2022-08-08T14:55:12","guid":{"rendered":"https:\/\/encuentro-tic.anuies.mx\/2024\/?page_id=6025"},"modified":"2024-05-07T09:09:39","modified_gmt":"2024-05-07T15:09:39","slug":"conoce-cd-chihuahua","status":"publish","type":"page","link":"https:\/\/encuentro-tic.anuies.mx\/2024\/conoce-cd-chihuahua\/","title":{"rendered":"Conoce la ciudad de CHihuahua"},"content":{"rendered":"<div id=\"pl-6025\"  class=\"panel-layout\" ><div id=\"pg-6025-0\"  class=\"panel-grid panel-has-style\" ><div class=\"panel-row-style panel-row-style-for-6025-0\" ><div id=\"pgc-6025-0-0\"  class=\"panel-grid-cell\" ><div id=\"panel-6025-0-0-0\" class=\"so-panel widget widget_sow-editor panel-first-child panel-last-child\" data-index=\"0\" ><div\n\t\t\t\n\t\t\tclass=\"so-widget-sow-editor so-widget-sow-editor-base\"\n\t\t\t\n\t\t>\n<div class=\"siteorigin-widget-tinymce textwidget\">\n\t<p><img loading=\"lazy\" decoding=\"async\" class=\" wp-image-11850 alignleft\" src=\"https:\/\/encuentro-tic.anuies.mx\/2024\/ctrl-content\/uploads\/sites\/11\/2024\/05\/portada-Chihuahua-1-1024x576-1.jpg\" alt=\"\" width=\"450\" height=\"253\" srcset=\"https:\/\/encuentro-tic.anuies.mx\/ctrl-content\/uploads\/sites\/11\/2024\/05\/portada-Chihuahua-1-1024x576-1.jpg 1024w, https:\/\/encuentro-tic.anuies.mx\/ctrl-content\/uploads\/sites\/11\/2024\/05\/portada-Chihuahua-1-1024x576-1-300x169.jpg 300w, https:\/\/encuentro-tic.anuies.mx\/ctrl-content\/uploads\/sites\/11\/2024\/05\/portada-Chihuahua-1-1024x576-1-768x432.jpg 768w\" sizes=\"auto, (max-width: 450px) 100vw, 450px\" \/><\/p>\n<p style=\"text-align: justify;\">Con una oferta llena de historia y tradici\u00f3n que se adapta a la modernidad, este destino cautiva con su gastronom\u00eda tradicional y actividades interminables.<\/p>\n<p style=\"text-align: justify;\">Chihuahua es una ciudad rica en historia que mezcla de manera cautivadora la tradici\u00f3n con la modernidad y ofrece a los visitantes una variedad de experiencias inolvidables. Desde majestuosas construcciones hasta maravillas naturales, la oferta es amplia para los viajeros \u00e1vidos de nuevas aventuras.<\/p>\n<p style=\"text-align: justify;\">Al principio fueron la miner\u00eda, la ganader\u00eda y el comercio lo que dio vida a la ciudad. Hoy es un centro urbano donde la industria, los servicios y la oferta educativa crecieron a la par. Hay m\u00e1s de una docena de instituciones de educaci\u00f3n superior, es destacable la gastronom\u00eda tradicional y la moderna cocina de fusi\u00f3n, a base de productos deshidratados y de la mejor carne de res en M\u00e9xico.<\/p>\n<p>Estas son las cinco joyas imperdibles de Chihuahua Capital que no puedes dejar de visitar cuando la conozcas.<\/p>\n<p><strong>Catedral Metropolitana: una joya barroca<\/strong><\/p>\n<p><img loading=\"lazy\" decoding=\"async\" class=\"wp-image-11855 alignleft\" src=\"https:\/\/encuentro-tic.anuies.mx\/2024\/ctrl-content\/uploads\/sites\/11\/2024\/05\/catedral.jpeg\" alt=\"\" width=\"447\" height=\"320\"\/><\/p>\n<p style=\"text-align: justify;\">Al llegar a Chihuahua, no puedes dejar de visitar la imponente Catedral Metropolitana. Este magn\u00edfico edificio, que tard\u00f3 m\u00e1s de un siglo en construirse (1725-1826), es considerado el m\u00e1s hermoso de la capital. Su estilo barroco tard\u00edo y sus hermosas torres gemelas de tres cuerpos son verdaderamente impresionantes. El edificio fue financiado por los due\u00f1os de las minas de Santa Eulalia, cuyas ricas minas de plata fueron descubiertas en 1704. Se trata de un testimonio vivo de la historia y la belleza arquitect\u00f3nica de Chihuahua.<\/p>\n<p>&nbsp;<\/p>\n<p>&nbsp;<\/p>\n<p>&nbsp;<\/p>\n<p>&nbsp;<\/p>\n<p>&nbsp;<\/p>\n<p><strong>Quinta Gameros: una gema minera<\/strong><\/p>\n<p><img loading=\"lazy\" decoding=\"async\" class=\" wp-image-11851 alignleft\" src=\"https:\/\/encuentro-tic.anuies.mx\/2024\/ctrl-content\/uploads\/sites\/11\/2024\/05\/quinta.jpg\" alt=\"\" width=\"454\" height=\"302\" srcset=\"https:\/\/encuentro-tic.anuies.mx\/ctrl-content\/uploads\/sites\/11\/2024\/05\/quinta.jpg 1600w, https:\/\/encuentro-tic.anuies.mx\/ctrl-content\/uploads\/sites\/11\/2024\/05\/quinta-300x200.jpg 300w, https:\/\/encuentro-tic.anuies.mx\/ctrl-content\/uploads\/sites\/11\/2024\/05\/quinta-1024x682.jpg 1024w, https:\/\/encuentro-tic.anuies.mx\/ctrl-content\/uploads\/sites\/11\/2024\/05\/quinta-768x512.jpg 768w, https:\/\/encuentro-tic.anuies.mx\/ctrl-content\/uploads\/sites\/11\/2024\/05\/quinta-1536x1023.jpg 1536w, https:\/\/encuentro-tic.anuies.mx\/ctrl-content\/uploads\/sites\/11\/2024\/05\/quinta-272x182.jpg 272w\" sizes=\"auto, (max-width: 454px) 100vw, 454px\" \/><\/p>\n<p style=\"text-align: justify;\">La casa de la familia Gameros es una muestra de la bonanza minera de Chihuahua. No se repar\u00f3 en gastos y el arquitecto colombiano Julio Corredor complaci\u00f3 a la familia con una hermosa propuesta que destaca de otras construcciones. Es museo y centro cultural universitario a la vez.&nbsp; Y a la fecha, en su estilo Art Noveau, sigue siendo una de las m\u00e1s bellas mansiones no s\u00f3lo de Chihuahua sino de M\u00e9xico. Contiene una muy completa colecci\u00f3n de muebles art nouveau. La Universidad Aut\u00f3noma de Chihuahua la mantiene en muy buen estado de conservaci\u00f3n y con una intensa vida cultural por ser parte de su patrimonio.&nbsp;<\/p>\n<p>&nbsp;<\/p>\n<p>&nbsp;<\/p>\n<p>&nbsp;<\/p>\n<p>&nbsp;<\/p>\n<p class=\"fi-aic_90\"><strong>Palacio de Gobierno: historia por excelencia<\/strong><\/p>\n<p><img loading=\"lazy\" decoding=\"async\" class=\" wp-image-11852 alignleft\" src=\"https:\/\/encuentro-tic.anuies.mx\/2024\/ctrl-content\/uploads\/sites\/11\/2024\/05\/palacio.jpg\" alt=\"\" width=\"451\" height=\"302\" srcset=\"https:\/\/encuentro-tic.anuies.mx\/ctrl-content\/uploads\/sites\/11\/2024\/05\/palacio.jpg 800w, https:\/\/encuentro-tic.anuies.mx\/ctrl-content\/uploads\/sites\/11\/2024\/05\/palacio-300x201.jpg 300w, https:\/\/encuentro-tic.anuies.mx\/ctrl-content\/uploads\/sites\/11\/2024\/05\/palacio-768x515.jpg 768w, https:\/\/encuentro-tic.anuies.mx\/ctrl-content\/uploads\/sites\/11\/2024\/05\/palacio-272x182.jpg 272w\" sizes=\"auto, (max-width: 451px) 100vw, 451px\" \/><\/p>\n<p style=\"text-align: justify;\">El edificio est\u00e1 destinado a convertirse en su totalidad en museo. Actualmente alberga el Altar a la Patria, en el sitio exacto donde fue fusilado el Padre de la Patria, Don Miguel Hidalgo y Costilla. Las paredes de su patio central est\u00e1n decoradas con frescos que nos cuentan de manera gr\u00e1fica la historia de Chihuahua desde la \u00e9poca de la colonia hasta la Revoluci\u00f3n. Todav\u00eda alberga algunas oficinas de gobierno y tiene dos peque\u00f1os museos en memoria de la Independencia de M\u00e9xico y al Padre Hidalgo.<\/p>\n<p>&nbsp;<\/p>\n<p>&nbsp;<\/p>\n<p>&nbsp;<\/p>\n<p>&nbsp;<\/p>\n<p class=\"fi-aic_90\"><strong>Casa de Villa: museo revolucionario<\/strong><\/p>\n<p><img loading=\"lazy\" decoding=\"async\" class=\"wp-image-11854 alignleft\" src=\"https:\/\/encuentro-tic.anuies.mx\/2024\/ctrl-content\/uploads\/sites\/11\/2024\/05\/museo.jpeg\" alt=\"\" width=\"446\" height=\"274\"\/><\/p>\n<p>&nbsp;<\/p>\n<p style=\"text-align: justify;\">Esta casona se convirti\u00f3 en el Museo de la Revoluci\u00f3n Mexicana a la muerte de la viuda de Francisco Villa. Contiene objetos propiedad del General Villa y de sus Dorados, as\u00ed como el autom\u00f3vil que manejaba el Centauro del Norte cuando fue asesinado en Hidalgo del Parral. La se\u00f1ora Luz Corral de Villa tuvo especial inter\u00e9s en conservar varios de los objetos de exhibici\u00f3n para preservar la memoria de uno de los m\u00e1s c\u00e9lebres personajes de la historia de M\u00e9xico, ya que junto con Emiliano Zapata se mantuvieron congruentes con sus ideales de educaci\u00f3n, tierra y libertad.<\/p>\n<p>&nbsp;<\/p>\n<p>&nbsp;<\/p>\n<p class=\"fi-aic_90\"><strong>Grutas Chihuahua nombre de dios:&nbsp;<\/strong><\/p>\n<p><img loading=\"lazy\" decoding=\"async\" class=\"wp-image-11853 alignleft\" src=\"https:\/\/encuentro-tic.anuies.mx\/2024\/ctrl-content\/uploads\/sites\/11\/2024\/05\/gruta.jpg\" alt=\"\" width=\"339\" height=\"508\" srcset=\"https:\/\/encuentro-tic.anuies.mx\/ctrl-content\/uploads\/sites\/11\/2024\/05\/gruta.jpg 802w, https:\/\/encuentro-tic.anuies.mx\/ctrl-content\/uploads\/sites\/11\/2024\/05\/gruta-201x300.jpg 201w, https:\/\/encuentro-tic.anuies.mx\/ctrl-content\/uploads\/sites\/11\/2024\/05\/gruta-684x1024.jpg 684w, https:\/\/encuentro-tic.anuies.mx\/ctrl-content\/uploads\/sites\/11\/2024\/05\/gruta-768x1149.jpg 768w, https:\/\/encuentro-tic.anuies.mx\/ctrl-content\/uploads\/sites\/11\/2024\/05\/gruta-722x1080.jpg 722w\" sizes=\"auto, (max-width: 339px) 100vw, 339px\" \/><\/p>\n<p>&nbsp;<\/p>\n<p>A s\u00f3lo 20 minutos del centro de la ciudad, en la zona conocida como sierra de Nombre de Dios, encontraremos una cavidad acondicionada para recibir visitas.&nbsp; El recorrido puede durar hasta una hora y media. Pasa por andadores que fueron plantados por donde la cueva ofrec\u00eda mayor atractivo. Por milenios las filtraciones de agua formaron estalactitas y estalagmitas, adem\u00e1s figuras donde la imaginaci\u00f3n del visitante no se limitar\u00e1. Esta parte del planeta estuvo sumergido en el mar de tetis,&nbsp; al emerger quedaron varias \u201cburbujas\u201d donde se preserv\u00f3 la vida por milenios, cuando el planeta era m\u00e1s joven.&nbsp;<\/p>\n<p>&nbsp;<\/p>\n<p style=\"text-align: right;\"><em>Fuente: Forbes M\u00e9xico,&nbsp; <a href=\"https:\/\/www.forbes.com.mx\/ad-chihuahua-capital-cinco-joyas-imperdibles-turismo-escencia\/\" target=\"_blank\" rel=\"noopener\">forbes.com.mx<\/a><\/em><\/p>\n<\/div>\n<\/div><\/div><\/div><\/div><\/div><\/div>","protected":false},"excerpt":{"rendered":"<p>Con una oferta llena de historia y tradici\u00f3n que se adapta a la modernidad, este destino cautiva con su gastronom\u00eda tradicional y actividades interminables. Chihuahua es una ciudad rica en historia que mezcla de manera cautivadora la tradici\u00f3n con la modernidad y ofrece a los visitantes una variedad de experiencias inolvidables. Desde majestuosas construcciones hasta&hellip; <br \/> <a class=\"button small blue\" href=\"https:\/\/encuentro-tic.anuies.mx\/2024\/conoce-cd-chihuahua\/\">Leer m\u00e1s<\/a><\/p>\n","protected":false},"author":1,"featured_media":0,"parent":0,"menu_order":0,"comment_status":"closed","ping_status":"closed","template":"","meta":{"_exactmetrics_skip_tracking":false,"_exactmetrics_sitenote_active":false,"_exactmetrics_sitenote_note":"","_exactmetrics_sitenote_category":0,"ngg_post_thumbnail":0,"footnotes":""},"class_list":["post-6025","page","type-page","status-publish","hentry"],"rttpg_featured_image_url":null,"rttpg_author":{"display_name":"ctrlweb","author_link":"https:\/\/encuentro-tic.anuies.mx\/2024\/author\/ctrlweb\/"},"rttpg_comment":0,"rttpg_category":false,"rttpg_excerpt":"Con una oferta llena de historia y tradici\u00f3n que se adapta a la modernidad, este destino cautiva con su gastronom\u00eda tradicional y actividades interminables. Chihuahua es una ciudad rica en historia que mezcla de manera cautivadora la tradici\u00f3n con la modernidad y ofrece a los visitantes una variedad de experiencias inolvidables. Desde majestuosas construcciones hasta&hellip;&hellip;","_links":{"self":[{"href":"https:\/\/encuentro-tic.anuies.mx\/2024\/wp-json\/wp\/v2\/pages\/6025","targetHints":{"allow":["GET"]}}],"collection":[{"href":"https:\/\/encuentro-tic.anuies.mx\/2024\/wp-json\/wp\/v2\/pages"}],"about":[{"href":"https:\/\/encuentro-tic.anuies.mx\/2024\/wp-json\/wp\/v2\/types\/page"}],"author":[{"embeddable":true,"href":"https:\/\/encuentro-tic.anuies.mx\/2024\/wp-json\/wp\/v2\/users\/1"}],"replies":[{"embeddable":true,"href":"https:\/\/encuentro-tic.anuies.mx\/2024\/wp-json\/wp\/v2\/comments?post=6025"}],"version-history":[{"count":13,"href":"https:\/\/encuentro-tic.anuies.mx\/2024\/wp-json\/wp\/v2\/pages\/6025\/revisions"}],"predecessor-version":[{"id":11857,"href":"https:\/\/encuentro-tic.anuies.mx\/2024\/wp-json\/wp\/v2\/pages\/6025\/revisions\/11857"}],"wp:attachment":[{"href":"https:\/\/encuentro-tic.anuies.mx\/2024\/wp-json\/wp\/v2\/media?parent=6025"}],"curies":[{"name":"wp","href":"https:\/\/api.w.org\/{rel}","templated":true}]}}