{"id":5611,"date":"2022-06-10T15:19:37","date_gmt":"2022-06-10T20:19:37","guid":{"rendered":"https:\/\/encuentro-tic.anuies.mx\/2024\/?page_id=5611"},"modified":"2022-10-20T20:16:39","modified_gmt":"2022-10-21T01:16:39","slug":"programa2022","status":"publish","type":"page","link":"https:\/\/encuentro-tic.anuies.mx\/2024\/programa2022\/","title":{"rendered":"Programa Encuentro ANUIES-TIC 2022"},"content":{"rendered":"<p style=\"text-align: justify;\"><span style=\"font-size: 14pt; color: #000000;\">Nos llena de satisfacci\u00f3n informarle que la respuesta recibida para participar en este magno evento ha sido todo un \u00e9xito. Y para garantizarle un excelente servicio durante tu estancia, hemos concluido el periodo de registro \u00fanicamente para las ACTIVIDADES PRESENCIALES. Sin embargo, le recordamos que la inscripci\u00f3n a las actividades virtuales a\u00fan queda abierta.<\/span><\/p>\n<p style=\"text-align: center;\"><a class=\"fasc-button fasc-size-large fasc-type-flat fasc-rounded-medium fasc-ico-before dashicons-admin-site\" style=\"background-color: #002e5f; color: #ffffff;\" target=\"_blank\" rel=\"noopener\" href=\"https:\/\/registro-tic.anuies.mx\/\">Reg\u00edstrate aqu\u00ed<\/a><\/p>\n<p style=\"text-align: center;\">\t\t\t\t\t\t<style>\r\n\t\t\t\t\r\n\t\t\t\t\t#tab_container_5615 {\r\n\toverflow:hidden;\r\n\tdisplay:block;\r\n\twidth:100%;\r\n\tborder:0px solid #ddd;\r\n\tmargin-bottom:30px;\r\n\t}\r\n\r\n#tab_container_5615 .tab-content{\r\n\tpadding:20px;\r\n\tborder: 1px solid 000000 !important;\r\n\tmargin-top: 0px;\r\n\tbackground-color: !important;\r\n\tcolor: #ffffff !important;\r\n\tfont-size:12px !important;\r\n\tfont-family: Arial !important;\r\n\t\r\n\t\t\tborder: 0px solid 000000 !important;\r\n\t\t\r\n\t}\r\n#tab_container_5615 .wpsm_nav-tabs {\r\n    border-bottom: 0px solid #ddd;\r\n}\r\n#tab_container_5615 .wpsm_nav-tabs > li.active > a, #tab_container_5615 .wpsm_nav-tabs > li.active > a:hover, #tab_container_5615 .wpsm_nav-tabs > li.active > a:focus {\r\n\tcolor:  !important;\r\n\tcursor: default;\r\n\tbackground-color: #c6b93d !important;\r\n\tborder: 1px solid #ada024 !important;\r\n}\r\n\r\n#tab_container_5615 .wpsm_nav-tabs > li > a {\r\n    margin-right: 0px !important; \r\n    line-height: 1.42857143 !important;\r\n    border: 1px solid #072e71 !important;\r\n    border-radius: 0px 0px 0 0 !important; \r\n\tbackground-color: #1a4184 !important;\r\n\tcolor: #ffffff !important;\r\n\tpadding: 15px 18px 15px 18px !important;\r\n\ttext-decoration: none !important;\r\n\tfont-size: 16px !important;\r\n\ttext-align:center !important;\r\n\tfont-family: Arial !important;\r\n}\r\n#tab_container_5615 .wpsm_nav-tabs > li > a:focus {\r\noutline: 0px !important;\r\n}\r\n\r\n#tab_container_5615 .wpsm_nav-tabs > li > a:before {\r\n\tdisplay:none !important;\r\n}\r\n#tab_container_5615 .wpsm_nav-tabs > li > a:after {\r\n\tdisplay:none !important ;\r\n}\r\n#tab_container_5615 .wpsm_nav-tabs > li{\r\npadding:0px !important ;\r\nmargin:0px;\r\n}\r\n\r\n#tab_container_5615 .wpsm_nav-tabs > li > a:hover , #tab_container_5615 .wpsm_nav-tabs > li > a:focus {\r\n    color: #ffffff !important;\r\n    background-color: #1a4184 !important;\r\n\tborder: 1px solid #072e71 !important;\r\n\t\r\n}\r\n#tab_container_5615 .wpsm_nav-tabs > li > a .fa{\r\n\r\nmargin-right:5px !important;\r\n\r\nmargin-left:5px !important;\r\n\r\n\r\n}\r\n\r\n\t\t#tab_container_5615 .wpsm_nav-tabs a{\r\n\t\t\tbackground-image: url(https:\/\/encuentro-tic.anuies.mx\/ctrl-content\/plugins\/tabs-responsive\/assets\/images\/style-soft.png);\r\n\t\t\tbackground-position: 0 0;\r\n\t\t\tbackground-repeat: repeat-x;\r\n\t\t}\r\n\t\t\t\r\n\r\n\r\n#tab_container_5615 .wpsm_nav-tabs > li {\r\n    float: ;\r\n    margin-bottom: -1px !important;\r\n\tmargin-right:0px !important; \r\n}\r\n\r\n\r\n#tab_container_5615 .tab-content{\r\noverflow:hidden !important;\r\n}\r\n\r\n\r\n@media (min-width: 769px) {\r\n\r\n\t#tab_container_5615 .wpsm_nav-tabs > li{\r\n\t\tfloat: !important ;\r\n\t\t\t\t\t}\r\n\t#tab_container_5615 .wpsm_nav-tabs{\r\n\t\tfloat:none !important;\r\n\t\tmargin:0px !important;\r\n\t}\r\n\r\n\t#tab_container_5615 .wpsm_nav-tabs > li {\r\n\t\t\t\t\r\n\t}\r\n\t#tab_container_5615 .wpsm_nav{\r\n\t\t\t}\r\n\r\n}\r\n\r\n\r\n\r\n@media (max-width: 768px) {\r\n\t#tab_container_5615 .wpsm_nav-tabs > li {\r\n\t\t\t\t\r\n\t}\r\n\t#tab_container_5615 .wpsm_nav{\r\n\t\t\t}\r\n}\r\n\r\n\r\n\t.wpsm_nav-tabs li:before{\r\n\t\tdisplay:none !important;\r\n\t}\r\n\r\n\t@media (max-width: 768px) {\r\n\t\t\t\t\r\n\t\t\t\t.wpsm_nav-tabs{\r\n\t\t\tmargin-left:0px !important;\r\n\t\t\tmargin-right:0px !important; \r\n\t\t\t\r\n\t\t}\r\n\t\t\t\t#tab_container_5615 .wpsm_nav-tabs > li{\r\n\t\t\tfloat:none !important;\r\n\t\t}\r\n\t\t\t\r\n\t}\t\t\t\t<\/style>\r\n\t\t\t\t<div id=\"tab_container_5615\" >\r\n\t \r\n\t\t\t\t\t<ul class=\"wpsm_nav wpsm_nav-tabs\" role=\"tablist\" id=\"myTab_5615\">\r\n\t\t\t\t\t\t\t\t\t\t\t <\/ul>\r\n\r\n\t\t\t\t\t  <!-- Tab panes -->\r\n\t\t\t\t\t  <div class=\"tab-content\" id=\"tab-content_5615\">\r\n\t\t\t\t\t\t\t\r\n\t\t\t\t\t <\/div>\r\n\t\t\t\t\t \r\n\t\t\t\t <\/div>\r\n <script>\r\n\t\tjQuery(function () {\r\n\t\t\tjQuery('#myTab_5615 a:first').tab('show')\r\n\t\t});\r\n\t\t\r\n\t\t\t\tjQuery(function(){\r\n\t\t\tvar b=\"fadeIn\";\r\n\t\t\tvar c;\r\n\t\t\tvar a;\r\n\t\t\td(jQuery(\"#myTab_5615 a\"),jQuery(\"#tab-content_5615\"));function d(e,f,g){\r\n\t\t\t\te.click(function(i){\r\n\t\t\t\t\ti.preventDefault();\r\n\t\t\t\t\tjQuery(this).tab(\"show\");\r\n\t\t\t\t\tvar h=jQuery(this).data(\"easein\");\r\n\t\t\t\t\tif(c){c.removeClass(a);}\r\n\t\t\t\t\tif(h){f.find(\"div.active\").addClass(\"animated \"+h);a=h;}\r\n\t\t\t\t\telse{if(g){f.find(\"div.active\").addClass(\"animated \"+g);a=g;}else{f.find(\"div.active\").addClass(\"animated \"+b);a=b;}}c=f.find(\"div.active\");\r\n\t\t\t\t});\r\n\t\t\t}\r\n\t\t});\r\n\t\t\r\n\r\n\t\tfunction do_resize(){\r\n\r\n\t\t\tvar width=jQuery( '.tab-content .tab-pane iframe' ).width();\r\n\t\t\tvar height=jQuery( '.tab-content .tab-pane iframe' ).height();\r\n\r\n\t\t\tvar toggleSize = true;\r\n\t\t\tjQuery('iframe').animate({\r\n\t\t\t    width: toggleSize ? width : 640,\r\n\t\t\t    height: toggleSize ? height : 360\r\n\t\t\t  }, 250);\r\n\r\n\t\t\t  toggleSize = !toggleSize;\r\n\t\t}\r\n\r\n\r\n\t<\/script>\r\n\t\t\t\t\r\n\t\t\t<\/p>\n<p style=\"text-align: right;\"><span style=\"font-size: 12pt;\"><strong><span style=\"color: #993366;\">*Sujeto a cambios<\/span><\/strong><\/span><\/p>\n<p>&nbsp;&nbsp;&nbsp;&nbsp;&nbsp;&nbsp;&nbsp;&nbsp;&nbsp;&nbsp;&nbsp;&nbsp;&nbsp;&nbsp;&nbsp;&nbsp;&nbsp;&nbsp;&nbsp;&nbsp;&nbsp;&nbsp;&nbsp;&nbsp;&nbsp;&nbsp;&nbsp;&nbsp;&nbsp;&nbsp;&nbsp;&nbsp;&nbsp;&nbsp;&nbsp;&nbsp;&nbsp;&nbsp;&nbsp;&nbsp;&nbsp;&nbsp;&nbsp;&nbsp;&nbsp;&nbsp;&nbsp;&nbsp;&nbsp;&nbsp;&nbsp;&nbsp;&nbsp;&nbsp;&nbsp;&nbsp;&nbsp;&nbsp;&nbsp;&nbsp;&nbsp;&nbsp;&nbsp;&nbsp;&nbsp;&nbsp;&nbsp;&nbsp;&nbsp;&nbsp;&nbsp;&nbsp;&nbsp;&nbsp;&nbsp;&nbsp;&nbsp;&nbsp;&nbsp;&nbsp;&nbsp;&nbsp;&nbsp;&nbsp;&nbsp;&nbsp;&nbsp;&nbsp;&nbsp;&nbsp;&nbsp;&nbsp;&nbsp;&nbsp;&nbsp;&nbsp;&nbsp;&nbsp;&nbsp;&nbsp;&nbsp;&nbsp;&nbsp;&nbsp;&nbsp;&nbsp;&nbsp;&nbsp;&nbsp;&nbsp;&nbsp;&nbsp;&nbsp;&nbsp;&nbsp;&nbsp;&nbsp;&nbsp;&nbsp;&nbsp;&nbsp;&nbsp;&nbsp;&nbsp;&nbsp;&nbsp;&nbsp;&nbsp;&nbsp;&nbsp;&nbsp;&nbsp;&nbsp;&nbsp;&nbsp;&nbsp;&nbsp;&nbsp;&nbsp;&nbsp;&nbsp;&nbsp;&nbsp;&nbsp;&nbsp;&nbsp;&nbsp;&nbsp;&nbsp;&nbsp;&nbsp;&nbsp;&nbsp;&nbsp;&nbsp;&nbsp;&nbsp;&nbsp;&nbsp;&nbsp;&nbsp;&nbsp;&nbsp;&nbsp;&nbsp;&nbsp;&nbsp;&nbsp;&nbsp;&nbsp;&nbsp;&nbsp;&nbsp;&nbsp;<\/p>\n","protected":false},"excerpt":{"rendered":"<p>Nos llena de satisfacci\u00f3n informarle que la respuesta recibida para participar en este magno evento ha sido todo un \u00e9xito. Y para garantizarle un excelente servicio durante tu estancia, hemos concluido el periodo de registro \u00fanicamente para las ACTIVIDADES PRESENCIALES. Sin embargo, le recordamos que la inscripci\u00f3n a las actividades virtuales a\u00fan queda abierta. Reg\u00edstrate&hellip; <br \/> <a class=\"button small blue\" href=\"https:\/\/encuentro-tic.anuies.mx\/2024\/?p=5615\">Leer m\u00e1s<\/a><\/p>\n","protected":false},"author":1,"featured_media":0,"parent":0,"menu_order":0,"comment_status":"closed","ping_status":"closed","template":"page-templates\/page_fullwidth.php","meta":{"_exactmetrics_skip_tracking":false,"_exactmetrics_sitenote_active":false,"_exactmetrics_sitenote_note":"","_exactmetrics_sitenote_category":0,"ngg_post_thumbnail":0,"footnotes":""},"class_list":["post-5611","page","type-page","status-publish","hentry"],"rttpg_featured_image_url":null,"rttpg_author":{"display_name":"ctrlweb","author_link":"https:\/\/encuentro-tic.anuies.mx\/2024\/author\/ctrlweb\/"},"rttpg_comment":0,"rttpg_category":false,"rttpg_excerpt":"Nos llena de satisfacci\u00f3n informarle que la respuesta recibida para participar en este magno evento ha sido todo un \u00e9xito. Y para garantizarle un excelente servicio durante tu estancia, hemos concluido el periodo de registro \u00fanicamente para las ACTIVIDADES PRESENCIALES. Sin embargo, le recordamos que la inscripci\u00f3n a las actividades virtuales a\u00fan queda abierta. Reg\u00edstrate&hellip;&hellip;","_links":{"self":[{"href":"https:\/\/encuentro-tic.anuies.mx\/2024\/wp-json\/wp\/v2\/pages\/5611","targetHints":{"allow":["GET"]}}],"collection":[{"href":"https:\/\/encuentro-tic.anuies.mx\/2024\/wp-json\/wp\/v2\/pages"}],"about":[{"href":"https:\/\/encuentro-tic.anuies.mx\/2024\/wp-json\/wp\/v2\/types\/page"}],"author":[{"embeddable":true,"href":"https:\/\/encuentro-tic.anuies.mx\/2024\/wp-json\/wp\/v2\/users\/1"}],"replies":[{"embeddable":true,"href":"https:\/\/encuentro-tic.anuies.mx\/2024\/wp-json\/wp\/v2\/comments?post=5611"}],"version-history":[{"count":21,"href":"https:\/\/encuentro-tic.anuies.mx\/2024\/wp-json\/wp\/v2\/pages\/5611\/revisions"}],"predecessor-version":[{"id":7367,"href":"https:\/\/encuentro-tic.anuies.mx\/2024\/wp-json\/wp\/v2\/pages\/5611\/revisions\/7367"}],"wp:attachment":[{"href":"https:\/\/encuentro-tic.anuies.mx\/2024\/wp-json\/wp\/v2\/media?parent=5611"}],"curies":[{"name":"wp","href":"https:\/\/api.w.org\/{rel}","templated":true}]}}