{"id":3312,"date":"2021-06-15T21:20:04","date_gmt":"2021-06-16T02:20:04","guid":{"rendered":"https:\/\/encuentro-tic.anuies.mx\/2024\/?page_id=3312"},"modified":"2024-05-15T11:37:48","modified_gmt":"2024-05-15T17:37:48","slug":"registro-encuentro","status":"publish","type":"page","link":"https:\/\/encuentro-tic.anuies.mx\/2024\/registro-encuentro\/","title":{"rendered":"Registro"},"content":{"rendered":"<div id=\"pl-3312\"  class=\"panel-layout\" ><div id=\"pg-3312-0\"  class=\"panel-grid panel-has-style\" ><div class=\"panel-row-style panel-row-style-for-3312-0\" ><div id=\"pgc-3312-0-0\"  class=\"panel-grid-cell\" ><div id=\"panel-3312-0-0-0\" class=\"so-panel widget widget_sow-editor panel-first-child panel-last-child\" data-index=\"0\" ><div\n\t\t\t\n\t\t\tclass=\"so-widget-sow-editor so-widget-sow-editor-base\"\n\t\t\t\n\t\t>\n<div class=\"siteorigin-widget-tinymce textwidget\">\n\t<p style=\"text-align: center;\"><span style=\"font-size: 18pt;\"><strong>Sistema de registro del Encuentro ANUIES-TIC UACH 2024<\/strong><\/span><\/p>\n<p style=\"text-align: center;\">&nbsp;<\/p>\n<p><span style=\"font-size: 18pt;\">Dentro del registro usted podr\u00e1 seleccionar su asistencia a las siguientes actividades:<\/span><\/p>\n<ul>\n<li><span style=\"font-size: 18pt;\">Conferencias magistrales (sin costo).<\/span><\/li>\n<li><span style=\"font-size: 18pt;\">Paneles de expertos (sin costo)<\/span><\/li>\n<li><span style=\"font-size: 18pt;\">Talleres especializados<\/span><\/li>\n<li><span style=\"font-size: 18pt;\">Carrera deportiva<\/span><\/li>\n<\/ul>\n<p style=\"text-align: center;\"><span style=\"font-size: 14pt;\"><strong><a class=\"fasc-button fasc-size-large fasc-type-flat fasc-rounded-medium fasc-ico-before dashicons-admin-site\" style=\"background-color: #800080; color: #ffffff;\" target=\"_blank\" rel=\"noopener\" href=\"https:\/\/registro-tic.anuies.mx\/\">Registro<\/a><\/strong><\/span><\/p>\n<p>&nbsp;<\/p>\n<p style=\"text-align: justify;\"><span style=\"font-size: 18pt;\">Si se registr\u00f3 \u00fanicamente a conferencias y deseas descargar tu ficha de inscripci\u00f3n, o si te inscribiste a talleres y deseas continuar con el proceso de pago, solicitar factura o descargar la ficha de inscripci\u00f3n, por favor accede al sistema de administraci\u00f3n mediante el enlace siguiente:<\/span><\/p>\n<p>&nbsp;<\/p>\n<p style=\"text-align: center;\"><a class=\"fasc-button fasc-size-large fasc-type-flat fasc-rounded-medium fasc-ico-before dashicons-admin-users\" style=\"background-color: #660525; color: #ffffff;\" target=\"_blank\" rel=\"noopener\" href=\"https:\/\/registro-tic.anuies.mx\/system\/login.php\">Iniciar sesi\u00f3n<\/a><\/p>\n<p><!--\n\n\n\n\n\n<hr \/>\n\n\n\n\n\n\n<\/p>\n\n\n\n<p style=\"text-align: center;\"><span style=\"font-size: 18pt;\">El registro al Encuentro <span style=\"color: #993366;\"><strong>ANUIES-TIC<\/strong><\/span> <strong><span style=\"color: #003366;\">UASLP<\/span> <span style=\"color: #808000;\">2023<\/span> <\/strong>estar\u00e1 disponible a partir del 10 de mayo !<\/span><\/p>\n\n\n\n\n--><\/p>\n<hr \/>\n<p style=\"text-align: center;\">&nbsp;<\/p>\n<\/div>\n<\/div><\/div><\/div><\/div><\/div><\/div>","protected":false},"excerpt":{"rendered":"<p>Sistema de registro del Encuentro ANUIES-TIC UACH 2024 &nbsp; Dentro del registro usted podr\u00e1 seleccionar su asistencia a las siguientes actividades: Conferencias magistrales (sin costo). Paneles de expertos (sin costo) Talleres especializados Carrera deportiva Registro &nbsp; Si se registr\u00f3 \u00fanicamente a conferencias y deseas descargar tu ficha de inscripci\u00f3n, o si te inscribiste a talleres&hellip; <br \/> <a class=\"button small blue\" href=\"https:\/\/encuentro-tic.anuies.mx\/2024\/registro-encuentro\/\">Leer m\u00e1s<\/a><\/p>\n","protected":false},"author":1,"featured_media":0,"parent":0,"menu_order":0,"comment_status":"closed","ping_status":"closed","template":"","meta":{"_exactmetrics_skip_tracking":false,"_exactmetrics_sitenote_active":false,"_exactmetrics_sitenote_note":"","_exactmetrics_sitenote_category":0,"ngg_post_thumbnail":0,"footnotes":""},"class_list":["post-3312","page","type-page","status-publish","hentry"],"rttpg_featured_image_url":null,"rttpg_author":{"display_name":"ctrlweb","author_link":"https:\/\/encuentro-tic.anuies.mx\/2024\/author\/ctrlweb\/"},"rttpg_comment":0,"rttpg_category":false,"rttpg_excerpt":"Sistema de registro del Encuentro ANUIES-TIC UACH 2024 &nbsp; Dentro del registro usted podr\u00e1 seleccionar su asistencia a las siguientes actividades: Conferencias magistrales (sin costo). Paneles de expertos (sin costo) Talleres especializados Carrera deportiva Registro &nbsp; Si se registr\u00f3 \u00fanicamente a conferencias y deseas descargar tu ficha de inscripci\u00f3n, o si te inscribiste a talleres&hellip;&hellip;","_links":{"self":[{"href":"https:\/\/encuentro-tic.anuies.mx\/2024\/wp-json\/wp\/v2\/pages\/3312","targetHints":{"allow":["GET"]}}],"collection":[{"href":"https:\/\/encuentro-tic.anuies.mx\/2024\/wp-json\/wp\/v2\/pages"}],"about":[{"href":"https:\/\/encuentro-tic.anuies.mx\/2024\/wp-json\/wp\/v2\/types\/page"}],"author":[{"embeddable":true,"href":"https:\/\/encuentro-tic.anuies.mx\/2024\/wp-json\/wp\/v2\/users\/1"}],"replies":[{"embeddable":true,"href":"https:\/\/encuentro-tic.anuies.mx\/2024\/wp-json\/wp\/v2\/comments?post=3312"}],"version-history":[{"count":24,"href":"https:\/\/encuentro-tic.anuies.mx\/2024\/wp-json\/wp\/v2\/pages\/3312\/revisions"}],"predecessor-version":[{"id":11869,"href":"https:\/\/encuentro-tic.anuies.mx\/2024\/wp-json\/wp\/v2\/pages\/3312\/revisions\/11869"}],"wp:attachment":[{"href":"https:\/\/encuentro-tic.anuies.mx\/2024\/wp-json\/wp\/v2\/media?parent=3312"}],"curies":[{"name":"wp","href":"https:\/\/api.w.org\/{rel}","templated":true}]}}