{"id":13397,"date":"2024-10-16T13:02:41","date_gmt":"2024-10-16T19:02:41","guid":{"rendered":"https:\/\/encuentro-tic.anuies.mx\/2024\/?page_id=13397"},"modified":"2024-10-21T12:05:21","modified_gmt":"2024-10-21T18:05:21","slug":"ecototec-canvas","status":"publish","type":"page","link":"https:\/\/encuentro-tic.anuies.mx\/2024\/ecototec-canvas\/","title":{"rendered":"ECTOTEC \/ CANVAS"},"content":{"rendered":"<div id=\"pl-13397\"  class=\"panel-layout\" ><div id=\"pg-13397-0\"  class=\"panel-grid panel-has-style\" ><div class=\"siteorigin-panels-stretch panel-row-style panel-row-style-for-13397-0\" data-stretch-type=\"full-width-stretch\" ><div id=\"pgc-13397-0-0\"  class=\"panel-grid-cell\" ><div id=\"panel-13397-0-0-0\" class=\"so-panel widget widget_sow-editor panel-first-child panel-last-child\" data-index=\"0\" ><div\n\t\t\t\n\t\t\tclass=\"so-widget-sow-editor so-widget-sow-editor-base\"\n\t\t\t\n\t\t>\n<div class=\"siteorigin-widget-tinymce textwidget\">\n\t<style>hr {border: 0 ; border-top: 4px double gold; width: 90%;}<\/style>\n<p><img loading=\"lazy\" decoding=\"async\" class=\"wp-image-13401 size-full aligncenter\" src=\"https:\/\/encuentro-tic.anuies.mx\/2024\/ctrl-content\/uploads\/sites\/11\/2024\/10\/cisco-logo-editado.png\" alt=\"\" width=\"297\" height=\"131\" \/><\/p>\n<hr \/>\n<p>&nbsp;<\/p>\n<\/div>\n<\/div><\/div><\/div><\/div><\/div><div id=\"pg-13397-1\"  class=\"panel-grid panel-has-style\" ><div class=\"siteorigin-panels-stretch panel-row-style panel-row-style-for-13397-1\" data-stretch-type=\"full-width-stretch\" ><div id=\"pgc-13397-1-0\"  class=\"panel-grid-cell\" ><div id=\"panel-13397-1-0-0\" class=\"so-panel widget widget_sow-editor panel-first-child\" data-index=\"1\" ><div\n\t\t\t\n\t\t\tclass=\"so-widget-sow-editor so-widget-sow-editor-base\"\n\t\t\t\n\t\t>\n<div class=\"siteorigin-widget-tinymce textwidget\">\n\t<p style=\"text-align: justify\"><span style=\"font-weight: 400;font-size: 16pt\"><img loading=\"lazy\" decoding=\"async\" class=\"wp-image-13403 size-medium alignleft\" src=\"https:\/\/encuentro-tic.anuies.mx\/2024\/ctrl-content\/uploads\/sites\/11\/2024\/10\/Imagen-1-1-300x202.png\" alt=\"\" width=\"300\" height=\"202\" srcset=\"https:\/\/encuentro-tic.anuies.mx\/ctrl-content\/uploads\/sites\/11\/2024\/10\/Imagen-1-1-300x202.png 300w, https:\/\/encuentro-tic.anuies.mx\/ctrl-content\/uploads\/sites\/11\/2024\/10\/Imagen-1-1-272x182.png 272w, https:\/\/encuentro-tic.anuies.mx\/ctrl-content\/uploads\/sites\/11\/2024\/10\/Imagen-1-1.png 640w\" sizes=\"auto, (max-width: 300px) 100vw, 300px\" \/><\/span><\/p>\n<p>Canvas LMS by Instructure es un centro de aprendizaje digital saas que re\u00fane a estudiantes, profesores y herramientas de tecnolog\u00eda en un aula f\u00edsica, combinada o totalmente en l\u00ednea. Creado por Instructure, Canvas LMS es el sistema de gesti\u00f3n de aprendizaje ideal para amplificar la ense\u00f1anza y maximizar el aprendizaje a trav\u00e9s de un ecosistema abierto, confiable y escalable. Nuestras soluciones \u2014 <a href=\"https:\/\/www.instructure.com\/es\/educacion-superior\/productos\/canvas\/canvas-lms\">Canvas LMS<\/a>, <a href=\"https:\/\/www.instructure.com\/es\/educacion-superior\/productos\/canvas\/canvas-studio\">Canvas Studio<\/a>, <a href=\"https:\/\/www.instructure.com\/es\/educacion-superior\/productos\/canvas\/canvas-catalog\">Canvas Catalog<\/a>, <a href=\"https:\/\/www.instructure.com\/es\/educacion-superior\/productos\/impact\">Impact<\/a>, <a href=\"https:\/\/www.instructure.com\/es\/higher-education\/products\/canvas\/canvas-credentials\">Canvas Credentials<\/a> y <a href=\"https:\/\/www.instructure.com\/es\/resources\/videos\/intelligent-insights-toma-de-decisiones-basadas-en-datos-gran-escala\">Intelligent Insights<\/a> (una herramienta impulsada por inteligencia artificial) \u2014&nbsp; brindan lo que necesitas para apoyar, enriquecer y conectar cada aspecto de la ense\u00f1anza y el aprendizaje.<\/p>\n<\/div>\n<\/div><\/div><div id=\"panel-13397-1-0-1\" class=\"so-panel widget widget_siteorigin-panels-builder panel-last-child\" data-index=\"2\" ><div class=\"aos-init panel-widget-style panel-widget-style-for-13397-1-0-1\" data-aos=\"fade\" data-aos-duration=\"600\" data-aos-easing=\"linear\" data-aos-anchor-placement=\"top-bottom\" data-aos-once=\"true\" ><div id=\"pl-w671697c07e557\"  class=\"panel-layout\" ><div id=\"pg-w671697c07e557-0\"  class=\"panel-grid panel-no-style\" ><div id=\"pgc-w671697c07e557-0-0\"  class=\"panel-grid-cell\" ><div id=\"panel-w671697c07e557-0-0-0\" class=\"so-panel widget widget_sow-editor panel-first-child panel-last-child\" data-index=\"0\" ><div\n\t\t\t\n\t\t\tclass=\"so-widget-sow-editor so-widget-sow-editor-base\"\n\t\t\t\n\t\t>\n<div class=\"siteorigin-widget-tinymce textwidget\">\n\t<a href=\"https:\/\/encuentro-tic.anuies.mx\/2024\/ctrl-content\/uploads\/sites\/11\/2024\/10\/PDF-6b.pdf\" class=\"pdfemb-viewer\" style=\"\" data-width=\"max\" data-height=\"max\" data-toolbar=\"bottom\" data-toolbar-fixed=\"off\">PDF 6b<\/a>\n<\/div>\n<\/div><\/div><\/div><div id=\"pgc-w671697c07e557-0-1\"  class=\"panel-grid-cell\" ><div id=\"panel-w671697c07e557-0-1-0\" class=\"so-panel widget widget_sow-editor panel-first-child panel-last-child\" data-index=\"1\" ><div\n\t\t\t\n\t\t\tclass=\"so-widget-sow-editor so-widget-sow-editor-base\"\n\t\t\t\n\t\t>\n<div class=\"siteorigin-widget-tinymce textwidget\">\n\t<\/div>\n<\/div><\/div><\/div><div id=\"pgc-w671697c07e557-0-2\"  class=\"panel-grid-cell\" ><div id=\"panel-w671697c07e557-0-2-0\" class=\"so-panel widget widget_sow-editor panel-first-child panel-last-child\" data-index=\"2\" ><div\n\t\t\t\n\t\t\tclass=\"so-widget-sow-editor so-widget-sow-editor-base\"\n\t\t\t\n\t\t>\n<div class=\"siteorigin-widget-tinymce textwidget\">\n\t<p><img loading=\"lazy\" decoding=\"async\" src=\"https:\/\/encuentro-tic.anuies.mx\/2024\/ctrl-content\/uploads\/sites\/11\/2024\/10\/Imagen-6a-208x300.jpeg\" alt=\"\" width=\"208\" height=\"300\" class=\"alignnone size-medium wp-image-13446\" srcset=\"https:\/\/encuentro-tic.anuies.mx\/ctrl-content\/uploads\/sites\/11\/2024\/10\/Imagen-6a-208x300.jpeg 208w, https:\/\/encuentro-tic.anuies.mx\/ctrl-content\/uploads\/sites\/11\/2024\/10\/Imagen-6a.jpeg 500w\" sizes=\"auto, (max-width: 208px) 100vw, 208px\" \/><\/p>\n<\/div>\n<\/div><\/div><\/div><div id=\"pgc-w671697c07e557-0-3\"  class=\"panel-grid-cell\" ><div id=\"panel-w671697c07e557-0-3-0\" class=\"so-panel widget widget_sow-editor panel-first-child panel-last-child\" data-index=\"3\" ><div\n\t\t\t\n\t\t\tclass=\"so-widget-sow-editor so-widget-sow-editor-base\"\n\t\t\t\n\t\t>\n<div class=\"siteorigin-widget-tinymce textwidget\">\n\t<p><a title=\"Ir al PDF\" href=\"https:\/\/www.instructure.com\/es\/educacion-superior\/productos\/impact\" target=\"_blank\" rel=\"noopener\"><img loading=\"lazy\" decoding=\"async\" class=\"alignnone size-medium wp-image-13549\" src=\"https:\/\/encuentro-tic.anuies.mx\/2024\/ctrl-content\/uploads\/sites\/11\/2024\/10\/imagen_pdf-300x297.png\" alt=\"\" width=\"300\" height=\"297\" srcset=\"https:\/\/encuentro-tic.anuies.mx\/ctrl-content\/uploads\/sites\/11\/2024\/10\/imagen_pdf-300x297.png 300w, https:\/\/encuentro-tic.anuies.mx\/ctrl-content\/uploads\/sites\/11\/2024\/10\/imagen_pdf-150x150.png 150w, https:\/\/encuentro-tic.anuies.mx\/ctrl-content\/uploads\/sites\/11\/2024\/10\/imagen_pdf.png 463w\" sizes=\"auto, (max-width: 300px) 100vw, 300px\" \/><\/a><\/p>\n<\/div>\n<\/div><\/div><\/div><\/div><\/div><\/div><\/div><\/div><div id=\"pgc-13397-1-1\"  class=\"panel-grid-cell\" ><div id=\"panel-13397-1-1-0\" class=\"so-panel widget widget_siteorigin-panels-builder panel-first-child\" data-index=\"3\" ><div id=\"pl-w6710214950d23\"  class=\"panel-layout\" ><div id=\"pg-w6710214950d23-0\"  class=\"panel-grid panel-no-style\" ><div id=\"pgc-w6710214950d23-0-0\"  class=\"panel-grid-cell\" ><div id=\"panel-w6710214950d23-0-0-0\" class=\"so-panel widget widget_sow-icon panel-first-child panel-last-child\" data-index=\"0\" ><div\n\t\t\t\n\t\t\tclass=\"so-widget-sow-icon so-widget-sow-icon-default-78de98159bee\"\n\t\t\t\n\t\t>\n<div class=\"sow-icon-container sow-icon\">\n\t\t\t<a href=\"http:\/\/facebook.com\/canvaslms\" \n\t\ttarget=\"_blank\" rel=\"noopener noreferrer\"\t\t>\n\t\t\t<span class=\"sow-icon-genericons\" data-sow-icon=\"&#xf203;\"\n\t\t \n\t\taria-hidden=\"true\"><\/span>\t\t\t<\/a>\n\t<\/div>\n<\/div><\/div><\/div><div id=\"pgc-w6710214950d23-0-1\"  class=\"panel-grid-cell\" ><div id=\"panel-w6710214950d23-0-1-0\" class=\"so-panel widget widget_sow-icon panel-first-child panel-last-child\" data-index=\"1\" ><div\n\t\t\t\n\t\t\tclass=\"so-widget-sow-icon so-widget-sow-icon-default-78de98159bee\"\n\t\t\t\n\t\t>\n<div class=\"sow-icon-container sow-icon\">\n\t\t\t<a href=\"http:\/\/instagram.com\/canvaslms\" \n\t\ttarget=\"_blank\" rel=\"noopener noreferrer\"\t\t>\n\t\t\t<span class=\"sow-icon-genericons\" data-sow-icon=\"&#xf215;\"\n\t\t \n\t\taria-hidden=\"true\"><\/span>\t\t\t<\/a>\n\t<\/div>\n<\/div><\/div><\/div><div id=\"pgc-w6710214950d23-0-2\"  class=\"panel-grid-cell\" ><div id=\"panel-w6710214950d23-0-2-0\" class=\"so-panel widget widget_sow-icon panel-first-child panel-last-child\" data-index=\"2\" ><div\n\t\t\t\n\t\t\tclass=\"so-widget-sow-icon so-widget-sow-icon-default-78de98159bee\"\n\t\t\t\n\t\t>\n<div class=\"sow-icon-container sow-icon\">\n\t\t\t<a href=\"http:\/\/twitter.com\/Canvas_by_Inst\" \n\t\ttarget=\"_blank\" rel=\"noopener noreferrer\"\t\t>\n\t\t\t<span class=\"sow-icon-genericons\" data-sow-icon=\"&#xf202;\"\n\t\t \n\t\taria-hidden=\"true\"><\/span>\t\t\t<\/a>\n\t<\/div>\n<\/div><\/div><\/div><div id=\"pgc-w6710214950d23-0-3\"  class=\"panel-grid-cell\" ><div id=\"panel-w6710214950d23-0-3-0\" class=\"so-panel widget widget_sow-icon panel-first-child panel-last-child\" data-index=\"3\" ><div\n\t\t\t\n\t\t\tclass=\"so-widget-sow-icon so-widget-sow-icon-default-78de98159bee\"\n\t\t\t\n\t\t>\n<div class=\"sow-icon-container sow-icon\">\n\t\t\t<a href=\"http:\/\/linkedin.com\/showcase\/canvaslms\/\" \n\t\ttarget=\"_blank\" rel=\"noopener noreferrer\"\t\t>\n\t\t\t<span class=\"sow-icon-genericons\" data-sow-icon=\"&#xf208;\"\n\t\t \n\t\taria-hidden=\"true\"><\/span>\t\t\t<\/a>\n\t<\/div>\n<\/div><\/div><\/div><div id=\"pgc-w6710214950d23-0-4\"  class=\"panel-grid-cell\" ><div id=\"panel-w6710214950d23-0-4-0\" class=\"so-panel widget widget_sow-icon panel-first-child panel-last-child\" data-index=\"4\" ><div\n\t\t\t\n\t\t\tclass=\"so-widget-sow-icon so-widget-sow-icon-default-78de98159bee\"\n\t\t\t\n\t\t>\n<div class=\"sow-icon-container sow-icon\">\n\t\t\t<a href=\"http:\/\/youtube.com\/canvalsms\" \n\t\ttarget=\"_blank\" rel=\"noopener noreferrer\"\t\t>\n\t\t\t<span class=\"sow-icon-genericons\" data-sow-icon=\"&#xf213;\"\n\t\t \n\t\taria-hidden=\"true\"><\/span>\t\t\t<\/a>\n\t<\/div>\n<\/div><\/div><\/div><\/div><\/div><\/div><div id=\"panel-13397-1-1-1\" class=\"so-panel widget widget_sow-editor panel-last-child\" data-index=\"4\" ><div class=\"panel-widget-style panel-widget-style-for-13397-1-1-1\" ><div\n\t\t\t\n\t\t\tclass=\"so-widget-sow-editor so-widget-sow-editor-base\"\n\t\t\t\n\t\t><h3 class=\"widget-title\">Contacto Amazon<\/h3>\n<div class=\"siteorigin-widget-tinymce textwidget\">\n\t<ul style=\"list-style-type: square\">\n<li>Contacto - Mariana Echeverr\u00eda&nbsp;<\/li>\n<li>Correo - lmecheverria@ectotec.com<\/li>\n<li>N\u00famero - +52 81 8020 5733<\/li>\n<li>WhatsApp - +52 81 8020 5733<\/li>\n<li>SitioWeb - https:\/\/www.instructure.com\/es<\/li>\n<\/ul>\n<hr \/>\n<\/div>\n<\/div><\/div><\/div><\/div><\/div><\/div><div id=\"pg-13397-2\"  class=\"panel-grid panel-has-style\" ><div class=\"siteorigin-panels-stretch panel-row-style panel-row-style-for-13397-2\" data-stretch-type=\"full-width-stretch\" ><div id=\"pgc-13397-2-0\"  class=\"panel-grid-cell\" ><div id=\"panel-13397-2-0-0\" class=\"so-panel widget widget_sow-editor panel-first-child panel-last-child\" data-index=\"5\" ><div\n\t\t\t\n\t\t\tclass=\"so-widget-sow-editor so-widget-sow-editor-base\"\n\t\t\t\n\t\t>\n<div class=\"siteorigin-widget-tinymce textwidget\">\n\t<a title=\"Ir al video \" href=\"https:\/\/www.instructure.com\/es\/resources\/videos\/que-es-canvas-lms-0\" target=\"_blank\" rel=\"noopener\"><img loading=\"lazy\" decoding=\"async\" class=\"aligncenter wp-image-13552 size-large\" src=\"https:\/\/encuentro-tic.anuies.mx\/2024\/ctrl-content\/uploads\/sites\/11\/2024\/10\/imagen_video-1024x575.png\" alt=\"\" width=\"1024\" height=\"575\" srcset=\"https:\/\/encuentro-tic.anuies.mx\/ctrl-content\/uploads\/sites\/11\/2024\/10\/imagen_video-1024x575.png 1024w, https:\/\/encuentro-tic.anuies.mx\/ctrl-content\/uploads\/sites\/11\/2024\/10\/imagen_video-300x168.png 300w, https:\/\/encuentro-tic.anuies.mx\/ctrl-content\/uploads\/sites\/11\/2024\/10\/imagen_video-768x431.png 768w, https:\/\/encuentro-tic.anuies.mx\/ctrl-content\/uploads\/sites\/11\/2024\/10\/imagen_video.png 1035w\" sizes=\"auto, (max-width: 1024px) 100vw, 1024px\" \/><\/a><\/div>\n<\/div><\/div><\/div><div id=\"pgc-13397-2-1\"  class=\"panel-grid-cell panel-grid-cell-empty panel-grid-cell-mobile-last\" ><\/div><div id=\"pgc-13397-2-2\"  class=\"panel-grid-cell panel-grid-cell-empty\" ><\/div><\/div><\/div><div id=\"pg-13397-3\"  class=\"panel-grid panel-no-style\" ><div id=\"pgc-13397-3-0\"  class=\"panel-grid-cell\" ><div id=\"panel-13397-3-0-0\" class=\"so-panel widget widget_sow-editor panel-first-child panel-last-child\" data-index=\"6\" ><div\n\t\t\t\n\t\t\tclass=\"so-widget-sow-editor so-widget-sow-editor-base\"\n\t\t\t\n\t\t>\n<div class=\"siteorigin-widget-tinymce textwidget\">\n\t<p style=\"text-align: center;\"><a class=\"fasc-button fasc-size-large fasc-type-flat fasc-rounded-medium fasc-ico-before dashicons-undo\" style=\"background-color: #004b8b; color: #ffffff;\" rel=\"nofollow\" href=\"https:\/\/encuentro-tic.anuies.mx\/2024\/espacio-virtual\/\">Regresar a men\u00fa<\/a><\/p>\n<\/div>\n<\/div><\/div><\/div><\/div><div id=\"pg-13397-4\"  class=\"panel-grid panel-no-style\" ><div id=\"pgc-13397-4-0\"  class=\"panel-grid-cell\" ><div id=\"panel-13397-4-0-0\" class=\"so-panel widget panel-first-child panel-last-child\" data-index=\"7\" ><\/div><\/div><\/div><\/div>","protected":false},"excerpt":{"rendered":"<p>&nbsp; Canvas LMS by Instructure es un centro de aprendizaje digital saas que re\u00fane a estudiantes, profesores y herramientas de tecnolog\u00eda en un aula f\u00edsica, combinada o totalmente en l\u00ednea. Creado por Instructure, Canvas LMS es el sistema de gesti\u00f3n de aprendizaje ideal para amplificar la ense\u00f1anza y maximizar el aprendizaje a trav\u00e9s de un&hellip; <br \/> <a class=\"button small blue\" href=\"https:\/\/encuentro-tic.anuies.mx\/2024\/ecototec-canvas\/\">Leer m\u00e1s<\/a><\/p>\n","protected":false},"author":1,"featured_media":0,"parent":0,"menu_order":0,"comment_status":"closed","ping_status":"closed","template":"","meta":{"_exactmetrics_skip_tracking":false,"_exactmetrics_sitenote_active":false,"_exactmetrics_sitenote_note":"","_exactmetrics_sitenote_category":0,"ngg_post_thumbnail":0,"footnotes":""},"class_list":["post-13397","page","type-page","status-publish","hentry"],"rttpg_featured_image_url":null,"rttpg_author":{"display_name":"ctrlweb","author_link":"https:\/\/encuentro-tic.anuies.mx\/2024\/author\/ctrlweb\/"},"rttpg_comment":0,"rttpg_category":false,"rttpg_excerpt":"&nbsp; Canvas LMS by Instructure es un centro de aprendizaje digital saas que re\u00fane a estudiantes, profesores y herramientas de tecnolog\u00eda en un aula f\u00edsica, combinada o totalmente en l\u00ednea. Creado por Instructure, Canvas LMS es el sistema de gesti\u00f3n de aprendizaje ideal para amplificar la ense\u00f1anza y maximizar el aprendizaje a trav\u00e9s de un&hellip;&hellip;","_links":{"self":[{"href":"https:\/\/encuentro-tic.anuies.mx\/2024\/wp-json\/wp\/v2\/pages\/13397","targetHints":{"allow":["GET"]}}],"collection":[{"href":"https:\/\/encuentro-tic.anuies.mx\/2024\/wp-json\/wp\/v2\/pages"}],"about":[{"href":"https:\/\/encuentro-tic.anuies.mx\/2024\/wp-json\/wp\/v2\/types\/page"}],"author":[{"embeddable":true,"href":"https:\/\/encuentro-tic.anuies.mx\/2024\/wp-json\/wp\/v2\/users\/1"}],"replies":[{"embeddable":true,"href":"https:\/\/encuentro-tic.anuies.mx\/2024\/wp-json\/wp\/v2\/comments?post=13397"}],"version-history":[{"count":8,"href":"https:\/\/encuentro-tic.anuies.mx\/2024\/wp-json\/wp\/v2\/pages\/13397\/revisions"}],"predecessor-version":[{"id":13554,"href":"https:\/\/encuentro-tic.anuies.mx\/2024\/wp-json\/wp\/v2\/pages\/13397\/revisions\/13554"}],"wp:attachment":[{"href":"https:\/\/encuentro-tic.anuies.mx\/2024\/wp-json\/wp\/v2\/media?parent=13397"}],"curies":[{"name":"wp","href":"https:\/\/api.w.org\/{rel}","templated":true}]}}