{"id":12836,"date":"2024-10-04T15:38:23","date_gmt":"2024-10-04T21:38:23","guid":{"rendered":"https:\/\/encuentro-tic.anuies.mx\/2024\/?page_id=12836"},"modified":"2024-10-23T11:29:14","modified_gmt":"2024-10-23T17:29:14","slug":"maximus-cisco-td-synnex","status":"publish","type":"page","link":"https:\/\/encuentro-tic.anuies.mx\/2024\/maximus-cisco-td-synnex\/","title":{"rendered":"CISCO\/MAXIMUS\/TD SYNNEX"},"content":{"rendered":"<div id=\"pl-12836\"  class=\"panel-layout\" ><div id=\"pg-12836-0\"  class=\"panel-grid panel-has-style\" ><div class=\"siteorigin-panels-stretch panel-row-style panel-row-style-for-12836-0\" data-stretch-type=\"full-width-stretch\" ><div id=\"pgc-12836-0-0\"  class=\"panel-grid-cell\" ><div id=\"panel-12836-0-0-0\" class=\"so-panel widget widget_sow-editor panel-first-child panel-last-child\" data-index=\"0\" ><div\n\t\t\t\n\t\t\tclass=\"so-widget-sow-editor so-widget-sow-editor-base\"\n\t\t\t\n\t\t>\n<div class=\"siteorigin-widget-tinymce textwidget\">\n\t<style>hr {border: 0 ; border-top: 4px double gold; width: 90%;}<\/style>\n<p><img loading=\"lazy\" decoding=\"async\" class=\"aligncenter wp-image-13395 size-full\" src=\"https:\/\/encuentro-tic.anuies.mx\/2024\/ctrl-content\/uploads\/sites\/11\/2024\/10\/logo-Maximum-Cisco-TDSynnex-editado.png\" alt=\"\" width=\"574\" height=\"94\" srcset=\"https:\/\/encuentro-tic.anuies.mx\/ctrl-content\/uploads\/sites\/11\/2024\/10\/logo-Maximum-Cisco-TDSynnex-editado.png 574w, https:\/\/encuentro-tic.anuies.mx\/ctrl-content\/uploads\/sites\/11\/2024\/10\/logo-Maximum-Cisco-TDSynnex-editado-300x49.png 300w\" sizes=\"auto, (max-width: 574px) 100vw, 574px\" \/><\/p>\n<hr \/>\n<p>&nbsp;<\/p>\n<\/div>\n<\/div><\/div><\/div><\/div><\/div><div id=\"pg-12836-1\"  class=\"panel-grid panel-has-style\" ><div class=\"siteorigin-panels-stretch panel-row-style panel-row-style-for-12836-1\" data-stretch-type=\"full-width-stretch\" ><div id=\"pgc-12836-1-0\"  class=\"panel-grid-cell\" ><div id=\"panel-12836-1-0-0\" class=\"so-panel widget widget_sow-editor panel-first-child\" data-index=\"1\" ><div\n\t\t\t\n\t\t\tclass=\"so-widget-sow-editor so-widget-sow-editor-base\"\n\t\t\t\n\t\t>\n<div class=\"siteorigin-widget-tinymce textwidget\">\n\t<div style=\"text-align: center;padding: 50px\">\n<h1>\u00a1Pr\u00f3ximamente!<\/h1>\n<p>Estamos trabajando en esta p\u00e1gina. Vuelve pronto para m\u00e1s contenido.<\/p>\n<\/div>\n<\/div>\n<\/div><\/div><\/div><div id=\"pgc-12836-1-1\"  class=\"panel-grid-cell\" ><div id=\"panel-12836-1-1-1\" class=\"so-panel widget widget_sow-editor panel-last-child\" data-index=\"4\" ><div class=\"panel-widget-style panel-widget-style-for-12836-1-1-1\" ><div\n\t\t\t\n\t\t\tclass=\"so-widget-sow-editor so-widget-sow-editor-base\"\n\t\t\t\n\t\t><h3 class=\"widget-title\">Contacto<\/h3>\n<div class=\"siteorigin-widget-tinymce textwidget\">\n\t<ul>\n<li>Contacto - Angelica Carrasco Cisco Educaci\u00f3n<\/li>\n<li>Correo - angcarra@cisco.com<\/li>\n<\/ul>\n<\/div>\n<\/div><\/div><\/div><\/div><\/div><\/div><div id=\"pg-12836-2\"  class=\"panel-grid panel-has-style\" ><div class=\"siteorigin-panels-stretch panel-row-style panel-row-style-for-12836-2\" data-stretch-type=\"full-width-stretch\" ><div id=\"pgc-12836-2-0\"  class=\"panel-grid-cell panel-grid-cell-empty\" ><\/div><div id=\"pgc-12836-2-1\"  class=\"panel-grid-cell panel-grid-cell-empty panel-grid-cell-mobile-last\" ><\/div><div id=\"pgc-12836-2-2\"  class=\"panel-grid-cell panel-grid-cell-empty\" ><\/div><\/div><\/div><div id=\"pg-12836-3\"  class=\"panel-grid panel-no-style\" ><div id=\"pgc-12836-3-0\"  class=\"panel-grid-cell\" ><div id=\"panel-12836-3-0-0\" class=\"so-panel widget widget_sow-editor panel-first-child panel-last-child\" data-index=\"5\" ><div\n\t\t\t\n\t\t\tclass=\"so-widget-sow-editor so-widget-sow-editor-base\"\n\t\t\t\n\t\t>\n<div class=\"siteorigin-widget-tinymce textwidget\">\n\t<p style=\"text-align: center\"><a class=\"fasc-button fasc-size-large fasc-type-flat fasc-rounded-medium fasc-ico-before dashicons-undo\" style=\"background-color: #004b8b;color: #ffffff\" rel=\"nofollow\" href=\"https:\/\/encuentro-tic.anuies.mx\/2024\/espacio-virtual\/\">Regresar a men\u00fa<\/a><\/p>\n<\/div>\n<\/div><\/div><\/div><\/div><div id=\"pg-12836-4\"  class=\"panel-grid panel-no-style\" ><div id=\"pgc-12836-4-0\"  class=\"panel-grid-cell\" ><div id=\"panel-12836-4-0-0\" class=\"so-panel widget panel-first-child panel-last-child\" data-index=\"6\" ><\/div><\/div><\/div><\/div>","protected":false},"excerpt":{"rendered":"<p>&nbsp; \u00a1Pr\u00f3ximamente! Estamos trabajando en esta p\u00e1gina. Vuelve pronto para m\u00e1s contenido. Contacto &#8211; Angelica Carrasco Cisco Educaci\u00f3n Correo &#8211; angcarra@cisco.com<\/p>\n","protected":false},"author":1,"featured_media":0,"parent":0,"menu_order":0,"comment_status":"closed","ping_status":"closed","template":"","meta":{"_exactmetrics_skip_tracking":false,"_exactmetrics_sitenote_active":false,"_exactmetrics_sitenote_note":"","_exactmetrics_sitenote_category":0,"ngg_post_thumbnail":0,"footnotes":""},"class_list":["post-12836","page","type-page","status-publish","hentry"],"rttpg_featured_image_url":null,"rttpg_author":{"display_name":"ctrlweb","author_link":"https:\/\/encuentro-tic.anuies.mx\/2024\/author\/ctrlweb\/"},"rttpg_comment":0,"rttpg_category":false,"rttpg_excerpt":"&nbsp; \u00a1Pr\u00f3ximamente! Estamos trabajando en esta p\u00e1gina. Vuelve pronto para m\u00e1s contenido. Contacto - Angelica Carrasco Cisco Educaci\u00f3n Correo - angcarra@cisco.com","_links":{"self":[{"href":"https:\/\/encuentro-tic.anuies.mx\/2024\/wp-json\/wp\/v2\/pages\/12836","targetHints":{"allow":["GET"]}}],"collection":[{"href":"https:\/\/encuentro-tic.anuies.mx\/2024\/wp-json\/wp\/v2\/pages"}],"about":[{"href":"https:\/\/encuentro-tic.anuies.mx\/2024\/wp-json\/wp\/v2\/types\/page"}],"author":[{"embeddable":true,"href":"https:\/\/encuentro-tic.anuies.mx\/2024\/wp-json\/wp\/v2\/users\/1"}],"replies":[{"embeddable":true,"href":"https:\/\/encuentro-tic.anuies.mx\/2024\/wp-json\/wp\/v2\/comments?post=12836"}],"version-history":[{"count":8,"href":"https:\/\/encuentro-tic.anuies.mx\/2024\/wp-json\/wp\/v2\/pages\/12836\/revisions"}],"predecessor-version":[{"id":13592,"href":"https:\/\/encuentro-tic.anuies.mx\/2024\/wp-json\/wp\/v2\/pages\/12836\/revisions\/13592"}],"wp:attachment":[{"href":"https:\/\/encuentro-tic.anuies.mx\/2024\/wp-json\/wp\/v2\/media?parent=12836"}],"curies":[{"name":"wp","href":"https:\/\/api.w.org\/{rel}","templated":true}]}}