{"id":12818,"date":"2024-10-04T15:19:45","date_gmt":"2024-10-04T21:19:45","guid":{"rendered":"https:\/\/encuentro-tic.anuies.mx\/2024\/?page_id=12818"},"modified":"2024-10-21T12:53:26","modified_gmt":"2024-10-21T18:53:26","slug":"truxgo","status":"publish","type":"page","link":"https:\/\/encuentro-tic.anuies.mx\/2024\/truxgo\/","title":{"rendered":"TRUXGO"},"content":{"rendered":"<div id=\"pl-12818\"  class=\"panel-layout\" ><div id=\"pg-12818-0\"  class=\"panel-grid panel-has-style\" ><div class=\"siteorigin-panels-stretch panel-row-style panel-row-style-for-12818-0\" data-stretch-type=\"full-width-stretch\" ><div id=\"pgc-12818-0-0\"  class=\"panel-grid-cell\" ><div id=\"panel-12818-0-0-0\" class=\"so-panel widget widget_sow-editor panel-first-child panel-last-child\" data-index=\"0\" ><div\n\t\t\t\n\t\t\tclass=\"so-widget-sow-editor so-widget-sow-editor-base\"\n\t\t\t\n\t\t>\n<div class=\"siteorigin-widget-tinymce textwidget\">\n\t<style>hr {border: 0 ; border-top: 4px double gold; width: 90%;}<\/style>\n<p><img loading=\"lazy\" decoding=\"async\" class=\"aligncenter wp-image-13356 size-full\" src=\"https:\/\/encuentro-tic.anuies.mx\/2024\/ctrl-content\/uploads\/sites\/11\/2024\/10\/TRUXGO.png\" alt=\"\" width=\"210\" height=\"140\"\/><\/p>\n<hr \/>\n<p>&nbsp;<\/p>\n<\/div>\n<\/div><\/div><\/div><\/div><\/div><div id=\"pg-12818-1\"  class=\"panel-grid panel-has-style\" ><div class=\"siteorigin-panels-stretch panel-row-style panel-row-style-for-12818-1\" data-stretch-type=\"full-width-stretch\" ><div id=\"pgc-12818-1-0\"  class=\"panel-grid-cell\" ><div id=\"panel-12818-1-0-0\" class=\"so-panel widget widget_sow-editor panel-first-child\" data-index=\"1\" ><div\n\t\t\t\n\t\t\tclass=\"so-widget-sow-editor so-widget-sow-editor-base\"\n\t\t\t\n\t\t>\n<div class=\"siteorigin-widget-tinymce textwidget\">\n\t<p><b><img loading=\"lazy\" decoding=\"async\" class=\"size-medium wp-image-13559 alignleft\" src=\"https:\/\/encuentro-tic.anuies.mx\/2024\/ctrl-content\/uploads\/sites\/11\/2024\/10\/Imagen-de-principal-Truxgo-300x202.png\" alt=\"\" width=\"300\" height=\"202\" srcset=\"https:\/\/encuentro-tic.anuies.mx\/ctrl-content\/uploads\/sites\/11\/2024\/10\/Imagen-de-principal-Truxgo-300x202.png 300w, https:\/\/encuentro-tic.anuies.mx\/ctrl-content\/uploads\/sites\/11\/2024\/10\/Imagen-de-principal-Truxgo-272x182.png 272w, https:\/\/encuentro-tic.anuies.mx\/ctrl-content\/uploads\/sites\/11\/2024\/10\/Imagen-de-principal-Truxgo.png 640w\" sizes=\"auto, (max-width: 300px) 100vw, 300px\" \/>TRUXGO <\/b><\/p>\n<p><span style=\"font-weight: 400\">Es una empresa tecnol\u00f3gica que ofrece una amplia gama de servicios centrados en ciberseguridad, infraestructura en la nube y consultor\u00eda estrat\u00e9gica. Destacada por su capacidad para desarrollar soluciones de ciberseguridad personalizadas para empresas e individuos por parte de su Centro de Respuesta ante Incidentes Cibern\u00e9ticos (CERT), el cual proporciona asistencia en tiempo real para gestionar y mitigar ataques cibern\u00e9ticos.&nbsp;<\/span><\/p>\n<p><span style=\"font-weight: 400\">Tambi\u00e9n brinda servicios de hosting en centros de datos ubicados en diversas partes del mundo, garantizando alta disponibilidad y seguridad.<\/span><\/p>\n<p><span style=\"font-weight: 400\">Adem\u00e1s, Truxgo cuenta con servicios de formaci\u00f3n a trav\u00e9s de su academia (Truxgo Academy), donde ofrecen cursos especializados en \u00e1reas como ciberseguridad, inteligencia artificial y redes, impartidos por expertos en tecnolog\u00eda.<\/span><\/p>\n<\/div>\n<\/div><\/div><div id=\"panel-12818-1-0-1\" class=\"so-panel widget widget_siteorigin-panels-builder panel-last-child\" data-index=\"2\" ><div class=\"aos-init panel-widget-style panel-widget-style-for-12818-1-0-1\" data-aos=\"fade\" data-aos-duration=\"600\" data-aos-easing=\"linear\" data-aos-anchor-placement=\"top-bottom\" data-aos-once=\"true\" ><div id=\"pl-w6716a32681a6a\"  class=\"panel-layout\" ><div id=\"pg-w6716a32681a6a-0\"  class=\"panel-grid panel-no-style\" ><div id=\"pgc-w6716a32681a6a-0-0\"  class=\"panel-grid-cell\" ><div id=\"panel-w6716a32681a6a-0-0-0\" class=\"so-panel widget widget_sow-editor panel-first-child panel-last-child\" data-index=\"0\" ><div\n\t\t\t\n\t\t\tclass=\"so-widget-sow-editor so-widget-sow-editor-base\"\n\t\t\t\n\t\t>\n<div class=\"siteorigin-widget-tinymce textwidget\">\n\t<p style=\"text-align: center\"><a href=\"https:\/\/issuu.com\/tplinkmx\/docs\/catalogue_omada_final\"><span style=\"font-weight: 400;font-size: 14pt\"><img loading=\"lazy\" decoding=\"async\" class=\"alignnone wp-image-13562 size-full\" src=\"https:\/\/encuentro-tic.anuies.mx\/2024\/ctrl-content\/uploads\/sites\/11\/2024\/10\/Truxgo-IMG-1-500-x-720-px.png\" alt=\"\" width=\"500\" height=\"720\" srcset=\"https:\/\/encuentro-tic.anuies.mx\/ctrl-content\/uploads\/sites\/11\/2024\/10\/Truxgo-IMG-1-500-x-720-px.png 500w, https:\/\/encuentro-tic.anuies.mx\/ctrl-content\/uploads\/sites\/11\/2024\/10\/Truxgo-IMG-1-500-x-720-px-208x300.png 208w\" sizes=\"auto, (max-width: 500px) 100vw, 500px\" \/>\u200b<\/span><\/a><\/p>\n<\/div>\n<\/div><\/div><\/div><div id=\"pgc-w6716a32681a6a-0-1\"  class=\"panel-grid-cell\" ><div id=\"panel-w6716a32681a6a-0-1-0\" class=\"so-panel widget widget_media_video panel-first-child panel-last-child\" data-index=\"1\" ><div style=\"width:100%;\" class=\"wp-video\"><!--[if lt IE 9]><script>document.createElement('video');<\/script><![endif]-->\n<video class=\"wp-video-shortcode\" id=\"video-12818-1\" preload=\"metadata\" controls=\"controls\"><source type=\"video\/youtube\" src=\"https:\/\/youtu.be\/pE-1nOU-08M?_=1\" \/><a href=\"https:\/\/youtu.be\/pE-1nOU-08M\">https:\/\/youtu.be\/pE-1nOU-08M<\/a><\/video><\/div><\/div><\/div><div id=\"pgc-w6716a32681a6a-0-2\"  class=\"panel-grid-cell\" ><div id=\"panel-w6716a32681a6a-0-2-0\" class=\"so-panel widget widget_sow-editor panel-first-child panel-last-child\" data-index=\"2\" ><div\n\t\t\t\n\t\t\tclass=\"so-widget-sow-editor so-widget-sow-editor-base\"\n\t\t\t\n\t\t>\n<div class=\"siteorigin-widget-tinymce textwidget\">\n\t<p style=\"text-align: center\"><a href=\"https:\/\/issuu.com\/tplinkmx\/docs\/catalogue_omada_final\"><span style=\"font-weight: 400;font-size: 14pt\"><img loading=\"lazy\" decoding=\"async\" class=\"alignnone wp-image-13563 size-full\" src=\"https:\/\/encuentro-tic.anuies.mx\/2024\/ctrl-content\/uploads\/sites\/11\/2024\/10\/Truxgo-IMG-2-500-x-720-px.png\" alt=\"\" width=\"500\" height=\"720\" srcset=\"https:\/\/encuentro-tic.anuies.mx\/ctrl-content\/uploads\/sites\/11\/2024\/10\/Truxgo-IMG-2-500-x-720-px.png 500w, https:\/\/encuentro-tic.anuies.mx\/ctrl-content\/uploads\/sites\/11\/2024\/10\/Truxgo-IMG-2-500-x-720-px-208x300.png 208w\" sizes=\"auto, (max-width: 500px) 100vw, 500px\" \/>\u200b<\/span><\/a><\/p>\n<\/div>\n<\/div><\/div><\/div><\/div><\/div><\/div><\/div><\/div><div id=\"pgc-12818-1-1\"  class=\"panel-grid-cell\" ><div id=\"panel-12818-1-1-0\" class=\"so-panel widget widget_siteorigin-panels-builder panel-first-child\" data-index=\"3\" ><div id=\"pl-w6716a1f50fde9\"  class=\"panel-layout\" ><div id=\"pg-w6716a1f50fde9-0\"  class=\"panel-grid panel-no-style\" ><div id=\"pgc-w6716a1f50fde9-0-0\"  class=\"panel-grid-cell\" ><div id=\"panel-w6716a1f50fde9-0-0-0\" class=\"so-panel widget widget_sow-icon panel-first-child panel-last-child\" data-index=\"0\" ><div\n\t\t\t\n\t\t\tclass=\"so-widget-sow-icon so-widget-sow-icon-default-78de98159bee\"\n\t\t\t\n\t\t>\n<div class=\"sow-icon-container sow-icon\">\n\t\t\t<a href=\"https:\/\/www.facebook.com\/truxgo\" \n\t\ttarget=\"_blank\" rel=\"noopener noreferrer\"\t\t>\n\t\t\t<span class=\"sow-icon-genericons\" data-sow-icon=\"&#xf203;\"\n\t\t \n\t\taria-hidden=\"true\"><\/span>\t\t\t<\/a>\n\t<\/div>\n<\/div><\/div><\/div><div id=\"pgc-w6716a1f50fde9-0-1\"  class=\"panel-grid-cell\" ><div id=\"panel-w6716a1f50fde9-0-1-0\" class=\"so-panel widget widget_sow-icon panel-first-child panel-last-child\" data-index=\"1\" ><div\n\t\t\t\n\t\t\tclass=\"so-widget-sow-icon so-widget-sow-icon-default-78de98159bee\"\n\t\t\t\n\t\t>\n<div class=\"sow-icon-container sow-icon\">\n\t\t\t<a href=\"https:\/\/www.instagram.com\/truxgo\" \n\t\ttarget=\"_blank\" rel=\"noopener noreferrer\"\t\t>\n\t\t\t<span class=\"sow-icon-genericons\" data-sow-icon=\"&#xf215;\"\n\t\t \n\t\taria-hidden=\"true\"><\/span>\t\t\t<\/a>\n\t<\/div>\n<\/div><\/div><\/div><div id=\"pgc-w6716a1f50fde9-0-2\"  class=\"panel-grid-cell\" ><div id=\"panel-w6716a1f50fde9-0-2-0\" class=\"so-panel widget widget_sow-icon panel-first-child panel-last-child\" data-index=\"2\" ><div\n\t\t\t\n\t\t\tclass=\"so-widget-sow-icon so-widget-sow-icon-default-78de98159bee\"\n\t\t\t\n\t\t>\n<div class=\"sow-icon-container sow-icon\">\n\t\t\t<a href=\"https:\/\/x.com\/truxgo\" \n\t\ttarget=\"_blank\" rel=\"noopener noreferrer\"\t\t>\n\t\t\t<span class=\"sow-icon-genericons\" data-sow-icon=\"&#xf202;\"\n\t\t \n\t\taria-hidden=\"true\"><\/span>\t\t\t<\/a>\n\t<\/div>\n<\/div><\/div><\/div><div id=\"pgc-w6716a1f50fde9-0-3\"  class=\"panel-grid-cell panel-grid-cell-mobile-last\" ><div id=\"panel-w6716a1f50fde9-0-3-0\" class=\"so-panel widget widget_sow-icon panel-first-child panel-last-child\" data-index=\"3\" ><div\n\t\t\t\n\t\t\tclass=\"so-widget-sow-icon so-widget-sow-icon-default-78de98159bee\"\n\t\t\t\n\t\t>\n<div class=\"sow-icon-container sow-icon\">\n\t\t\t<a href=\"https:\/\/www.tiktok.com\/@truxgo\" \n\t\ttarget=\"_blank\" rel=\"noopener noreferrer\"\t\t>\n\t\t\t<span class=\"sow-icon-materialicons sowm-regular\" data-sow-icon=\"&#xea7e\"\n\t\t \n\t\taria-hidden=\"true\"><\/span>\t\t\t<\/a>\n\t<\/div>\n<\/div><\/div><\/div><div id=\"pgc-w6716a1f50fde9-0-4\"  class=\"panel-grid-cell panel-grid-cell-empty\" ><\/div><\/div><\/div><\/div><div id=\"panel-12818-1-1-1\" class=\"so-panel widget widget_sow-editor panel-last-child\" data-index=\"4\" ><div class=\"panel-widget-style panel-widget-style-for-12818-1-1-1\" ><div\n\t\t\t\n\t\t\tclass=\"so-widget-sow-editor so-widget-sow-editor-base\"\n\t\t\t\n\t\t><h3 class=\"widget-title\">Contacto<\/h3>\n<div class=\"siteorigin-widget-tinymce textwidget\">\n\t<ul>\n<li>Correo - support@corp.truxgo.com<\/li>\n<li>N\u00famero&nbsp; - +522214164236<\/li>\n<li>N\u00famero -&nbsp; +14172014235<\/li>\n<li>SitioWeb - https:\/\/corp.truxgo.com\/<\/li>\n<\/ul>\n<p>&nbsp;<\/p>\n<\/div>\n<\/div><\/div><\/div><\/div><\/div><\/div><div id=\"pg-12818-2\"  class=\"panel-grid panel-has-style\" ><div class=\"siteorigin-panels-stretch panel-row-style panel-row-style-for-12818-2\" data-stretch-type=\"full-width-stretch\" ><div id=\"pgc-12818-2-0\"  class=\"panel-grid-cell panel-grid-cell-empty\" ><\/div><div id=\"pgc-12818-2-1\"  class=\"panel-grid-cell panel-grid-cell-empty panel-grid-cell-mobile-last\" ><\/div><div id=\"pgc-12818-2-2\"  class=\"panel-grid-cell panel-grid-cell-empty\" ><\/div><\/div><\/div><div id=\"pg-12818-3\"  class=\"panel-grid panel-no-style\" ><div id=\"pgc-12818-3-0\"  class=\"panel-grid-cell\" ><div id=\"panel-12818-3-0-0\" class=\"so-panel widget widget_sow-editor panel-first-child panel-last-child\" data-index=\"5\" ><div\n\t\t\t\n\t\t\tclass=\"so-widget-sow-editor so-widget-sow-editor-base\"\n\t\t\t\n\t\t>\n<div class=\"siteorigin-widget-tinymce textwidget\">\n\t<p style=\"text-align: center;\"><a class=\"fasc-button fasc-size-large fasc-type-flat fasc-rounded-medium fasc-ico-before dashicons-undo\" style=\"background-color: #004b8b; color: #ffffff;\" rel=\"nofollow\" href=\"https:\/\/encuentro-tic.anuies.mx\/2024\/espacio-virtual\/\">Regresar a men\u00fa<\/a><\/p>\n<\/div>\n<\/div><\/div><\/div><\/div><div id=\"pg-12818-4\"  class=\"panel-grid panel-no-style\" ><div id=\"pgc-12818-4-0\"  class=\"panel-grid-cell\" ><div id=\"panel-12818-4-0-0\" class=\"so-panel widget panel-first-child panel-last-child\" data-index=\"6\" ><\/div><\/div><\/div><\/div>","protected":false},"excerpt":{"rendered":"<p>&nbsp; TRUXGO Es una empresa tecnol\u00f3gica que ofrece una amplia gama de servicios centrados en ciberseguridad, infraestructura en la nube y consultor\u00eda estrat\u00e9gica. Destacada por su capacidad para desarrollar soluciones de ciberseguridad personalizadas para empresas e individuos por parte de su Centro de Respuesta ante Incidentes Cibern\u00e9ticos (CERT), el cual proporciona asistencia en tiempo real&hellip; <br \/> <a class=\"button small blue\" href=\"https:\/\/encuentro-tic.anuies.mx\/2024\/truxgo\/\">Leer m\u00e1s<\/a><\/p>\n","protected":false},"author":1,"featured_media":0,"parent":0,"menu_order":0,"comment_status":"closed","ping_status":"closed","template":"","meta":{"_exactmetrics_skip_tracking":false,"_exactmetrics_sitenote_active":false,"_exactmetrics_sitenote_note":"","_exactmetrics_sitenote_category":0,"ngg_post_thumbnail":0,"footnotes":""},"class_list":["post-12818","page","type-page","status-publish","hentry"],"rttpg_featured_image_url":null,"rttpg_author":{"display_name":"ctrlweb","author_link":"https:\/\/encuentro-tic.anuies.mx\/2024\/author\/ctrlweb\/"},"rttpg_comment":0,"rttpg_category":false,"rttpg_excerpt":"&nbsp; TRUXGO Es una empresa tecnol\u00f3gica que ofrece una amplia gama de servicios centrados en ciberseguridad, infraestructura en la nube y consultor\u00eda estrat\u00e9gica. Destacada por su capacidad para desarrollar soluciones de ciberseguridad personalizadas para empresas e individuos por parte de su Centro de Respuesta ante Incidentes Cibern\u00e9ticos (CERT), el cual proporciona asistencia en tiempo real&hellip;&hellip;","_links":{"self":[{"href":"https:\/\/encuentro-tic.anuies.mx\/2024\/wp-json\/wp\/v2\/pages\/12818","targetHints":{"allow":["GET"]}}],"collection":[{"href":"https:\/\/encuentro-tic.anuies.mx\/2024\/wp-json\/wp\/v2\/pages"}],"about":[{"href":"https:\/\/encuentro-tic.anuies.mx\/2024\/wp-json\/wp\/v2\/types\/page"}],"author":[{"embeddable":true,"href":"https:\/\/encuentro-tic.anuies.mx\/2024\/wp-json\/wp\/v2\/users\/1"}],"replies":[{"embeddable":true,"href":"https:\/\/encuentro-tic.anuies.mx\/2024\/wp-json\/wp\/v2\/comments?post=12818"}],"version-history":[{"count":6,"href":"https:\/\/encuentro-tic.anuies.mx\/2024\/wp-json\/wp\/v2\/pages\/12818\/revisions"}],"predecessor-version":[{"id":13564,"href":"https:\/\/encuentro-tic.anuies.mx\/2024\/wp-json\/wp\/v2\/pages\/12818\/revisions\/13564"}],"wp:attachment":[{"href":"https:\/\/encuentro-tic.anuies.mx\/2024\/wp-json\/wp\/v2\/media?parent=12818"}],"curies":[{"name":"wp","href":"https:\/\/api.w.org\/{rel}","templated":true}]}}