{"id":12722,"date":"2024-10-04T14:54:58","date_gmt":"2024-10-04T20:54:58","guid":{"rendered":"https:\/\/encuentro-tic.anuies.mx\/2024\/?page_id=12722"},"modified":"2024-10-15T22:43:56","modified_gmt":"2024-10-16T04:43:56","slug":"tbsek-armis","status":"publish","type":"page","link":"https:\/\/encuentro-tic.anuies.mx\/2024\/tbsek-armis\/","title":{"rendered":"TBSEK \/ ARMIS"},"content":{"rendered":"<div id=\"pl-12722\"  class=\"panel-layout\" ><div id=\"pg-12722-0\"  class=\"panel-grid panel-has-style\" ><div class=\"siteorigin-panels-stretch panel-row-style panel-row-style-for-12722-0\" data-stretch-type=\"full-width-stretch\" ><div id=\"pgc-12722-0-0\"  class=\"panel-grid-cell\" ><div id=\"panel-12722-0-0-0\" class=\"so-panel widget widget_sow-editor panel-first-child panel-last-child\" data-index=\"0\" ><div\n\t\t\t\n\t\t\tclass=\"so-widget-sow-editor so-widget-sow-editor-base\"\n\t\t\t\n\t\t>\n<div class=\"siteorigin-widget-tinymce textwidget\">\n\t<style>hr {border: 0 ; border-top: 4px double gold; width: 90%;}<\/style>\n<p><img loading=\"lazy\" decoding=\"async\" class=\"wp-image-13370 size-medium aligncenter\" src=\"https:\/\/encuentro-tic.anuies.mx\/2024\/ctrl-content\/uploads\/sites\/11\/2024\/10\/TB_ARMIS-1-300x120.png\" alt=\"\" width=\"300\" height=\"120\" srcset=\"https:\/\/encuentro-tic.anuies.mx\/ctrl-content\/uploads\/sites\/11\/2024\/10\/TB_ARMIS-1-300x120.png 300w, https:\/\/encuentro-tic.anuies.mx\/ctrl-content\/uploads\/sites\/11\/2024\/10\/TB_ARMIS-1.png 350w\" sizes=\"auto, (max-width: 300px) 100vw, 300px\" \/><\/p>\n<hr \/>\n<p>&nbsp;<\/p>\n<\/div>\n<\/div><\/div><\/div><\/div><\/div><div id=\"pg-12722-1\"  class=\"panel-grid panel-has-style\" ><div class=\"siteorigin-panels-stretch panel-row-style panel-row-style-for-12722-1\" data-stretch-type=\"full-width-stretch\" ><div id=\"pgc-12722-1-0\"  class=\"panel-grid-cell\" ><div id=\"panel-12722-1-0-0\" class=\"so-panel widget widget_sow-editor panel-first-child\" data-index=\"1\" ><div\n\t\t\t\n\t\t\tclass=\"so-widget-sow-editor so-widget-sow-editor-base\"\n\t\t\t\n\t\t>\n<div class=\"siteorigin-widget-tinymce textwidget\">\n\t<p style=\"text-align: justify\"><span style=\"font-weight: 400;font-size: 16pt\"><img loading=\"lazy\" decoding=\"async\" class=\"wp-image-13372 size-medium alignleft\" src=\"https:\/\/encuentro-tic.anuies.mx\/2024\/ctrl-content\/uploads\/sites\/11\/2024\/10\/TBSEK-300x269.png\" alt=\"\" width=\"300\" height=\"269\" srcset=\"https:\/\/encuentro-tic.anuies.mx\/ctrl-content\/uploads\/sites\/11\/2024\/10\/TBSEK-300x269.png 300w, https:\/\/encuentro-tic.anuies.mx\/ctrl-content\/uploads\/sites\/11\/2024\/10\/TBSEK.png 589w\" sizes=\"auto, (max-width: 300px) 100vw, 300px\" \/><\/span><\/p>\n<p>Qu\u00e9 podemos hacer por ti:<\/p>\n<p>Nuestro equipo de expertos dise\u00f1a estrategias personalizadas, combinando conocimiento t\u00e9cnico y comprensi\u00f3n del mercado local. Nos enfocamos en prevenir riesgos y educar en ciberseguridad para fortalecer tu negocio en el mundo digital.<\/p>\n<p>Nuestros servicios:<\/p>\n<p>Protege tu negocio con nuestras soluciones integrales de ciberseguridad, dise\u00f1adas para sectores clave y adaptadas a tus necesidades espec\u00edficas. \u00a1Descubre c\u00f3mo podemos ayudarte!<\/p>\n<p>&nbsp;<\/p>\n<p style=\"text-align: justify\"><strong><br \/>\n<\/strong><a href=\"https:\/\/www.tbsek.mx\/servicios\/\"><strong>Conoce m\u00e1s<\/strong><\/a><\/p>\n<ul>\n<li style=\"text-align: justify\"><a href=\"https:\/\/www.tbsek.mx\/servicios\/estrategias.html\"><strong>Desarrollo de estrategias de ciberseguridad y gobierno de la informaci\u00f3n<\/strong><\/a><\/li>\n<li style=\"text-align: justify\"><a href=\"https:\/\/www.tbsek.mx\/servicios\/prevencion.html\"><strong>Servicios de prevenci\u00f3n y detecci\u00f3n de amenazas<\/strong><\/a><\/li>\n<li style=\"text-align: justify\"><a href=\"https:\/\/www.tbsek.mx\/servicios\/incidentes.html\"><strong>Servicio de respuesta a incidentes<\/strong><\/a><\/li>\n<li style=\"text-align: justify\"><a href=\"https:\/\/www.tbsek.mx\/servicios\/sectores.html\"><strong>Servicios especializados para sectores clave<\/strong><\/a><\/li>\n<li style=\"text-align: justify\"><a href=\"https:\/\/www.tbsek.mx\/servicios\/consultoria.html\"><strong>Servicios de consultor\u00eda especializados<\/strong><\/a><\/li>\n<li style=\"text-align: justify\"><a href=\"https:\/\/www.tbsek.mx\/servicios\/nube.html\"><strong>Servicios de seguridad en la nube<\/strong><\/a><\/li>\n<\/ul>\n<\/div>\n<\/div><\/div><div id=\"panel-12722-1-0-1\" class=\"so-panel widget widget_siteorigin-panels-builder panel-last-child\" data-index=\"2\" ><div class=\"aos-init panel-widget-style panel-widget-style-for-12722-1-0-1\" data-aos=\"fade\" data-aos-duration=\"600\" data-aos-easing=\"linear\" data-aos-anchor-placement=\"top-bottom\" data-aos-once=\"true\" ><div id=\"pl-w670f114e7322f\"  class=\"panel-layout\" ><div id=\"pg-w670f114e7322f-0\"  class=\"panel-grid panel-no-style\" ><div id=\"pgc-w670f114e7322f-0-0\"  class=\"panel-grid-cell\" ><div id=\"panel-w670f114e7322f-0-0-0\" class=\"so-panel widget widget_sow-editor panel-first-child panel-last-child\" data-index=\"0\" ><div\n\t\t\t\n\t\t\tclass=\"so-widget-sow-editor so-widget-sow-editor-base\"\n\t\t\t\n\t\t>\n<div class=\"siteorigin-widget-tinymce textwidget\">\n\t<a href=\"https:\/\/encuentro-tic.anuies.mx\/2024\/ctrl-content\/uploads\/sites\/11\/2024\/10\/Presentacion_TBSEK_2024.pdf\" class=\"pdfemb-viewer\" style=\"\" data-width=\"max\" data-height=\"max\" data-toolbar=\"bottom\" data-toolbar-fixed=\"off\">Presentacion_TBSEK_2024<\/a>\n<\/div>\n<\/div><\/div><\/div><div id=\"pgc-w670f114e7322f-0-1\"  class=\"panel-grid-cell panel-grid-cell-mobile-last\" ><div id=\"panel-w670f114e7322f-0-1-0\" class=\"so-panel widget widget_media_video panel-first-child panel-last-child\" data-index=\"1\" ><div style=\"width:100%;\" class=\"wp-video\"><!--[if lt IE 9]><script>document.createElement('video');<\/script><![endif]-->\n<video class=\"wp-video-shortcode\" id=\"video-12722-1\" preload=\"metadata\" controls=\"controls\"><source type=\"video\/youtube\" src=\"https:\/\/www.youtube.com\/watch?v=4ldfnqDFB8w&#038;_=1\" \/><a href=\"https:\/\/www.youtube.com\/watch?v=4ldfnqDFB8w\">https:\/\/www.youtube.com\/watch?v=4ldfnqDFB8w<\/a><\/video><\/div><\/div><\/div><div id=\"pgc-w670f114e7322f-0-2\"  class=\"panel-grid-cell panel-grid-cell-empty\" ><\/div><\/div><\/div><\/div><\/div><\/div><div id=\"pgc-12722-1-1\"  class=\"panel-grid-cell\" ><div id=\"panel-12722-1-1-0\" class=\"so-panel widget widget_siteorigin-panels-builder panel-first-child\" data-index=\"3\" ><div id=\"pl-w670f114e73702\"  class=\"panel-layout\" ><div id=\"pg-w670f114e73702-0\"  class=\"panel-grid panel-no-style\" ><div id=\"pgc-w670f114e73702-0-0\"  class=\"panel-grid-cell\" ><div id=\"panel-w670f114e73702-0-0-0\" class=\"so-panel widget widget_sow-icon panel-first-child panel-last-child\" data-index=\"0\" ><div\n\t\t\t\n\t\t\tclass=\"so-widget-sow-icon so-widget-sow-icon-default-78de98159bee\"\n\t\t\t\n\t\t>\n<div class=\"sow-icon-container sow-icon\">\n\t\t\t<a href=\"https:\/\/www.facebook.com\/TBSeK.MX\" \n\t\ttarget=\"_blank\" rel=\"noopener noreferrer\"\t\t>\n\t\t\t<span class=\"sow-icon-genericons\" data-sow-icon=\"&#xf203;\"\n\t\t \n\t\taria-hidden=\"true\"><\/span>\t\t\t<\/a>\n\t<\/div>\n<\/div><\/div><\/div><div id=\"pgc-w670f114e73702-0-1\"  class=\"panel-grid-cell panel-grid-cell-empty\" ><\/div><div id=\"pgc-w670f114e73702-0-2\"  class=\"panel-grid-cell panel-grid-cell-empty\" ><\/div><div id=\"pgc-w670f114e73702-0-3\"  class=\"panel-grid-cell panel-grid-cell-empty panel-grid-cell-mobile-last\" ><\/div><div id=\"pgc-w670f114e73702-0-4\"  class=\"panel-grid-cell panel-grid-cell-empty\" ><\/div><\/div><\/div><\/div><div id=\"panel-12722-1-1-1\" class=\"so-panel widget widget_sow-editor panel-last-child\" data-index=\"4\" ><div class=\"panel-widget-style panel-widget-style-for-12722-1-1-1\" ><div\n\t\t\t\n\t\t\tclass=\"so-widget-sow-editor so-widget-sow-editor-base\"\n\t\t\t\n\t\t><h3 class=\"widget-title\">Contacto<\/h3>\n<div class=\"siteorigin-widget-tinymce textwidget\">\n\t<ul style=\"list-style-type: square\">\n<li>Correo - <a style=\"font-size: 18px;font-family: inherit;font-style: inherit\" href=\"mailto:pcorral@tbsek.mx\">pcorral@tbsek.mx<\/a><\/li>\n<li>WhatsApp - 6141166313<\/li>\n<li>SitioWeb - <a href=\"http:\/\/www.tbsek.mx\/\">www.tbsek.mx<\/a>&nbsp;<\/li>\n<\/ul>\n<hr \/>\n<\/div>\n<\/div><\/div><\/div><\/div><\/div><\/div><div id=\"pg-12722-2\"  class=\"panel-grid panel-has-style\" ><div class=\"siteorigin-panels-stretch panel-row-style panel-row-style-for-12722-2\" data-stretch-type=\"full-width-stretch\" ><div id=\"pgc-12722-2-0\"  class=\"panel-grid-cell panel-grid-cell-empty\" ><\/div><div id=\"pgc-12722-2-1\"  class=\"panel-grid-cell panel-grid-cell-empty panel-grid-cell-mobile-last\" ><\/div><div id=\"pgc-12722-2-2\"  class=\"panel-grid-cell panel-grid-cell-empty\" ><\/div><\/div><\/div><div id=\"pg-12722-3\"  class=\"panel-grid panel-no-style\" ><div id=\"pgc-12722-3-0\"  class=\"panel-grid-cell\" ><div id=\"panel-12722-3-0-0\" class=\"so-panel widget widget_sow-editor panel-first-child panel-last-child\" data-index=\"5\" ><div\n\t\t\t\n\t\t\tclass=\"so-widget-sow-editor so-widget-sow-editor-base\"\n\t\t\t\n\t\t>\n<div class=\"siteorigin-widget-tinymce textwidget\">\n\t<p style=\"text-align: center;\"><a class=\"fasc-button fasc-size-large fasc-type-flat fasc-rounded-medium fasc-ico-before dashicons-undo\" style=\"background-color: #004b8b; color: #ffffff;\" rel=\"nofollow\" href=\"https:\/\/encuentro-tic.anuies.mx\/2024\/espacio-virtual\/\">Regresar a men\u00fa<\/a><\/p>\n<\/div>\n<\/div><\/div><\/div><\/div><div id=\"pg-12722-4\"  class=\"panel-grid panel-no-style\" ><div id=\"pgc-12722-4-0\"  class=\"panel-grid-cell\" ><div id=\"panel-12722-4-0-0\" class=\"so-panel widget panel-first-child panel-last-child\" data-index=\"6\" ><\/div><\/div><\/div><\/div>","protected":false},"excerpt":{"rendered":"<p>&nbsp; Qu\u00e9 podemos hacer por ti: Nuestro equipo de expertos dise\u00f1a estrategias personalizadas, combinando conocimiento t\u00e9cnico y comprensi\u00f3n del mercado local. Nos enfocamos en prevenir riesgos y educar en ciberseguridad para fortalecer tu negocio en el mundo digital. Nuestros servicios: Protege tu negocio con nuestras soluciones integrales de ciberseguridad, dise\u00f1adas para sectores clave y adaptadas&hellip; <br \/> <a class=\"button small blue\" href=\"https:\/\/encuentro-tic.anuies.mx\/2024\/tbsek-armis\/\">Leer m\u00e1s<\/a><\/p>\n","protected":false},"author":1,"featured_media":0,"parent":0,"menu_order":0,"comment_status":"closed","ping_status":"closed","template":"","meta":{"_exactmetrics_skip_tracking":false,"_exactmetrics_sitenote_active":false,"_exactmetrics_sitenote_note":"","_exactmetrics_sitenote_category":0,"ngg_post_thumbnail":0,"footnotes":""},"class_list":["post-12722","page","type-page","status-publish","hentry"],"rttpg_featured_image_url":null,"rttpg_author":{"display_name":"ctrlweb","author_link":"https:\/\/encuentro-tic.anuies.mx\/2024\/author\/ctrlweb\/"},"rttpg_comment":0,"rttpg_category":false,"rttpg_excerpt":"&nbsp; Qu\u00e9 podemos hacer por ti: Nuestro equipo de expertos dise\u00f1a estrategias personalizadas, combinando conocimiento t\u00e9cnico y comprensi\u00f3n del mercado local. Nos enfocamos en prevenir riesgos y educar en ciberseguridad para fortalecer tu negocio en el mundo digital. Nuestros servicios: Protege tu negocio con nuestras soluciones integrales de ciberseguridad, dise\u00f1adas para sectores clave y adaptadas&hellip;&hellip;","_links":{"self":[{"href":"https:\/\/encuentro-tic.anuies.mx\/2024\/wp-json\/wp\/v2\/pages\/12722","targetHints":{"allow":["GET"]}}],"collection":[{"href":"https:\/\/encuentro-tic.anuies.mx\/2024\/wp-json\/wp\/v2\/pages"}],"about":[{"href":"https:\/\/encuentro-tic.anuies.mx\/2024\/wp-json\/wp\/v2\/types\/page"}],"author":[{"embeddable":true,"href":"https:\/\/encuentro-tic.anuies.mx\/2024\/wp-json\/wp\/v2\/users\/1"}],"replies":[{"embeddable":true,"href":"https:\/\/encuentro-tic.anuies.mx\/2024\/wp-json\/wp\/v2\/comments?post=12722"}],"version-history":[{"count":4,"href":"https:\/\/encuentro-tic.anuies.mx\/2024\/wp-json\/wp\/v2\/pages\/12722\/revisions"}],"predecessor-version":[{"id":13381,"href":"https:\/\/encuentro-tic.anuies.mx\/2024\/wp-json\/wp\/v2\/pages\/12722\/revisions\/13381"}],"wp:attachment":[{"href":"https:\/\/encuentro-tic.anuies.mx\/2024\/wp-json\/wp\/v2\/media?parent=12722"}],"curies":[{"name":"wp","href":"https:\/\/api.w.org\/{rel}","templated":true}]}}