{"id":12716,"date":"2024-10-04T14:53:20","date_gmt":"2024-10-04T20:53:20","guid":{"rendered":"https:\/\/encuentro-tic.anuies.mx\/2024\/?page_id=12716"},"modified":"2024-10-22T14:08:29","modified_gmt":"2024-10-22T20:08:29","slug":"edusign","status":"publish","type":"page","link":"https:\/\/encuentro-tic.anuies.mx\/2024\/edusign\/","title":{"rendered":"EDUSIGN"},"content":{"rendered":"<div id=\"pl-12716\"  class=\"panel-layout\" ><div id=\"pg-12716-0\"  class=\"panel-grid panel-has-style\" ><div class=\"siteorigin-panels-stretch panel-row-style panel-row-style-for-12716-0\" data-stretch-type=\"full-width-stretch\" ><div id=\"pgc-12716-0-0\"  class=\"panel-grid-cell\" ><div id=\"panel-12716-0-0-0\" class=\"so-panel widget widget_sow-editor panel-first-child panel-last-child\" data-index=\"0\" ><div\n\t\t\t\n\t\t\tclass=\"so-widget-sow-editor so-widget-sow-editor-base\"\n\t\t\t\n\t\t>\n<div class=\"siteorigin-widget-tinymce textwidget\">\n\t<style>hr {border: 0 ; border-top: 4px double gold; width: 90%;}<\/style>\n<p><img loading=\"lazy\" decoding=\"async\" class=\"aligncenter wp-image-13357\" src=\"https:\/\/encuentro-tic.anuies.mx\/2024\/ctrl-content\/uploads\/sites\/11\/2024\/10\/1_Edusign_Logo-300x73.png\" alt=\"\" width=\"180\" height=\"44\"\/><\/p>\n<hr \/>\n<p>&nbsp;<\/p>\n<\/div>\n<\/div><\/div><\/div><\/div><\/div><div id=\"pg-12716-1\"  class=\"panel-grid panel-has-style\" ><div class=\"siteorigin-panels-stretch panel-row-style panel-row-style-for-12716-1\" data-stretch-type=\"full-width-stretch\" ><div id=\"pgc-12716-1-0\"  class=\"panel-grid-cell\" ><div id=\"panel-12716-1-0-0\" class=\"so-panel widget widget_sow-editor panel-first-child\" data-index=\"1\" ><div\n\t\t\t\n\t\t\tclass=\"so-widget-sow-editor so-widget-sow-editor-base\"\n\t\t\t\n\t\t>\n<div class=\"siteorigin-widget-tinymce textwidget\">\n\t<p style=\"text-align: justify\"><span style=\"font-weight: 400;font-size: 16pt\"><img loading=\"lazy\" decoding=\"async\" class=\"wp-image-13359 size-medium alignleft\" src=\"https:\/\/encuentro-tic.anuies.mx\/2024\/ctrl-content\/uploads\/sites\/11\/2024\/10\/2_Edusign_Imagen-300x202.png\" alt=\"\" width=\"300\" height=\"202\" srcset=\"https:\/\/encuentro-tic.anuies.mx\/ctrl-content\/uploads\/sites\/11\/2024\/10\/2_Edusign_Imagen-300x202.png 300w, https:\/\/encuentro-tic.anuies.mx\/ctrl-content\/uploads\/sites\/11\/2024\/10\/2_Edusign_Imagen-272x182.png 272w, https:\/\/encuentro-tic.anuies.mx\/ctrl-content\/uploads\/sites\/11\/2024\/10\/2_Edusign_Imagen.png 640w\" sizes=\"auto, (max-width: 300px) 100vw, 300px\" \/><\/span><\/p>\n<p>Edusign digitaliza y automatiza la gesti\u00f3n de hojas de asistencia, cuestionarios y firmas de documentos en el \u00e1mbito de la formaci\u00f3n. Ofrece una experiencia moderna e intuitiva, conectada a los softwares utilizados por los centros formativos. M\u00e1s de 2.500 clientes han adoptado la soluci\u00f3n, la cual cuenta con m\u00e1s de 3.000.000 de usuarios en todo el mundo.<\/p>\n<p>Fundada en marzo de 2020, Edusign surgi\u00f3 ante la necesidad de mejorar la gesti\u00f3n en papel de los registros de asistencia en la formaci\u00f3n. Con la pandemia de Covid, en los cursos a distancia, la tradicional firma presencial de las hojas de asistencia se hizo inviable.<\/p>\n<p>Edusign tiene como objetivo ayudar a las instituciones a gestionar de manera eficiente la asistencia de sus alumnos, contribuyendo a reducir la deserci\u00f3n escolar y fomentando la participaci\u00f3n en los cursos.<\/p>\n<p>Para adaptarse mejor a las necesidades de sus clientes, Edusign ha ampliado sus funcionalidades, incluyendo la gesti\u00f3n de evaluaciones, la firma digital de documentos y m\u00e1s de 10 formas de tomar asistencia, presencial o virtual.<\/p>\n<p>Edusign est\u00e1 dise\u00f1ada para optimizar tiempo y mejorar la seguridad ya sea a distancia, de manera presencial o en clases h\u00edbridas, integr\u00e1ndose con m\u00e1s de 1000 plataformas educativas. Es una soluci\u00f3n integral disponible en PC, m\u00f3vil y tablet, pensada para universidades y escuelas.<\/p>\n<\/div>\n<\/div><\/div><div id=\"panel-12716-1-0-1\" class=\"so-panel widget widget_siteorigin-panels-builder panel-last-child\" data-index=\"2\" ><div class=\"aos-init panel-widget-style panel-widget-style-for-12716-1-0-1\" data-aos=\"fade\" data-aos-duration=\"600\" data-aos-easing=\"linear\" data-aos-anchor-placement=\"top-bottom\" data-aos-once=\"true\" ><div id=\"pl-w670f0c065398f\"  class=\"panel-layout\" ><div id=\"pg-w670f0c065398f-0\"  class=\"panel-grid panel-no-style\" ><div id=\"pgc-w670f0c065398f-0-0\"  class=\"panel-grid-cell\" ><div id=\"panel-w670f0c065398f-0-0-0\" class=\"so-panel widget widget_sow-editor panel-first-child panel-last-child\" data-index=\"0\" ><div\n\t\t\t\n\t\t\tclass=\"so-widget-sow-editor so-widget-sow-editor-base\"\n\t\t\t\n\t\t>\n<div class=\"siteorigin-widget-tinymce textwidget\">\n\t<p><img loading=\"lazy\" decoding=\"async\" class=\"alignnone wp-image-13361 size-full\" src=\"https:\/\/encuentro-tic.anuies.mx\/2024\/ctrl-content\/uploads\/sites\/11\/2024\/10\/6_Edusign_Folleto_1.png\" alt=\"\" width=\"500\" height=\"720\" srcset=\"https:\/\/encuentro-tic.anuies.mx\/ctrl-content\/uploads\/sites\/11\/2024\/10\/6_Edusign_Folleto_1.png 500w, https:\/\/encuentro-tic.anuies.mx\/ctrl-content\/uploads\/sites\/11\/2024\/10\/6_Edusign_Folleto_1-208x300.png 208w\" sizes=\"auto, (max-width: 500px) 100vw, 500px\" \/><\/p>\n<\/div>\n<\/div><\/div><\/div><div id=\"pgc-w670f0c065398f-0-1\"  class=\"panel-grid-cell\" ><div id=\"panel-w670f0c065398f-0-1-0\" class=\"so-panel widget widget_media_video panel-first-child panel-last-child\" data-index=\"1\" ><div style=\"width:100%;\" class=\"wp-video\"><!--[if lt IE 9]><script>document.createElement('video');<\/script><![endif]-->\n<video class=\"wp-video-shortcode\" id=\"video-12716-1\" preload=\"metadata\" controls=\"controls\"><source type=\"video\/youtube\" src=\"https:\/\/www.youtube.com\/watch?v=4ldfnqDFB8w&#038;_=1\" \/><a href=\"https:\/\/www.youtube.com\/watch?v=4ldfnqDFB8w\">https:\/\/www.youtube.com\/watch?v=4ldfnqDFB8w<\/a><\/video><\/div><\/div><\/div><div id=\"pgc-w670f0c065398f-0-2\"  class=\"panel-grid-cell\" ><div id=\"panel-w670f0c065398f-0-2-0\" class=\"so-panel widget widget_sow-editor panel-first-child panel-last-child\" data-index=\"2\" ><div\n\t\t\t\n\t\t\tclass=\"so-widget-sow-editor so-widget-sow-editor-base\"\n\t\t\t\n\t\t>\n<div class=\"siteorigin-widget-tinymce textwidget\">\n\t<p><img loading=\"lazy\" decoding=\"async\" class=\"alignnone wp-image-13362 size-full\" src=\"https:\/\/encuentro-tic.anuies.mx\/2024\/ctrl-content\/uploads\/sites\/11\/2024\/10\/6_Edusign_Folleto_2.png\" alt=\"\" width=\"500\" height=\"720\" srcset=\"https:\/\/encuentro-tic.anuies.mx\/ctrl-content\/uploads\/sites\/11\/2024\/10\/6_Edusign_Folleto_2.png 500w, https:\/\/encuentro-tic.anuies.mx\/ctrl-content\/uploads\/sites\/11\/2024\/10\/6_Edusign_Folleto_2-208x300.png 208w\" sizes=\"auto, (max-width: 500px) 100vw, 500px\" \/><\/p>\n<\/div>\n<\/div><\/div><\/div><\/div><\/div><\/div><\/div><\/div><div id=\"pgc-12716-1-1\"  class=\"panel-grid-cell\" ><div id=\"panel-12716-1-1-0\" class=\"so-panel widget widget_siteorigin-panels-builder panel-first-child\" data-index=\"3\" ><div id=\"pl-w670f0b372ad4b\"  class=\"panel-layout\" ><div id=\"pg-w670f0b372ad4b-0\"  class=\"panel-grid panel-no-style\" ><div id=\"pgc-w670f0b372ad4b-0-0\"  class=\"panel-grid-cell\" ><div id=\"panel-w670f0b372ad4b-0-0-0\" class=\"so-panel widget widget_sow-icon panel-first-child panel-last-child\" data-index=\"0\" ><div\n\t\t\t\n\t\t\tclass=\"so-widget-sow-icon so-widget-sow-icon-default-78de98159bee\"\n\t\t\t\n\t\t>\n<div class=\"sow-icon-container sow-icon\">\n\t\t\t<a href=\"https:\/\/www.linkedin.com\/showcase\/edusign-latam\" \n\t\ttarget=\"_blank\" rel=\"noopener noreferrer\"\t\t>\n\t\t\t<span class=\"sow-icon-genericons\" data-sow-icon=\"&#xf208;\"\n\t\t \n\t\taria-hidden=\"true\"><\/span>\t\t\t<\/a>\n\t<\/div>\n<\/div><\/div><\/div><div id=\"pgc-w670f0b372ad4b-0-1\"  class=\"panel-grid-cell\" ><div id=\"panel-w670f0b372ad4b-0-1-0\" class=\"so-panel widget widget_sow-icon panel-first-child panel-last-child\" data-index=\"1\" ><div\n\t\t\t\n\t\t\tclass=\"so-widget-sow-icon so-widget-sow-icon-default-78de98159bee\"\n\t\t\t\n\t\t>\n<div class=\"sow-icon-container sow-icon\">\n\t\t\t<a href=\"https:\/\/www.youtube.com\/watch?v=W7o9TuFot3A&#038;list=PLbScV0Q9jbYgkZnTCrHaWvRlD9yR2-Sbr\" \n\t\ttarget=\"_blank\" rel=\"noopener noreferrer\"\t\t>\n\t\t\t<span class=\"sow-icon-genericons\" data-sow-icon=\"&#xf213;\"\n\t\t \n\t\taria-hidden=\"true\"><\/span>\t\t\t<\/a>\n\t<\/div>\n<\/div><\/div><\/div><div id=\"pgc-w670f0b372ad4b-0-2\"  class=\"panel-grid-cell panel-grid-cell-empty\" ><\/div><div id=\"pgc-w670f0b372ad4b-0-3\"  class=\"panel-grid-cell panel-grid-cell-empty panel-grid-cell-mobile-last\" ><\/div><div id=\"pgc-w670f0b372ad4b-0-4\"  class=\"panel-grid-cell panel-grid-cell-empty\" ><\/div><\/div><\/div><\/div><div id=\"panel-12716-1-1-1\" class=\"so-panel widget widget_sow-editor panel-last-child\" data-index=\"4\" ><div class=\"panel-widget-style panel-widget-style-for-12716-1-1-1\" ><div\n\t\t\t\n\t\t\tclass=\"so-widget-sow-editor so-widget-sow-editor-base\"\n\t\t\t\n\t\t><h3 class=\"widget-title\">Contacto<\/h3>\n<div class=\"siteorigin-widget-tinymce textwidget\">\n\t<ul style=\"list-style-type: square\">\n<li>Contacto - Vanille Trantoul - Head of LATAM<\/li>\n<li>Correo - <a href=\"mailto:vanille@edusign.fr\">vanille@edusign.fr<\/a>&nbsp;<\/li>\n<li>WhatsApp - +525619590331<\/li>\n<li>SitioWeb - https:\/\/edusign.com\/es<\/li>\n<\/ul>\n<hr \/>\n<\/div>\n<\/div><\/div><\/div><\/div><\/div><\/div><div id=\"pg-12716-2\"  class=\"panel-grid panel-has-style\" ><div class=\"siteorigin-panels-stretch panel-row-style panel-row-style-for-12716-2\" data-stretch-type=\"full-width-stretch\" ><div id=\"pgc-12716-2-0\"  class=\"panel-grid-cell panel-grid-cell-empty\" ><\/div><div id=\"pgc-12716-2-1\"  class=\"panel-grid-cell panel-grid-cell-empty panel-grid-cell-mobile-last\" ><\/div><div id=\"pgc-12716-2-2\"  class=\"panel-grid-cell panel-grid-cell-empty\" ><\/div><\/div><\/div><div id=\"pg-12716-3\"  class=\"panel-grid panel-no-style\" ><div id=\"pgc-12716-3-0\"  class=\"panel-grid-cell\" ><div id=\"panel-12716-3-0-0\" class=\"so-panel widget widget_sow-editor panel-first-child panel-last-child\" data-index=\"5\" ><div\n\t\t\t\n\t\t\tclass=\"so-widget-sow-editor so-widget-sow-editor-base\"\n\t\t\t\n\t\t>\n<div class=\"siteorigin-widget-tinymce textwidget\">\n\t<p style=\"text-align: center;\"><a class=\"fasc-button fasc-size-large fasc-type-flat fasc-rounded-medium fasc-ico-before dashicons-undo\" style=\"background-color: #004b8b; color: #ffffff;\" rel=\"nofollow\" href=\"https:\/\/encuentro-tic.anuies.mx\/2024\/espacio-virtual\/\">Regresar a men\u00fa<\/a><\/p>\n<\/div>\n<\/div><\/div><\/div><\/div><div id=\"pg-12716-4\"  class=\"panel-grid panel-no-style\" ><div id=\"pgc-12716-4-0\"  class=\"panel-grid-cell\" ><div id=\"panel-12716-4-0-0\" class=\"so-panel widget panel-first-child panel-last-child\" data-index=\"6\" ><\/div><\/div><\/div><\/div>","protected":false},"excerpt":{"rendered":"<p>&nbsp; Edusign digitaliza y automatiza la gesti\u00f3n de hojas de asistencia, cuestionarios y firmas de documentos en el \u00e1mbito de la formaci\u00f3n. Ofrece una experiencia moderna e intuitiva, conectada a los softwares utilizados por los centros formativos. M\u00e1s de 2.500 clientes han adoptado la soluci\u00f3n, la cual cuenta con m\u00e1s de 3.000.000 de usuarios en&hellip; <br \/> <a class=\"button small blue\" href=\"https:\/\/encuentro-tic.anuies.mx\/2024\/edusign\/\">Leer m\u00e1s<\/a><\/p>\n","protected":false},"author":1,"featured_media":0,"parent":0,"menu_order":0,"comment_status":"closed","ping_status":"closed","template":"","meta":{"_exactmetrics_skip_tracking":false,"_exactmetrics_sitenote_active":false,"_exactmetrics_sitenote_note":"","_exactmetrics_sitenote_category":0,"ngg_post_thumbnail":0,"footnotes":""},"class_list":["post-12716","page","type-page","status-publish","hentry"],"rttpg_featured_image_url":null,"rttpg_author":{"display_name":"ctrlweb","author_link":"https:\/\/encuentro-tic.anuies.mx\/2024\/author\/ctrlweb\/"},"rttpg_comment":0,"rttpg_category":false,"rttpg_excerpt":"&nbsp; Edusign digitaliza y automatiza la gesti\u00f3n de hojas de asistencia, cuestionarios y firmas de documentos en el \u00e1mbito de la formaci\u00f3n. Ofrece una experiencia moderna e intuitiva, conectada a los softwares utilizados por los centros formativos. M\u00e1s de 2.500 clientes han adoptado la soluci\u00f3n, la cual cuenta con m\u00e1s de 3.000.000 de usuarios en&hellip;&hellip;","_links":{"self":[{"href":"https:\/\/encuentro-tic.anuies.mx\/2024\/wp-json\/wp\/v2\/pages\/12716","targetHints":{"allow":["GET"]}}],"collection":[{"href":"https:\/\/encuentro-tic.anuies.mx\/2024\/wp-json\/wp\/v2\/pages"}],"about":[{"href":"https:\/\/encuentro-tic.anuies.mx\/2024\/wp-json\/wp\/v2\/types\/page"}],"author":[{"embeddable":true,"href":"https:\/\/encuentro-tic.anuies.mx\/2024\/wp-json\/wp\/v2\/users\/1"}],"replies":[{"embeddable":true,"href":"https:\/\/encuentro-tic.anuies.mx\/2024\/wp-json\/wp\/v2\/comments?post=12716"}],"version-history":[{"count":10,"href":"https:\/\/encuentro-tic.anuies.mx\/2024\/wp-json\/wp\/v2\/pages\/12716\/revisions"}],"predecessor-version":[{"id":13588,"href":"https:\/\/encuentro-tic.anuies.mx\/2024\/wp-json\/wp\/v2\/pages\/12716\/revisions\/13588"}],"wp:attachment":[{"href":"https:\/\/encuentro-tic.anuies.mx\/2024\/wp-json\/wp\/v2\/media?parent=12716"}],"curies":[{"name":"wp","href":"https:\/\/api.w.org\/{rel}","templated":true}]}}