{"id":12703,"date":"2024-10-04T14:50:11","date_gmt":"2024-10-04T20:50:11","guid":{"rendered":"https:\/\/encuentro-tic.anuies.mx\/2024\/?page_id=12703"},"modified":"2024-10-16T19:07:47","modified_gmt":"2024-10-17T01:07:47","slug":"acreditta-2024","status":"publish","type":"page","link":"https:\/\/encuentro-tic.anuies.mx\/2024\/acreditta-2024\/","title":{"rendered":"ACREDITTA"},"content":{"rendered":"<div id=\"pl-12703\"  class=\"panel-layout\" ><div id=\"pg-12703-0\"  class=\"panel-grid panel-has-style\" ><div class=\"siteorigin-panels-stretch panel-row-style panel-row-style-for-12703-0\" data-stretch-type=\"full-width-stretch\" ><div id=\"pgc-12703-0-0\"  class=\"panel-grid-cell\" ><div id=\"panel-12703-0-0-0\" class=\"so-panel widget widget_sow-editor panel-first-child panel-last-child\" data-index=\"0\" ><div\n\t\t\t\n\t\t\tclass=\"so-widget-sow-editor so-widget-sow-editor-base\"\n\t\t\t\n\t\t>\n<div class=\"siteorigin-widget-tinymce textwidget\">\n\t<style>hr {border: 0 ; border-top: 4px double gold; width: 90%;}<\/style>\n<p><img loading=\"lazy\" decoding=\"async\" class=\"wp-image-13246 size-medium aligncenter\" src=\"https:\/\/encuentro-tic.anuies.mx\/2024\/ctrl-content\/uploads\/sites\/11\/2024\/10\/Banner-para-mail-1-300x75.png\" alt=\"\" width=\"300\" height=\"75\" srcset=\"https:\/\/encuentro-tic.anuies.mx\/ctrl-content\/uploads\/sites\/11\/2024\/10\/Banner-para-mail-1-300x75.png 300w, https:\/\/encuentro-tic.anuies.mx\/ctrl-content\/uploads\/sites\/11\/2024\/10\/Banner-para-mail-1-768x192.png 768w, https:\/\/encuentro-tic.anuies.mx\/ctrl-content\/uploads\/sites\/11\/2024\/10\/Banner-para-mail-1.png 792w\" sizes=\"auto, (max-width: 300px) 100vw, 300px\" \/><\/p>\n<hr \/>\n<p>&nbsp;<\/p>\n<\/div>\n<\/div><\/div><\/div><\/div><\/div><div id=\"pg-12703-1\"  class=\"panel-grid panel-has-style\" ><div class=\"siteorigin-panels-stretch panel-row-style panel-row-style-for-12703-1\" data-stretch-type=\"full-width-stretch\" ><div id=\"pgc-12703-1-0\"  class=\"panel-grid-cell\" ><div id=\"panel-12703-1-0-0\" class=\"so-panel widget widget_sow-editor panel-first-child\" data-index=\"1\" ><div\n\t\t\t\n\t\t\tclass=\"so-widget-sow-editor so-widget-sow-editor-base\"\n\t\t\t\n\t\t>\n<div class=\"siteorigin-widget-tinymce textwidget\">\n\t<p style=\"text-align: justify\"><span style=\"font-weight: 400;font-size: 16pt\"><img loading=\"lazy\" decoding=\"async\" class=\"wp-image-13248  alignleft\" src=\"https:\/\/encuentro-tic.anuies.mx\/2024\/ctrl-content\/uploads\/sites\/11\/2024\/10\/Imagen-principal-para-booth-virtual-300x202.png\" alt=\"\" width=\"322\" height=\"217\" srcset=\"https:\/\/encuentro-tic.anuies.mx\/ctrl-content\/uploads\/sites\/11\/2024\/10\/Imagen-principal-para-booth-virtual-300x202.png 300w, https:\/\/encuentro-tic.anuies.mx\/ctrl-content\/uploads\/sites\/11\/2024\/10\/Imagen-principal-para-booth-virtual-272x182.png 272w, https:\/\/encuentro-tic.anuies.mx\/ctrl-content\/uploads\/sites\/11\/2024\/10\/Imagen-principal-para-booth-virtual.png 640w\" sizes=\"auto, (max-width: 322px) 100vw, 322px\" \/><\/span><\/p>\n<p><strong>Acreditta: Transformando el reconocimiento de habilidades con Tecnolog\u00eda Blockchain<\/strong><\/p>\n<p>Acreditta es una plataforma de certificaci\u00f3n digital que permite a las Instituciones Educativas crear insignias, certificados y t\u00edtulos profesionales electr\u00f3nicos con tecnolog\u00eda blockchain. Esto asegura que las habilidades y logros de los estudiantes sean reconocidos de manera segura, transparente y verificable en tiempo real.<\/p>\n<p>Con Acreditta, puedes motivar a tualumnos, fomentar el aprendizaje continuo y dar visibilidad a sus competencias en redes profesionales como LinkedIn, lo cual abre un panorama de oportunidades en el mercado laboral.<\/p>\n<p>Es la soluci\u00f3n ideal para quienes buscan modernizar la certificaci\u00f3n de habilidades en la era digital.<\/p>\n<p>&nbsp;<\/p>\n<\/div>\n<\/div><\/div><div id=\"panel-12703-1-0-1\" class=\"so-panel widget widget_siteorigin-panels-builder panel-last-child\" data-index=\"2\" ><div class=\"aos-init panel-widget-style panel-widget-style-for-12703-1-0-1\" data-aos=\"fade\" data-aos-duration=\"600\" data-aos-easing=\"linear\" data-aos-anchor-placement=\"top-bottom\" data-aos-once=\"true\" ><div id=\"pl-w671063632c358\"  class=\"panel-layout\" ><div id=\"pg-w671063632c358-0\"  class=\"panel-grid panel-no-style\" ><div id=\"pgc-w671063632c358-0-0\"  class=\"panel-grid-cell\" ><div id=\"panel-w671063632c358-0-0-0\" class=\"so-panel widget widget_sow-editor panel-first-child panel-last-child\" data-index=\"0\" ><div\n\t\t\t\n\t\t\tclass=\"so-widget-sow-editor so-widget-sow-editor-base\"\n\t\t\t\n\t\t>\n<div class=\"siteorigin-widget-tinymce textwidget\">\n\t<p><img loading=\"lazy\" decoding=\"async\" class=\"alignnone wp-image-13249 size-medium\" src=\"https:\/\/encuentro-tic.anuies.mx\/2024\/ctrl-content\/uploads\/sites\/11\/2024\/10\/Mejora-la-atraccion-a-tus-programas-educativos-con-credenciales-digitales.pdf-300x300.png\" alt=\"\" width=\"300\" height=\"300\" srcset=\"https:\/\/encuentro-tic.anuies.mx\/ctrl-content\/uploads\/sites\/11\/2024\/10\/Mejora-la-atraccion-a-tus-programas-educativos-con-credenciales-digitales.pdf-300x300.png 300w, https:\/\/encuentro-tic.anuies.mx\/ctrl-content\/uploads\/sites\/11\/2024\/10\/Mejora-la-atraccion-a-tus-programas-educativos-con-credenciales-digitales.pdf-1024x1024.png 1024w, https:\/\/encuentro-tic.anuies.mx\/ctrl-content\/uploads\/sites\/11\/2024\/10\/Mejora-la-atraccion-a-tus-programas-educativos-con-credenciales-digitales.pdf-150x150.png 150w, https:\/\/encuentro-tic.anuies.mx\/ctrl-content\/uploads\/sites\/11\/2024\/10\/Mejora-la-atraccion-a-tus-programas-educativos-con-credenciales-digitales.pdf-768x768.png 768w, https:\/\/encuentro-tic.anuies.mx\/ctrl-content\/uploads\/sites\/11\/2024\/10\/Mejora-la-atraccion-a-tus-programas-educativos-con-credenciales-digitales.pdf.png 1080w\" sizes=\"auto, (max-width: 300px) 100vw, 300px\" \/><\/p>\n<\/div>\n<\/div><\/div><\/div><div id=\"pgc-w671063632c358-0-1\"  class=\"panel-grid-cell\" ><div id=\"panel-w671063632c358-0-1-0\" class=\"so-panel widget widget_sow-editor panel-first-child panel-last-child\" data-index=\"1\" ><div\n\t\t\t\n\t\t\tclass=\"so-widget-sow-editor so-widget-sow-editor-base\"\n\t\t\t\n\t\t>\n<div class=\"siteorigin-widget-tinymce textwidget\">\n\t<p><img loading=\"lazy\" decoding=\"async\" class=\"alignnone wp-image-13250 size-medium\" src=\"https:\/\/encuentro-tic.anuies.mx\/2024\/ctrl-content\/uploads\/sites\/11\/2024\/10\/70_-De-reduccion-del-gasto-al-pasar-del-papel-al-formato-digital.pdf-300x300.png\" alt=\"\" width=\"300\" height=\"300\" srcset=\"https:\/\/encuentro-tic.anuies.mx\/ctrl-content\/uploads\/sites\/11\/2024\/10\/70_-De-reduccion-del-gasto-al-pasar-del-papel-al-formato-digital.pdf-300x300.png 300w, https:\/\/encuentro-tic.anuies.mx\/ctrl-content\/uploads\/sites\/11\/2024\/10\/70_-De-reduccion-del-gasto-al-pasar-del-papel-al-formato-digital.pdf-1024x1024.png 1024w, https:\/\/encuentro-tic.anuies.mx\/ctrl-content\/uploads\/sites\/11\/2024\/10\/70_-De-reduccion-del-gasto-al-pasar-del-papel-al-formato-digital.pdf-150x150.png 150w, https:\/\/encuentro-tic.anuies.mx\/ctrl-content\/uploads\/sites\/11\/2024\/10\/70_-De-reduccion-del-gasto-al-pasar-del-papel-al-formato-digital.pdf-768x768.png 768w, https:\/\/encuentro-tic.anuies.mx\/ctrl-content\/uploads\/sites\/11\/2024\/10\/70_-De-reduccion-del-gasto-al-pasar-del-papel-al-formato-digital.pdf.png 1080w\" sizes=\"auto, (max-width: 300px) 100vw, 300px\" \/><\/p>\n<\/div>\n<\/div><\/div><\/div><div id=\"pgc-w671063632c358-0-2\"  class=\"panel-grid-cell\" ><div id=\"panel-w671063632c358-0-2-0\" class=\"so-panel widget widget_media_video panel-first-child panel-last-child\" data-index=\"2\" ><div style=\"width:100%;\" class=\"wp-video\"><!--[if lt IE 9]><script>document.createElement('video');<\/script><![endif]-->\n<video class=\"wp-video-shortcode\" id=\"video-12703-1\" preload=\"metadata\" controls=\"controls\"><source type=\"video\/youtube\" src=\"https:\/\/youtu.be\/QdYc7buiN0A?_=1\" \/><a href=\"https:\/\/youtu.be\/QdYc7buiN0A\">https:\/\/youtu.be\/QdYc7buiN0A<\/a><\/video><\/div><\/div><\/div><\/div><\/div><\/div><\/div><\/div><div id=\"pgc-12703-1-1\"  class=\"panel-grid-cell\" ><div id=\"panel-12703-1-1-0\" class=\"so-panel widget widget_siteorigin-panels-builder panel-first-child\" data-index=\"3\" ><div id=\"pl-w670de241e0d27\"  class=\"panel-layout\" ><div id=\"pg-w670de241e0d27-0\"  class=\"panel-grid panel-no-style\" ><div id=\"pgc-w670de241e0d27-0-0\"  class=\"panel-grid-cell\" ><div id=\"panel-w670de241e0d27-0-0-0\" class=\"so-panel widget widget_sow-icon panel-first-child panel-last-child\" data-index=\"0\" ><div\n\t\t\t\n\t\t\tclass=\"so-widget-sow-icon so-widget-sow-icon-default-78de98159bee\"\n\t\t\t\n\t\t>\n<div class=\"sow-icon-container sow-icon\">\n\t\t\t<a href=\"https:\/\/web.facebook.com\/acreditta?_rdc=1&#038;_rdr\" \n\t\ttarget=\"_blank\" rel=\"noopener noreferrer\"\t\t>\n\t\t\t<span class=\"sow-icon-genericons\" data-sow-icon=\"&#xf203;\"\n\t\t \n\t\taria-hidden=\"true\"><\/span>\t\t\t<\/a>\n\t<\/div>\n<\/div><\/div><\/div><div id=\"pgc-w670de241e0d27-0-1\"  class=\"panel-grid-cell\" ><div id=\"panel-w670de241e0d27-0-1-0\" class=\"so-panel widget widget_sow-icon panel-first-child panel-last-child\" data-index=\"1\" ><div\n\t\t\t\n\t\t\tclass=\"so-widget-sow-icon so-widget-sow-icon-default-78de98159bee\"\n\t\t\t\n\t\t>\n<div class=\"sow-icon-container sow-icon\">\n\t\t\t<a href=\"https:\/\/www.instagram.com\/acreditta_latam\/\" \n\t\ttarget=\"_blank\" rel=\"noopener noreferrer\"\t\t>\n\t\t\t<span class=\"sow-icon-genericons\" data-sow-icon=\"&#xf215;\"\n\t\t \n\t\taria-hidden=\"true\"><\/span>\t\t\t<\/a>\n\t<\/div>\n<\/div><\/div><\/div><div id=\"pgc-w670de241e0d27-0-2\"  class=\"panel-grid-cell\" ><div id=\"panel-w670de241e0d27-0-2-0\" class=\"so-panel widget widget_sow-icon panel-first-child panel-last-child\" data-index=\"2\" ><div\n\t\t\t\n\t\t\tclass=\"so-widget-sow-icon so-widget-sow-icon-default-78de98159bee\"\n\t\t\t\n\t\t>\n<div class=\"sow-icon-container sow-icon\">\n\t\t\t<span class=\"sow-icon-genericons\" data-sow-icon=\"&#xf202;\"\n\t\t \n\t\taria-hidden=\"true\"><\/span>\t<\/div>\n<\/div><\/div><\/div><div id=\"pgc-w670de241e0d27-0-3\"  class=\"panel-grid-cell\" ><div id=\"panel-w670de241e0d27-0-3-0\" class=\"so-panel widget widget_sow-icon panel-first-child panel-last-child\" data-index=\"3\" ><div\n\t\t\t\n\t\t\tclass=\"so-widget-sow-icon so-widget-sow-icon-default-78de98159bee\"\n\t\t\t\n\t\t>\n<div class=\"sow-icon-container sow-icon\">\n\t\t\t<span class=\"sow-icon-genericons\" data-sow-icon=\"&#xf208;\"\n\t\t \n\t\taria-hidden=\"true\"><\/span>\t<\/div>\n<\/div><\/div><\/div><div id=\"pgc-w670de241e0d27-0-4\"  class=\"panel-grid-cell\" ><div id=\"panel-w670de241e0d27-0-4-0\" class=\"so-panel widget widget_sow-icon panel-first-child panel-last-child\" data-index=\"4\" ><div\n\t\t\t\n\t\t\tclass=\"so-widget-sow-icon so-widget-sow-icon-default-78de98159bee\"\n\t\t\t\n\t\t>\n<div class=\"sow-icon-container sow-icon\">\n\t\t\t<a href=\"https:\/\/www.youtube.com\/@acreditta\" \n\t\ttarget=\"_blank\" rel=\"noopener noreferrer\"\t\t>\n\t\t\t<span class=\"sow-icon-genericons\" data-sow-icon=\"&#xf213;\"\n\t\t \n\t\taria-hidden=\"true\"><\/span>\t\t\t<\/a>\n\t<\/div>\n<\/div><\/div><\/div><\/div><\/div><\/div><div id=\"panel-12703-1-1-1\" class=\"so-panel widget widget_sow-editor panel-last-child\" data-index=\"4\" ><div class=\"panel-widget-style panel-widget-style-for-12703-1-1-1\" ><div\n\t\t\t\n\t\t\tclass=\"so-widget-sow-editor so-widget-sow-editor-base\"\n\t\t\t\n\t\t><h3 class=\"widget-title\">Contacto<\/h3>\n<div class=\"siteorigin-widget-tinymce textwidget\">\n\t<ul style=\"list-style-type: square\">\n<li>Contacto - Maria Leyton, L\u00edder de Marketing<\/li>\n<li>Correo - <a href=\"mailto:maria@acreditta.com\">maria@acreditta.com<\/a><\/li>\n<li>Correo - info@acreditta.com<\/li>\n<li>Numero - 573012510225<\/li>\n<li>SitioWeb - https:\/\/www.acreditta.com\/<\/li>\n<li>Blog - https:\/\/info.acreditta.com\/blog\/<\/li>\n<\/ul>\n<hr \/>\n<\/div>\n<\/div><\/div><\/div><\/div><\/div><\/div><div id=\"pg-12703-2\"  class=\"panel-grid panel-has-style\" ><div class=\"siteorigin-panels-stretch panel-row-style panel-row-style-for-12703-2\" data-stretch-type=\"full-width-stretch\" ><div id=\"pgc-12703-2-0\"  class=\"panel-grid-cell panel-grid-cell-empty\" ><\/div><div id=\"pgc-12703-2-1\"  class=\"panel-grid-cell panel-grid-cell-empty panel-grid-cell-mobile-last\" ><\/div><div id=\"pgc-12703-2-2\"  class=\"panel-grid-cell panel-grid-cell-empty\" ><\/div><\/div><\/div><div id=\"pg-12703-3\"  class=\"panel-grid panel-no-style\" ><div id=\"pgc-12703-3-0\"  class=\"panel-grid-cell\" ><div id=\"panel-12703-3-0-0\" class=\"so-panel widget widget_sow-editor panel-first-child panel-last-child\" data-index=\"5\" ><div\n\t\t\t\n\t\t\tclass=\"so-widget-sow-editor so-widget-sow-editor-base\"\n\t\t\t\n\t\t>\n<div class=\"siteorigin-widget-tinymce textwidget\">\n\t<p style=\"text-align: center;\"><a class=\"fasc-button fasc-size-large fasc-type-flat fasc-rounded-medium fasc-ico-before dashicons-undo\" style=\"background-color: #004b8b; color: #ffffff;\" rel=\"nofollow\" href=\"https:\/\/encuentro-tic.anuies.mx\/2024\/espacio-virtual\/\">Regresar a men\u00fa<\/a><\/p>\n<\/div>\n<\/div><\/div><\/div><\/div><div id=\"pg-12703-4\"  class=\"panel-grid panel-no-style\" ><div id=\"pgc-12703-4-0\"  class=\"panel-grid-cell\" ><div id=\"panel-12703-4-0-0\" class=\"so-panel widget panel-first-child panel-last-child\" data-index=\"6\" ><\/div><\/div><\/div><\/div>","protected":false},"excerpt":{"rendered":"<p>&nbsp; Acreditta: Transformando el reconocimiento de habilidades con Tecnolog\u00eda Blockchain Acreditta es una plataforma de certificaci\u00f3n digital que permite a las Instituciones Educativas crear insignias, certificados y t\u00edtulos profesionales electr\u00f3nicos con tecnolog\u00eda blockchain. Esto asegura que las habilidades y logros de los estudiantes sean reconocidos de manera segura, transparente y verificable en tiempo real. Con&hellip; <br \/> <a class=\"button small blue\" href=\"https:\/\/encuentro-tic.anuies.mx\/2024\/acreditta-2024\/\">Leer m\u00e1s<\/a><\/p>\n","protected":false},"author":1,"featured_media":0,"parent":0,"menu_order":0,"comment_status":"closed","ping_status":"closed","template":"","meta":{"_exactmetrics_skip_tracking":false,"_exactmetrics_sitenote_active":false,"_exactmetrics_sitenote_note":"","_exactmetrics_sitenote_category":0,"ngg_post_thumbnail":0,"footnotes":""},"class_list":["post-12703","page","type-page","status-publish","hentry"],"rttpg_featured_image_url":null,"rttpg_author":{"display_name":"ctrlweb","author_link":"https:\/\/encuentro-tic.anuies.mx\/2024\/author\/ctrlweb\/"},"rttpg_comment":0,"rttpg_category":false,"rttpg_excerpt":"&nbsp; Acreditta: Transformando el reconocimiento de habilidades con Tecnolog\u00eda Blockchain Acreditta es una plataforma de certificaci\u00f3n digital que permite a las Instituciones Educativas crear insignias, certificados y t\u00edtulos profesionales electr\u00f3nicos con tecnolog\u00eda blockchain. Esto asegura que las habilidades y logros de los estudiantes sean reconocidos de manera segura, transparente y verificable en tiempo real. Con&hellip;&hellip;","_links":{"self":[{"href":"https:\/\/encuentro-tic.anuies.mx\/2024\/wp-json\/wp\/v2\/pages\/12703","targetHints":{"allow":["GET"]}}],"collection":[{"href":"https:\/\/encuentro-tic.anuies.mx\/2024\/wp-json\/wp\/v2\/pages"}],"about":[{"href":"https:\/\/encuentro-tic.anuies.mx\/2024\/wp-json\/wp\/v2\/types\/page"}],"author":[{"embeddable":true,"href":"https:\/\/encuentro-tic.anuies.mx\/2024\/wp-json\/wp\/v2\/users\/1"}],"replies":[{"embeddable":true,"href":"https:\/\/encuentro-tic.anuies.mx\/2024\/wp-json\/wp\/v2\/comments?post=12703"}],"version-history":[{"count":4,"href":"https:\/\/encuentro-tic.anuies.mx\/2024\/wp-json\/wp\/v2\/pages\/12703\/revisions"}],"predecessor-version":[{"id":13497,"href":"https:\/\/encuentro-tic.anuies.mx\/2024\/wp-json\/wp\/v2\/pages\/12703\/revisions\/13497"}],"wp:attachment":[{"href":"https:\/\/encuentro-tic.anuies.mx\/2024\/wp-json\/wp\/v2\/media?parent=12703"}],"curies":[{"name":"wp","href":"https:\/\/api.w.org\/{rel}","templated":true}]}}