{"id":12656,"date":"2024-10-04T14:25:21","date_gmt":"2024-10-04T20:25:21","guid":{"rendered":"https:\/\/encuentro-tic.anuies.mx\/2024\/?page_id=12656"},"modified":"2024-10-22T14:09:07","modified_gmt":"2024-10-22T20:09:07","slug":"acerta-2024","status":"publish","type":"page","link":"https:\/\/encuentro-tic.anuies.mx\/2024\/acerta-2024\/","title":{"rendered":"ACERTA"},"content":{"rendered":"<div id=\"pl-12656\"  class=\"panel-layout\" ><div id=\"pg-12656-0\"  class=\"panel-grid panel-has-style\" ><div class=\"siteorigin-panels-stretch panel-row-style panel-row-style-for-12656-0\" data-stretch-type=\"full-width-stretch\" ><div id=\"pgc-12656-0-0\"  class=\"panel-grid-cell\" ><div id=\"panel-12656-0-0-0\" class=\"so-panel widget widget_sow-editor panel-first-child panel-last-child\" data-index=\"0\" ><div\n\t\t\t\n\t\t\tclass=\"so-widget-sow-editor so-widget-sow-editor-base\"\n\t\t\t\n\t\t>\n<div class=\"siteorigin-widget-tinymce textwidget\">\n\t<style>hr {border: 0 ; border-top: 4px double gold; width: 90%;}<\/style>\n<p><img loading=\"lazy\" decoding=\"async\" class=\"aligncenter wp-image-13238\" src=\"https:\/\/encuentro-tic.anuies.mx\/2024\/ctrl-content\/uploads\/sites\/11\/2024\/10\/Acerta-Logo-01-300x95.png\" alt=\"\" width=\"180\" height=\"57\" srcset=\"https:\/\/encuentro-tic.anuies.mx\/ctrl-content\/uploads\/sites\/11\/2024\/10\/Acerta-Logo-01-300x95.png 300w, https:\/\/encuentro-tic.anuies.mx\/ctrl-content\/uploads\/sites\/11\/2024\/10\/Acerta-Logo-01-1024x324.png 1024w, https:\/\/encuentro-tic.anuies.mx\/ctrl-content\/uploads\/sites\/11\/2024\/10\/Acerta-Logo-01-768x243.png 768w, https:\/\/encuentro-tic.anuies.mx\/ctrl-content\/uploads\/sites\/11\/2024\/10\/Acerta-Logo-01-1536x486.png 1536w, https:\/\/encuentro-tic.anuies.mx\/ctrl-content\/uploads\/sites\/11\/2024\/10\/Acerta-Logo-01.png 1726w\" sizes=\"auto, (max-width: 180px) 100vw, 180px\" \/><\/p>\n<hr \/>\n<p>&nbsp;<\/p>\n<\/div>\n<\/div><\/div><\/div><\/div><\/div><div id=\"pg-12656-1\"  class=\"panel-grid panel-has-style\" ><div class=\"siteorigin-panels-stretch panel-row-style panel-row-style-for-12656-1\" data-stretch-type=\"full-width-stretch\" ><div id=\"pgc-12656-1-0\"  class=\"panel-grid-cell\" ><div id=\"panel-12656-1-0-0\" class=\"so-panel widget widget_sow-editor panel-first-child\" data-index=\"1\" ><div\n\t\t\t\n\t\t\tclass=\"so-widget-sow-editor so-widget-sow-editor-base\"\n\t\t\t\n\t\t>\n<div class=\"siteorigin-widget-tinymce textwidget\">\n\t<p style=\"text-align: left\"><b><img loading=\"lazy\" decoding=\"async\" class=\"size-medium wp-image-13455 alignleft\" src=\"https:\/\/encuentro-tic.anuies.mx\/2024\/ctrl-content\/uploads\/sites\/11\/2024\/10\/2-AcertaVAR-300x169.png\" alt=\"\" width=\"300\" height=\"169\" srcset=\"https:\/\/encuentro-tic.anuies.mx\/ctrl-content\/uploads\/sites\/11\/2024\/10\/2-AcertaVAR-300x169.png 300w, https:\/\/encuentro-tic.anuies.mx\/ctrl-content\/uploads\/sites\/11\/2024\/10\/2-AcertaVAR-1024x576.png 1024w, https:\/\/encuentro-tic.anuies.mx\/ctrl-content\/uploads\/sites\/11\/2024\/10\/2-AcertaVAR-768x432.png 768w, https:\/\/encuentro-tic.anuies.mx\/ctrl-content\/uploads\/sites\/11\/2024\/10\/2-AcertaVAR.png 1366w\" sizes=\"auto, (max-width: 300px) 100vw, 300px\" \/>Acerta, sus aliados en la transformaci\u00f3n digital de su instituci\u00f3n educativa<\/b><\/p>\n<p style=\"text-align: left\"><span style=\"font-weight: 400\">Somos Acerta Computaci\u00f3n Aplicada, distribuidores en M\u00e9xico y Centroam\u00e9rica de Canvas LMS, la plataforma de gesti\u00f3n de aprendizaje de mayor crecimiento y con m\u00e1s \u00edndice de renovaciones en el mundo, utilizada por m\u00e1s de 8,000 instituciones educativas alrededor del mundo.<\/span><\/p>\n<p style=\"text-align: left\"><span style=\"font-weight: 400\">Tenemos m\u00e1s de 30 a\u00f1os de trayectoria como integradores de soluciones de tecnolog\u00edas de la informaci\u00f3n en M\u00e9xico para instituciones financieras, de gobierno y educativas. Nos especializamos en la gesti\u00f3n de proyectos de alcance nacional, log\u00edstica compleja y que implican el manejo de informaci\u00f3n sensible y confidencial. Operamos bajo mejores pr\u00e1cticas de la industria y contamos con certificaciones ISO 9001, ISO 20000-1, ISO 27001, ISO 22301 e ISO 37001.<\/span><\/p>\n<p style=\"text-align: left\"><span style=\"font-weight: 400\">Somos VAR de Instructure, lo que nos habilita para acompa\u00f1ar a instituciones educativas a dar el salto hacia el futuro de la educaci\u00f3n apoyados en el ecosistema de Canvas LMS para gestionar de manera integral todos los procesos de ense\u00f1anza y aprendizaje.<\/span><\/p>\n<p style=\"text-align: left\"><span style=\"font-weight: 400\">Contamos con colaboradores que pueden apoyarle en la implementaci\u00f3n, migraci\u00f3n, capacitaci\u00f3n, soporte t\u00e9cnico, mesa de ayuda y desarrollo de funcionalidades para la personalizaci\u00f3n e integraci\u00f3n de Canvas LMS con las aplicaciones y funcionalidades que requiera su instituci\u00f3n.<\/span><\/p>\n<p style=\"text-align: left\"><span style=\"font-weight: 400\">Para m\u00e1s informaci\u00f3n: <\/span><a href=\"http:\/\/www.acerta.net\"><span style=\"font-weight: 400\">www.acerta.net<\/span><\/a><span style=\"font-weight: 400\"> |&nbsp; <\/span><a href=\"mailto:karina.catalan@acerta.net\"><span style=\"font-weight: 400\">karina.catalan@acerta.net<\/span><\/a><\/p>\n<\/div>\n<\/div><\/div><div id=\"panel-12656-1-0-1\" class=\"so-panel widget widget_siteorigin-panels-builder panel-last-child\" data-index=\"2\" ><div class=\"aos-init panel-widget-style panel-widget-style-for-12656-1-0-1\" data-aos=\"fade\" data-aos-duration=\"600\" data-aos-easing=\"linear\" data-aos-anchor-placement=\"top-bottom\" data-aos-once=\"true\" ><div id=\"pl-w67102c3a64a8b\"  class=\"panel-layout\" ><div id=\"pg-w67102c3a64a8b-0\"  class=\"panel-grid panel-no-style\" ><div id=\"pgc-w67102c3a64a8b-0-0\"  class=\"panel-grid-cell\" ><div id=\"panel-w67102c3a64a8b-0-0-0\" class=\"so-panel widget widget_sow-editor panel-first-child panel-last-child\" data-index=\"0\" ><div\n\t\t\t\n\t\t\tclass=\"so-widget-sow-editor so-widget-sow-editor-base\"\n\t\t\t\n\t\t>\n<div class=\"siteorigin-widget-tinymce textwidget\">\n\t<a href=\"https:\/\/encuentro-tic.anuies.mx\/2024\/ctrl-content\/uploads\/sites\/11\/2024\/10\/6b-Acerta-FolletoCanvas.pdf.pdf\" class=\"pdfemb-viewer\" style=\"\" data-width=\"max\" data-height=\"max\" data-toolbar=\"bottom\" data-toolbar-fixed=\"off\">6b Acerta-FolletoCanvas.pdf<\/a>\n<\/div>\n<\/div><\/div><\/div><div id=\"pgc-w67102c3a64a8b-0-1\"  class=\"panel-grid-cell panel-grid-cell-mobile-last\" ><div id=\"panel-w67102c3a64a8b-0-1-0\" class=\"so-panel widget widget_media_video panel-first-child panel-last-child\" data-index=\"1\" ><div style=\"width:100%;\" class=\"wp-video\"><!--[if lt IE 9]><script>document.createElement('video');<\/script><![endif]-->\n<video class=\"wp-video-shortcode\" id=\"video-12656-1\" preload=\"metadata\" controls=\"controls\"><source type=\"video\/youtube\" src=\"https:\/\/youtu.be\/JemW-dLWaA0?_=1\" \/><a href=\"https:\/\/youtu.be\/JemW-dLWaA0\">https:\/\/youtu.be\/JemW-dLWaA0<\/a><\/video><\/div><\/div><\/div><div id=\"pgc-w67102c3a64a8b-0-2\"  class=\"panel-grid-cell panel-grid-cell-empty\" ><\/div><\/div><\/div><\/div><\/div><\/div><div id=\"pgc-12656-1-1\"  class=\"panel-grid-cell\" ><div id=\"panel-12656-1-1-0\" class=\"so-panel widget widget_siteorigin-panels-builder panel-first-child\" data-index=\"3\" ><div id=\"pl-w67102cbeaee64\"  class=\"panel-layout\" ><div id=\"pg-w67102cbeaee64-0\"  class=\"panel-grid panel-no-style\" ><div id=\"pgc-w67102cbeaee64-0-0\"  class=\"panel-grid-cell\" ><div id=\"panel-w67102cbeaee64-0-0-0\" class=\"so-panel widget widget_sow-icon panel-first-child panel-last-child\" data-index=\"0\" ><div\n\t\t\t\n\t\t\tclass=\"so-widget-sow-icon so-widget-sow-icon-default-78de98159bee\"\n\t\t\t\n\t\t>\n<div class=\"sow-icon-container sow-icon\">\n\t\t\t<a href=\"https:\/\/www.facebook.com\/acertasocial\/\" \n\t\ttarget=\"_blank\" rel=\"noopener noreferrer\"\t\t>\n\t\t\t<span class=\"sow-icon-genericons\" data-sow-icon=\"&#xf203;\"\n\t\t \n\t\taria-hidden=\"true\"><\/span>\t\t\t<\/a>\n\t<\/div>\n<\/div><\/div><\/div><div id=\"pgc-w67102cbeaee64-0-1\"  class=\"panel-grid-cell\" ><div id=\"panel-w67102cbeaee64-0-1-0\" class=\"so-panel widget widget_sow-icon panel-first-child panel-last-child\" data-index=\"1\" ><div\n\t\t\t\n\t\t\tclass=\"so-widget-sow-icon so-widget-sow-icon-default-78de98159bee\"\n\t\t\t\n\t\t>\n<div class=\"sow-icon-container sow-icon\">\n\t\t\t<a href=\"https:\/\/x.com\/acertasocial\" \n\t\ttarget=\"_blank\" rel=\"noopener noreferrer\"\t\t>\n\t\t\t<span class=\"sow-icon-genericons\" data-sow-icon=\"&#xf202;\"\n\t\t \n\t\taria-hidden=\"true\"><\/span>\t\t\t<\/a>\n\t<\/div>\n<\/div><\/div><\/div><div id=\"pgc-w67102cbeaee64-0-2\"  class=\"panel-grid-cell\" ><div id=\"panel-w67102cbeaee64-0-2-0\" class=\"so-panel widget widget_sow-icon panel-first-child panel-last-child\" data-index=\"2\" ><div\n\t\t\t\n\t\t\tclass=\"so-widget-sow-icon so-widget-sow-icon-default-78de98159bee\"\n\t\t\t\n\t\t>\n<div class=\"sow-icon-container sow-icon\">\n\t\t\t<a href=\"https:\/\/www.linkedin.com\/company\/acertacomputacionaplicada\/\" \n\t\ttarget=\"_blank\" rel=\"noopener noreferrer\"\t\t>\n\t\t\t<span class=\"sow-icon-genericons\" data-sow-icon=\"&#xf208;\"\n\t\t \n\t\taria-hidden=\"true\"><\/span>\t\t\t<\/a>\n\t<\/div>\n<\/div><\/div><\/div><div id=\"pgc-w67102cbeaee64-0-3\"  class=\"panel-grid-cell panel-grid-cell-empty panel-grid-cell-mobile-last\" ><\/div><div id=\"pgc-w67102cbeaee64-0-4\"  class=\"panel-grid-cell panel-grid-cell-empty\" ><\/div><\/div><\/div><\/div><div id=\"panel-12656-1-1-1\" class=\"so-panel widget widget_sow-editor panel-last-child\" data-index=\"4\" ><div class=\"panel-widget-style panel-widget-style-for-12656-1-1-1\" ><div\n\t\t\t\n\t\t\tclass=\"so-widget-sow-editor so-widget-sow-editor-base\"\n\t\t\t\n\t\t><h3 class=\"widget-title\">Contacto<\/h3>\n<div class=\"siteorigin-widget-tinymce textwidget\">\n\t<ul style=\"list-style-type: square\">\n<li>Correo -&nbsp;rojas@acerta.net<\/li>\n<li>WhatsApp -&nbsp;52 1 55 1842 0167<\/li>\n<li>SitioWeb - <a href=\"http:\/\/www.acerta.net\/\">www.acerta.net<\/a><\/li>\n<\/ul>\n<hr \/>\n<\/div>\n<\/div><\/div><\/div><\/div><\/div><\/div><div id=\"pg-12656-2\"  class=\"panel-grid panel-has-style\" ><div class=\"siteorigin-panels-stretch panel-row-style panel-row-style-for-12656-2\" data-stretch-type=\"full-width-stretch\" ><div id=\"pgc-12656-2-0\"  class=\"panel-grid-cell panel-grid-cell-empty\" ><\/div><div id=\"pgc-12656-2-1\"  class=\"panel-grid-cell panel-grid-cell-empty panel-grid-cell-mobile-last\" ><\/div><div id=\"pgc-12656-2-2\"  class=\"panel-grid-cell panel-grid-cell-empty\" ><\/div><\/div><\/div><div id=\"pg-12656-3\"  class=\"panel-grid panel-no-style\" ><div id=\"pgc-12656-3-0\"  class=\"panel-grid-cell\" ><div id=\"panel-12656-3-0-0\" class=\"so-panel widget widget_sow-editor panel-first-child panel-last-child\" data-index=\"5\" ><div\n\t\t\t\n\t\t\tclass=\"so-widget-sow-editor so-widget-sow-editor-base\"\n\t\t\t\n\t\t>\n<div class=\"siteorigin-widget-tinymce textwidget\">\n\t<p style=\"text-align: center;\"><a class=\"fasc-button fasc-size-large fasc-type-flat fasc-rounded-medium fasc-ico-before dashicons-undo\" style=\"background-color: #004b8b; color: #ffffff;\" rel=\"nofollow\" href=\"https:\/\/encuentro-tic.anuies.mx\/2024\/espacio-virtual\/\">Regresar a men\u00fa<\/a><\/p>\n<\/div>\n<\/div><\/div><\/div><\/div><div id=\"pg-12656-4\"  class=\"panel-grid panel-no-style\" ><div id=\"pgc-12656-4-0\"  class=\"panel-grid-cell\" ><div id=\"panel-12656-4-0-0\" class=\"so-panel widget panel-first-child panel-last-child\" data-index=\"6\" ><\/div><\/div><\/div><\/div>","protected":false},"excerpt":{"rendered":"<p>&nbsp; Acerta, sus aliados en la transformaci\u00f3n digital de su instituci\u00f3n educativa Somos Acerta Computaci\u00f3n Aplicada, distribuidores en M\u00e9xico y Centroam\u00e9rica de Canvas LMS, la plataforma de gesti\u00f3n de aprendizaje de mayor crecimiento y con m\u00e1s \u00edndice de renovaciones en el mundo, utilizada por m\u00e1s de 8,000 instituciones educativas alrededor del mundo. Tenemos m\u00e1s de&hellip; <br \/> <a class=\"button small blue\" href=\"https:\/\/encuentro-tic.anuies.mx\/2024\/acerta-2024\/\">Leer m\u00e1s<\/a><\/p>\n","protected":false},"author":1,"featured_media":0,"parent":0,"menu_order":0,"comment_status":"closed","ping_status":"closed","template":"","meta":{"_exactmetrics_skip_tracking":false,"_exactmetrics_sitenote_active":false,"_exactmetrics_sitenote_note":"","_exactmetrics_sitenote_category":0,"ngg_post_thumbnail":0,"footnotes":""},"class_list":["post-12656","page","type-page","status-publish","hentry"],"rttpg_featured_image_url":null,"rttpg_author":{"display_name":"ctrlweb","author_link":"https:\/\/encuentro-tic.anuies.mx\/2024\/author\/ctrlweb\/"},"rttpg_comment":0,"rttpg_category":false,"rttpg_excerpt":"&nbsp; Acerta, sus aliados en la transformaci\u00f3n digital de su instituci\u00f3n educativa Somos Acerta Computaci\u00f3n Aplicada, distribuidores en M\u00e9xico y Centroam\u00e9rica de Canvas LMS, la plataforma de gesti\u00f3n de aprendizaje de mayor crecimiento y con m\u00e1s \u00edndice de renovaciones en el mundo, utilizada por m\u00e1s de 8,000 instituciones educativas alrededor del mundo. Tenemos m\u00e1s de&hellip;&hellip;","_links":{"self":[{"href":"https:\/\/encuentro-tic.anuies.mx\/2024\/wp-json\/wp\/v2\/pages\/12656","targetHints":{"allow":["GET"]}}],"collection":[{"href":"https:\/\/encuentro-tic.anuies.mx\/2024\/wp-json\/wp\/v2\/pages"}],"about":[{"href":"https:\/\/encuentro-tic.anuies.mx\/2024\/wp-json\/wp\/v2\/types\/page"}],"author":[{"embeddable":true,"href":"https:\/\/encuentro-tic.anuies.mx\/2024\/wp-json\/wp\/v2\/users\/1"}],"replies":[{"embeddable":true,"href":"https:\/\/encuentro-tic.anuies.mx\/2024\/wp-json\/wp\/v2\/comments?post=12656"}],"version-history":[{"count":8,"href":"https:\/\/encuentro-tic.anuies.mx\/2024\/wp-json\/wp\/v2\/pages\/12656\/revisions"}],"predecessor-version":[{"id":13589,"href":"https:\/\/encuentro-tic.anuies.mx\/2024\/wp-json\/wp\/v2\/pages\/12656\/revisions\/13589"}],"wp:attachment":[{"href":"https:\/\/encuentro-tic.anuies.mx\/2024\/wp-json\/wp\/v2\/media?parent=12656"}],"curies":[{"name":"wp","href":"https:\/\/api.w.org\/{rel}","templated":true}]}}