{"id":12576,"date":"2024-10-04T15:50:13","date_gmt":"2024-10-04T21:50:13","guid":{"rendered":"https:\/\/encuentro-tic.anuies.mx\/2024\/?page_id=12576"},"modified":"2024-10-15T23:43:41","modified_gmt":"2024-10-16T05:43:41","slug":"symposium","status":"publish","type":"page","link":"https:\/\/encuentro-tic.anuies.mx\/2024\/symposium\/","title":{"rendered":"SYMPOSIUM"},"content":{"rendered":"<div id=\"pl-12576\"  class=\"panel-layout\" ><div id=\"pg-12576-0\"  class=\"panel-grid panel-has-style\" ><div class=\"siteorigin-panels-stretch panel-row-style panel-row-style-for-12576-0\" data-stretch-type=\"full-width-stretch\" ><div id=\"pgc-12576-0-0\"  class=\"panel-grid-cell\" ><div id=\"panel-12576-0-0-0\" class=\"so-panel widget widget_sow-editor panel-first-child panel-last-child\" data-index=\"0\" ><div\n\t\t\t\n\t\t\tclass=\"so-widget-sow-editor so-widget-sow-editor-base\"\n\t\t\t\n\t\t>\n<div class=\"siteorigin-widget-tinymce textwidget\">\n\t<style>hr {border: 0 ; border-top: 4px double gold; width: 90%;}<\/style>\n<p style=\"text-align: center\"><img loading=\"lazy\" decoding=\"async\" class=\"alignnone wp-image-12982 size-medium\" src=\"https:\/\/encuentro-tic.anuies.mx\/2024\/ctrl-content\/uploads\/sites\/11\/2024\/10\/LOGO-EDITADO-2-300x65.jpg\" alt=\"\" width=\"300\" height=\"65\" srcset=\"https:\/\/encuentro-tic.anuies.mx\/ctrl-content\/uploads\/sites\/11\/2024\/10\/LOGO-EDITADO-2-300x65.jpg 300w, https:\/\/encuentro-tic.anuies.mx\/ctrl-content\/uploads\/sites\/11\/2024\/10\/LOGO-EDITADO-2-768x168.jpg 768w, https:\/\/encuentro-tic.anuies.mx\/ctrl-content\/uploads\/sites\/11\/2024\/10\/LOGO-EDITADO-2.jpg 967w\" sizes=\"auto, (max-width: 300px) 100vw, 300px\" \/><\/p>\n<hr \/>\n<p>&nbsp;<\/p>\n<\/div>\n<\/div><\/div><\/div><\/div><\/div><div id=\"pg-12576-1\"  class=\"panel-grid panel-has-style\" ><div class=\"siteorigin-panels-stretch panel-row-style panel-row-style-for-12576-1\" data-stretch-type=\"full-width-stretch\" ><div id=\"pgc-12576-1-0\"  class=\"panel-grid-cell\" ><div id=\"panel-12576-1-0-0\" class=\"so-panel widget widget_sow-editor panel-first-child\" data-index=\"1\" ><div\n\t\t\t\n\t\t\tclass=\"so-widget-sow-editor so-widget-sow-editor-base\"\n\t\t\t\n\t\t>\n<div class=\"siteorigin-widget-tinymce textwidget\">\n\t<p style=\"text-align: justify\"><span style=\"font-weight: 400;font-size: 16pt\"><a href=\"https:\/\/encuentro-tic.anuies.mx\/2024\/imagen_640x430_01\/\"><img loading=\"lazy\" decoding=\"async\" class=\"wp-image-12984 size-medium alignleft\" src=\"https:\/\/encuentro-tic.anuies.mx\/2024\/ctrl-content\/uploads\/sites\/11\/2024\/10\/Imagen_640x430_01-300x202.jpg\" alt=\"\" width=\"300\" height=\"202\" srcset=\"https:\/\/encuentro-tic.anuies.mx\/ctrl-content\/uploads\/sites\/11\/2024\/10\/Imagen_640x430_01-300x202.jpg 300w, https:\/\/encuentro-tic.anuies.mx\/ctrl-content\/uploads\/sites\/11\/2024\/10\/Imagen_640x430_01-272x182.jpg 272w, https:\/\/encuentro-tic.anuies.mx\/ctrl-content\/uploads\/sites\/11\/2024\/10\/Imagen_640x430_01.jpg 641w\" sizes=\"auto, (max-width: 300px) 100vw, 300px\" \/><\/a><\/span><\/p>\n<p>SYMPOSIUM es la \u00fanica plataforma especializada en la gesti\u00f3n de eventos universitarios.&nbsp;<\/p>\n<p>Desde hace m\u00e1s de 10 a\u00f1os ofrecemos un m\u00e9todo \u00fanico con todas las soluciones necesarias para que la universidad pueda gestionar y difundir todos sus eventos en un entorno centralizado.<\/p>\n<p>SYMPOSIUM ofrece una herramienta v\u00e1lida para todos los eventos y usuarios, tanto docentes como administrativos, y dispone de conectores y APIs para automatizar e integrar los datos de los eventos con las aplicaciones institucionales, CRM, ERP y Business Intelligence con una tarifa plana para un n\u00famero ilimitado de eventos y de usuarios.<\/p>\n<\/div>\n<\/div><\/div><div id=\"panel-12576-1-0-1\" class=\"so-panel widget widget_siteorigin-panels-builder panel-last-child\" data-index=\"2\" ><div class=\"aos-init panel-widget-style panel-widget-style-for-12576-1-0-1\" data-aos=\"fade\" data-aos-duration=\"600\" data-aos-easing=\"linear\" data-aos-anchor-placement=\"top-bottom\" data-aos-once=\"true\" ><div id=\"pl-w670f528db5195\"  class=\"panel-layout\" ><div id=\"pg-w670f528db5195-0\"  class=\"panel-grid panel-no-style\" ><div id=\"pgc-w670f528db5195-0-0\"  class=\"panel-grid-cell\" ><div id=\"panel-w670f528db5195-0-0-0\" class=\"so-panel widget widget_sow-editor panel-first-child panel-last-child\" data-index=\"0\" ><div\n\t\t\t\n\t\t\tclass=\"so-widget-sow-editor so-widget-sow-editor-base\"\n\t\t\t\n\t\t>\n<div class=\"siteorigin-widget-tinymce textwidget\">\n\t<a href=\"https:\/\/encuentro-tic.anuies.mx\/2024\/ctrl-content\/uploads\/sites\/11\/2024\/10\/SYMPOSIUM-Corporativo-24-25.pdf\" class=\"pdfemb-viewer\" style=\"\" data-width=\"max\" data-height=\"max\" data-toolbar=\"bottom\" data-toolbar-fixed=\"off\">SYMPOSIUM Corporativo 24-25<\/a>\n<\/div>\n<\/div><\/div><\/div><div id=\"pgc-w670f528db5195-0-1\"  class=\"panel-grid-cell panel-grid-cell-empty\" ><\/div><div id=\"pgc-w670f528db5195-0-2\"  class=\"panel-grid-cell\" ><div id=\"panel-w670f528db5195-0-2-0\" class=\"so-panel widget widget_media_video panel-first-child panel-last-child\" data-index=\"1\" ><div style=\"width:100%;\" class=\"wp-video\"><!--[if lt IE 9]><script>document.createElement('video');<\/script><![endif]-->\n<video class=\"wp-video-shortcode\" id=\"video-12576-1\" preload=\"metadata\" controls=\"controls\"><source type=\"video\/youtube\" src=\"https:\/\/www.youtube.com\/watch?v=B6S5K9-4vfg&#038;_=1\" \/><a href=\"https:\/\/www.youtube.com\/watch?v=B6S5K9-4vfg\">https:\/\/www.youtube.com\/watch?v=B6S5K9-4vfg<\/a><\/video><\/div><\/div><\/div><\/div><\/div><\/div><\/div><\/div><div id=\"pgc-12576-1-1\"  class=\"panel-grid-cell\" ><div id=\"panel-12576-1-1-0\" class=\"so-panel widget widget_siteorigin-panels-builder panel-first-child\" data-index=\"3\" ><div id=\"pl-w6705bebe161ab\"  class=\"panel-layout\" ><div id=\"pg-w6705bebe161ab-0\"  class=\"panel-grid panel-no-style\" ><div id=\"pgc-w6705bebe161ab-0-0\"  class=\"panel-grid-cell\" ><div id=\"panel-w6705bebe161ab-0-0-0\" class=\"so-panel widget widget_sow-icon panel-first-child panel-last-child\" data-index=\"0\" ><div\n\t\t\t\n\t\t\tclass=\"so-widget-sow-icon so-widget-sow-icon-default-78de98159bee\"\n\t\t\t\n\t\t>\n<div class=\"sow-icon-container sow-icon\">\n\t\t\t<a href=\"https:\/\/www.facebook.com\/symposiumeventos\/\" \n\t\ttarget=\"_blank\" rel=\"noopener noreferrer\"\t\t>\n\t\t\t<span class=\"sow-icon-genericons\" data-sow-icon=\"&#xf203;\"\n\t\t \n\t\taria-hidden=\"true\"><\/span>\t\t\t<\/a>\n\t<\/div>\n<\/div><\/div><\/div><div id=\"pgc-w6705bebe161ab-0-1\"  class=\"panel-grid-cell panel-grid-cell-empty\" ><\/div><div id=\"pgc-w6705bebe161ab-0-2\"  class=\"panel-grid-cell\" ><div id=\"panel-w6705bebe161ab-0-2-0\" class=\"so-panel widget widget_sow-icon panel-first-child panel-last-child\" data-index=\"1\" ><div\n\t\t\t\n\t\t\tclass=\"so-widget-sow-icon so-widget-sow-icon-default-78de98159bee\"\n\t\t\t\n\t\t>\n<div class=\"sow-icon-container sow-icon\">\n\t\t\t<a href=\"https:\/\/x.com\/symposium_es\" \n\t\ttarget=\"_blank\" rel=\"noopener noreferrer\"\t\t>\n\t\t\t<span class=\"sow-icon-genericons\" data-sow-icon=\"&#xf202;\"\n\t\t \n\t\taria-hidden=\"true\"><\/span>\t\t\t<\/a>\n\t<\/div>\n<\/div><\/div><\/div><div id=\"pgc-w6705bebe161ab-0-3\"  class=\"panel-grid-cell panel-grid-cell-empty\" ><\/div><div id=\"pgc-w6705bebe161ab-0-4\"  class=\"panel-grid-cell\" ><div id=\"panel-w6705bebe161ab-0-4-0\" class=\"so-panel widget widget_sow-icon panel-first-child panel-last-child\" data-index=\"2\" ><div\n\t\t\t\n\t\t\tclass=\"so-widget-sow-icon so-widget-sow-icon-default-78de98159bee\"\n\t\t\t\n\t\t>\n<div class=\"sow-icon-container sow-icon\">\n\t\t\t<a href=\"https:\/\/es.linkedin.com\/company\/symposium-by-emagister\" \n\t\ttarget=\"_blank\" rel=\"noopener noreferrer\"\t\t>\n\t\t\t<span class=\"sow-icon-genericons\" data-sow-icon=\"&#xf208;\"\n\t\t \n\t\taria-hidden=\"true\"><\/span>\t\t\t<\/a>\n\t<\/div>\n<\/div><\/div><\/div><\/div><\/div><\/div><div id=\"panel-12576-1-1-1\" class=\"so-panel widget widget_sow-editor panel-last-child\" data-index=\"4\" ><div class=\"panel-widget-style panel-widget-style-for-12576-1-1-1\" ><div\n\t\t\t\n\t\t\tclass=\"so-widget-sow-editor so-widget-sow-editor-base\"\n\t\t\t\n\t\t><h3 class=\"widget-title\">Contacto<\/h3>\n<div class=\"siteorigin-widget-tinymce textwidget\">\n\t<ul style=\"list-style-type: square\">\n<li>Correo - support@symposium.events<\/li>\n<li>Numero - 34 912916332<\/li>\n<li>SitioWeb - https:\/\/symposium.events<\/li>\n<li>Direcci\u00f3n -&nbsp; Avenida Alcalde Barnils, 64<br \/>\n08174 Sant Cugat del Vall\u00e9s<br \/>\nBarcelona Espa\u00f1a<\/li>\n<\/ul>\n<hr \/>\n<\/div>\n<\/div><\/div><\/div><\/div><\/div><\/div><div id=\"pg-12576-2\"  class=\"panel-grid panel-has-style\" ><div class=\"siteorigin-panels-stretch panel-row-style panel-row-style-for-12576-2\" data-stretch-type=\"full-width-stretch\" ><div id=\"pgc-12576-2-0\"  class=\"panel-grid-cell panel-grid-cell-empty\" ><\/div><div id=\"pgc-12576-2-1\"  class=\"panel-grid-cell panel-grid-cell-empty panel-grid-cell-mobile-last\" ><\/div><div id=\"pgc-12576-2-2\"  class=\"panel-grid-cell panel-grid-cell-empty\" ><\/div><\/div><\/div><div id=\"pg-12576-3\"  class=\"panel-grid panel-no-style\" ><div id=\"pgc-12576-3-0\"  class=\"panel-grid-cell\" ><div id=\"panel-12576-3-0-0\" class=\"so-panel widget widget_sow-editor panel-first-child panel-last-child\" data-index=\"5\" ><div\n\t\t\t\n\t\t\tclass=\"so-widget-sow-editor so-widget-sow-editor-base\"\n\t\t\t\n\t\t>\n<div class=\"siteorigin-widget-tinymce textwidget\">\n\t<p style=\"text-align: center;\"><a class=\"fasc-button fasc-size-large fasc-type-flat fasc-rounded-medium fasc-ico-before dashicons-undo\" style=\"background-color: #004b8b; color: #ffffff;\" rel=\"nofollow\" href=\"https:\/\/encuentro-tic.anuies.mx\/2024\/espacio-virtual\/\">Regresar a men\u00fa<\/a><\/p>\n<\/div>\n<\/div><\/div><\/div><\/div><div id=\"pg-12576-4\"  class=\"panel-grid panel-no-style\" ><div id=\"pgc-12576-4-0\"  class=\"panel-grid-cell\" ><div id=\"panel-12576-4-0-0\" class=\"so-panel widget panel-first-child panel-last-child\" data-index=\"6\" ><\/div><\/div><\/div><\/div>","protected":false},"excerpt":{"rendered":"<p>&nbsp; SYMPOSIUM es la \u00fanica plataforma especializada en la gesti\u00f3n de eventos universitarios.&nbsp; Desde hace m\u00e1s de 10 a\u00f1os ofrecemos un m\u00e9todo \u00fanico con todas las soluciones necesarias para que la universidad pueda gestionar y difundir todos sus eventos en un entorno centralizado. SYMPOSIUM ofrece una herramienta v\u00e1lida para todos los eventos y usuarios, tanto&hellip; <br \/> <a class=\"button small blue\" href=\"https:\/\/encuentro-tic.anuies.mx\/2024\/symposium\/\">Leer m\u00e1s<\/a><\/p>\n","protected":false},"author":1,"featured_media":0,"parent":0,"menu_order":0,"comment_status":"closed","ping_status":"closed","template":"","meta":{"_exactmetrics_skip_tracking":false,"_exactmetrics_sitenote_active":false,"_exactmetrics_sitenote_note":"","_exactmetrics_sitenote_category":0,"ngg_post_thumbnail":0,"footnotes":""},"class_list":["post-12576","page","type-page","status-publish","hentry"],"rttpg_featured_image_url":null,"rttpg_author":{"display_name":"ctrlweb","author_link":"https:\/\/encuentro-tic.anuies.mx\/2024\/author\/ctrlweb\/"},"rttpg_comment":0,"rttpg_category":false,"rttpg_excerpt":"&nbsp; SYMPOSIUM es la \u00fanica plataforma especializada en la gesti\u00f3n de eventos universitarios.&nbsp; Desde hace m\u00e1s de 10 a\u00f1os ofrecemos un m\u00e9todo \u00fanico con todas las soluciones necesarias para que la universidad pueda gestionar y difundir todos sus eventos en un entorno centralizado. SYMPOSIUM ofrece una herramienta v\u00e1lida para todos los eventos y usuarios, tanto&hellip;&hellip;","_links":{"self":[{"href":"https:\/\/encuentro-tic.anuies.mx\/2024\/wp-json\/wp\/v2\/pages\/12576","targetHints":{"allow":["GET"]}}],"collection":[{"href":"https:\/\/encuentro-tic.anuies.mx\/2024\/wp-json\/wp\/v2\/pages"}],"about":[{"href":"https:\/\/encuentro-tic.anuies.mx\/2024\/wp-json\/wp\/v2\/types\/page"}],"author":[{"embeddable":true,"href":"https:\/\/encuentro-tic.anuies.mx\/2024\/wp-json\/wp\/v2\/users\/1"}],"replies":[{"embeddable":true,"href":"https:\/\/encuentro-tic.anuies.mx\/2024\/wp-json\/wp\/v2\/comments?post=12576"}],"version-history":[{"count":8,"href":"https:\/\/encuentro-tic.anuies.mx\/2024\/wp-json\/wp\/v2\/pages\/12576\/revisions"}],"predecessor-version":[{"id":13386,"href":"https:\/\/encuentro-tic.anuies.mx\/2024\/wp-json\/wp\/v2\/pages\/12576\/revisions\/13386"}],"wp:attachment":[{"href":"https:\/\/encuentro-tic.anuies.mx\/2024\/wp-json\/wp\/v2\/media?parent=12576"}],"curies":[{"name":"wp","href":"https:\/\/api.w.org\/{rel}","templated":true}]}}