{"id":12532,"date":"2024-10-04T12:39:24","date_gmt":"2024-10-04T18:39:24","guid":{"rendered":"https:\/\/encuentro-tic.anuies.mx\/2024\/?page_id=12532"},"modified":"2024-10-15T23:01:16","modified_gmt":"2024-10-16T05:01:16","slug":"cassa-extreme-networks","status":"publish","type":"page","link":"https:\/\/encuentro-tic.anuies.mx\/2024\/cassa-extreme-networks\/","title":{"rendered":"CASSA \/ EXTREME NETWORKS"},"content":{"rendered":"<div id=\"pl-12532\"  class=\"panel-layout\" ><div id=\"pg-12532-0\"  class=\"panel-grid panel-has-style\" ><div class=\"siteorigin-panels-stretch panel-row-style panel-row-style-for-12532-0\" data-stretch-type=\"full-width-stretch\" ><div id=\"pgc-12532-0-0\"  class=\"panel-grid-cell\" ><div id=\"panel-12532-0-0-0\" class=\"so-panel widget widget_sow-editor panel-first-child panel-last-child\" data-index=\"0\" ><div\n\t\t\t\n\t\t\tclass=\"so-widget-sow-editor so-widget-sow-editor-base\"\n\t\t\t\n\t\t>\n<div class=\"siteorigin-widget-tinymce textwidget\">\n\t<style>hr {border: 0 ; border-top: 4px double gold; width: 90%;}<\/style>\n<p><img loading=\"lazy\" decoding=\"async\" class=\"size-medium wp-image-12892 aligncenter\" src=\"https:\/\/encuentro-tic.anuies.mx\/2024\/ctrl-content\/uploads\/sites\/11\/2024\/10\/Cassa-Extreme-logo-editado-300x42.jpg\" alt=\"Cassa-Extreme-editado\" width=\"300\" height=\"42\" srcset=\"https:\/\/encuentro-tic.anuies.mx\/ctrl-content\/uploads\/sites\/11\/2024\/10\/Cassa-Extreme-logo-editado-300x42.jpg 300w, https:\/\/encuentro-tic.anuies.mx\/ctrl-content\/uploads\/sites\/11\/2024\/10\/Cassa-Extreme-logo-editado.jpg 718w\" sizes=\"auto, (max-width: 300px) 100vw, 300px\" \/><\/p>\n<hr \/>\n<p>&nbsp;<\/p>\n<\/div>\n<\/div><\/div><\/div><\/div><\/div><div id=\"pg-12532-1\"  class=\"panel-grid panel-has-style\" ><div class=\"siteorigin-panels-stretch panel-row-style panel-row-style-for-12532-1\" data-stretch-type=\"full-width-stretch\" ><div id=\"pgc-12532-1-0\"  class=\"panel-grid-cell\" ><div id=\"panel-12532-1-0-0\" class=\"so-panel widget widget_sow-editor panel-first-child\" data-index=\"1\" ><div\n\t\t\t\n\t\t\tclass=\"so-widget-sow-editor so-widget-sow-editor-base\"\n\t\t\t\n\t\t>\n<div class=\"siteorigin-widget-tinymce textwidget\">\n\t<p style=\"text-align: justify\"><span style=\"font-weight: 400;font-size: 16pt\"><img loading=\"lazy\" decoding=\"async\" class=\"wp-image-12893 size-medium alignleft\" src=\"https:\/\/encuentro-tic.anuies.mx\/2024\/ctrl-content\/uploads\/sites\/11\/2024\/10\/imagen_principal_editado-300x201.jpg\" alt=\"\" width=\"300\" height=\"201\" srcset=\"https:\/\/encuentro-tic.anuies.mx\/ctrl-content\/uploads\/sites\/11\/2024\/10\/imagen_principal_editado-300x201.jpg 300w, https:\/\/encuentro-tic.anuies.mx\/ctrl-content\/uploads\/sites\/11\/2024\/10\/imagen_principal_editado-272x182.jpg 272w, https:\/\/encuentro-tic.anuies.mx\/ctrl-content\/uploads\/sites\/11\/2024\/10\/imagen_principal_editado.jpg 402w\" sizes=\"auto, (max-width: 300px) 100vw, 300px\" \/><\/span><\/p>\n<p>Extreme Networks y CASSA \u2013 Computadoras, Accesorios y Sistemas, S. A. de C. V.<\/p>\n<p>Creamos experiencias de red sin esfuerzo que permitan a las organizaciones avanzar en sus iniciativas de transformaci\u00f3n digital. Extreme Networks para el mundo se centra en crear impulsa los l\u00edmites de la tecnolog\u00eda aprovechando el aprendizaje autom\u00e1tico, la inteligencia artificial, el an\u00e1lisis de datos de red y la automatizaci\u00f3n.<\/p>\n<p>Comprometidos a ofrecer soluciones integrales de redes basadas en la nube, confiables y de \u00faltima generaci\u00f3n, que ayuden a nuestros clientes a acelerar sus proyectos de transformaci\u00f3n digital y a proporcionar experiencias excepcionales a sus usuarios.<\/p>\n<p>Superamos los l\u00edmites de la tecnolog\u00eda aprovechando los poderes del aprendizaje autom\u00e1tico, inteligencia artificial, anal\u00edtica y automatizaci\u00f3n. Con experiencia significativa colaborando con universidades y centros educativos en todo el mundo. Brindando soluciones tecnol\u00f3gicas que han sido implementadas en m\u00e1s de 4,500 universidades y 17,000 escuelas.<\/p>\n<p>En CASSA nos especializamos en proporcionar soluciones a la medida en <strong>comunicaciones de voz, datos y videoconferencia, as\u00ed como en la administraci\u00f3n y seguridad de redes<\/strong>. Nuestra amplia experiencia nos ha permitido colaborar exitosamente con una variedad de clientes, incluyendo corporativos y empresas privadas de diversos sectores, el sector gubernamental, y universidades e instituciones educativas.<\/p>\n<p>Analizamos sus necesidades, y de manera conjunta, buscamos soluciones con marcas l\u00edderes en el mercado c\u00f3mo Extreme Networks que se preocupa por conectar a las empresas. Los beneficios de nuestros servicios van desde financieros, tecnol\u00f3gicos y estrat\u00e9gicos.<\/p>\n<p style=\"text-align: center\">&nbsp;<\/p>\n<p style=\"text-align: justify\">&nbsp;<\/p>\n<\/div>\n<\/div><\/div><div id=\"panel-12532-1-0-1\" class=\"so-panel widget widget_siteorigin-panels-builder panel-last-child\" data-index=\"2\" ><div class=\"aos-init panel-widget-style panel-widget-style-for-12532-1-0-1\" data-aos=\"fade\" data-aos-duration=\"600\" data-aos-easing=\"linear\" data-aos-anchor-placement=\"top-bottom\" data-aos-once=\"true\" ><div id=\"pl-w670f489c235b8\"  class=\"panel-layout\" ><div id=\"pg-w670f489c235b8-0\"  class=\"panel-grid panel-no-style\" ><div id=\"pgc-w670f489c235b8-0-0\"  class=\"panel-grid-cell panel-grid-cell-empty\" ><\/div><div id=\"pgc-w670f489c235b8-0-1\"  class=\"panel-grid-cell\" ><div id=\"panel-w670f489c235b8-0-1-0\" class=\"so-panel widget widget_media_video panel-first-child panel-last-child\" data-index=\"0\" ><div style=\"width:100%;\" class=\"wp-video\"><!--[if lt IE 9]><script>document.createElement('video');<\/script><![endif]-->\n<video class=\"wp-video-shortcode\" id=\"video-12532-1\" preload=\"metadata\" controls=\"controls\"><source type=\"video\/youtube\" src=\"https:\/\/youtu.be\/Yj_Up6KCQd4?_=1\" \/><a href=\"https:\/\/youtu.be\/Yj_Up6KCQd4\">https:\/\/youtu.be\/Yj_Up6KCQd4<\/a><\/video><\/div><\/div><\/div><div id=\"pgc-w670f489c235b8-0-2\"  class=\"panel-grid-cell\" ><div id=\"panel-w670f489c235b8-0-2-0\" class=\"so-panel widget widget_sow-editor panel-first-child panel-last-child\" data-index=\"1\" ><div\n\t\t\t\n\t\t\tclass=\"so-widget-sow-editor so-widget-sow-editor-base\"\n\t\t\t\n\t\t>\n<div class=\"siteorigin-widget-tinymce textwidget\">\n\t<\/div>\n<\/div><\/div><\/div><\/div><\/div><\/div><\/div><\/div><div id=\"pgc-12532-1-1\"  class=\"panel-grid-cell\" ><div id=\"panel-12532-1-1-0\" class=\"so-panel widget widget_siteorigin-panels-builder panel-first-child\" data-index=\"3\" ><div id=\"pl-w67047c115b204\"  class=\"panel-layout\" ><div id=\"pg-w67047c115b204-0\"  class=\"panel-grid panel-no-style\" ><div id=\"pgc-w67047c115b204-0-0\"  class=\"panel-grid-cell\" ><div id=\"panel-w67047c115b204-0-0-0\" class=\"so-panel widget widget_sow-icon panel-first-child panel-last-child\" data-index=\"0\" ><div\n\t\t\t\n\t\t\tclass=\"so-widget-sow-icon so-widget-sow-icon-default-78de98159bee\"\n\t\t\t\n\t\t>\n<div class=\"sow-icon-container sow-icon\">\n\t\t\t<a href=\"https:\/\/www.facebook.com\/cassa.com.mx\" \n\t\ttarget=\"_blank\" rel=\"noopener noreferrer\"\t\t>\n\t\t\t<span class=\"sow-icon-genericons\" data-sow-icon=\"&#xf203;\"\n\t\t title=\"CASSA\"\n\t\taria-hidden=\"true\"><\/span>\t\t\t<\/a>\n\t<\/div>\n<\/div><\/div><\/div><div id=\"pgc-w67047c115b204-0-1\"  class=\"panel-grid-cell\" ><div id=\"panel-w67047c115b204-0-1-0\" class=\"so-panel widget widget_sow-icon panel-first-child panel-last-child\" data-index=\"1\" ><div\n\t\t\t\n\t\t\tclass=\"so-widget-sow-icon so-widget-sow-icon-default-78de98159bee\"\n\t\t\t\n\t\t>\n<div class=\"sow-icon-container sow-icon\">\n\t\t\t<a href=\"https:\/\/www.linkedin.com\/company\/cassati\" \n\t\ttarget=\"_blank\" rel=\"noopener noreferrer\"\t\t>\n\t\t\t<span class=\"sow-icon-genericons\" data-sow-icon=\"&#xf208;\"\n\t\t title=\"CASSA\"\n\t\taria-hidden=\"true\"><\/span>\t\t\t<\/a>\n\t<\/div>\n<\/div><\/div><\/div><div id=\"pgc-w67047c115b204-0-2\"  class=\"panel-grid-cell\" ><div id=\"panel-w67047c115b204-0-2-0\" class=\"so-panel widget widget_sow-icon panel-first-child panel-last-child\" data-index=\"2\" ><div\n\t\t\t\n\t\t\tclass=\"so-widget-sow-icon so-widget-sow-icon-default-78de98159bee\"\n\t\t\t\n\t\t>\n<div class=\"sow-icon-container sow-icon\">\n\t\t\t<a href=\"https:\/\/www.youtube.com\/@Cassa-IT\" \n\t\ttarget=\"_blank\" rel=\"noopener noreferrer\"\t\t>\n\t\t\t<span class=\"sow-icon-genericons\" data-sow-icon=\"&#xf213;\"\n\t\t title=\"CASSA\"\n\t\taria-hidden=\"true\"><\/span>\t\t\t<\/a>\n\t<\/div>\n<\/div><\/div><\/div><div id=\"pgc-w67047c115b204-0-3\"  class=\"panel-grid-cell panel-grid-cell-empty panel-grid-cell-mobile-last\" ><\/div><div id=\"pgc-w67047c115b204-0-4\"  class=\"panel-grid-cell panel-grid-cell-empty\" ><\/div><\/div><\/div><\/div><div id=\"panel-12532-1-1-1\" class=\"so-panel widget widget_sow-editor\" data-index=\"4\" ><div class=\"panel-widget-style panel-widget-style-for-12532-1-1-1\" ><div\n\t\t\t\n\t\t\tclass=\"so-widget-sow-editor so-widget-sow-editor-base\"\n\t\t\t\n\t\t><h3 class=\"widget-title\">Contacto<\/h3>\n<div class=\"siteorigin-widget-tinymce textwidget\">\n\t<ul style=\"list-style-type: square\">\n<li>Correo - contacto@cassa.com.mx<\/li>\n<li>Correo - eramirez@cassa.com.mx&nbsp;<\/li>\n<li>Numero - +52-555-534-5080<\/li>\n<li>WhatsApp - +52 558025-6986<\/li>\n<li><span style=\"font-size: 18px;font-style: inherit\">SitioWeb - www.cassa.com.mx<\/span><\/li>\n<\/ul>\n<hr \/>\n<\/div>\n<\/div><\/div><\/div><div id=\"panel-12532-1-1-2\" class=\"so-panel widget widget_sow-editor panel-last-child\" data-index=\"5\" ><div\n\t\t\t\n\t\t\tclass=\"so-widget-sow-editor so-widget-sow-editor-base\"\n\t\t\t\n\t\t>\n<div class=\"siteorigin-widget-tinymce textwidget\">\n\t<\/div>\n<\/div><\/div><\/div><\/div><\/div><div id=\"pg-12532-2\"  class=\"panel-grid panel-has-style\" ><div class=\"siteorigin-panels-stretch panel-row-style panel-row-style-for-12532-2\" data-stretch-type=\"full-width-stretch\" ><div id=\"pgc-12532-2-0\"  class=\"panel-grid-cell panel-grid-cell-empty\" ><\/div><div id=\"pgc-12532-2-1\"  class=\"panel-grid-cell panel-grid-cell-empty panel-grid-cell-mobile-last\" ><\/div><div id=\"pgc-12532-2-2\"  class=\"panel-grid-cell panel-grid-cell-empty\" ><\/div><\/div><\/div><div id=\"pg-12532-3\"  class=\"panel-grid panel-no-style\" ><div id=\"pgc-12532-3-0\"  class=\"panel-grid-cell\" ><div id=\"panel-12532-3-0-0\" class=\"so-panel widget widget_sow-editor panel-first-child panel-last-child\" data-index=\"6\" ><div\n\t\t\t\n\t\t\tclass=\"so-widget-sow-editor so-widget-sow-editor-base\"\n\t\t\t\n\t\t>\n<div class=\"siteorigin-widget-tinymce textwidget\">\n\t<p style=\"text-align: center;\"><a class=\"fasc-button fasc-size-large fasc-type-flat fasc-rounded-medium fasc-ico-before dashicons-undo\" style=\"background-color: #004b8b; color: #ffffff;\" rel=\"nofollow\" href=\"https:\/\/encuentro-tic.anuies.mx\/2024\/espacio-virtual\/\">Regresar a men\u00fa<\/a><\/p>\n<\/div>\n<\/div><\/div><\/div><\/div><div id=\"pg-12532-4\"  class=\"panel-grid panel-no-style\" ><div id=\"pgc-12532-4-0\"  class=\"panel-grid-cell\" ><div id=\"panel-12532-4-0-0\" class=\"so-panel widget panel-first-child panel-last-child\" data-index=\"7\" ><\/div><\/div><\/div><\/div>","protected":false},"excerpt":{"rendered":"<p>&nbsp; Extreme Networks y CASSA \u2013 Computadoras, Accesorios y Sistemas, S. A. de C. V. Creamos experiencias de red sin esfuerzo que permitan a las organizaciones avanzar en sus iniciativas de transformaci\u00f3n digital. Extreme Networks para el mundo se centra en crear impulsa los l\u00edmites de la tecnolog\u00eda aprovechando el aprendizaje autom\u00e1tico, la inteligencia artificial,&hellip; <br \/> <a class=\"button small blue\" href=\"https:\/\/encuentro-tic.anuies.mx\/2024\/cassa-extreme-networks\/\">Leer m\u00e1s<\/a><\/p>\n","protected":false},"author":1,"featured_media":0,"parent":0,"menu_order":0,"comment_status":"closed","ping_status":"closed","template":"","meta":{"_exactmetrics_skip_tracking":false,"_exactmetrics_sitenote_active":false,"_exactmetrics_sitenote_note":"","_exactmetrics_sitenote_category":0,"ngg_post_thumbnail":0,"footnotes":""},"class_list":["post-12532","page","type-page","status-publish","hentry"],"rttpg_featured_image_url":null,"rttpg_author":{"display_name":"ctrlweb","author_link":"https:\/\/encuentro-tic.anuies.mx\/2024\/author\/ctrlweb\/"},"rttpg_comment":0,"rttpg_category":false,"rttpg_excerpt":"&nbsp; Extreme Networks y CASSA \u2013 Computadoras, Accesorios y Sistemas, S. A. de C. V. Creamos experiencias de red sin esfuerzo que permitan a las organizaciones avanzar en sus iniciativas de transformaci\u00f3n digital. Extreme Networks para el mundo se centra en crear impulsa los l\u00edmites de la tecnolog\u00eda aprovechando el aprendizaje autom\u00e1tico, la inteligencia artificial,&hellip;&hellip;","_links":{"self":[{"href":"https:\/\/encuentro-tic.anuies.mx\/2024\/wp-json\/wp\/v2\/pages\/12532","targetHints":{"allow":["GET"]}}],"collection":[{"href":"https:\/\/encuentro-tic.anuies.mx\/2024\/wp-json\/wp\/v2\/pages"}],"about":[{"href":"https:\/\/encuentro-tic.anuies.mx\/2024\/wp-json\/wp\/v2\/types\/page"}],"author":[{"embeddable":true,"href":"https:\/\/encuentro-tic.anuies.mx\/2024\/wp-json\/wp\/v2\/users\/1"}],"replies":[{"embeddable":true,"href":"https:\/\/encuentro-tic.anuies.mx\/2024\/wp-json\/wp\/v2\/comments?post=12532"}],"version-history":[{"count":4,"href":"https:\/\/encuentro-tic.anuies.mx\/2024\/wp-json\/wp\/v2\/pages\/12532\/revisions"}],"predecessor-version":[{"id":13383,"href":"https:\/\/encuentro-tic.anuies.mx\/2024\/wp-json\/wp\/v2\/pages\/12532\/revisions\/13383"}],"wp:attachment":[{"href":"https:\/\/encuentro-tic.anuies.mx\/2024\/wp-json\/wp\/v2\/media?parent=12532"}],"curies":[{"name":"wp","href":"https:\/\/api.w.org\/{rel}","templated":true}]}}