{"id":12516,"date":"2024-10-04T13:15:18","date_gmt":"2024-10-04T19:15:18","guid":{"rendered":"https:\/\/encuentro-tic.anuies.mx\/2024\/?page_id=12516"},"modified":"2024-10-15T23:58:29","modified_gmt":"2024-10-16T05:58:29","slug":"unir-2024","status":"publish","type":"page","link":"https:\/\/encuentro-tic.anuies.mx\/2024\/unir-2024\/","title":{"rendered":"UNIR"},"content":{"rendered":"<div id=\"pl-12516\"  class=\"panel-layout\" ><div id=\"pg-12516-0\"  class=\"panel-grid panel-has-style\" ><div class=\"siteorigin-panels-stretch panel-row-style panel-row-style-for-12516-0\" data-stretch-type=\"full-width-stretch\" ><div id=\"pgc-12516-0-0\"  class=\"panel-grid-cell\" ><div id=\"panel-12516-0-0-0\" class=\"so-panel widget widget_sow-editor panel-first-child panel-last-child\" data-index=\"0\" ><div\n\t\t\t\n\t\t\tclass=\"so-widget-sow-editor so-widget-sow-editor-base\"\n\t\t\t\n\t\t>\n<div class=\"siteorigin-widget-tinymce textwidget\">\n\t<style>hr {border: 0 ; border-top: 4px double gold; width: 90%;}<\/style>\n<p style=\"text-align: center\"><img loading=\"lazy\" decoding=\"async\" class=\"alignnone wp-image-12972 size-medium\" src=\"https:\/\/encuentro-tic.anuies.mx\/2024\/ctrl-content\/uploads\/sites\/11\/2024\/10\/Sin-titulo-1-300x65.jpg\" alt=\"\" width=\"300\" height=\"65\" srcset=\"https:\/\/encuentro-tic.anuies.mx\/ctrl-content\/uploads\/sites\/11\/2024\/10\/Sin-titulo-1-300x65.jpg 300w, https:\/\/encuentro-tic.anuies.mx\/ctrl-content\/uploads\/sites\/11\/2024\/10\/Sin-titulo-1.jpg 636w\" sizes=\"auto, (max-width: 300px) 100vw, 300px\" \/><\/p>\n<hr \/>\n<p>&nbsp;<\/p>\n<\/div>\n<\/div><\/div><\/div><\/div><\/div><div id=\"pg-12516-1\"  class=\"panel-grid panel-has-style\" ><div class=\"siteorigin-panels-stretch panel-row-style panel-row-style-for-12516-1\" data-stretch-type=\"full-width-stretch\" ><div id=\"pgc-12516-1-0\"  class=\"panel-grid-cell\" ><div id=\"panel-12516-1-0-0\" class=\"so-panel widget widget_sow-editor panel-first-child\" data-index=\"1\" ><div\n\t\t\t\n\t\t\tclass=\"so-widget-sow-editor so-widget-sow-editor-base\"\n\t\t\t\n\t\t>\n<div class=\"siteorigin-widget-tinymce textwidget\">\n\t<p><span style=\"font-weight: 400;font-size: 16pt\"><img loading=\"lazy\" decoding=\"async\" class=\"wp-image-12975 size-medium alignleft\" src=\"https:\/\/encuentro-tic.anuies.mx\/2024\/ctrl-content\/uploads\/sites\/11\/2024\/10\/unir.img_emp03-300x200.jpg\" alt=\"\" width=\"300\" height=\"200\" srcset=\"https:\/\/encuentro-tic.anuies.mx\/ctrl-content\/uploads\/sites\/11\/2024\/10\/unir.img_emp03-300x200.jpg 300w, https:\/\/encuentro-tic.anuies.mx\/ctrl-content\/uploads\/sites\/11\/2024\/10\/unir.img_emp03-1024x681.jpg 1024w, https:\/\/encuentro-tic.anuies.mx\/ctrl-content\/uploads\/sites\/11\/2024\/10\/unir.img_emp03-768x511.jpg 768w, https:\/\/encuentro-tic.anuies.mx\/ctrl-content\/uploads\/sites\/11\/2024\/10\/unir.img_emp03-1536x1022.jpg 1536w, https:\/\/encuentro-tic.anuies.mx\/ctrl-content\/uploads\/sites\/11\/2024\/10\/unir.img_emp03-2048x1363.jpg 2048w, https:\/\/encuentro-tic.anuies.mx\/ctrl-content\/uploads\/sites\/11\/2024\/10\/unir.img_emp03-1623x1080.jpg 1623w, https:\/\/encuentro-tic.anuies.mx\/ctrl-content\/uploads\/sites\/11\/2024\/10\/unir.img_emp03-272x182.jpg 272w\" sizes=\"auto, (max-width: 300px) 100vw, 300px\" \/><\/span><strong>UNIR M\u00e9xico te prepara para tu futuro profesional \u00a1Elige ser m\u00e1s!<br \/>\n<\/strong><strong>Maestr\u00edas y Licenciaturas 100% en L\u00ednea<\/strong><\/p>\n<p style=\"text-align: left\"><strong>La primera Universidad en l\u00ednea de M\u00e9xico con calidad europea<\/strong><\/p>\n<p style=\"text-align: left\"><strong>UNIR en M\u00e9xico<\/strong> forma parte del <strong>Grupo Acad\u00e9mico PROEDUCA<\/strong>, La Universidad Internacional de La Rioja, l\u00edder en formaci\u00f3n en l\u00ednea en Europa que se ha consolidado como soluci\u00f3n educativa para miles de personas en todo el mundo.&nbsp; &nbsp;<br \/>\n<strong>UNIR en M\u00e9xico<\/strong> es una Universidad de car\u00e1cter privado ante la Secretar\u00eda de Educaci\u00f3n P\u00fablica (SEP) en el a\u00f1o 2013.<\/p>\n<p style=\"text-align: left\">&nbsp;&nbsp;&nbsp;&nbsp;&nbsp;&nbsp;&nbsp;<\/p>\n<p style=\"text-align: left\">Su oferta acad\u00e9mica cuenta con planes de estudio de Licenciatura y Maestr\u00eda, verificados por la Secretar\u00eda de Educaci\u00f3n P\u00fablica (SEP).<\/p>\n<p style=\"text-align: left\"><strong>UNIR en M\u00e9xico<\/strong> dispone de una oferta formativa que abarca todos los niveles de Educaci\u00f3n Superior en las principales ramas de conocimiento como: Econom\u00eda y Negocios, Educaci\u00f3n, Comunicaci\u00f3n y Mercadotecnia, Ciencias de la Salud, Derecho, Humanidades y Arte e Ingenier\u00eda especializadas en: dise\u00f1o, industria y tecnolog\u00edas de la informaci\u00f3n.<\/p>\n<p style=\"text-align: left\"><strong>Ventajas de estudiar en UNIR M\u00e9xico:<\/strong><\/p>\n<ul>\n<li style=\"text-align: left\">Formaci\u00f3n 100% en l\u00ednea<\/li>\n<li style=\"text-align: left\">Calidad Universitaria Europea<\/li>\n<li style=\"text-align: left\">Docentes y expertos con reconocimiento profesional y acad\u00e9mico<\/li>\n<li style=\"text-align: left\">Atenci\u00f3n personalizada en l\u00ednea<\/li>\n<li style=\"text-align: left\">Tutores personales a tu disposici\u00f3n<\/li>\n<li style=\"text-align: left\">Ex\u00e1menes en l\u00ednea<\/li>\n<li style=\"text-align: left\">Mensualidades sin intereses<\/li>\n<li style=\"text-align: left\">Becas de excelencia<\/li>\n<\/ul>\n<\/div>\n<\/div><\/div><div id=\"panel-12516-1-0-1\" class=\"so-panel widget widget_siteorigin-panels-builder panel-last-child\" data-index=\"2\" ><div class=\"aos-init panel-widget-style panel-widget-style-for-12516-1-0-1\" data-aos=\"fade\" data-aos-duration=\"600\" data-aos-easing=\"linear\" data-aos-anchor-placement=\"top-bottom\" data-aos-once=\"true\" ><div id=\"pl-w670f560582613\"  class=\"panel-layout\" ><div id=\"pg-w670f560582613-0\"  class=\"panel-grid panel-no-style\" ><div id=\"pgc-w670f560582613-0-0\"  class=\"panel-grid-cell\" ><div id=\"panel-w670f560582613-0-0-0\" class=\"so-panel widget widget_sow-editor panel-first-child panel-last-child\" data-index=\"0\" ><div\n\t\t\t\n\t\t\tclass=\"so-widget-sow-editor so-widget-sow-editor-base\"\n\t\t\t\n\t\t>\n<div class=\"siteorigin-widget-tinymce textwidget\">\n\t<p style=\"text-align: center\"><span style=\"font-weight: 400;font-size: 14pt\"><a href=\"https:\/\/estudiar.unir.net\/mx\/mx-gen-ma-gene-maestrias-licenciaturas-sep\/?utm_source=colectivos&amp;utm_medium=off&amp;utm_content=pdf&amp;utm_campaign=colectivosunirmx_mxpdfconvenio_ANUIES_TIC_off\"><img loading=\"lazy\" decoding=\"async\" class=\"alignnone wp-image-12977 size-full\" src=\"https:\/\/encuentro-tic.anuies.mx\/2024\/ctrl-content\/uploads\/sites\/11\/2024\/10\/UNIR_FOLLETO_72dpi.png\" alt=\"\" width=\"500\" height=\"720\" srcset=\"https:\/\/encuentro-tic.anuies.mx\/ctrl-content\/uploads\/sites\/11\/2024\/10\/UNIR_FOLLETO_72dpi.png 500w, https:\/\/encuentro-tic.anuies.mx\/ctrl-content\/uploads\/sites\/11\/2024\/10\/UNIR_FOLLETO_72dpi-208x300.png 208w\" sizes=\"auto, (max-width: 500px) 100vw, 500px\" \/><\/a><\/span><\/p>\n<\/div>\n<\/div><\/div><\/div><div id=\"pgc-w670f560582613-0-1\"  class=\"panel-grid-cell panel-grid-cell-empty\" ><\/div><div id=\"pgc-w670f560582613-0-2\"  class=\"panel-grid-cell\" ><div id=\"panel-w670f560582613-0-2-0\" class=\"so-panel widget widget_sow-editor panel-first-child panel-last-child\" data-index=\"1\" ><div\n\t\t\t\n\t\t\tclass=\"so-widget-sow-editor so-widget-sow-editor-base\"\n\t\t\t\n\t\t>\n<div class=\"siteorigin-widget-tinymce textwidget\">\n\t<p><a href=\"https:\/\/estudiar.unir.net\/mx\/mx-gen-ma-gene-maestrias-licenciaturas-sep\/?utm_source=colectivos&amp;utm_medium=off&amp;utm_content=pdf&amp;utm_campaign=colectivosunirmx_mxpdfconvenio_ANUIES_TIC_off\"><img loading=\"lazy\" decoding=\"async\" class=\"alignnone wp-image-12976 size-full\" src=\"https:\/\/encuentro-tic.anuies.mx\/2024\/ctrl-content\/uploads\/sites\/11\/2024\/10\/UNIR_FOLLETO_G_OFERTA_C_72dpi.png\" alt=\"\" width=\"500\" height=\"720\" srcset=\"https:\/\/encuentro-tic.anuies.mx\/ctrl-content\/uploads\/sites\/11\/2024\/10\/UNIR_FOLLETO_G_OFERTA_C_72dpi.png 500w, https:\/\/encuentro-tic.anuies.mx\/ctrl-content\/uploads\/sites\/11\/2024\/10\/UNIR_FOLLETO_G_OFERTA_C_72dpi-208x300.png 208w\" sizes=\"auto, (max-width: 500px) 100vw, 500px\" \/><\/a><\/p>\n<\/div>\n<\/div><\/div><\/div><\/div><\/div><\/div><\/div><\/div><div id=\"pgc-12516-1-1\"  class=\"panel-grid-cell\" ><div id=\"panel-12516-1-1-0\" class=\"so-panel widget widget_siteorigin-panels-builder panel-first-child\" data-index=\"3\" ><div id=\"pl-w6705b71a1b18f\"  class=\"panel-layout\" ><div id=\"pg-w6705b71a1b18f-0\"  class=\"panel-grid panel-no-style\" ><div id=\"pgc-w6705b71a1b18f-0-0\"  class=\"panel-grid-cell\" ><div id=\"panel-w6705b71a1b18f-0-0-0\" class=\"so-panel widget widget_sow-icon panel-first-child panel-last-child\" data-index=\"0\" ><div\n\t\t\t\n\t\t\tclass=\"so-widget-sow-icon so-widget-sow-icon-default-78de98159bee\"\n\t\t\t\n\t\t>\n<div class=\"sow-icon-container sow-icon\">\n\t\t\t<a href=\"https:\/\/www.facebook.com\/UNIRMexico\/\" \n\t\ttarget=\"_blank\" rel=\"noopener noreferrer\"\t\t>\n\t\t\t<span class=\"sow-icon-genericons\" data-sow-icon=\"&#xf203;\"\n\t\t \n\t\taria-hidden=\"true\"><\/span>\t\t\t<\/a>\n\t<\/div>\n<\/div><\/div><\/div><div id=\"pgc-w6705b71a1b18f-0-1\"  class=\"panel-grid-cell\" ><div id=\"panel-w6705b71a1b18f-0-1-0\" class=\"so-panel widget widget_sow-icon panel-first-child panel-last-child\" data-index=\"1\" ><div\n\t\t\t\n\t\t\tclass=\"so-widget-sow-icon so-widget-sow-icon-default-78de98159bee\"\n\t\t\t\n\t\t>\n<div class=\"sow-icon-container sow-icon\">\n\t\t\t<a href=\"https:\/\/www.instagram.com\/unir_mexico\/\" \n\t\ttarget=\"_blank\" rel=\"noopener noreferrer\"\t\t>\n\t\t\t<span class=\"sow-icon-genericons\" data-sow-icon=\"&#xf215;\"\n\t\t \n\t\taria-hidden=\"true\"><\/span>\t\t\t<\/a>\n\t<\/div>\n<\/div><\/div><\/div><div id=\"pgc-w6705b71a1b18f-0-2\"  class=\"panel-grid-cell\" ><div id=\"panel-w6705b71a1b18f-0-2-0\" class=\"so-panel widget widget_sow-icon panel-first-child panel-last-child\" data-index=\"2\" ><div\n\t\t\t\n\t\t\tclass=\"so-widget-sow-icon so-widget-sow-icon-default-78de98159bee\"\n\t\t\t\n\t\t>\n<div class=\"sow-icon-container sow-icon\">\n\t\t\t<a href=\"https:\/\/x.com\/UNIR_Mexico\" \n\t\ttarget=\"_blank\" rel=\"noopener noreferrer\"\t\t>\n\t\t\t<span class=\"sow-icon-genericons\" data-sow-icon=\"&#xf202;\"\n\t\t \n\t\taria-hidden=\"true\"><\/span>\t\t\t<\/a>\n\t<\/div>\n<\/div><\/div><\/div><div id=\"pgc-w6705b71a1b18f-0-3\"  class=\"panel-grid-cell\" ><div id=\"panel-w6705b71a1b18f-0-3-0\" class=\"so-panel widget widget_sow-icon panel-first-child panel-last-child\" data-index=\"3\" ><div\n\t\t\t\n\t\t\tclass=\"so-widget-sow-icon so-widget-sow-icon-default-78de98159bee\"\n\t\t\t\n\t\t>\n<div class=\"sow-icon-container sow-icon\">\n\t\t\t<a href=\"https:\/\/www.linkedin.com\/school\/unir-la-universidad-en-internet-de-mexico\/\" \n\t\ttarget=\"_blank\" rel=\"noopener noreferrer\"\t\t>\n\t\t\t<span class=\"sow-icon-genericons\" data-sow-icon=\"&#xf208;\"\n\t\t \n\t\taria-hidden=\"true\"><\/span>\t\t\t<\/a>\n\t<\/div>\n<\/div><\/div><\/div><div id=\"pgc-w6705b71a1b18f-0-4\"  class=\"panel-grid-cell\" ><div id=\"panel-w6705b71a1b18f-0-4-0\" class=\"so-panel widget widget_sow-icon panel-first-child panel-last-child\" data-index=\"4\" ><div\n\t\t\t\n\t\t\tclass=\"so-widget-sow-icon so-widget-sow-icon-default-78de98159bee\"\n\t\t\t\n\t\t>\n<div class=\"sow-icon-container sow-icon\">\n\t\t\t<span class=\"sow-icon-genericons\" data-sow-icon=\"&#xf213;\"\n\t\t \n\t\taria-hidden=\"true\"><\/span>\t<\/div>\n<\/div><\/div><\/div><\/div><\/div><\/div><div id=\"panel-12516-1-1-1\" class=\"so-panel widget widget_sow-editor panel-last-child\" data-index=\"4\" ><div class=\"panel-widget-style panel-widget-style-for-12516-1-1-1\" ><div\n\t\t\t\n\t\t\tclass=\"so-widget-sow-editor so-widget-sow-editor-base\"\n\t\t\t\n\t\t><h3 class=\"widget-title\">Contacto<\/h3>\n<div class=\"siteorigin-widget-tinymce textwidget\">\n\t<ul style=\"list-style-type: square\">\n<li>Correo - daniela.morales@unir.net<\/li>\n<li>Numero - (+52) 56 20 02 19 44<\/li>\n<li>WhatsApp - 56 20 02 19 44<\/li>\n<li>Nombre - Daniela Morales Santillana<\/li>\n<li>Puesto - Subdirectora de Relaciones Institucionales<\/li>\n<li>\u00c1rea - Departamento de Relaciones Institucionales<\/li>\n<\/ul>\n<hr \/>\n<\/div>\n<\/div><\/div><\/div><\/div><\/div><\/div><div id=\"pg-12516-2\"  class=\"panel-grid panel-has-style\" ><div class=\"siteorigin-panels-stretch panel-row-style panel-row-style-for-12516-2\" data-stretch-type=\"full-width-stretch\" ><div id=\"pgc-12516-2-0\"  class=\"panel-grid-cell panel-grid-cell-empty\" ><\/div><div id=\"pgc-12516-2-1\"  class=\"panel-grid-cell panel-grid-cell-mobile-last\" ><div id=\"panel-12516-2-1-0\" class=\"so-panel widget widget_media_video panel-first-child panel-last-child\" data-index=\"5\" ><div style=\"width:100%;\" class=\"wp-video\"><!--[if lt IE 9]><script>document.createElement('video');<\/script><![endif]-->\n<video class=\"wp-video-shortcode\" id=\"video-12516-1\" preload=\"metadata\" controls=\"controls\"><source type=\"video\/youtube\" src=\"https:\/\/youtu.be\/q55NE54ce3w?_=1\" \/><a href=\"https:\/\/youtu.be\/q55NE54ce3w\">https:\/\/youtu.be\/q55NE54ce3w<\/a><\/video><\/div><\/div><\/div><div id=\"pgc-12516-2-2\"  class=\"panel-grid-cell panel-grid-cell-empty\" ><\/div><\/div><\/div><div id=\"pg-12516-3\"  class=\"panel-grid panel-no-style\" ><div id=\"pgc-12516-3-0\"  class=\"panel-grid-cell\" ><div id=\"panel-12516-3-0-0\" class=\"so-panel widget widget_sow-editor panel-first-child panel-last-child\" data-index=\"6\" ><div\n\t\t\t\n\t\t\tclass=\"so-widget-sow-editor so-widget-sow-editor-base\"\n\t\t\t\n\t\t>\n<div class=\"siteorigin-widget-tinymce textwidget\">\n\t<p style=\"text-align: center;\"><a class=\"fasc-button fasc-size-large fasc-type-flat fasc-rounded-medium fasc-ico-before dashicons-undo\" style=\"background-color: #004b8b; color: #ffffff;\" rel=\"nofollow\" href=\"https:\/\/encuentro-tic.anuies.mx\/2024\/espacio-virtual\/\">Regresar a men\u00fa<\/a><\/p>\n<\/div>\n<\/div><\/div><\/div><\/div><div id=\"pg-12516-4\"  class=\"panel-grid panel-no-style\" ><div id=\"pgc-12516-4-0\"  class=\"panel-grid-cell\" ><div id=\"panel-12516-4-0-0\" class=\"so-panel widget panel-first-child panel-last-child\" data-index=\"7\" ><\/div><\/div><\/div><\/div>","protected":false},"excerpt":{"rendered":"<p>&nbsp; UNIR M\u00e9xico te prepara para tu futuro profesional \u00a1Elige ser m\u00e1s! Maestr\u00edas y Licenciaturas 100% en L\u00ednea La primera Universidad en l\u00ednea de M\u00e9xico con calidad europea UNIR en M\u00e9xico forma parte del Grupo Acad\u00e9mico PROEDUCA, La Universidad Internacional de La Rioja, l\u00edder en formaci\u00f3n en l\u00ednea en Europa que se ha consolidado como&hellip; <br \/> <a class=\"button small blue\" href=\"https:\/\/encuentro-tic.anuies.mx\/2024\/unir-2024\/\">Leer m\u00e1s<\/a><\/p>\n","protected":false},"author":1,"featured_media":0,"parent":0,"menu_order":0,"comment_status":"closed","ping_status":"closed","template":"","meta":{"_exactmetrics_skip_tracking":false,"_exactmetrics_sitenote_active":false,"_exactmetrics_sitenote_note":"","_exactmetrics_sitenote_category":0,"ngg_post_thumbnail":0,"footnotes":""},"class_list":["post-12516","page","type-page","status-publish","hentry"],"rttpg_featured_image_url":null,"rttpg_author":{"display_name":"ctrlweb","author_link":"https:\/\/encuentro-tic.anuies.mx\/2024\/author\/ctrlweb\/"},"rttpg_comment":0,"rttpg_category":false,"rttpg_excerpt":"&nbsp; UNIR M\u00e9xico te prepara para tu futuro profesional \u00a1Elige ser m\u00e1s! Maestr\u00edas y Licenciaturas 100% en L\u00ednea La primera Universidad en l\u00ednea de M\u00e9xico con calidad europea UNIR en M\u00e9xico forma parte del Grupo Acad\u00e9mico PROEDUCA, La Universidad Internacional de La Rioja, l\u00edder en formaci\u00f3n en l\u00ednea en Europa que se ha consolidado como&hellip;&hellip;","_links":{"self":[{"href":"https:\/\/encuentro-tic.anuies.mx\/2024\/wp-json\/wp\/v2\/pages\/12516","targetHints":{"allow":["GET"]}}],"collection":[{"href":"https:\/\/encuentro-tic.anuies.mx\/2024\/wp-json\/wp\/v2\/pages"}],"about":[{"href":"https:\/\/encuentro-tic.anuies.mx\/2024\/wp-json\/wp\/v2\/types\/page"}],"author":[{"embeddable":true,"href":"https:\/\/encuentro-tic.anuies.mx\/2024\/wp-json\/wp\/v2\/users\/1"}],"replies":[{"embeddable":true,"href":"https:\/\/encuentro-tic.anuies.mx\/2024\/wp-json\/wp\/v2\/comments?post=12516"}],"version-history":[{"count":9,"href":"https:\/\/encuentro-tic.anuies.mx\/2024\/wp-json\/wp\/v2\/pages\/12516\/revisions"}],"predecessor-version":[{"id":13389,"href":"https:\/\/encuentro-tic.anuies.mx\/2024\/wp-json\/wp\/v2\/pages\/12516\/revisions\/13389"}],"wp:attachment":[{"href":"https:\/\/encuentro-tic.anuies.mx\/2024\/wp-json\/wp\/v2\/media?parent=12516"}],"curies":[{"name":"wp","href":"https:\/\/api.w.org\/{rel}","templated":true}]}}