{"id":12452,"date":"2024-10-04T13:01:49","date_gmt":"2024-10-04T19:01:49","guid":{"rendered":"https:\/\/encuentro-tic.anuies.mx\/2024\/?page_id=12452"},"modified":"2024-10-19T12:50:24","modified_gmt":"2024-10-19T18:50:24","slug":"tan-tan","status":"publish","type":"page","link":"https:\/\/encuentro-tic.anuies.mx\/2024\/tan-tan\/","title":{"rendered":"TAN TAN"},"content":{"rendered":"<div id=\"pl-12452\"  class=\"panel-layout\" ><div id=\"pg-12452-0\"  class=\"panel-grid panel-has-style\" ><div class=\"siteorigin-panels-stretch panel-row-style panel-row-style-for-12452-0\" data-stretch-type=\"full-width-stretch\" ><div id=\"pgc-12452-0-0\"  class=\"panel-grid-cell\" ><div id=\"panel-12452-0-0-0\" class=\"so-panel widget widget_sow-editor panel-first-child panel-last-child\" data-index=\"0\" ><div\n\t\t\t\n\t\t\tclass=\"so-widget-sow-editor so-widget-sow-editor-base\"\n\t\t\t\n\t\t>\n<div class=\"siteorigin-widget-tinymce textwidget\">\n\t<style>hr {border: 0 ; border-top: 4px double gold; width: 90%;}<\/style>\n<p><img loading=\"lazy\" decoding=\"async\" class=\"aligncenter wp-image-12925 size-thumbnail\" src=\"https:\/\/encuentro-tic.anuies.mx\/2024\/ctrl-content\/uploads\/sites\/11\/2024\/10\/Logo-tan-tan-id-24-150x150.png\" alt=\"\" width=\"150\" height=\"150\" srcset=\"https:\/\/encuentro-tic.anuies.mx\/ctrl-content\/uploads\/sites\/11\/2024\/10\/Logo-tan-tan-id-24-150x150.png 150w, https:\/\/encuentro-tic.anuies.mx\/ctrl-content\/uploads\/sites\/11\/2024\/10\/Logo-tan-tan-id-24-300x300.png 300w, https:\/\/encuentro-tic.anuies.mx\/ctrl-content\/uploads\/sites\/11\/2024\/10\/Logo-tan-tan-id-24.png 448w\" sizes=\"auto, (max-width: 150px) 100vw, 150px\" \/><\/p>\n<hr \/>\n<p>&nbsp;<\/p>\n<\/div>\n<\/div><\/div><\/div><\/div><\/div><div id=\"pg-12452-1\"  class=\"panel-grid panel-has-style\" ><div class=\"siteorigin-panels-stretch panel-row-style panel-row-style-for-12452-1\" data-stretch-type=\"full-width-stretch\" ><div id=\"pgc-12452-1-0\"  class=\"panel-grid-cell\" ><div id=\"panel-12452-1-0-0\" class=\"so-panel widget widget_sow-editor panel-first-child panel-last-child\" data-index=\"1\" ><div\n\t\t\t\n\t\t\tclass=\"so-widget-sow-editor so-widget-sow-editor-base\"\n\t\t\t\n\t\t>\n<div class=\"siteorigin-widget-tinymce textwidget\">\n\t<p style=\"text-align: justify;\"><span style=\"font-weight: 400; font-size: 16pt;\"><img loading=\"lazy\" decoding=\"async\" class=\"size-full wp-image-13526 alignleft\" src=\"https:\/\/encuentro-tic.anuies.mx\/2024\/ctrl-content\/uploads\/sites\/11\/2024\/10\/tantan-1.png\" alt=\"\" width=\"284\" height=\"158\"\/><\/span><\/p>\n<p style=\"text-align: justify;\"><strong>tan tan: El wallet de identidad digital y certificados blockchain que impulsa la transformaci\u00f3n digital y la innovaci\u00f3n en las instituciones de educaci\u00f3n superior<\/strong><\/p>\n<p style=\"text-align: justify;\"><strong>&nbsp;<\/strong><strong>tan tan<\/strong> es m\u00e1s que una plataforma de certificaci\u00f3n digital; es una soluci\u00f3n integral que empodera a las instituciones educativas a emitir certificados acad\u00e9micos, t\u00edtulos profesionales y microcredenciales en blockchain, al tiempo que garantiza la autenticidad con un sistema de <strong>verificaci\u00f3n de<\/strong> <strong>identidad robusta que incluye biometr\u00eda, verificaci\u00f3n de datos e inteligencia artificial<\/strong>. Esta combinaci\u00f3n asegura que los logros de los estudiantes no solo sean seguros y transparentes, sino tambi\u00e9n f\u00e1cilmente verificables y portables a nivel global.<\/p>\n<p style=\"text-align: justify;\">Con <strong>tan tan<\/strong>, las universidades pueden ofrecer a sus alumnos una identidad digital autosoberana, d\u00e1ndoles control total sobre sus credenciales y facilitando su visibilidad en redes profesionales como LinkedIn. Adem\u00e1s, al estar integrada con los <strong>est\u00e1ndares internacionales comon W3C, OpenID Connect, LACChain del BID y EBSI de la Uni\u00f3n Europea<\/strong>, tan tan proporciona una interoperabilidad global sin precedentes.<\/p>\n<p style=\"text-align: justify;\">Consulta uno de nuestros casos de \u00e9xito: <a href=\"https:\/\/ec.europa.eu\/digital-building-blocks\/sites\/display\/EBSI\/Micro+-+Credentials\">https:\/\/ec.europa.eu\/digital-building-blocks\/sites\/display\/EBSI\/Micro+-+Credentials<\/a><\/p>\n<p style=\"text-align: justify;\">Es la soluci\u00f3n ideal para las universidades que buscan modernizar su gesti\u00f3n documental y certificaci\u00f3n acad\u00e9mica, mientras promueven la innovaci\u00f3n y la eficiencia en la era digital.<\/p>\n<p style=\"text-align: justify;\"><strong>\u00a1Te tenemos una gran sorpresa por participar en el Encuentro ANUIES-TIC 2024! <\/strong>Las instituciones que forman parte de la ANUIES pueden acceder a ofertas exclusivas y beneficios adicionales, asegurando una transici\u00f3n fluida hacia la transformaci\u00f3n digital. \u00a1No pierdas la oportunidad de unirte al futuro de la educaci\u00f3n!<\/p>\n<p style=\"text-align: justify;\">Cont\u00e1ctanos ahora mismo y conoce tus beneficios exclusivos: wa.me\/525583637500<\/p>\n<p style=\"text-align: justify;\">&nbsp;<\/p>\n<p style=\"text-align: center;\">&nbsp;<\/p>\n<p style=\"text-align: justify;\">&nbsp;<\/p>\n<\/div>\n<\/div><\/div><\/div><div id=\"pgc-12452-1-1\"  class=\"panel-grid-cell\" ><div id=\"panel-12452-1-1-0\" class=\"so-panel widget widget_siteorigin-panels-builder panel-first-child\" data-index=\"2\" ><div id=\"pl-w6704a516c71fe\"  class=\"panel-layout\" ><div id=\"pg-w6704a516c71fe-0\"  class=\"panel-grid panel-no-style\" ><div id=\"pgc-w6704a516c71fe-0-0\"  class=\"panel-grid-cell\" ><div id=\"panel-w6704a516c71fe-0-0-0\" class=\"so-panel widget widget_sow-icon panel-first-child panel-last-child\" data-index=\"0\" ><div\n\t\t\t\n\t\t\tclass=\"so-widget-sow-icon so-widget-sow-icon-default-78de98159bee\"\n\t\t\t\n\t\t>\n<div class=\"sow-icon-container sow-icon\">\n\t\t\t<a href=\"https:\/\/www.facebook.com\/tantansolutions\/\" \n\t\ttarget=\"_blank\" rel=\"noopener noreferrer\"\t\t>\n\t\t\t<span class=\"sow-icon-genericons\" data-sow-icon=\"&#xf203;\"\n\t\t \n\t\taria-hidden=\"true\"><\/span>\t\t\t<\/a>\n\t<\/div>\n<\/div><\/div><\/div><div id=\"pgc-w6704a516c71fe-0-1\"  class=\"panel-grid-cell panel-grid-cell-empty\" ><\/div><div id=\"pgc-w6704a516c71fe-0-2\"  class=\"panel-grid-cell\" ><div id=\"panel-w6704a516c71fe-0-2-0\" class=\"so-panel widget widget_sow-icon panel-first-child panel-last-child\" data-index=\"1\" ><div\n\t\t\t\n\t\t\tclass=\"so-widget-sow-icon so-widget-sow-icon-default-78de98159bee\"\n\t\t\t\n\t\t>\n<div class=\"sow-icon-container sow-icon\">\n\t\t\t<a href=\"https:\/\/www.instagram.com\/tantansolutions\/\" \n\t\ttarget=\"_blank\" rel=\"noopener noreferrer\"\t\t>\n\t\t\t<span class=\"sow-icon-genericons\" data-sow-icon=\"&#xf215;\"\n\t\t \n\t\taria-hidden=\"true\"><\/span>\t\t\t<\/a>\n\t<\/div>\n<\/div><\/div><\/div><div id=\"pgc-w6704a516c71fe-0-3\"  class=\"panel-grid-cell panel-grid-cell-empty\" ><\/div><div id=\"pgc-w6704a516c71fe-0-4\"  class=\"panel-grid-cell\" ><div id=\"panel-w6704a516c71fe-0-4-0\" class=\"so-panel widget widget_sow-icon panel-first-child panel-last-child\" data-index=\"2\" ><div\n\t\t\t\n\t\t\tclass=\"so-widget-sow-icon so-widget-sow-icon-default-78de98159bee\"\n\t\t\t\n\t\t>\n<div class=\"sow-icon-container sow-icon\">\n\t\t\t<a href=\"https:\/\/www.linkedin.com\/company\/tantansolutions\/\" \n\t\ttarget=\"_blank\" rel=\"noopener noreferrer\"\t\t>\n\t\t\t<span class=\"sow-icon-genericons\" data-sow-icon=\"&#xf208;\"\n\t\t \n\t\taria-hidden=\"true\"><\/span>\t\t\t<\/a>\n\t<\/div>\n<\/div><\/div><\/div><\/div><\/div><\/div><div id=\"panel-12452-1-1-1\" class=\"so-panel widget widget_sow-editor panel-last-child\" data-index=\"3\" ><div class=\"panel-widget-style panel-widget-style-for-12452-1-1-1\" ><div\n\t\t\t\n\t\t\tclass=\"so-widget-sow-editor so-widget-sow-editor-base\"\n\t\t\t\n\t\t><h3 class=\"widget-title\">Contacto<\/h3>\n<div class=\"siteorigin-widget-tinymce textwidget\">\n\t<ul style=\"list-style-type: square\">\n<li>Correo - hola@tantan.solutions<\/li>\n<li>WhatsApp - <a href=\"http:\/\/wa.me\/525583637500\">wa.me\/525583637500<\/a><\/li>\n<\/ul>\n<hr \/>\n<\/div>\n<\/div><\/div><\/div><\/div><\/div><\/div><div id=\"pg-12452-2\"  class=\"panel-grid panel-has-style\" ><div class=\"siteorigin-panels-stretch panel-row-style panel-row-style-for-12452-2\" data-stretch-type=\"full-width-stretch\" ><div id=\"pgc-12452-2-0\"  class=\"panel-grid-cell\" ><div id=\"panel-12452-2-0-0\" class=\"so-panel widget widget_media_video panel-first-child panel-last-child\" data-index=\"4\" ><div style=\"width:100%;\" class=\"wp-video\"><!--[if lt IE 9]><script>document.createElement('video');<\/script><![endif]-->\n<video class=\"wp-video-shortcode\" id=\"video-12452-1\" preload=\"metadata\" controls=\"controls\"><source type=\"video\/youtube\" src=\"https:\/\/youtu.be\/p-prkbOzlFY?_=1\" \/><a href=\"https:\/\/youtu.be\/p-prkbOzlFY\">https:\/\/youtu.be\/p-prkbOzlFY<\/a><\/video><\/div><\/div><\/div><div id=\"pgc-12452-2-1\"  class=\"panel-grid-cell\" ><div id=\"panel-12452-2-1-0\" class=\"so-panel widget widget_sow-editor panel-first-child panel-last-child\" data-index=\"5\" ><div\n\t\t\t\n\t\t\tclass=\"so-widget-sow-editor so-widget-sow-editor-base\"\n\t\t\t\n\t\t>\n<div class=\"siteorigin-widget-tinymce textwidget\">\n\t<p style=\"text-align: center\"><span style=\"font-weight: 400;font-size: 14pt\"><a href=\"https:\/\/encuentro-tic.anuies.mx\/2024\/ctrl-content\/uploads\/sites\/11\/2024\/10\/Blockchain-Certificates-NFT-Pro\u00ae.pdf\" class=\"pdfemb-viewer\" style=\"\" data-width=\"max\" data-height=\"max\" data-toolbar=\"bottom\" data-toolbar-fixed=\"off\">Blockchain Certificates \u2013 NFT Pro\u00ae<\/a>\u200b<\/span><\/p>\n<\/div>\n<\/div><\/div><\/div><div id=\"pgc-12452-2-2\"  class=\"panel-grid-cell\" ><div id=\"panel-12452-2-2-0\" class=\"so-panel widget widget_media_video panel-first-child panel-last-child\" data-index=\"6\" ><div style=\"width:100%;\" class=\"wp-video\"><video class=\"wp-video-shortcode\" id=\"video-12452-2\" preload=\"metadata\" controls=\"controls\"><source type=\"video\/youtube\" src=\"https:\/\/youtu.be\/7aL0L9ZPSqg?_=2\" \/><a href=\"https:\/\/youtu.be\/7aL0L9ZPSqg\">https:\/\/youtu.be\/7aL0L9ZPSqg<\/a><\/video><\/div><\/div><\/div><div id=\"pgc-12452-2-3\"  class=\"panel-grid-cell\" ><div id=\"panel-12452-2-3-0\" class=\"so-panel widget widget_sow-editor panel-first-child panel-last-child\" data-index=\"7\" ><div\n\t\t\t\n\t\t\tclass=\"so-widget-sow-editor so-widget-sow-editor-base\"\n\t\t\t\n\t\t>\n<div class=\"siteorigin-widget-tinymce textwidget\">\n\t<p style=\"text-align: center\"><span style=\"font-weight: 400;font-size: 14pt\"><a href=\"https:\/\/encuentro-tic.anuies.mx\/2024\/ctrl-content\/uploads\/sites\/11\/2024\/10\/Credencial-Digital-Cata\u0301logo-de-funcionalidades-A24Q2.pdf\" class=\"pdfemb-viewer\" style=\"\" data-width=\"max\" data-height=\"max\" data-toolbar=\"bottom\" data-toolbar-fixed=\"off\">Credencial Digital &amp; Cata\u0301logo de funcionalidades A24Q2<\/a><br \/>\n\u200b<\/span><\/p>\n<\/div>\n<\/div><\/div><\/div><\/div><\/div><div id=\"pg-12452-3\"  class=\"panel-grid panel-no-style\" ><div id=\"pgc-12452-3-0\"  class=\"panel-grid-cell\" ><div id=\"panel-12452-3-0-0\" class=\"so-panel widget widget_sow-editor panel-first-child panel-last-child\" data-index=\"8\" ><div\n\t\t\t\n\t\t\tclass=\"so-widget-sow-editor so-widget-sow-editor-base\"\n\t\t\t\n\t\t>\n<div class=\"siteorigin-widget-tinymce textwidget\">\n\t<p style=\"text-align: center\"><a class=\"fasc-button fasc-size-large fasc-type-flat fasc-rounded-medium fasc-ico-before dashicons-undo\" style=\"background-color: #004b8b;color: #ffffff\" rel=\"nofollow\" href=\"https:\/\/encuentro-tic.anuies.mx\/2024\/espacio-virtual\/\">Regresar a men\u00fa<\/a><\/p>\n<\/div>\n<\/div><\/div><\/div><\/div><div id=\"pg-12452-4\"  class=\"panel-grid panel-no-style\" ><div id=\"pgc-12452-4-0\"  class=\"panel-grid-cell\" ><div id=\"panel-12452-4-0-0\" class=\"so-panel widget panel-first-child panel-last-child\" data-index=\"9\" ><\/div><\/div><\/div><\/div>","protected":false},"excerpt":{"rendered":"<p>&nbsp; tan tan: El wallet de identidad digital y certificados blockchain que impulsa la transformaci\u00f3n digital y la innovaci\u00f3n en las instituciones de educaci\u00f3n superior &nbsp;tan tan es m\u00e1s que una plataforma de certificaci\u00f3n digital; es una soluci\u00f3n integral que empodera a las instituciones educativas a emitir certificados acad\u00e9micos, t\u00edtulos profesionales y microcredenciales en blockchain,&hellip; <br \/> <a class=\"button small blue\" href=\"https:\/\/encuentro-tic.anuies.mx\/2024\/tan-tan\/\">Leer m\u00e1s<\/a><\/p>\n","protected":false},"author":1,"featured_media":0,"parent":0,"menu_order":0,"comment_status":"closed","ping_status":"closed","template":"","meta":{"_exactmetrics_skip_tracking":false,"_exactmetrics_sitenote_active":false,"_exactmetrics_sitenote_note":"","_exactmetrics_sitenote_category":0,"ngg_post_thumbnail":0,"footnotes":""},"class_list":["post-12452","page","type-page","status-publish","hentry"],"rttpg_featured_image_url":null,"rttpg_author":{"display_name":"ctrlweb","author_link":"https:\/\/encuentro-tic.anuies.mx\/2024\/author\/ctrlweb\/"},"rttpg_comment":0,"rttpg_category":false,"rttpg_excerpt":"&nbsp; tan tan: El wallet de identidad digital y certificados blockchain que impulsa la transformaci\u00f3n digital y la innovaci\u00f3n en las instituciones de educaci\u00f3n superior &nbsp;tan tan es m\u00e1s que una plataforma de certificaci\u00f3n digital; es una soluci\u00f3n integral que empodera a las instituciones educativas a emitir certificados acad\u00e9micos, t\u00edtulos profesionales y microcredenciales en blockchain,&hellip;&hellip;","_links":{"self":[{"href":"https:\/\/encuentro-tic.anuies.mx\/2024\/wp-json\/wp\/v2\/pages\/12452","targetHints":{"allow":["GET"]}}],"collection":[{"href":"https:\/\/encuentro-tic.anuies.mx\/2024\/wp-json\/wp\/v2\/pages"}],"about":[{"href":"https:\/\/encuentro-tic.anuies.mx\/2024\/wp-json\/wp\/v2\/types\/page"}],"author":[{"embeddable":true,"href":"https:\/\/encuentro-tic.anuies.mx\/2024\/wp-json\/wp\/v2\/users\/1"}],"replies":[{"embeddable":true,"href":"https:\/\/encuentro-tic.anuies.mx\/2024\/wp-json\/wp\/v2\/comments?post=12452"}],"version-history":[{"count":8,"href":"https:\/\/encuentro-tic.anuies.mx\/2024\/wp-json\/wp\/v2\/pages\/12452\/revisions"}],"predecessor-version":[{"id":13528,"href":"https:\/\/encuentro-tic.anuies.mx\/2024\/wp-json\/wp\/v2\/pages\/12452\/revisions\/13528"}],"wp:attachment":[{"href":"https:\/\/encuentro-tic.anuies.mx\/2024\/wp-json\/wp\/v2\/media?parent=12452"}],"curies":[{"name":"wp","href":"https:\/\/api.w.org\/{rel}","templated":true}]}}