{"id":12436,"date":"2024-10-04T12:59:54","date_gmt":"2024-10-04T18:59:54","guid":{"rendered":"https:\/\/encuentro-tic.anuies.mx\/2024\/?page_id=12436"},"modified":"2024-10-10T14:11:57","modified_gmt":"2024-10-10T20:11:57","slug":"territorium","status":"publish","type":"page","link":"https:\/\/encuentro-tic.anuies.mx\/2024\/territorium\/","title":{"rendered":"TERRITORIUM"},"content":{"rendered":"<div id=\"pl-12436\"  class=\"panel-layout\" ><div id=\"pg-12436-0\"  class=\"panel-grid panel-has-style\" ><div class=\"siteorigin-panels-stretch panel-row-style panel-row-style-for-12436-0\" data-stretch-type=\"full-width-stretch\" ><div id=\"pgc-12436-0-0\"  class=\"panel-grid-cell\" ><div id=\"panel-12436-0-0-0\" class=\"so-panel widget widget_sow-editor panel-first-child panel-last-child\" data-index=\"0\" ><div\n\t\t\t\n\t\t\tclass=\"so-widget-sow-editor so-widget-sow-editor-base\"\n\t\t\t\n\t\t>\n<div class=\"siteorigin-widget-tinymce textwidget\">\n\t<style>hr {border: 0 ; border-top: 4px double gold; width: 90%;}<\/style>\n<p><img loading=\"lazy\" decoding=\"async\" class=\"wp-image-12917 size-medium aligncenter\" src=\"https:\/\/encuentro-tic.anuies.mx\/2024\/ctrl-content\/uploads\/sites\/11\/2024\/10\/Territorium-Blue-300x73.jpg\" alt=\"\" width=\"300\" height=\"73\" srcset=\"https:\/\/encuentro-tic.anuies.mx\/ctrl-content\/uploads\/sites\/11\/2024\/10\/Territorium-Blue-300x73.jpg 300w, https:\/\/encuentro-tic.anuies.mx\/ctrl-content\/uploads\/sites\/11\/2024\/10\/Territorium-Blue-1024x249.jpg 1024w, https:\/\/encuentro-tic.anuies.mx\/ctrl-content\/uploads\/sites\/11\/2024\/10\/Territorium-Blue-768x187.jpg 768w, https:\/\/encuentro-tic.anuies.mx\/ctrl-content\/uploads\/sites\/11\/2024\/10\/Territorium-Blue-1536x374.jpg 1536w, https:\/\/encuentro-tic.anuies.mx\/ctrl-content\/uploads\/sites\/11\/2024\/10\/Territorium-Blue-2048x499.jpg 2048w, https:\/\/encuentro-tic.anuies.mx\/ctrl-content\/uploads\/sites\/11\/2024\/10\/Territorium-Blue-1920x468.jpg 1920w\" sizes=\"auto, (max-width: 300px) 100vw, 300px\" \/><\/p>\n<hr \/>\n<p>&nbsp;<\/p>\n<\/div>\n<\/div><\/div><\/div><\/div><\/div><div id=\"pg-12436-1\"  class=\"panel-grid panel-has-style\" ><div class=\"siteorigin-panels-stretch panel-row-style panel-row-style-for-12436-1\" data-stretch-type=\"full-width-stretch\" ><div id=\"pgc-12436-1-0\"  class=\"panel-grid-cell\" ><div id=\"panel-12436-1-0-0\" class=\"so-panel widget widget_sow-editor panel-first-child\" data-index=\"1\" ><div\n\t\t\t\n\t\t\tclass=\"so-widget-sow-editor so-widget-sow-editor-base\"\n\t\t\t\n\t\t>\n<div class=\"siteorigin-widget-tinymce textwidget\">\n\t<p style=\"text-align: left\"><span style=\"font-weight: 400;font-size: 16pt\"><img loading=\"lazy\" decoding=\"async\" class=\"wp-image-12919 size-medium alignleft\" src=\"https:\/\/encuentro-tic.anuies.mx\/2024\/ctrl-content\/uploads\/sites\/11\/2024\/10\/imagen-principal-300x202.jpg\" alt=\"\" width=\"300\" height=\"202\" srcset=\"https:\/\/encuentro-tic.anuies.mx\/ctrl-content\/uploads\/sites\/11\/2024\/10\/imagen-principal-300x202.jpg 300w, https:\/\/encuentro-tic.anuies.mx\/ctrl-content\/uploads\/sites\/11\/2024\/10\/imagen-principal-272x182.jpg 272w, https:\/\/encuentro-tic.anuies.mx\/ctrl-content\/uploads\/sites\/11\/2024\/10\/imagen-principal.jpg 640w\" sizes=\"auto, (max-width: 300px) 100vw, 300px\" \/>Territorium, la compa\u00f1\u00eda global de tecnolog\u00eda educativa con m\u00e1s de 12 millones de<br \/>\nusuarios en todo el mundo, est\u00e1 transformando la manera en que vemos la educaci\u00f3n y la<br \/>\nadquisici\u00f3n de habilidades. Nuestras soluciones permiten a instituciones educativas y<br \/>\nempresas ofrecer, evaluar, medir y registrar el aprendizaje y la adquisici\u00f3n de habilidades<br \/>\ndonde sea que ocurran, porque en Territorium sabemos que el aprendizaje sucede en<br \/>\ntodas partes.<\/span><\/p>\n<p style=\"text-align: justify\">&nbsp;<\/p>\n<\/div>\n<\/div><\/div><div id=\"panel-12436-1-0-1\" class=\"so-panel widget widget_siteorigin-panels-builder panel-last-child\" data-index=\"2\" ><div class=\"aos-init panel-widget-style panel-widget-style-for-12436-1-0-1\" data-aos=\"fade\" data-aos-duration=\"600\" data-aos-easing=\"linear\" data-aos-anchor-placement=\"top-bottom\" data-aos-once=\"true\" ><div id=\"pl-w67083472d1641\"  class=\"panel-layout\" ><div id=\"pg-w67083472d1641-0\"  class=\"panel-grid panel-no-style\" ><div id=\"pgc-w67083472d1641-0-0\"  class=\"panel-grid-cell\" ><div id=\"panel-w67083472d1641-0-0-0\" class=\"so-panel widget widget_sow-editor panel-first-child panel-last-child\" data-index=\"0\" ><div\n\t\t\t\n\t\t\tclass=\"so-widget-sow-editor so-widget-sow-editor-base\"\n\t\t\t\n\t\t>\n<div class=\"siteorigin-widget-tinymce textwidget\">\n\t<p style=\"text-align: center\"><span style=\"font-weight: 400;font-size: 14pt\"><a href=\"https:\/\/encuentro-tic.anuies.mx\/2024\/ctrl-content\/uploads\/sites\/11\/2024\/10\/Territorium_EdTest-brief.pdf\" class=\"pdfemb-viewer\" style=\"\" data-width=\"max\" data-height=\"max\" data-toolbar=\"bottom\" data-toolbar-fixed=\"off\">Territorium_EdTest-brief<\/a>\u200b<\/span><\/p>\n<\/div>\n<\/div><\/div><\/div><div id=\"pgc-w67083472d1641-0-1\"  class=\"panel-grid-cell\" ><div id=\"panel-w67083472d1641-0-1-0\" class=\"so-panel widget widget_sow-editor panel-first-child panel-last-child\" data-index=\"1\" ><div\n\t\t\t\n\t\t\tclass=\"so-widget-sow-editor so-widget-sow-editor-base\"\n\t\t\t\n\t\t>\n<div class=\"siteorigin-widget-tinymce textwidget\">\n\t<p style=\"text-align: center\"><span style=\"font-weight: 400;font-size: 14pt\"><a href=\"https:\/\/encuentro-tic.anuies.mx\/2024\/ctrl-content\/uploads\/sites\/11\/2024\/10\/Territorium_EdTest-longbrief.pdf\" class=\"pdfemb-viewer\" style=\"\" data-width=\"max\" data-height=\"max\" data-toolbar=\"bottom\" data-toolbar-fixed=\"off\">Territorium_EdTest-longbrief<\/a><br \/>\n\u200b<\/span><\/p>\n<\/div>\n<\/div><\/div><\/div><div id=\"pgc-w67083472d1641-0-2\"  class=\"panel-grid-cell\" ><div id=\"panel-w67083472d1641-0-2-0\" class=\"so-panel widget widget_sow-editor panel-first-child panel-last-child\" data-index=\"2\" ><div\n\t\t\t\n\t\t\tclass=\"so-widget-sow-editor so-widget-sow-editor-base\"\n\t\t\t\n\t\t>\n<div class=\"siteorigin-widget-tinymce textwidget\">\n\t<p style=\"text-align: center\"><a href=\"https:\/\/encuentro-tic.anuies.mx\/2024\/ctrl-content\/uploads\/sites\/11\/2024\/10\/Territorium-CaseStudy-IPN-ESP_051624.pdf\" class=\"pdfemb-viewer\" style=\"\" data-width=\"max\" data-height=\"max\" data-toolbar=\"bottom\" data-toolbar-fixed=\"off\">Territorium-CaseStudy-IPN-ESP_051624<\/a><\/p>\n<\/div>\n<\/div><\/div><\/div><div id=\"pgc-w67083472d1641-0-3\"  class=\"panel-grid-cell\" ><div id=\"panel-w67083472d1641-0-3-0\" class=\"so-panel widget widget_sow-editor panel-first-child panel-last-child\" data-index=\"3\" ><div\n\t\t\t\n\t\t\tclass=\"so-widget-sow-editor so-widget-sow-editor-base\"\n\t\t\t\n\t\t>\n<div class=\"siteorigin-widget-tinymce textwidget\">\n\t<p style=\"text-align: center\"><img loading=\"lazy\" decoding=\"async\" class=\"alignnone wp-image-12923 size-full\" src=\"https:\/\/encuentro-tic.anuies.mx\/2024\/ctrl-content\/uploads\/sites\/11\/2024\/10\/Territorium_Imagen-1.jpg\" alt=\"\" width=\"500\" height=\"720\" srcset=\"https:\/\/encuentro-tic.anuies.mx\/ctrl-content\/uploads\/sites\/11\/2024\/10\/Territorium_Imagen-1.jpg 500w, https:\/\/encuentro-tic.anuies.mx\/ctrl-content\/uploads\/sites\/11\/2024\/10\/Territorium_Imagen-1-208x300.jpg 208w\" sizes=\"auto, (max-width: 500px) 100vw, 500px\" \/><\/p>\n<\/div>\n<\/div><\/div><\/div><\/div><div id=\"pg-w67083472d1641-1\"  class=\"panel-grid panel-no-style\" ><div id=\"pgc-w67083472d1641-1-0\"  class=\"panel-grid-cell panel-grid-cell-empty\" ><\/div><div id=\"pgc-w67083472d1641-1-1\"  class=\"panel-grid-cell panel-grid-cell-empty\" ><\/div><div id=\"pgc-w67083472d1641-1-2\"  class=\"panel-grid-cell panel-grid-cell-empty panel-grid-cell-mobile-last\" ><\/div><div id=\"pgc-w67083472d1641-1-3\"  class=\"panel-grid-cell panel-grid-cell-empty\" ><\/div><\/div><\/div><\/div><\/div><\/div><div id=\"pgc-12436-1-1\"  class=\"panel-grid-cell\" ><div id=\"panel-12436-1-1-0\" class=\"so-panel widget widget_siteorigin-panels-builder panel-first-child\" data-index=\"3\" ><div id=\"pl-w6704a243432a8\"  class=\"panel-layout\" ><div id=\"pg-w6704a243432a8-0\"  class=\"panel-grid panel-no-style\" ><div id=\"pgc-w6704a243432a8-0-0\"  class=\"panel-grid-cell\" ><div id=\"panel-w6704a243432a8-0-0-0\" class=\"so-panel widget widget_sow-icon panel-first-child panel-last-child\" data-index=\"0\" ><div\n\t\t\t\n\t\t\tclass=\"so-widget-sow-icon so-widget-sow-icon-default-78de98159bee\"\n\t\t\t\n\t\t>\n<div class=\"sow-icon-container sow-icon\">\n\t\t\t<a href=\"https:\/\/twitter.com\/territoriumlife\/\" \n\t\ttarget=\"_blank\" rel=\"noopener noreferrer\"\t\t>\n\t\t\t<span class=\"sow-icon-genericons\" data-sow-icon=\"&#xf202;\"\n\t\t \n\t\taria-hidden=\"true\"><\/span>\t\t\t<\/a>\n\t<\/div>\n<\/div><\/div><\/div><div id=\"pgc-w6704a243432a8-0-1\"  class=\"panel-grid-cell\" ><div id=\"panel-w6704a243432a8-0-1-0\" class=\"so-panel widget widget_sow-icon panel-first-child panel-last-child\" data-index=\"1\" ><div\n\t\t\t\n\t\t\tclass=\"so-widget-sow-icon so-widget-sow-icon-default-78de98159bee\"\n\t\t\t\n\t\t>\n<div class=\"sow-icon-container sow-icon\">\n\t\t\t<a href=\"https:\/\/www.linkedin.com\/showcase\/territorium-latam\" \n\t\ttarget=\"_blank\" rel=\"noopener noreferrer\"\t\t>\n\t\t\t<span class=\"sow-icon-genericons\" data-sow-icon=\"&#xf208;\"\n\t\t \n\t\taria-hidden=\"true\"><\/span>\t\t\t<\/a>\n\t<\/div>\n<\/div><\/div><\/div><div id=\"pgc-w6704a243432a8-0-2\"  class=\"panel-grid-cell\" ><div id=\"panel-w6704a243432a8-0-2-0\" class=\"so-panel widget widget_sow-icon panel-first-child panel-last-child\" data-index=\"2\" ><div\n\t\t\t\n\t\t\tclass=\"so-widget-sow-icon so-widget-sow-icon-default-78de98159bee\"\n\t\t\t\n\t\t>\n<div class=\"sow-icon-container sow-icon\">\n\t\t\t<a href=\"https:\/\/www.youtube.com\/@territoriumlife\" \n\t\ttarget=\"_blank\" rel=\"noopener noreferrer\"\t\t>\n\t\t\t<span class=\"sow-icon-genericons\" data-sow-icon=\"&#xf213;\"\n\t\t \n\t\taria-hidden=\"true\"><\/span>\t\t\t<\/a>\n\t<\/div>\n<\/div><\/div><\/div><div id=\"pgc-w6704a243432a8-0-3\"  class=\"panel-grid-cell panel-grid-cell-mobile-last\" ><div id=\"panel-w6704a243432a8-0-3-0\" class=\"so-panel widget widget_sow-icon panel-first-child panel-last-child\" data-index=\"3\" ><div\n\t\t\t\n\t\t\tclass=\"so-widget-sow-icon so-widget-sow-icon-default-78de98159bee\"\n\t\t\t\n\t\t>\n<div class=\"sow-icon-container sow-icon\">\n\t\t\t<a href=\"https:\/\/global.territorium.com\/\" \n\t\ttarget=\"_blank\" rel=\"noopener noreferrer\"\t\t>\n\t\t\t<span class=\"sow-icon-ionicons\" data-sow-icon=\"&#xf4d3;\"\n\t\t \n\t\taria-hidden=\"true\"><\/span>\t\t\t<\/a>\n\t<\/div>\n<\/div><\/div><\/div><div id=\"pgc-w6704a243432a8-0-4\"  class=\"panel-grid-cell panel-grid-cell-empty\" ><\/div><\/div><\/div><\/div><div id=\"panel-12436-1-1-1\" class=\"so-panel widget widget_sow-editor panel-last-child\" data-index=\"4\" ><div class=\"panel-widget-style panel-widget-style-for-12436-1-1-1\" ><div\n\t\t\t\n\t\t\tclass=\"so-widget-sow-editor so-widget-sow-editor-base\"\n\t\t\t\n\t\t><h3 class=\"widget-title\">Contacto<\/h3>\n<div class=\"siteorigin-widget-tinymce textwidget\">\n\t<ul style=\"list-style-type: square\">\n<li><span style=\"font-weight: 400\">Correo - hola@territorium.com<\/span><\/li>\n<li>Numero Ventas - +52(55) 4494 7913 (Dar\u00edo Botero)<\/li>\n<li>Correo Ventas - dario.botero@territorium.com<\/li>\n<\/ul>\n<hr \/>\n<\/div>\n<\/div><\/div><\/div><\/div><\/div><\/div><div id=\"pg-12436-2\"  class=\"panel-grid panel-has-style\" ><div class=\"siteorigin-panels-stretch panel-row-style panel-row-style-for-12436-2\" data-stretch-type=\"full-width-stretch\" ><div id=\"pgc-12436-2-0\"  class=\"panel-grid-cell\" ><div id=\"panel-12436-2-0-0\" class=\"so-panel widget widget_media_video panel-first-child panel-last-child\" data-index=\"5\" ><div style=\"width:100%;\" class=\"wp-video\"><!--[if lt IE 9]><script>document.createElement('video');<\/script><![endif]-->\n<video class=\"wp-video-shortcode\" id=\"video-12436-1\" preload=\"metadata\" controls=\"controls\"><source type=\"video\/youtube\" src=\"https:\/\/www.youtube.com\/watch?v=4_n-KA9K19U&#038;t=33s&#038;_=1\" \/><a href=\"https:\/\/www.youtube.com\/watch?v=4_n-KA9K19U&#038;t=33s\">https:\/\/www.youtube.com\/watch?v=4_n-KA9K19U&#038;t=33s<\/a><\/video><\/div><\/div><\/div><div id=\"pgc-12436-2-1\"  class=\"panel-grid-cell panel-grid-cell-empty\" ><\/div><div id=\"pgc-12436-2-2\"  class=\"panel-grid-cell\" ><div id=\"panel-12436-2-2-0\" class=\"so-panel widget widget_media_video panel-first-child panel-last-child\" data-index=\"6\" ><div style=\"width:100%;\" class=\"wp-video\"><video class=\"wp-video-shortcode\" id=\"video-12436-2\" preload=\"metadata\" controls=\"controls\"><source type=\"video\/youtube\" src=\"https:\/\/www.youtube.com\/watch?v=keau-BI8GwY&#038;_=2\" \/><a href=\"https:\/\/www.youtube.com\/watch?v=keau-BI8GwY\">https:\/\/www.youtube.com\/watch?v=keau-BI8GwY<\/a><\/video><\/div><\/div><\/div><\/div><\/div><div id=\"pg-12436-3\"  class=\"panel-grid panel-no-style\" ><div id=\"pgc-12436-3-0\"  class=\"panel-grid-cell\" ><div id=\"panel-12436-3-0-0\" class=\"so-panel widget widget_sow-editor panel-first-child panel-last-child\" data-index=\"7\" ><div\n\t\t\t\n\t\t\tclass=\"so-widget-sow-editor so-widget-sow-editor-base\"\n\t\t\t\n\t\t>\n<div class=\"siteorigin-widget-tinymce textwidget\">\n\t<p style=\"text-align: center;\"><a class=\"fasc-button fasc-size-large fasc-type-flat fasc-rounded-medium fasc-ico-before dashicons-undo\" style=\"background-color: #004b8b; color: #ffffff;\" rel=\"nofollow\" href=\"https:\/\/encuentro-tic.anuies.mx\/2024\/espacio-virtual\/\">Regresar a men\u00fa<\/a><\/p>\n<\/div>\n<\/div><\/div><\/div><\/div><div id=\"pg-12436-4\"  class=\"panel-grid panel-no-style\" ><div id=\"pgc-12436-4-0\"  class=\"panel-grid-cell\" ><div id=\"panel-12436-4-0-0\" class=\"so-panel widget panel-first-child panel-last-child\" data-index=\"8\" ><\/div><\/div><\/div><\/div>","protected":false},"excerpt":{"rendered":"<p>&nbsp; Territorium, la compa\u00f1\u00eda global de tecnolog\u00eda educativa con m\u00e1s de 12 millones de usuarios en todo el mundo, est\u00e1 transformando la manera en que vemos la educaci\u00f3n y la adquisici\u00f3n de habilidades. Nuestras soluciones permiten a instituciones educativas y empresas ofrecer, evaluar, medir y registrar el aprendizaje y la adquisici\u00f3n de habilidades donde sea&hellip; <br \/> <a class=\"button small blue\" href=\"https:\/\/encuentro-tic.anuies.mx\/2024\/territorium\/\">Leer m\u00e1s<\/a><\/p>\n","protected":false},"author":1,"featured_media":0,"parent":0,"menu_order":0,"comment_status":"closed","ping_status":"closed","template":"","meta":{"_exactmetrics_skip_tracking":false,"_exactmetrics_sitenote_active":false,"_exactmetrics_sitenote_note":"","_exactmetrics_sitenote_category":0,"ngg_post_thumbnail":0,"footnotes":""},"class_list":["post-12436","page","type-page","status-publish","hentry"],"rttpg_featured_image_url":null,"rttpg_author":{"display_name":"ctrlweb","author_link":"https:\/\/encuentro-tic.anuies.mx\/2024\/author\/ctrlweb\/"},"rttpg_comment":0,"rttpg_category":false,"rttpg_excerpt":"&nbsp; Territorium, la compa\u00f1\u00eda global de tecnolog\u00eda educativa con m\u00e1s de 12 millones de usuarios en todo el mundo, est\u00e1 transformando la manera en que vemos la educaci\u00f3n y la adquisici\u00f3n de habilidades. Nuestras soluciones permiten a instituciones educativas y empresas ofrecer, evaluar, medir y registrar el aprendizaje y la adquisici\u00f3n de habilidades donde sea&hellip;&hellip;","_links":{"self":[{"href":"https:\/\/encuentro-tic.anuies.mx\/2024\/wp-json\/wp\/v2\/pages\/12436","targetHints":{"allow":["GET"]}}],"collection":[{"href":"https:\/\/encuentro-tic.anuies.mx\/2024\/wp-json\/wp\/v2\/pages"}],"about":[{"href":"https:\/\/encuentro-tic.anuies.mx\/2024\/wp-json\/wp\/v2\/types\/page"}],"author":[{"embeddable":true,"href":"https:\/\/encuentro-tic.anuies.mx\/2024\/wp-json\/wp\/v2\/users\/1"}],"replies":[{"embeddable":true,"href":"https:\/\/encuentro-tic.anuies.mx\/2024\/wp-json\/wp\/v2\/comments?post=12436"}],"version-history":[{"count":6,"href":"https:\/\/encuentro-tic.anuies.mx\/2024\/wp-json\/wp\/v2\/pages\/12436\/revisions"}],"predecessor-version":[{"id":13014,"href":"https:\/\/encuentro-tic.anuies.mx\/2024\/wp-json\/wp\/v2\/pages\/12436\/revisions\/13014"}],"wp:attachment":[{"href":"https:\/\/encuentro-tic.anuies.mx\/2024\/wp-json\/wp\/v2\/media?parent=12436"}],"curies":[{"name":"wp","href":"https:\/\/api.w.org\/{rel}","templated":true}]}}