{"id":12380,"date":"2024-10-04T12:43:34","date_gmt":"2024-10-04T18:43:34","guid":{"rendered":"https:\/\/encuentro-tic.anuies.mx\/2024\/?page_id=12380"},"modified":"2024-10-22T13:18:43","modified_gmt":"2024-10-22T19:18:43","slug":"et-comunicaciones-2024","status":"publish","type":"page","link":"https:\/\/encuentro-tic.anuies.mx\/2024\/et-comunicaciones-2024\/","title":{"rendered":"ET COMUNICACIONES"},"content":{"rendered":"<div id=\"pl-12380\"  class=\"panel-layout\" ><div id=\"pg-12380-0\"  class=\"panel-grid panel-has-style\" ><div class=\"siteorigin-panels-stretch panel-row-style panel-row-style-for-12380-0\" data-stretch-type=\"full-width-stretch\" ><div id=\"pgc-12380-0-0\"  class=\"panel-grid-cell\" ><div id=\"panel-12380-0-0-0\" class=\"so-panel widget widget_sow-editor panel-first-child panel-last-child\" data-index=\"0\" ><div\n\t\t\t\n\t\t\tclass=\"so-widget-sow-editor so-widget-sow-editor-base\"\n\t\t\t\n\t\t>\n<div class=\"siteorigin-widget-tinymce textwidget\">\n\t<style>hr {border: 0 ; border-top: 4px double gold; width: 90%;}<\/style>\n<p><img loading=\"lazy\" decoding=\"async\" class=\"size-full wp-image-12895 aligncenter\" src=\"https:\/\/encuentro-tic.anuies.mx\/2024\/ctrl-content\/uploads\/sites\/11\/2024\/10\/ET_Logo_editado.jpg\" alt=\"\" width=\"150\" height=\"150\" srcset=\"https:\/\/encuentro-tic.anuies.mx\/ctrl-content\/uploads\/sites\/11\/2024\/10\/ET_Logo_editado.jpg 300w, https:\/\/encuentro-tic.anuies.mx\/ctrl-content\/uploads\/sites\/11\/2024\/10\/ET_Logo_editado-150x150.jpg 150w\" sizes=\"auto, (max-width: 150px) 100vw, 150px\" \/><\/p>\n<hr \/>\n<p>&nbsp;<\/p>\n<\/div>\n<\/div><\/div><\/div><\/div><\/div><div id=\"pg-12380-1\"  class=\"panel-grid panel-has-style\" ><div class=\"siteorigin-panels-stretch panel-row-style panel-row-style-for-12380-1\" data-stretch-type=\"full-width-stretch\" ><div id=\"pgc-12380-1-0\"  class=\"panel-grid-cell\" ><div id=\"panel-12380-1-0-0\" class=\"so-panel widget widget_sow-editor panel-first-child\" data-index=\"1\" ><div\n\t\t\t\n\t\t\tclass=\"so-widget-sow-editor so-widget-sow-editor-base\"\n\t\t\t\n\t\t>\n<div class=\"siteorigin-widget-tinymce textwidget\">\n\t<p style=\"text-align: justify\"><span style=\"font-weight: 400;font-size: 16pt\"><img loading=\"lazy\" decoding=\"async\" class=\"size-medium wp-image-12901 alignleft\" src=\"https:\/\/encuentro-tic.anuies.mx\/2024\/ctrl-content\/uploads\/sites\/11\/2024\/10\/imagenweb-300x202.jpg\" alt=\"integrando_confianza\" width=\"300\" height=\"202\" srcset=\"https:\/\/encuentro-tic.anuies.mx\/ctrl-content\/uploads\/sites\/11\/2024\/10\/imagenweb-300x202.jpg 300w, https:\/\/encuentro-tic.anuies.mx\/ctrl-content\/uploads\/sites\/11\/2024\/10\/imagenweb-272x182.jpg 272w, https:\/\/encuentro-tic.anuies.mx\/ctrl-content\/uploads\/sites\/11\/2024\/10\/imagenweb.jpg 640w\" sizes=\"auto, (max-width: 300px) 100vw, 300px\" \/><\/span><\/p>\n<p>En <strong>ET Comunicaciones<\/strong> ayudamos a las organizaciones a solucionar los desaf\u00edos de seguridad de la informaci\u00f3n, para optimizar sus procesos de negocio y minimizar los riesgos de vulnerabilidad, a trav\u00e9s de soluciones integrales y personalizadas desarrolladas por los l\u00edderes en tecnolog\u00eda.<\/p>\n<p>Con un gran equipo de ingenieros especializados en ciberseguridad, que cuentan con amplia experiencia en la protecci\u00f3n de informaci\u00f3n ante amenazas avanzadas. Dos d\u00e9cadas nos respaldan en la transformaci\u00f3n estrat\u00e9gica y digital de las empresas<\/p>\n<p style=\"text-align: justify\"><span style=\"font-weight: 400;font-size: 16pt\"><strong>Integrando confianza<\/strong><\/span><\/p>\n<p style=\"text-align: justify\">&nbsp;<\/p>\n<\/div>\n<\/div><\/div><div id=\"panel-12380-1-0-1\" class=\"so-panel widget widget_siteorigin-panels-builder panel-last-child\" data-index=\"2\" ><div class=\"aos-init panel-widget-style panel-widget-style-for-12380-1-0-1\" data-aos=\"fade\" data-aos-duration=\"600\" data-aos-easing=\"linear\" data-aos-anchor-placement=\"top-bottom\" data-aos-once=\"true\" ><div id=\"pl-w670485b7accaf\"  class=\"panel-layout\" ><div id=\"pg-w670485b7accaf-0\"  class=\"panel-grid panel-no-style\" ><div id=\"pgc-w670485b7accaf-0-0\"  class=\"panel-grid-cell\" ><div id=\"panel-w670485b7accaf-0-0-0\" class=\"so-panel widget widget_sow-editor panel-first-child panel-last-child\" data-index=\"0\" ><div\n\t\t\t\n\t\t\tclass=\"so-widget-sow-editor so-widget-sow-editor-base\"\n\t\t\t\n\t\t>\n<div class=\"siteorigin-widget-tinymce textwidget\">\n\t<p style=\"text-align: center\"><span style=\"font-weight: 400\"><span style=\"font-size: 14pt\"><b><img loading=\"lazy\" decoding=\"async\" class=\"alignnone wp-image-12897 size-full\" src=\"https:\/\/encuentro-tic.anuies.mx\/2024\/ctrl-content\/uploads\/sites\/11\/2024\/10\/Ciberseguridad.jpeg\" alt=\"\" width=\"501\" height=\"721\" srcset=\"https:\/\/encuentro-tic.anuies.mx\/ctrl-content\/uploads\/sites\/11\/2024\/10\/Ciberseguridad.jpeg 501w, https:\/\/encuentro-tic.anuies.mx\/ctrl-content\/uploads\/sites\/11\/2024\/10\/Ciberseguridad-208x300.jpeg 208w\" sizes=\"auto, (max-width: 501px) 100vw, 501px\" \/>\u200b<\/b><\/span><\/span><\/p>\n<\/div>\n<\/div><\/div><\/div><div id=\"pgc-w670485b7accaf-0-1\"  class=\"panel-grid-cell\" ><div id=\"panel-w670485b7accaf-0-1-0\" class=\"so-panel widget widget_sow-editor panel-first-child panel-last-child\" data-index=\"1\" ><div\n\t\t\t\n\t\t\tclass=\"so-widget-sow-editor so-widget-sow-editor-base\"\n\t\t\t\n\t\t>\n<div class=\"siteorigin-widget-tinymce textwidget\">\n\t<p style=\"text-align: center\"><span style=\"font-weight: 400\"><span style=\"font-size: 14pt\"><b><img loading=\"lazy\" decoding=\"async\" class=\"aligncenter wp-image-12898 size-full\" src=\"https:\/\/encuentro-tic.anuies.mx\/2024\/ctrl-content\/uploads\/sites\/11\/2024\/10\/Observabilidad.jpeg\" alt=\"\" width=\"501\" height=\"721\" srcset=\"https:\/\/encuentro-tic.anuies.mx\/ctrl-content\/uploads\/sites\/11\/2024\/10\/Observabilidad.jpeg 501w, https:\/\/encuentro-tic.anuies.mx\/ctrl-content\/uploads\/sites\/11\/2024\/10\/Observabilidad-208x300.jpeg 208w\" sizes=\"auto, (max-width: 501px) 100vw, 501px\" \/><\/b><\/span><\/span><span style=\"font-weight: 400;font-size: 14pt\"><br \/>\n\u200b<\/span><\/p>\n<\/div>\n<\/div><\/div><\/div><div id=\"pgc-w670485b7accaf-0-2\"  class=\"panel-grid-cell\" ><div id=\"panel-w670485b7accaf-0-2-0\" class=\"so-panel widget widget_sow-editor panel-first-child panel-last-child\" data-index=\"2\" ><div\n\t\t\t\n\t\t\tclass=\"so-widget-sow-editor so-widget-sow-editor-base\"\n\t\t\t\n\t\t>\n<div class=\"siteorigin-widget-tinymce textwidget\">\n\t<p style=\"text-align: center\"><span style=\"font-weight: 400\"><span style=\"font-size: 14pt\"><img loading=\"lazy\" decoding=\"async\" class=\"alignnone wp-image-12899 size-full\" src=\"https:\/\/encuentro-tic.anuies.mx\/2024\/ctrl-content\/uploads\/sites\/11\/2024\/10\/Redes.jpeg\" alt=\"\" width=\"501\" height=\"721\" srcset=\"https:\/\/encuentro-tic.anuies.mx\/ctrl-content\/uploads\/sites\/11\/2024\/10\/Redes.jpeg 501w, https:\/\/encuentro-tic.anuies.mx\/ctrl-content\/uploads\/sites\/11\/2024\/10\/Redes-208x300.jpeg 208w\" sizes=\"auto, (max-width: 501px) 100vw, 501px\" \/><\/span><\/span><\/p>\n<p style=\"text-align: center\"><span style=\"font-size: 14pt\"><span style=\"font-weight: 400\">\u200b<\/span><\/span><\/p>\n<p style=\"text-align: center\"><span style=\"font-weight: 400\"><span style=\"font-size: 14pt\">&nbsp;<\/span><\/span><\/p>\n<\/div>\n<\/div><\/div><\/div><div id=\"pgc-w670485b7accaf-0-3\"  class=\"panel-grid-cell\" ><div id=\"panel-w670485b7accaf-0-3-0\" class=\"so-panel widget widget_sow-editor panel-first-child panel-last-child\" data-index=\"3\" ><div\n\t\t\t\n\t\t\tclass=\"so-widget-sow-editor so-widget-sow-editor-base\"\n\t\t\t\n\t\t>\n<div class=\"siteorigin-widget-tinymce textwidget\">\n\t<p style=\"text-align: center\"><span style=\"font-weight: 400\"><span style=\"font-size: 14pt\"><img loading=\"lazy\" decoding=\"async\" class=\"alignnone wp-image-12900 size-full\" src=\"https:\/\/encuentro-tic.anuies.mx\/2024\/ctrl-content\/uploads\/sites\/11\/2024\/10\/Virtualizacion-e-hiperconvergencia.jpeg\" alt=\"\" width=\"501\" height=\"721\" srcset=\"https:\/\/encuentro-tic.anuies.mx\/ctrl-content\/uploads\/sites\/11\/2024\/10\/Virtualizacion-e-hiperconvergencia.jpeg 501w, https:\/\/encuentro-tic.anuies.mx\/ctrl-content\/uploads\/sites\/11\/2024\/10\/Virtualizacion-e-hiperconvergencia-208x300.jpeg 208w\" sizes=\"auto, (max-width: 501px) 100vw, 501px\" \/><\/span><\/span><\/p>\n<p style=\"text-align: center\"><span style=\"font-size: 14pt\"><span style=\"font-weight: 400\">\u200b<\/span><\/span><\/p>\n<p style=\"text-align: center\"><span style=\"font-weight: 400\"><span style=\"font-size: 14pt\">&nbsp;<\/span><\/span><\/p>\n<\/div>\n<\/div><\/div><\/div><\/div><\/div><\/div><\/div><\/div><div id=\"pgc-12380-1-1\"  class=\"panel-grid-cell\" ><div id=\"panel-12380-1-1-0\" class=\"so-panel widget widget_siteorigin-panels-builder panel-first-child\" data-index=\"3\" ><div id=\"pl-w670485b7ade27\"  class=\"panel-layout\" ><div id=\"pg-w670485b7ade27-0\"  class=\"panel-grid panel-no-style\" ><div id=\"pgc-w670485b7ade27-0-0\"  class=\"panel-grid-cell\" ><div id=\"panel-w670485b7ade27-0-0-0\" class=\"so-panel widget widget_sow-icon panel-first-child panel-last-child\" data-index=\"0\" ><div\n\t\t\t\n\t\t\tclass=\"so-widget-sow-icon so-widget-sow-icon-default-78de98159bee\"\n\t\t\t\n\t\t>\n<div class=\"sow-icon-container sow-icon\">\n\t\t\t<a href=\"https:\/\/www.linkedin.com\/company\/et-comunicaciones\/\" \n\t\ttarget=\"_blank\" rel=\"noopener noreferrer\"\t\t>\n\t\t\t<span class=\"sow-icon-genericons\" data-sow-icon=\"&#xf208;\"\n\t\t \n\t\taria-hidden=\"true\"><\/span>\t\t\t<\/a>\n\t<\/div>\n<\/div><\/div><\/div><div id=\"pgc-w670485b7ade27-0-1\"  class=\"panel-grid-cell panel-grid-cell-empty\" ><\/div><div id=\"pgc-w670485b7ade27-0-2\"  class=\"panel-grid-cell panel-grid-cell-empty\" ><\/div><div id=\"pgc-w670485b7ade27-0-3\"  class=\"panel-grid-cell panel-grid-cell-empty panel-grid-cell-mobile-last\" ><\/div><div id=\"pgc-w670485b7ade27-0-4\"  class=\"panel-grid-cell panel-grid-cell-empty\" ><\/div><\/div><\/div><\/div><div id=\"panel-12380-1-1-1\" class=\"so-panel widget widget_sow-editor panel-last-child\" data-index=\"4\" ><div class=\"panel-widget-style panel-widget-style-for-12380-1-1-1\" ><div\n\t\t\t\n\t\t\tclass=\"so-widget-sow-editor so-widget-sow-editor-base\"\n\t\t\t\n\t\t><h3 class=\"widget-title\">Contacto<\/h3>\n<div class=\"siteorigin-widget-tinymce textwidget\">\n\t<ul style=\"list-style-type: square\">\n<li>Correo - ggarcia@etcomunicaciones.net<\/li>\n<li>Tel - +52 (55) 5598 7727<\/li>\n<li>Tel - +52 (55) 5598 7235<\/li>\n<li>SitioWeb - https:\/\/etcomunicaciones.net\/<\/li>\n<li>Direcci\u00f3n - Carolina No. 80 Interior 8 Col.<br \/>\nCiudad de los Deportes C.P. 03710<\/li>\n<\/ul>\n<hr \/>\n<\/div>\n<\/div><\/div><\/div><\/div><\/div><\/div><div id=\"pg-12380-2\"  class=\"panel-grid panel-has-style\" ><div class=\"siteorigin-panels-stretch panel-row-style panel-row-style-for-12380-2\" data-stretch-type=\"full-width-stretch\" ><div id=\"pgc-12380-2-0\"  class=\"panel-grid-cell panel-grid-cell-empty\" ><\/div><div id=\"pgc-12380-2-1\"  class=\"panel-grid-cell panel-grid-cell-empty panel-grid-cell-mobile-last\" ><\/div><div id=\"pgc-12380-2-2\"  class=\"panel-grid-cell panel-grid-cell-empty\" ><\/div><\/div><\/div><div id=\"pg-12380-3\"  class=\"panel-grid panel-no-style\" ><div id=\"pgc-12380-3-0\"  class=\"panel-grid-cell\" ><div id=\"panel-12380-3-0-0\" class=\"so-panel widget widget_sow-editor panel-first-child panel-last-child\" data-index=\"5\" ><div\n\t\t\t\n\t\t\tclass=\"so-widget-sow-editor so-widget-sow-editor-base\"\n\t\t\t\n\t\t>\n<div class=\"siteorigin-widget-tinymce textwidget\">\n\t<p style=\"text-align: center\"><a class=\"fasc-button fasc-size-large fasc-type-flat fasc-rounded-medium fasc-ico-before dashicons-undo\" style=\"background-color: #004b8b;color: #ffffff\" rel=\"nofollow\" href=\"https:\/\/encuentro-tic.anuies.mx\/2024\/espacio-virtual\/\">Regresar a men\u00fa<\/a><\/p>\n<\/div>\n<\/div><\/div><\/div><\/div><div id=\"pg-12380-4\"  class=\"panel-grid panel-no-style\" ><div id=\"pgc-12380-4-0\"  class=\"panel-grid-cell\" ><div id=\"panel-12380-4-0-0\" class=\"so-panel widget panel-first-child panel-last-child\" data-index=\"6\" ><\/div><\/div><\/div><\/div>","protected":false},"excerpt":{"rendered":"<p>&nbsp; En ET Comunicaciones ayudamos a las organizaciones a solucionar los desaf\u00edos de seguridad de la informaci\u00f3n, para optimizar sus procesos de negocio y minimizar los riesgos de vulnerabilidad, a trav\u00e9s de soluciones integrales y personalizadas desarrolladas por los l\u00edderes en tecnolog\u00eda. Con un gran equipo de ingenieros especializados en ciberseguridad, que cuentan con amplia&hellip; <br \/> <a class=\"button small blue\" href=\"https:\/\/encuentro-tic.anuies.mx\/2024\/et-comunicaciones-2024\/\">Leer m\u00e1s<\/a><\/p>\n","protected":false},"author":1,"featured_media":0,"parent":0,"menu_order":0,"comment_status":"closed","ping_status":"closed","template":"","meta":{"_exactmetrics_skip_tracking":false,"_exactmetrics_sitenote_active":false,"_exactmetrics_sitenote_note":"","_exactmetrics_sitenote_category":0,"ngg_post_thumbnail":0,"footnotes":""},"class_list":["post-12380","page","type-page","status-publish","hentry"],"rttpg_featured_image_url":null,"rttpg_author":{"display_name":"ctrlweb","author_link":"https:\/\/encuentro-tic.anuies.mx\/2024\/author\/ctrlweb\/"},"rttpg_comment":0,"rttpg_category":false,"rttpg_excerpt":"&nbsp; En ET Comunicaciones ayudamos a las organizaciones a solucionar los desaf\u00edos de seguridad de la informaci\u00f3n, para optimizar sus procesos de negocio y minimizar los riesgos de vulnerabilidad, a trav\u00e9s de soluciones integrales y personalizadas desarrolladas por los l\u00edderes en tecnolog\u00eda. Con un gran equipo de ingenieros especializados en ciberseguridad, que cuentan con amplia&hellip;&hellip;","_links":{"self":[{"href":"https:\/\/encuentro-tic.anuies.mx\/2024\/wp-json\/wp\/v2\/pages\/12380","targetHints":{"allow":["GET"]}}],"collection":[{"href":"https:\/\/encuentro-tic.anuies.mx\/2024\/wp-json\/wp\/v2\/pages"}],"about":[{"href":"https:\/\/encuentro-tic.anuies.mx\/2024\/wp-json\/wp\/v2\/types\/page"}],"author":[{"embeddable":true,"href":"https:\/\/encuentro-tic.anuies.mx\/2024\/wp-json\/wp\/v2\/users\/1"}],"replies":[{"embeddable":true,"href":"https:\/\/encuentro-tic.anuies.mx\/2024\/wp-json\/wp\/v2\/comments?post=12380"}],"version-history":[{"count":8,"href":"https:\/\/encuentro-tic.anuies.mx\/2024\/wp-json\/wp\/v2\/pages\/12380\/revisions"}],"predecessor-version":[{"id":13576,"href":"https:\/\/encuentro-tic.anuies.mx\/2024\/wp-json\/wp\/v2\/pages\/12380\/revisions\/13576"}],"wp:attachment":[{"href":"https:\/\/encuentro-tic.anuies.mx\/2024\/wp-json\/wp\/v2\/media?parent=12380"}],"curies":[{"name":"wp","href":"https:\/\/api.w.org\/{rel}","templated":true}]}}