{"id":11829,"date":"2024-04-24T14:13:03","date_gmt":"2024-04-24T20:13:03","guid":{"rendered":"https:\/\/encuentro-tic.anuies.mx\/2024\/?page_id=11829"},"modified":"2024-04-24T14:32:32","modified_gmt":"2024-04-24T20:32:32","slug":"conoce-chihuahua","status":"publish","type":"page","link":"https:\/\/encuentro-tic.anuies.mx\/2024\/conoce-chihuahua\/","title":{"rendered":"Conoce CHIHUAHUA"},"content":{"rendered":"<div id=\"pl-11829\"  class=\"panel-layout\" ><div id=\"pg-11829-0\"  class=\"panel-grid panel-no-style\" ><div id=\"pgc-11829-0-0\"  class=\"panel-grid-cell\" ><div id=\"panel-11829-0-0-0\" class=\"so-panel widget widget_sow-editor panel-first-child panel-last-child\" data-index=\"0\" ><div\n\t\t\t\n\t\t\tclass=\"so-widget-sow-editor so-widget-sow-editor-base\"\n\t\t\t\n\t\t>\n<div class=\"siteorigin-widget-tinymce textwidget\">\n\t<p style=\"text-align: justify;\">Chihuahua es un estado majestuoso en toda la extensi\u00f3n de la palabra. Ostenta uno de los paisajes m\u00e1s asombrosos de M\u00e9xico en las profundas Barrancas del Cobre, que se puede recorrer a trav\u00e9s del Tren El Chepe.<\/p>\n<p style=\"text-align: justify;\">Es el estado m\u00e1s extenso de M\u00e9xico. Existen varias acepciones sobre el origen del nombre del estado, la m\u00e1s aceptada es la que viene de la palabra n\u00e1huatl<em>&nbsp;xicahua<\/em>, que significa \u201cCosa seca o arenosa\u201d. Se limita al norte con Estados Unidos, al este con Coahuila; al sur con Durango y Sinaloa; y al oeste con Sonora.<\/p>\n<p style=\"text-align: justify;\">Su clima es muy seco en la mayor\u00eda del estado. La temperatura anual oscila entre los 17 \u00b0C llegando a los 30 \u00b0C entre los meses de mayo y agosto. Presume los Pueblos M\u00e1gicos de Batopilas, Casas Grandes y Creel. La Zona de Monumentos Arqueol\u00f3gicos de Paquim\u00e9 fue incluida en la lista del Patrimonio de la Humanidad de la UNESCO.<\/p>\n<\/div>\n<\/div><\/div><\/div><div id=\"pgc-11829-0-1\"  class=\"panel-grid-cell\" ><div id=\"panel-11829-0-1-0\" class=\"so-panel widget widget_sow-editor panel-first-child panel-last-child\" data-index=\"1\" ><div\n\t\t\t\n\t\t\tclass=\"so-widget-sow-editor so-widget-sow-editor-base\"\n\t\t\t\n\t\t>\n<div class=\"siteorigin-widget-tinymce textwidget\">\n\t<p><img loading=\"lazy\" decoding=\"async\" class=\"aligncenter size-full wp-image-11831\" src=\"https:\/\/encuentro-tic.anuies.mx\/2024\/ctrl-content\/uploads\/sites\/11\/2024\/04\/9-Chepe_Chih_Cortesia-Sectur-Chih-2048x1508-1.jpg\" alt=\"\" width=\"2048\" height=\"1508\" srcset=\"https:\/\/encuentro-tic.anuies.mx\/ctrl-content\/uploads\/sites\/11\/2024\/04\/9-Chepe_Chih_Cortesia-Sectur-Chih-2048x1508-1.jpg 2048w, https:\/\/encuentro-tic.anuies.mx\/ctrl-content\/uploads\/sites\/11\/2024\/04\/9-Chepe_Chih_Cortesia-Sectur-Chih-2048x1508-1-300x221.jpg 300w, https:\/\/encuentro-tic.anuies.mx\/ctrl-content\/uploads\/sites\/11\/2024\/04\/9-Chepe_Chih_Cortesia-Sectur-Chih-2048x1508-1-1024x754.jpg 1024w, https:\/\/encuentro-tic.anuies.mx\/ctrl-content\/uploads\/sites\/11\/2024\/04\/9-Chepe_Chih_Cortesia-Sectur-Chih-2048x1508-1-768x566.jpg 768w, https:\/\/encuentro-tic.anuies.mx\/ctrl-content\/uploads\/sites\/11\/2024\/04\/9-Chepe_Chih_Cortesia-Sectur-Chih-2048x1508-1-1536x1131.jpg 1536w, https:\/\/encuentro-tic.anuies.mx\/ctrl-content\/uploads\/sites\/11\/2024\/04\/9-Chepe_Chih_Cortesia-Sectur-Chih-2048x1508-1-1467x1080.jpg 1467w\" sizes=\"auto, (max-width: 2048px) 100vw, 2048px\" \/><\/p>\n<\/div>\n<\/div><\/div><\/div><\/div><div id=\"pg-11829-1\"  class=\"panel-grid panel-no-style\" ><div id=\"pgc-11829-1-0\"  class=\"panel-grid-cell\" ><div id=\"panel-11829-1-0-0\" class=\"so-panel widget widget_sow-editor panel-first-child panel-last-child\" data-index=\"2\" ><div\n\t\t\t\n\t\t\tclass=\"so-widget-sow-editor so-widget-sow-editor-base\"\n\t\t\t\n\t\t><h3 class=\"widget-title\">Destinos<\/h3>\n<div class=\"siteorigin-widget-tinymce textwidget\">\n\t<div class=\"carousel-slider-outer carousel-slider-outer-image-carousel carousel-slider-outer-11835\" style=\"--carousel-slider-nav-color:#f1f1f1;--carousel-slider-active-nav-color:#00d1b2;--carousel-slider-arrow-size:48px;--carousel-slider-bullet-size:10px\">\n<div id=\"&#039;id-11835\" class=\"carousel-slider carousel-slider-11835 arrows-visibility-hover dots-visibility-never arrows-outside dots-center dots-circle owl-carousel\" data-slide-type=\"image-carousel\" data-owl-settings='{\"nav\":true,\"dots\":false,\"slideBy\":1,\"stagePadding\":0,\"margin\":10,\"loop\":true,\"lazyLoad\":false,\"autoplay\":true,\"autoplayTimeout\":5000,\"autoplaySpeed\":500,\"autoplayHoverPause\":true,\"autoWidth\":false,\"responsive\":{\"300\":{\"items\":1},\"576\":{\"items\":2},\"768\":{\"items\":2},\"1024\":{\"items\":3},\"1280\":{\"items\":4},\"1536\":{\"items\":5}}}'>\n<div class=\"carousel-slider__item\">\n\t<a class=\"magnific-popup\" href=\"https:\/\/encuentro-tic.anuies.mx\/ctrl-content\/uploads\/sites\/11\/2024\/04\/casas.jpg\" data-width=\"700\" data-height=\"467\"><img loading=\"lazy\" decoding=\"async\" width=\"700\" height=\"467\" src=\"https:\/\/encuentro-tic.anuies.mx\/ctrl-content\/uploads\/sites\/11\/2024\/04\/casas.jpg\" class=\"attachment-medium_large size-medium_large\" alt=\"\" srcset=\"https:\/\/encuentro-tic.anuies.mx\/ctrl-content\/uploads\/sites\/11\/2024\/04\/casas.jpg 700w, https:\/\/encuentro-tic.anuies.mx\/ctrl-content\/uploads\/sites\/11\/2024\/04\/casas-300x200.jpg 300w, https:\/\/encuentro-tic.anuies.mx\/ctrl-content\/uploads\/sites\/11\/2024\/04\/casas-272x182.jpg 272w\" sizes=\"auto, (max-width: 700px) 100vw, 700px\" \/><div class=\"carousel-slider__caption\"><p class=\"caption\">CASAS GRANDES<\/p><\/div><\/a><\/div>\n\n<div class=\"carousel-slider__item\">\n\t<a class=\"magnific-popup\" href=\"https:\/\/encuentro-tic.anuies.mx\/ctrl-content\/uploads\/sites\/11\/2024\/04\/ciudad.jpg\" data-width=\"700\" data-height=\"525\"><img loading=\"lazy\" decoding=\"async\" width=\"700\" height=\"525\" src=\"https:\/\/encuentro-tic.anuies.mx\/ctrl-content\/uploads\/sites\/11\/2024\/04\/ciudad.jpg\" class=\"attachment-medium_large size-medium_large\" alt=\"\" srcset=\"https:\/\/encuentro-tic.anuies.mx\/ctrl-content\/uploads\/sites\/11\/2024\/04\/ciudad.jpg 700w, https:\/\/encuentro-tic.anuies.mx\/ctrl-content\/uploads\/sites\/11\/2024\/04\/ciudad-300x225.jpg 300w\" sizes=\"auto, (max-width: 700px) 100vw, 700px\" \/><div class=\"carousel-slider__caption\"><p class=\"caption\">CIUDAD DE CCHIHUAHUA<\/p><\/div><\/a><\/div>\n\n<div class=\"carousel-slider__item\">\n\t<a class=\"magnific-popup\" href=\"https:\/\/encuentro-tic.anuies.mx\/ctrl-content\/uploads\/sites\/11\/2024\/04\/creel.jpg\" data-width=\"700\" data-height=\"304\"><img loading=\"lazy\" decoding=\"async\" width=\"700\" height=\"304\" src=\"https:\/\/encuentro-tic.anuies.mx\/ctrl-content\/uploads\/sites\/11\/2024\/04\/creel.jpg\" class=\"attachment-medium_large size-medium_large\" alt=\"\" srcset=\"https:\/\/encuentro-tic.anuies.mx\/ctrl-content\/uploads\/sites\/11\/2024\/04\/creel.jpg 700w, https:\/\/encuentro-tic.anuies.mx\/ctrl-content\/uploads\/sites\/11\/2024\/04\/creel-300x130.jpg 300w\" sizes=\"auto, (max-width: 700px) 100vw, 700px\" \/><div class=\"carousel-slider__caption\"><p class=\"caption\">CREEL<\/p><\/div><\/a><\/div>\n\n<div class=\"carousel-slider__item\">\n\t<a class=\"magnific-popup\" href=\"https:\/\/encuentro-tic.anuies.mx\/ctrl-content\/uploads\/sites\/11\/2024\/04\/hidalgo.jpg\" data-width=\"700\" data-height=\"394\"><img loading=\"lazy\" decoding=\"async\" width=\"700\" height=\"394\" src=\"https:\/\/encuentro-tic.anuies.mx\/ctrl-content\/uploads\/sites\/11\/2024\/04\/hidalgo.jpg\" class=\"attachment-medium_large size-medium_large\" alt=\"\" srcset=\"https:\/\/encuentro-tic.anuies.mx\/ctrl-content\/uploads\/sites\/11\/2024\/04\/hidalgo.jpg 700w, https:\/\/encuentro-tic.anuies.mx\/ctrl-content\/uploads\/sites\/11\/2024\/04\/hidalgo-300x169.jpg 300w\" sizes=\"auto, (max-width: 700px) 100vw, 700px\" \/><div class=\"carousel-slider__caption\"><p class=\"caption\">HIDALGO DEL PARRAL<\/p><\/div><\/a><\/div>\n\n<div class=\"carousel-slider__item\">\n\t<a class=\"magnific-popup\" href=\"https:\/\/encuentro-tic.anuies.mx\/ctrl-content\/uploads\/sites\/11\/2024\/04\/batopilas.png\" data-width=\"747\" data-height=\"344\"><img loading=\"lazy\" decoding=\"async\" width=\"747\" height=\"344\" src=\"https:\/\/encuentro-tic.anuies.mx\/ctrl-content\/uploads\/sites\/11\/2024\/04\/batopilas.png\" class=\"attachment-medium_large size-medium_large\" alt=\"\" srcset=\"https:\/\/encuentro-tic.anuies.mx\/ctrl-content\/uploads\/sites\/11\/2024\/04\/batopilas.png 747w, https:\/\/encuentro-tic.anuies.mx\/ctrl-content\/uploads\/sites\/11\/2024\/04\/batopilas-300x138.png 300w\" sizes=\"auto, (max-width: 747px) 100vw, 747px\" \/><div class=\"carousel-slider__caption\"><p class=\"caption\">BATOPILAS<\/p><\/div><\/a><\/div>\n\n<div class=\"carousel-slider__item\">\n\t<a class=\"magnific-popup\" href=\"https:\/\/encuentro-tic.anuies.mx\/ctrl-content\/uploads\/sites\/11\/2024\/04\/guachochi.png\" data-width=\"712\" data-height=\"432\"><img loading=\"lazy\" decoding=\"async\" width=\"712\" height=\"432\" src=\"https:\/\/encuentro-tic.anuies.mx\/ctrl-content\/uploads\/sites\/11\/2024\/04\/guachochi.png\" class=\"attachment-medium_large size-medium_large\" alt=\"\" srcset=\"https:\/\/encuentro-tic.anuies.mx\/ctrl-content\/uploads\/sites\/11\/2024\/04\/guachochi.png 712w, https:\/\/encuentro-tic.anuies.mx\/ctrl-content\/uploads\/sites\/11\/2024\/04\/guachochi-300x182.png 300w\" sizes=\"auto, (max-width: 712px) 100vw, 712px\" \/><div class=\"carousel-slider__caption\"><p class=\"caption\">GUACHOCHI<\/p><\/div><\/a><\/div>\n\n<div class=\"carousel-slider__item\">\n\t<a class=\"magnific-popup\" href=\"https:\/\/encuentro-tic.anuies.mx\/ctrl-content\/uploads\/sites\/11\/2024\/04\/9-Chepe_Chih_Cortesia-Sectur-Chih-2048x1508-1.jpg\" data-width=\"2048\" data-height=\"1508\"><img loading=\"lazy\" decoding=\"async\" width=\"768\" height=\"566\" src=\"https:\/\/encuentro-tic.anuies.mx\/ctrl-content\/uploads\/sites\/11\/2024\/04\/9-Chepe_Chih_Cortesia-Sectur-Chih-2048x1508-1-768x566.jpg\" class=\"attachment-medium_large size-medium_large\" alt=\"\" srcset=\"https:\/\/encuentro-tic.anuies.mx\/ctrl-content\/uploads\/sites\/11\/2024\/04\/9-Chepe_Chih_Cortesia-Sectur-Chih-2048x1508-1-768x566.jpg 768w, https:\/\/encuentro-tic.anuies.mx\/ctrl-content\/uploads\/sites\/11\/2024\/04\/9-Chepe_Chih_Cortesia-Sectur-Chih-2048x1508-1-300x221.jpg 300w, https:\/\/encuentro-tic.anuies.mx\/ctrl-content\/uploads\/sites\/11\/2024\/04\/9-Chepe_Chih_Cortesia-Sectur-Chih-2048x1508-1-1024x754.jpg 1024w, https:\/\/encuentro-tic.anuies.mx\/ctrl-content\/uploads\/sites\/11\/2024\/04\/9-Chepe_Chih_Cortesia-Sectur-Chih-2048x1508-1-1536x1131.jpg 1536w, https:\/\/encuentro-tic.anuies.mx\/ctrl-content\/uploads\/sites\/11\/2024\/04\/9-Chepe_Chih_Cortesia-Sectur-Chih-2048x1508-1-1467x1080.jpg 1467w, https:\/\/encuentro-tic.anuies.mx\/ctrl-content\/uploads\/sites\/11\/2024\/04\/9-Chepe_Chih_Cortesia-Sectur-Chih-2048x1508-1.jpg 2048w\" sizes=\"auto, (max-width: 768px) 100vw, 768px\" \/><div class=\"carousel-slider__caption\"><p class=\"caption\">CHEPE<\/p><\/div><\/a><\/div>\n\n<\/div><!-- .carousel-slider-11835 -->\n<\/div><!-- .carousel-slider-outer-11835 -->\n\n<\/div>\n<\/div><\/div><\/div><\/div><div id=\"pg-11829-2\"  class=\"panel-grid panel-has-style\" ><div class=\"siteorigin-panels-stretch panel-row-style panel-row-style-for-11829-2\" data-stretch-type=\"full-width-stretch\" ><div id=\"pgc-11829-2-0\"  class=\"panel-grid-cell panel-grid-cell-empty\" ><\/div><div id=\"pgc-11829-2-1\"  class=\"panel-grid-cell panel-grid-cell-mobile-last\" ><div id=\"panel-11829-2-1-0\" class=\"so-panel widget widget_sow-editor panel-first-child panel-last-child\" data-index=\"3\" ><div\n\t\t\t\n\t\t\tclass=\"so-widget-sow-editor so-widget-sow-editor-base\"\n\t\t\t\n\t\t>\n<div class=\"siteorigin-widget-tinymce textwidget\">\n\t<p><iframe loading=\"lazy\" style=\"border: 0;\" src=\"https:\/\/www.google.com\/maps\/embed?pb=!1m13!1m8!1m3!1d14626373.12348432!2d-111.904353!3d26.491426!3m2!1i1024!2i768!4f13.1!3m2!1m1!2zMjjCsDM4JzAyLjEiTiAxMDbCsDA0JzE0LjIiVw!5e0!3m2!1ses-419!2sus!4v1713989509531!5m2!1ses-419!2sus\" width=\"600\" height=\"450\" allowfullscreen=\"allowfullscreen\"><\/iframe><\/p>\n<p>&nbsp;<\/p>\n<p>Fuente: <a href=\"https:\/\/escapadas.mexicodesconocido.com.mx\/chihuahua\/\" target=\"_blank\" rel=\"noopener\">M\u00e9xico Desconocido<\/a><\/p>\n<\/div>\n<\/div><\/div><\/div><div id=\"pgc-11829-2-2\"  class=\"panel-grid-cell panel-grid-cell-empty\" ><\/div><\/div><\/div><\/div>","protected":false},"excerpt":{"rendered":"<p>Chihuahua es un estado majestuoso en toda la extensi\u00f3n de la palabra. Ostenta uno de los paisajes m\u00e1s asombrosos de M\u00e9xico en las profundas Barrancas del Cobre, que se puede recorrer a trav\u00e9s del Tren El Chepe.Es el estado m\u00e1s extenso de M\u00e9xico. Existen varias acepciones sobre el origen del nombre del estado, la m\u00e1s&hellip; <br \/> <a class=\"button small blue\" href=\"https:\/\/encuentro-tic.anuies.mx\/2024\/conoce-chihuahua\/\">Leer m\u00e1s<\/a><\/p>\n","protected":false},"author":1,"featured_media":0,"parent":0,"menu_order":0,"comment_status":"closed","ping_status":"closed","template":"","meta":{"_exactmetrics_skip_tracking":false,"_exactmetrics_sitenote_active":false,"_exactmetrics_sitenote_note":"","_exactmetrics_sitenote_category":0,"ngg_post_thumbnail":0,"footnotes":""},"class_list":["post-11829","page","type-page","status-publish","hentry"],"rttpg_featured_image_url":null,"rttpg_author":{"display_name":"ctrlweb","author_link":"https:\/\/encuentro-tic.anuies.mx\/2024\/author\/ctrlweb\/"},"rttpg_comment":0,"rttpg_category":false,"rttpg_excerpt":"Chihuahua es un estado majestuoso en toda la extensi\u00f3n de la palabra. Ostenta uno de los paisajes m\u00e1s asombrosos de M\u00e9xico en las profundas Barrancas del Cobre, que se puede recorrer a trav\u00e9s del Tren El Chepe.Es el estado m\u00e1s extenso de M\u00e9xico. Existen varias acepciones sobre el origen del nombre del estado, la m\u00e1s&hellip;&hellip;","_links":{"self":[{"href":"https:\/\/encuentro-tic.anuies.mx\/2024\/wp-json\/wp\/v2\/pages\/11829","targetHints":{"allow":["GET"]}}],"collection":[{"href":"https:\/\/encuentro-tic.anuies.mx\/2024\/wp-json\/wp\/v2\/pages"}],"about":[{"href":"https:\/\/encuentro-tic.anuies.mx\/2024\/wp-json\/wp\/v2\/types\/page"}],"author":[{"embeddable":true,"href":"https:\/\/encuentro-tic.anuies.mx\/2024\/wp-json\/wp\/v2\/users\/1"}],"replies":[{"embeddable":true,"href":"https:\/\/encuentro-tic.anuies.mx\/2024\/wp-json\/wp\/v2\/comments?post=11829"}],"version-history":[{"count":7,"href":"https:\/\/encuentro-tic.anuies.mx\/2024\/wp-json\/wp\/v2\/pages\/11829\/revisions"}],"predecessor-version":[{"id":11845,"href":"https:\/\/encuentro-tic.anuies.mx\/2024\/wp-json\/wp\/v2\/pages\/11829\/revisions\/11845"}],"wp:attachment":[{"href":"https:\/\/encuentro-tic.anuies.mx\/2024\/wp-json\/wp\/v2\/media?parent=11829"}],"curies":[{"name":"wp","href":"https:\/\/api.w.org\/{rel}","templated":true}]}}