{"id":11686,"date":"2024-03-23T00:29:40","date_gmt":"2024-03-23T06:29:40","guid":{"rendered":"https:\/\/encuentro-tic.anuies.mx\/2024\/?page_id=11686"},"modified":"2024-03-23T00:29:40","modified_gmt":"2024-03-23T06:29:40","slug":"contacto","status":"publish","type":"page","link":"https:\/\/encuentro-tic.anuies.mx\/2024\/contacto\/","title":{"rendered":"Contacto"},"content":{"rendered":"<p style=\"text-align: center;\"><span style=\"font-size: 18pt;\"><span class=\"dropcap\">P<\/span>ara m\u00e1s informaci\u00f3n, favor de ponerse en contacto v\u00eda correo electr\u00f3nico&nbsp;<br \/>\no bien a trav\u00e9s de nuestras redes sociales<\/span><\/p>\n<p>&nbsp;<\/p>\n<table style=\"height: 502px; width: 100%; border-collapse: collapse; border-style: hidden;\" border=\"0\">\n<tbody>\n<tr style=\"height: 225px;\">\n<td style=\"width: 31.4714%; height: 225px;\">&nbsp;<\/td>\n<td style=\"width: 42.1663%; height: 225px; text-align: center;\"><a href=\"mailto:encuentro-tic@anuies.mx\"><img loading=\"lazy\" decoding=\"async\" class=\"aligncenter wp-image-3079\" src=\"https:\/\/encuentro-tic.anuies.mx\/2024\/ctrl-content\/uploads\/sites\/11\/2021\/05\/mail.jpg\" alt=\"\" width=\"175\" height=\"182\"><\/a><a href=\"mailto:encuentro-tic@anuies.mx\"><span style=\"font-size: 18pt;\">encuentro-tic@anuies.mx<\/span><\/a><\/td>\n<td style=\"width: 26.3624%; height: 225px;\">&nbsp;<\/td>\n<\/tr>\n<tr style=\"height: 251px;\">\n<td style=\"width: 31.4714%; height: 251px; text-align: center;\"><a href=\"http:\/\/facebook.com\/anuiestic\" target=\"_blank\" rel=\"noopener\"><img loading=\"lazy\" decoding=\"async\" class=\"aligncenter wp-image-3080\" src=\"https:\/\/encuentro-tic.anuies.mx\/2024\/ctrl-content\/uploads\/sites\/11\/2021\/05\/face.png\" alt=\"\" width=\"125\" height=\"140\"><\/a><span style=\"font-size: 18pt;\"><a href=\"http:\/\/facebook.com\/anuiestic\" target=\"_blank\" rel=\"noopener\">facebook.com\/anuiestic<\/a><\/span><\/td>\n<td style=\"width: 42.1663%; height: 251px; text-align: center;\"><a href=\"https:\/\/twitter.com\/anuiestic?lang=es\" target=\"_blank\" rel=\"noopener\"><img loading=\"lazy\" decoding=\"async\" class=\"aligncenter wp-image-3082\" src=\"https:\/\/encuentro-tic.anuies.mx\/2024\/ctrl-content\/uploads\/sites\/11\/2021\/05\/twitter.png\" alt=\"\" width=\"160\" height=\"166\"><\/a><span style=\"font-size: 18pt;\"><a href=\"https:\/\/twitter.com\/anuiestic?lang=es\" target=\"_blank\" rel=\"noopener\">@anuiestic<\/a><\/span><\/td>\n<td style=\"width: 26.3624%; text-align: center; height: 251px;\"><a href=\"https:\/\/www.instagram.com\/anuiestic\/\" target=\"_blank\" rel=\"noopener\"><img loading=\"lazy\" decoding=\"async\" class=\"aligncenter wp-image-3081\" src=\"https:\/\/encuentro-tic.anuies.mx\/2024\/ctrl-content\/uploads\/sites\/11\/2021\/05\/instagram.jpg\" alt=\"\" width=\"239\" height=\"145\"><\/a><span style=\"font-size: 18pt;\"><a href=\"https:\/\/www.instagram.com\/anuiestic\/\" target=\"_blank\" rel=\"noopener\">@anuiestic<\/a><\/span><\/td>\n<\/tr>\n<\/tbody>\n<\/table>\n","protected":false},"excerpt":{"rendered":"<p>Para m\u00e1s informaci\u00f3n, favor de ponerse en contacto v\u00eda correo electr\u00f3nico&nbsp; o bien a trav\u00e9s de nuestras redes sociales &nbsp; &nbsp; encuentro-tic@anuies.mx &nbsp; facebook.com\/anuiestic @anuiestic @anuiestic<\/p>\n","protected":false},"author":1,"featured_media":0,"parent":0,"menu_order":0,"comment_status":"closed","ping_status":"closed","template":"","meta":{"_exactmetrics_skip_tracking":false,"_exactmetrics_sitenote_active":false,"_exactmetrics_sitenote_note":"","_exactmetrics_sitenote_category":0,"ngg_post_thumbnail":0,"footnotes":""},"class_list":["post-11686","page","type-page","status-publish","hentry"],"rttpg_featured_image_url":null,"rttpg_author":{"display_name":"ctrlweb","author_link":"https:\/\/encuentro-tic.anuies.mx\/2024\/author\/ctrlweb\/"},"rttpg_comment":0,"rttpg_category":false,"rttpg_excerpt":"Para m\u00e1s informaci\u00f3n, favor de ponerse en contacto v\u00eda correo electr\u00f3nico&nbsp; o bien a trav\u00e9s de nuestras redes sociales &nbsp; &nbsp; encuentro-tic@anuies.mx &nbsp; facebook.com\/anuiestic @anuiestic @anuiestic","_links":{"self":[{"href":"https:\/\/encuentro-tic.anuies.mx\/2024\/wp-json\/wp\/v2\/pages\/11686","targetHints":{"allow":["GET"]}}],"collection":[{"href":"https:\/\/encuentro-tic.anuies.mx\/2024\/wp-json\/wp\/v2\/pages"}],"about":[{"href":"https:\/\/encuentro-tic.anuies.mx\/2024\/wp-json\/wp\/v2\/types\/page"}],"author":[{"embeddable":true,"href":"https:\/\/encuentro-tic.anuies.mx\/2024\/wp-json\/wp\/v2\/users\/1"}],"replies":[{"embeddable":true,"href":"https:\/\/encuentro-tic.anuies.mx\/2024\/wp-json\/wp\/v2\/comments?post=11686"}],"version-history":[{"count":1,"href":"https:\/\/encuentro-tic.anuies.mx\/2024\/wp-json\/wp\/v2\/pages\/11686\/revisions"}],"predecessor-version":[{"id":11687,"href":"https:\/\/encuentro-tic.anuies.mx\/2024\/wp-json\/wp\/v2\/pages\/11686\/revisions\/11687"}],"wp:attachment":[{"href":"https:\/\/encuentro-tic.anuies.mx\/2024\/wp-json\/wp\/v2\/media?parent=11686"}],"curies":[{"name":"wp","href":"https:\/\/api.w.org\/{rel}","templated":true}]}}