{"id":6060,"date":"2022-08-09T08:51:28","date_gmt":"2022-08-09T13:51:28","guid":{"rendered":"https:\/\/encuentro-tic.anuies.mx\/2023\/?page_id=6060"},"modified":"2023-03-29T21:08:21","modified_gmt":"2023-03-30T03:08:21","slug":"clima","status":"publish","type":"page","link":"https:\/\/encuentro-tic.anuies.mx\/2023\/clima\/","title":{"rendered":"Clima"},"content":{"rendered":"<div id=\"pl-6060\"  class=\"panel-layout\" ><div id=\"pg-6060-0\"  class=\"panel-grid panel-has-style\" ><div class=\"panel-row-style panel-row-style-for-6060-0\" ><div id=\"pgc-6060-0-0\"  class=\"panel-grid-cell\" ><div id=\"panel-6060-0-0-0\" class=\"so-panel widget widget_clima_widget_widget clima_widget_widget panel-first-child panel-last-child\" data-index=\"0\" >\n        <div id=\"\"\n             class=\"weather_widget_wrap clima-widget weather_widget_style2\"\n             data-text-color='#ffffff'\n             data-background=\"#16a2d0\"\n             data-width=\"tight\"\n             data-days=\"3\"\n             data-sunrise=\"on\"\n             data-wind=\"on\"\n             data-language=\"spanish\"\n             data-city=\"San Luis Potos\u00ed\"\n             data-country=\"M\u00e9xico\">\n        <\/div>\n        <\/div><\/div><div id=\"pgc-6060-0-1\"  class=\"panel-grid-cell\" ><div id=\"panel-6060-0-1-0\" class=\"so-panel widget widget_sow-editor panel-first-child panel-last-child\" data-index=\"1\" ><div\n\t\t\t\n\t\t\tclass=\"so-widget-sow-editor so-widget-sow-editor-base\"\n\t\t\t\n\t\t>\n<div class=\"siteorigin-widget-tinymce textwidget\">\n\t<p>&nbsp;<\/p>\n<p style=\"text-align: justify;\"><span style=\"font-size: 14pt;\">El&nbsp;<strong>clima&nbsp;<\/strong>que predomina es el seco y semiseco ya que se presenta en el 71% de la superficie del estado localizado en la regi\u00f3n conocida como&nbsp;<strong>El Salado<\/strong>.<\/span><\/p>\n<p style=\"text-align: justify;\"><span style=\"font-size: 14pt;\">El 15% est\u00e1 representado por el clima c\u00e1lido subh\u00famedo, localizado en la parte este de la&nbsp;<strong>Sierra Madre Oriental&nbsp;<\/strong>y el 10% est\u00e1 representado por clima c\u00e1lido h\u00famedo, el cual se localiza hacia la Llanura Costera del Golfo.<\/span><\/p>\n<p style=\"text-align: justify;\"><span style=\"font-size: 14pt;\">La temperatura media anual del estado es de 21\u00b0C, la temperatura m\u00ednima promedio es de 8.4\u00b0C que se presenta en el mes de enero y la m\u00e1xima promedio es alrededor de 32\u00b0C se presenta en el mes de mayo<\/span><\/p>\n<p><em>Fuente: Descubre M\u00e9xico, <a href=\"https:\/\/descubreenmexico.com\/\" target=\"_blank\" rel=\"noopener\">https:\/\/descubreenmexico.com\/<\/a><\/em><\/p>\n<\/div>\n<\/div><\/div><\/div><\/div><\/div><\/div>","protected":false},"excerpt":{"rendered":"<div class=\"pvc_clear\"><\/div>\n<p id=\"pvc_stats_6060\" class=\"pvc_stats all  \" data-element-id=\"6060\" style=\"\"><i class=\"pvc-stats-icon large\" aria-hidden=\"true\"><svg aria-hidden=\"true\" focusable=\"false\" data-prefix=\"far\" data-icon=\"chart-bar\" role=\"img\" xmlns=\"http:\/\/www.w3.org\/2000\/svg\" viewBox=\"0 0 512 512\" class=\"svg-inline--fa fa-chart-bar fa-w-16 fa-2x\"><path fill=\"currentColor\" d=\"M396.8 352h22.4c6.4 0 12.8-6.4 12.8-12.8V108.8c0-6.4-6.4-12.8-12.8-12.8h-22.4c-6.4 0-12.8 6.4-12.8 12.8v230.4c0 6.4 6.4 12.8 12.8 12.8zm-192 0h22.4c6.4 0 12.8-6.4 12.8-12.8V140.8c0-6.4-6.4-12.8-12.8-12.8h-22.4c-6.4 0-12.8 6.4-12.8 12.8v198.4c0 6.4 6.4 12.8 12.8 12.8zm96 0h22.4c6.4 0 12.8-6.4 12.8-12.8V204.8c0-6.4-6.4-12.8-12.8-12.8h-22.4c-6.4 0-12.8 6.4-12.8 12.8v134.4c0 6.4 6.4 12.8 12.8 12.8zM496 400H48V80c0-8.84-7.16-16-16-16H16C7.16 64 0 71.16 0 80v336c0 17.67 14.33 32 32 32h464c8.84 0 16-7.16 16-16v-16c0-8.84-7.16-16-16-16zm-387.2-48h22.4c6.4 0 12.8-6.4 12.8-12.8v-70.4c0-6.4-6.4-12.8-12.8-12.8h-22.4c-6.4 0-12.8 6.4-12.8 12.8v70.4c0 6.4 6.4 12.8 12.8 12.8z\" class=\"\"><\/path><\/svg><\/i> <img loading=\"lazy\" decoding=\"async\" width=\"16\" height=\"16\" alt=\"Loading\" src=\"https:\/\/encuentro-tic.anuies.mx\/ctrl-content\/plugins\/page-views-count\/ajax-loader-2x.gif\" border=0 \/><\/p>\n<div class=\"pvc_clear\"><\/div>\n<p>&nbsp; El&nbsp;clima&nbsp;que predomina es el seco y semiseco ya que se presenta en el 71% de la superficie del estado localizado en la regi\u00f3n conocida como&nbsp;El Salado. El 15% est\u00e1 representado por el clima c\u00e1lido subh\u00famedo, localizado en la parte este de la&nbsp;Sierra Madre Oriental&nbsp;y el 10% est\u00e1 representado por clima c\u00e1lido h\u00famedo, el cual&hellip; <br \/> <a class=\"button small blue\" href=\"https:\/\/encuentro-tic.anuies.mx\/2023\/clima\/\">Leer m\u00e1s<\/a><\/p>\n","protected":false},"author":1,"featured_media":0,"parent":0,"menu_order":0,"comment_status":"closed","ping_status":"closed","template":"","meta":{"_exactmetrics_skip_tracking":false,"_exactmetrics_sitenote_active":false,"_exactmetrics_sitenote_note":"","_exactmetrics_sitenote_category":0,"ngg_post_thumbnail":0,"footnotes":""},"class_list":["post-6060","page","type-page","status-publish","hentry"],"rttpg_featured_image_url":null,"rttpg_author":{"display_name":"ctrlweb","author_link":"https:\/\/encuentro-tic.anuies.mx\/2023\/author\/ctrlweb\/"},"rttpg_comment":0,"rttpg_category":false,"rttpg_excerpt":"&nbsp; El&nbsp;clima&nbsp;que predomina es el seco y semiseco ya que se presenta en el 71% de la superficie del estado localizado en la regi\u00f3n conocida como&nbsp;El Salado. El 15% est\u00e1 representado por el clima c\u00e1lido subh\u00famedo, localizado en la parte este de la&nbsp;Sierra Madre Oriental&nbsp;y el 10% est\u00e1 representado por clima c\u00e1lido h\u00famedo, el cual&hellip;&hellip;","_links":{"self":[{"href":"https:\/\/encuentro-tic.anuies.mx\/2023\/wp-json\/wp\/v2\/pages\/6060","targetHints":{"allow":["GET"]}}],"collection":[{"href":"https:\/\/encuentro-tic.anuies.mx\/2023\/wp-json\/wp\/v2\/pages"}],"about":[{"href":"https:\/\/encuentro-tic.anuies.mx\/2023\/wp-json\/wp\/v2\/types\/page"}],"author":[{"embeddable":true,"href":"https:\/\/encuentro-tic.anuies.mx\/2023\/wp-json\/wp\/v2\/users\/1"}],"replies":[{"embeddable":true,"href":"https:\/\/encuentro-tic.anuies.mx\/2023\/wp-json\/wp\/v2\/comments?post=6060"}],"version-history":[{"count":15,"href":"https:\/\/encuentro-tic.anuies.mx\/2023\/wp-json\/wp\/v2\/pages\/6060\/revisions"}],"predecessor-version":[{"id":7733,"href":"https:\/\/encuentro-tic.anuies.mx\/2023\/wp-json\/wp\/v2\/pages\/6060\/revisions\/7733"}],"wp:attachment":[{"href":"https:\/\/encuentro-tic.anuies.mx\/2023\/wp-json\/wp\/v2\/media?parent=6060"}],"curies":[{"name":"wp","href":"https:\/\/api.w.org\/{rel}","templated":true}]}}