{"id":6025,"date":"2022-08-08T09:55:12","date_gmt":"2022-08-08T14:55:12","guid":{"rendered":"https:\/\/encuentro-tic.anuies.mx\/2023\/?page_id=6025"},"modified":"2023-03-29T20:49:57","modified_gmt":"2023-03-30T02:49:57","slug":"conoce-cd-slp","status":"publish","type":"page","link":"https:\/\/encuentro-tic.anuies.mx\/2023\/conoce-cd-slp\/","title":{"rendered":"Conoce la ciudad de San Luis Potos\u00ed"},"content":{"rendered":"<div id=\"pl-6025\"  class=\"panel-layout\" ><div id=\"pg-6025-0\"  class=\"panel-grid panel-has-style\" ><div class=\"panel-row-style panel-row-style-for-6025-0\" ><div id=\"pgc-6025-0-0\"  class=\"panel-grid-cell\" ><div id=\"panel-6025-0-0-0\" class=\"so-panel widget widget_sow-editor panel-first-child panel-last-child\" data-index=\"0\" ><div\n\t\t\t\n\t\t\tclass=\"so-widget-sow-editor so-widget-sow-editor-base\"\n\t\t\t\n\t\t>\n<div class=\"siteorigin-widget-tinymce textwidget\">\n\t<p><img loading=\"lazy\" decoding=\"async\" class=\"alignleft wp-image-7719\" src=\"https:\/\/encuentro-tic.anuies.mx\/ctrl-content\/uploads\/2023\/03\/Catedral_Metropolitana_de_San_Luis_Potosi_2013-09-15_16-29-27.jpg\" alt=\"\" width=\"443\" height=\"344\"\/><\/p>\n<p style=\"text-align: justify;\"><span style=\"font-size: 14pt;\">De aire se\u00f1orial y construcciones virreinales, la capital del estado sorprende a quienes lo visitan con sus antiguas tradiciones y ambiente tranquilo. Hoy San Luis es una urbe moderna, con agradables plazas y parques, pero que conserva sus antiguos barrios y tradiciones como la Procesi\u00f3n del Silencio en Semana Santa. Su Catedral, situada frente a la Plaza Principal, es una de las m\u00e1s grandes de los estados del norte, \u00a1no dejes de conocerla!<\/span><\/p>\n<p style=\"text-align: justify;\"><span style=\"font-size: 14pt;\">Desarrollada desde fines del siglo XVI&nbsp;gracias al descubrimiento de vetas mineras, San Luis Potos\u00ed lleg\u00f3 a ser una de las ciudades m\u00e1s importantes de la Nueva Espa\u00f1a y en la actualidad ejerce una gran actividad industrial.<\/span><\/p>\n<p>&nbsp;<\/p>\n<p style=\"text-align: justify;\"><span style=\"font-size: 14pt;\">Su arquitectura destaca por sus elegantes construcciones barrocas, la mayor\u00eda levantadas en cantera rosa, que le da un toque se\u00f1orial. En la Plaza Principal se encuentra&nbsp;el Palacio de Gobierno y el Palacio Municipal, el primero de fachada neocl\u00e1sica y el segundo con murales que representan escenas b\u00edblicas. Otros lugares de inter\u00e9s son la iglesia de la Virgen del Carmen, el Museo de Artesan\u00edas y la Alameda Juan Sarabia, con esculturas de Hidalgo, Juan Sarabia y otros h\u00e9roes.<\/span><\/p>\n<p><img loading=\"lazy\" decoding=\"async\" class=\"aligncenter wp-image-7718\" src=\"https:\/\/encuentro-tic.anuies.mx\/ctrl-content\/uploads\/2023\/03\/FD_san_luis_potosi_real_catorce_meson_abundancia_CORTESIA.jpg\" alt=\"\" width=\"771\" height=\"270\" srcset=\"https:\/\/encuentro-tic.anuies.mx\/ctrl-content\/uploads\/sites\/9\/2023\/03\/FD_san_luis_potosi_real_catorce_meson_abundancia_CORTESIA.jpg 1200w, https:\/\/encuentro-tic.anuies.mx\/ctrl-content\/uploads\/sites\/9\/2023\/03\/FD_san_luis_potosi_real_catorce_meson_abundancia_CORTESIA-300x105.jpg 300w, https:\/\/encuentro-tic.anuies.mx\/ctrl-content\/uploads\/sites\/9\/2023\/03\/FD_san_luis_potosi_real_catorce_meson_abundancia_CORTESIA-1024x358.jpg 1024w\" sizes=\"auto, (max-width: 771px) 100vw, 771px\" \/><\/p>\n<p style=\"text-align: justify;\">&nbsp;<\/p>\n<p style=\"text-align: right;\"><em>Fuente: M\u00e9xico Desconocido,&nbsp; <a href=\"http:\/\/mexicodesconocido.com.mx\" target=\"_blank\" rel=\"noopener\">mexicodesconocido.com.mx<\/a><\/em><\/p>\n<\/div>\n<\/div><\/div><\/div><\/div><\/div><\/div>","protected":false},"excerpt":{"rendered":"<div class=\"pvc_clear\"><\/div>\n<p id=\"pvc_stats_6025\" class=\"pvc_stats all  \" data-element-id=\"6025\" style=\"\"><i class=\"pvc-stats-icon large\" aria-hidden=\"true\"><svg aria-hidden=\"true\" focusable=\"false\" data-prefix=\"far\" data-icon=\"chart-bar\" role=\"img\" xmlns=\"http:\/\/www.w3.org\/2000\/svg\" viewBox=\"0 0 512 512\" class=\"svg-inline--fa fa-chart-bar fa-w-16 fa-2x\"><path fill=\"currentColor\" d=\"M396.8 352h22.4c6.4 0 12.8-6.4 12.8-12.8V108.8c0-6.4-6.4-12.8-12.8-12.8h-22.4c-6.4 0-12.8 6.4-12.8 12.8v230.4c0 6.4 6.4 12.8 12.8 12.8zm-192 0h22.4c6.4 0 12.8-6.4 12.8-12.8V140.8c0-6.4-6.4-12.8-12.8-12.8h-22.4c-6.4 0-12.8 6.4-12.8 12.8v198.4c0 6.4 6.4 12.8 12.8 12.8zm96 0h22.4c6.4 0 12.8-6.4 12.8-12.8V204.8c0-6.4-6.4-12.8-12.8-12.8h-22.4c-6.4 0-12.8 6.4-12.8 12.8v134.4c0 6.4 6.4 12.8 12.8 12.8zM496 400H48V80c0-8.84-7.16-16-16-16H16C7.16 64 0 71.16 0 80v336c0 17.67 14.33 32 32 32h464c8.84 0 16-7.16 16-16v-16c0-8.84-7.16-16-16-16zm-387.2-48h22.4c6.4 0 12.8-6.4 12.8-12.8v-70.4c0-6.4-6.4-12.8-12.8-12.8h-22.4c-6.4 0-12.8 6.4-12.8 12.8v70.4c0 6.4 6.4 12.8 12.8 12.8z\" class=\"\"><\/path><\/svg><\/i> <img loading=\"lazy\" decoding=\"async\" width=\"16\" height=\"16\" alt=\"Loading\" src=\"https:\/\/encuentro-tic.anuies.mx\/ctrl-content\/plugins\/page-views-count\/ajax-loader-2x.gif\" border=0 \/><\/p>\n<div class=\"pvc_clear\"><\/div>\n<p>De aire se\u00f1orial y construcciones virreinales, la capital del estado sorprende a quienes lo visitan con sus antiguas tradiciones y ambiente tranquilo. Hoy San Luis es una urbe moderna, con agradables plazas y parques, pero que conserva sus antiguos barrios y tradiciones como la Procesi\u00f3n del Silencio en Semana Santa. Su Catedral, situada frente a&hellip; <br \/> <a class=\"button small blue\" href=\"https:\/\/encuentro-tic.anuies.mx\/2023\/conoce-cd-slp\/\">Leer m\u00e1s<\/a><\/p>\n","protected":false},"author":1,"featured_media":0,"parent":0,"menu_order":0,"comment_status":"closed","ping_status":"closed","template":"","meta":{"_exactmetrics_skip_tracking":false,"_exactmetrics_sitenote_active":false,"_exactmetrics_sitenote_note":"","_exactmetrics_sitenote_category":0,"ngg_post_thumbnail":0,"footnotes":""},"class_list":["post-6025","page","type-page","status-publish","hentry"],"rttpg_featured_image_url":null,"rttpg_author":{"display_name":"ctrlweb","author_link":"https:\/\/encuentro-tic.anuies.mx\/2023\/author\/ctrlweb\/"},"rttpg_comment":0,"rttpg_category":false,"rttpg_excerpt":"De aire se\u00f1orial y construcciones virreinales, la capital del estado sorprende a quienes lo visitan con sus antiguas tradiciones y ambiente tranquilo. Hoy San Luis es una urbe moderna, con agradables plazas y parques, pero que conserva sus antiguos barrios y tradiciones como la Procesi\u00f3n del Silencio en Semana Santa. Su Catedral, situada frente a&hellip;&hellip;","_links":{"self":[{"href":"https:\/\/encuentro-tic.anuies.mx\/2023\/wp-json\/wp\/v2\/pages\/6025","targetHints":{"allow":["GET"]}}],"collection":[{"href":"https:\/\/encuentro-tic.anuies.mx\/2023\/wp-json\/wp\/v2\/pages"}],"about":[{"href":"https:\/\/encuentro-tic.anuies.mx\/2023\/wp-json\/wp\/v2\/types\/page"}],"author":[{"embeddable":true,"href":"https:\/\/encuentro-tic.anuies.mx\/2023\/wp-json\/wp\/v2\/users\/1"}],"replies":[{"embeddable":true,"href":"https:\/\/encuentro-tic.anuies.mx\/2023\/wp-json\/wp\/v2\/comments?post=6025"}],"version-history":[{"count":10,"href":"https:\/\/encuentro-tic.anuies.mx\/2023\/wp-json\/wp\/v2\/pages\/6025\/revisions"}],"predecessor-version":[{"id":7723,"href":"https:\/\/encuentro-tic.anuies.mx\/2023\/wp-json\/wp\/v2\/pages\/6025\/revisions\/7723"}],"wp:attachment":[{"href":"https:\/\/encuentro-tic.anuies.mx\/2023\/wp-json\/wp\/v2\/media?parent=6025"}],"curies":[{"name":"wp","href":"https:\/\/api.w.org\/{rel}","templated":true}]}}