{"id":3417,"date":"2021-06-16T09:05:34","date_gmt":"2021-06-16T14:05:34","guid":{"rendered":"https:\/\/encuentro-tic.anuies.mx\/2023\/?page_id=3417"},"modified":"2023-09-12T10:13:03","modified_gmt":"2023-09-12T16:13:03","slug":"talleres","status":"publish","type":"page","link":"https:\/\/encuentro-tic.anuies.mx\/2023\/talleres\/","title":{"rendered":"Talleres"},"content":{"rendered":"<div id=\"pl-3417\"  class=\"panel-layout\" ><div id=\"pg-3417-0\"  class=\"panel-grid panel-has-style\" ><div class=\"panel-row-style panel-row-style-for-3417-0\" ><div id=\"pgc-3417-0-0\"  class=\"panel-grid-cell\" ><div id=\"panel-3417-0-0-0\" class=\"so-panel widget widget_sow-editor panel-first-child panel-last-child\" data-index=\"0\" ><div\n\t\t\t\n\t\t\tclass=\"so-widget-sow-editor so-widget-sow-editor-base\"\n\t\t\t\n\t\t>\n<div class=\"siteorigin-widget-tinymce textwidget\">\n\t<p><span style=\"font-size: 18pt;\"><span class=\"dropcap\">L<\/span>a&nbsp;<strong>ANUIES<\/strong> le ayuda e invita a prepararse y capacitarse en el \u00e1mbito de TIC, poniendo a su disposici\u00f3n en el marco del <strong>Encuentro ANUIES-TIC UASLP 2023<\/strong>, talleres especializados.<\/span><\/p>\n<p style=\"text-align: center;\"><span style=\"font-size: 18pt;\">Los talleres se llevar\u00e1n a cabo del 18 de septiembre al 11 de octubre, le recomendamos consultar el programa y pol\u00edtica de talleres<\/span><\/p>\n<table style=\"width: 100%; border-collapse: collapse; border-style: hidden;\" border=\"0\">\n<tbody>\n<tr>\n<td style=\"width: 50%; text-align: center;\"><span style=\"font-size: 18pt;\"><a class=\"fasc-button fasc-size-medium fasc-type-flat fasc-rounded-medium fasc-ico-before dashicons-welcome-widgets-menus\" style=\"background-color: #004b8b; color: #ffffff;\" target=\"_blank\" rel=\"noopener\" href=\"https:\/\/encuentro-tic.anuies.mx\/ctrl-content\/uploads\/2023\/06\/Calendario-Talleres-Encuentro-ANUIES-TIC-UASLP-2023-v3.pdf\">Programa de talleres<\/a><\/span><\/td>\n<td style=\"width: 50%; text-align: center;\"><span style=\"font-size: 18pt;\"><a class=\"fasc-button fasc-size-medium fasc-type-flat fasc-rounded-medium fasc-ico-before dashicons-welcome-write-blog\" style=\"background-color: #bea665; color: #ffffff;\" target=\"_blank\" rel=\"noopener\" href=\"https:\/\/encuentro-tic.anuies.mx\/files\/Politica_de_talleres_Encuentro_ANUIES-TIC_UASLP_2023.pdf\">Pol\u00edtica de talleres<\/a><\/span><\/p>\n<p>&nbsp;<\/p>\n<\/td>\n<\/tr>\n<\/tbody>\n<\/table>\n<hr \/>\n<p style=\"text-align: center;\"><span style=\"font-size: 14pt;\"><strong><a class=\"fasc-button fasc-size-large fasc-type-flat fasc-rounded-medium fasc-ico-before dashicons-admin-site\" style=\"background-color: #962c2f; color: #ffffff;\" href=\"\">El registro ha talleres ha concluido<\/a><\/strong><\/span><\/p>\n<h3>&nbsp;<\/h3>\n<h3 style=\"text-align: center;\"><span style=\"font-size: 18pt;\">Oferta de talleres<\/span><\/h3>\n<p>&nbsp;<\/p>\n<style type='text\/css' media='all'>#rt-tpg-container-1524737428 .rt-holder .rt-woo-info .price{color:#002e5f;}body .rt-tpg-container .rt-tpg-isotope-buttons .selected,\n\t\t\t\t\t#rt-tpg-container-1524737428 .layout12 .rt-holder:hover .rt-detail,\n\t\t\t\t\t#rt-tpg-container-1524737428 .isotope8 .rt-holder:hover .rt-detail,\n\t\t\t\t\t#rt-tpg-container-1524737428 .carousel8 .rt-holder:hover .rt-detail,\n\t\t\t\t\t#rt-tpg-container-1524737428 .layout13 .rt-holder .overlay .post-info,\n\t\t\t\t\t#rt-tpg-container-1524737428 .isotope9 .rt-holder .overlay .post-info,\n\t\t\t\t\t#rt-tpg-container-1524737428.rt-tpg-container .layout4 .rt-holder .rt-detail,\n\t\t\t\t\t.rt-modal-1524737428 .md-content,\n\t\t\t\t\t.rt-modal-1524737428 .md-content > .rt-md-content-holder .rt-md-content,\n\t\t\t\t\t.rt-popup-wrap-1524737428.rt-popup-wrap .rt-popup-navigation-wrap,\n\t\t\t\t\t#rt-tpg-container-1524737428 .carousel9 .rt-holder .overlay .post-info{background-color:#002e5f;}#rt-tpg-container-1524737428 .layout5 .rt-holder .overlay, #rt-tpg-container-1524737428 .isotope2 .rt-holder .overlay, #rt-tpg-container-1524737428 .carousel2 .rt-holder .overlay,#rt-tpg-container-1524737428 .layout15 .rt-holder h3, #rt-tpg-container-1524737428 .isotope11 .rt-holder h3, #rt-tpg-container-1524737428 .carousel11 .rt-holder h3, #rt-tpg-container-1524737428 .layout16 .rt-holder h3,\n\t\t\t\t\t#rt-tpg-container-1524737428 .isotope12 .rt-holder h3, #rt-tpg-container-1524737428 .carousel12 .rt-holder h3 {background-color:rgba(0,46,95,0.8);}#rt-tpg-container-1524737428 .read-more a{border-radius:px;}#rt-tpg-container-1524737428 .rt-img-holder img.rt-img-responsive,#rt-tpg-container-1524737428 .rt-img-holder,\n\t\t\t\t\t#rt-tpg-container-1524737428 .rt-post-overlay .post-img,\n\t\t\t\t\t#rt-tpg-container-1524737428 .post-sm .post-img,\n\t\t\t\t\t#rt-tpg-container-1524737428 .rt-post-grid .post-img,\n\t\t\t\t\t#rt-tpg-container-1524737428 .post-img img {border-radius:px;}#rt-tpg-container-1524737428 .layout1 .rt-holder h2.entry-title,\n\t\t\t\t\t#rt-tpg-container-1524737428 .layout1 .rt-holder h3.entry-title,\n\t\t\t\t\t#rt-tpg-container-1524737428 .layout1 .rt-holder h4.entry-title,\n\t\t\t\t\t#rt-tpg-container-1524737428 .layout1 .rt-holder h2.entry-title a,\n\t\t\t\t\t#rt-tpg-container-1524737428 .layout1 .rt-holder h3.entry-title a,\n\t\t\t\t\t#rt-tpg-container-1524737428 .layout1 .rt-holder h4.entry-title a,\n\t\t\t\t\t#rt-tpg-container-1524737428 .rt-holder .rt-woo-info h2 a,\n\t\t\t\t\t#rt-tpg-container-1524737428 .rt-holder .rt-woo-info h3 a,\n\t\t\t\t\t#rt-tpg-container-1524737428 .rt-holder .rt-woo-info h4 a,\n\t\t\t\t\t#rt-tpg-container-1524737428 .post-content .post-title,\n\t\t\t\t\t#rt-tpg-container-1524737428 .rt-post-grid .post-title,\n\t\t\t\t\t#rt-tpg-container-1524737428 .rt-post-grid .post-title a,\n\t\t\t\t\t#rt-tpg-container-1524737428 .post-content .post-title a,\n\t\t\t\t\t#rt-tpg-container-1524737428 .rt-holder .rt-woo-info h2,\n\t\t\t\t\t#rt-tpg-container-1524737428 .rt-holder .rt-woo-info h3,\n\t\t\t\t\t#rt-tpg-container-1524737428 .rt-holder .rt-woo-info h4{color:#002e5f;}<\/style><div class='rt-container-fluid rt-tpg-container tpg-shortcode-main-wrapper ' id='rt-tpg-container-1524737428'   data-layout='layout1' data-grid-style='even' data-desktop-col='4'  data-tab-col='3'  data-mobile-col='2' data-sc-id='3416'><div data-title='Loading ...' class='rt-row rt-content-loader   layout1 tpg-even '><div class=\"rt-col-md-3 rt-col-sm-4 rt-col-xs-6 even-grid-item rt-grid-item\" data-id=\"8074\"><div class=\"rt-holder\"><div class=\"rt-img-holder\"><a data-id=\"8074\" class=\"\" href=\"https:\/\/encuentro-tic.anuies.mx\/2023\/administracion-de-riesgos-desempeno-y-cumplimiento-normativo-de-las-tic\/\"><img loading=\"lazy\" decoding=\"async\" width=\"300\" height=\"300\" src=\"https:\/\/encuentro-tic.anuies.mx\/ctrl-content\/uploads\/sites\/9\/2023\/05\/Gobierno_riesgos-4-300x300.png\" class=\"rt-img-responsive \" alt=\"\" \/><\/a><\/div><\/div><\/div><div class=\"rt-col-md-3 rt-col-sm-4 rt-col-xs-6 even-grid-item rt-grid-item\" data-id=\"8019\"><div class=\"rt-holder\"><div class=\"rt-img-holder\"><a data-id=\"8019\" class=\"\" href=\"https:\/\/encuentro-tic.anuies.mx\/2023\/como-superar-la-resistencia-al-cambio-sin-ser-hipnotista-y-disfrutandolo\/\"><img loading=\"lazy\" decoding=\"async\" width=\"300\" height=\"300\" src=\"https:\/\/encuentro-tic.anuies.mx\/ctrl-content\/uploads\/sites\/9\/2023\/05\/Resistencia-cambio-1-300x300.png\" class=\"rt-img-responsive \" alt=\"\" \/><\/a><\/div><\/div><\/div><div class=\"rt-col-md-3 rt-col-sm-4 rt-col-xs-6 even-grid-item rt-grid-item\" data-id=\"7999\"><div class=\"rt-holder\"><div class=\"rt-img-holder\"><a data-id=\"7999\" class=\"\" href=\"https:\/\/encuentro-tic.anuies.mx\/2023\/grandes-ideas-para-emprender-desde-blockchain\/\"><img loading=\"lazy\" decoding=\"async\" width=\"300\" height=\"300\" src=\"https:\/\/encuentro-tic.anuies.mx\/ctrl-content\/uploads\/sites\/9\/2023\/05\/Blockchain-300x300.png\" class=\"rt-img-responsive \" alt=\"\" \/><\/a><\/div><\/div><\/div><div class=\"rt-col-md-3 rt-col-sm-4 rt-col-xs-6 even-grid-item rt-grid-item\" data-id=\"8067\"><div class=\"rt-holder\"><div class=\"rt-img-holder\"><a data-id=\"8067\" class=\"\" href=\"https:\/\/encuentro-tic.anuies.mx\/2023\/habilidades-del-siglo-xxi\/\"><img loading=\"lazy\" decoding=\"async\" width=\"300\" height=\"300\" src=\"https:\/\/encuentro-tic.anuies.mx\/ctrl-content\/uploads\/sites\/9\/2023\/05\/Taller-Gobierno-Humberto-300x300.jpg\" class=\"rt-img-responsive \" alt=\"\" \/><\/a><\/div><\/div><\/div><div class=\"rt-col-md-3 rt-col-sm-4 rt-col-xs-6 even-grid-item rt-grid-item\" data-id=\"8078\"><div class=\"rt-holder\"><div class=\"rt-img-holder\"><a data-id=\"8078\" class=\"\" href=\"https:\/\/encuentro-tic.anuies.mx\/2023\/implementacion-de-practicas-agiles-en-la-organizacion-expectativa-vs-realidad\/\"><img loading=\"lazy\" decoding=\"async\" width=\"300\" height=\"300\" src=\"https:\/\/encuentro-tic.anuies.mx\/ctrl-content\/uploads\/sites\/9\/2023\/08\/taller-practicas-agiles-300x300.png\" class=\"rt-img-responsive \" alt=\"\" \/><\/a><\/div><\/div><\/div><\/div><\/div>\n<h3 style=\"text-align: center;\"><span style=\"font-size: 18pt;\">Estructura de talleres<\/span><\/h3>\n<table style=\"border-collapse: collapse; width: 100%;\" border=\"1\">\n<tbody>\n<tr>\n<td style=\"width: 50%; text-align: center; background-color: #faf7f7;\"><span style=\"font-size: 18pt;\"><strong>Virtuales<\/strong><\/span><\/td>\n<td style=\"width: 50%; text-align: center; background-color: #faf7f7;\"><span style=\"font-size: 18pt;\"><strong>H\u00edbridos<\/strong><\/span><\/td>\n<\/tr>\n<tr>\n<td style=\"width: 50%;\">\n<p style=\"text-align: left;\"><span style=\"font-size: 18pt;\"><strong>Cupo:<\/strong> 10 a 50 asistentes.<\/span><\/p>\n<p style=\"text-align: left;\"><span style=\"font-size: 18pt;\"><strong>Total de horas dedicadas a taller:<\/strong> 10 horas.<\/span><\/p>\n<ul>\n<li style=\"text-align: left;\"><span style=\"font-size: 18pt;\">&nbsp;5 sesiones en l\u00ednea de 2 horas cada una.<\/span><\/li>\n<\/ul>\n<p>&nbsp;<\/p>\n<hr \/>\n<p style=\"text-align: left;\"><span style=\"font-size: 18pt;\"><strong>Costo de recuperaci\u00f3n:<\/strong><\/span><\/p>\n<ul>\n<li style=\"text-align: left;\"><span style=\"font-size: 18pt;\">$800 M.N. personas de instituciones asociadas a la ANUIES.<\/span><\/li>\n<li style=\"text-align: left;\"><span style=\"font-size: 18pt;\">$1100 M.N. a personas NO asociadas a la ANUIES.<\/span><\/li>\n<\/ul>\n<\/td>\n<td style=\"width: 50%;\">\n<p style=\"text-align: left;\"><span style=\"font-size: 18pt;\"><strong>Cupo:<\/strong> 10 a 30 asistentes.<\/span><\/p>\n<p style=\"text-align: left;\"><span style=\"font-size: 18pt;\"><strong>Total de horas dedicadas a taller:<\/strong> 10 horas.<\/span><\/p>\n<ul style=\"text-align: left;\">\n<li><span style=\"font-size: 18pt;\">4 sesiones en l\u00ednea de 2 horas cada una.<\/span><\/li>\n<li><span style=\"font-size: 18pt;\">1 sesi\u00f3n presencial de 3 horas.<\/span><\/li>\n<\/ul>\n<hr \/>\n<p style=\"text-align: left;\"><span style=\"font-size: 18pt;\"><strong>Costo de recuperaci\u00f3n:<\/strong><\/span><\/p>\n<ul>\n<li style=\"text-align: left;\"><span style=\"font-size: 18pt;\">$1500 M.N. personas de instituciones asociadas a la ANUIES.<\/span><\/li>\n<li style=\"text-align: left;\"><span style=\"font-size: 18pt;\">$2100 M.N. a personas NO asociadas a la ANUIES.<\/span><\/li>\n<\/ul>\n<\/td>\n<\/tr>\n<tr>\n<td style=\"width: 50%;\">\n<ul>\n<li style=\"font-weight: 400;\"><span style=\"font-weight: 400; font-size: 18pt;\">Inicio de talleres virtuales a partir del lunes 18 de septiembre al viernes 6 de octubre de 2023.<\/span><\/li>\n<\/ul>\n<p style=\"text-align: left;\"><span style=\"font-size: 18pt;\"><strong>&nbsp;<\/strong><\/span><\/p>\n<\/td>\n<td style=\"width: 50%;\">\n<ul>\n<li style=\"font-weight: 400;\"><span style=\"font-weight: 400; font-size: 18pt;\">Inicio de talleres h\u00edbridos a partir del lunes 18 de septiembre al mi\u00e9rcoles&nbsp;11 de octubre de 2023.<\/span><\/li>\n<\/ul>\n<p style=\"text-align: left;\"><span style=\"font-size: 18pt;\"><strong>&nbsp;<\/strong><\/span><\/p>\n<\/td>\n<\/tr>\n<tr>\n<td style=\"width: 50%;\">\n<ul>\n<li><span style=\"font-size: 18pt;\"><span style=\"font-weight: 400;\">Entrega de<\/span><b> constancia digital.&nbsp;<\/b><span style=\"font-weight: 400;\"><br \/>\n<\/span><\/span><\/li>\n<\/ul>\n<\/td>\n<td style=\"width: 50%;\">\n<ul>\n<li style=\"font-weight: 400;\"><span style=\"font-size: 18pt;\"><span style=\"font-weight: 400;\">Entrega de<\/span><b> constancia f\u00edsica y digital.&nbsp;<\/b><\/span><\/li>\n<\/ul>\n<\/td>\n<\/tr>\n<\/tbody>\n<\/table>\n<hr \/>\n<p style=\"text-align: left;\"><span style=\"font-size: 18pt;\"><strong><br \/>\nM\u00e9todos de pago:<\/strong><\/span><\/p>\n<ul>\n<li><span style=\"font-size: 18pt;\">En l\u00ednea (tarjeta de cr\u00e9dito y d\u00e9bito).<\/span><\/li>\n<li><span style=\"font-size: 18pt;\">Paypal.<\/span><\/li>\n<li><span style=\"font-size: 18pt;\">Dep\u00f3sito o transferencia bancaria.<\/span><\/li>\n<\/ul>\n<p style=\"text-align: left;\"><span style=\"font-size: 18pt;\"><strong><span style=\"color: #000000;\">Programa de las sesiones (sujeto a cambios):<\/span><\/strong><\/span><\/p>\n<ul>\n<li><span style=\"font-size: 18pt;\">Los asistentes tienen la opci\u00f3n de participar en m\u00faltiples talleres, siempre y cuando estos no se programen para los mismos d\u00edas y horarios. Se recomienda revisar el <strong><span style=\"color: #003366;\"><a style=\"color: #003366;\" href=\"https:\/\/encuentro-tic.anuies.mx\/files\/Calendario_Talleres_Encuentro_ANUIES-TIC_UASLP_2023.pdf\" target=\"_blank\" rel=\"noopener\">programa<\/a><\/span><\/strong> con antelaci\u00f3n para evitar conflictos.<\/span><\/li>\n<li><span style=\"font-size: 18pt;\">Antes de realizar su inscripci\u00f3n a los talleres favor de consultar la <span style=\"color: #003366;\"><strong><a style=\"color: #003366;\" href=\"https:\/\/encuentro-tic.anuies.mx\/files\/Politica_de_talleres_Encuentro_ANUIES-TIC_UASLP_2023.pdf\" target=\"_blank\" rel=\"noopener\">pol\u00edtica de talleres<\/a><\/strong><\/span><span style=\"color: #000000;\">.<\/span><\/span><\/li>\n<\/ul>\n<p>&nbsp;<\/p>\n<p style=\"text-align: center;\"><span style=\"font-size: 14pt;\"><strong><a class=\"fasc-button fasc-size-large fasc-type-flat fasc-rounded-medium fasc-ico-before dashicons-admin-site\" style=\"background-color: #962c2f; color: #ffffff;\" href=\"\">El registro ha talleres ha concluido<\/a><\/strong><\/span><\/p>\n<\/div>\n<\/div><\/div><\/div><\/div><\/div><\/div>","protected":false},"excerpt":{"rendered":"<div class=\"pvc_clear\"><\/div>\n<p id=\"pvc_stats_8078\" class=\"pvc_stats all  \" data-element-id=\"8078\" style=\"\"><i class=\"pvc-stats-icon large\" aria-hidden=\"true\"><svg aria-hidden=\"true\" focusable=\"false\" data-prefix=\"far\" data-icon=\"chart-bar\" role=\"img\" xmlns=\"http:\/\/www.w3.org\/2000\/svg\" viewBox=\"0 0 512 512\" class=\"svg-inline--fa fa-chart-bar fa-w-16 fa-2x\"><path fill=\"currentColor\" d=\"M396.8 352h22.4c6.4 0 12.8-6.4 12.8-12.8V108.8c0-6.4-6.4-12.8-12.8-12.8h-22.4c-6.4 0-12.8 6.4-12.8 12.8v230.4c0 6.4 6.4 12.8 12.8 12.8zm-192 0h22.4c6.4 0 12.8-6.4 12.8-12.8V140.8c0-6.4-6.4-12.8-12.8-12.8h-22.4c-6.4 0-12.8 6.4-12.8 12.8v198.4c0 6.4 6.4 12.8 12.8 12.8zm96 0h22.4c6.4 0 12.8-6.4 12.8-12.8V204.8c0-6.4-6.4-12.8-12.8-12.8h-22.4c-6.4 0-12.8 6.4-12.8 12.8v134.4c0 6.4 6.4 12.8 12.8 12.8zM496 400H48V80c0-8.84-7.16-16-16-16H16C7.16 64 0 71.16 0 80v336c0 17.67 14.33 32 32 32h464c8.84 0 16-7.16 16-16v-16c0-8.84-7.16-16-16-16zm-387.2-48h22.4c6.4 0 12.8-6.4 12.8-12.8v-70.4c0-6.4-6.4-12.8-12.8-12.8h-22.4c-6.4 0-12.8 6.4-12.8 12.8v70.4c0 6.4 6.4 12.8 12.8 12.8z\" class=\"\"><\/path><\/svg><\/i> <img loading=\"lazy\" decoding=\"async\" width=\"16\" height=\"16\" alt=\"Loading\" src=\"https:\/\/encuentro-tic.anuies.mx\/ctrl-content\/plugins\/page-views-count\/ajax-loader-2x.gif\" border=0 \/><\/p>\n<div class=\"pvc_clear\"><\/div>\n<p>&nbsp; Instructor o docente: Manuel Ramos Mendoza Modalidad de impartici\u00f3n: Virtual Duraci\u00f3n total de taller: 5 sesiones virtuales de 2 hrs. C\/U&nbsp; \u00c1rea: Otra Fechas: 20, 25 y 27 de septiembre y 2 y 5 de octubre. Destinatarios: CEOs, l\u00edderes de transformaci\u00f3n, responsables de equipos, que est\u00e9n experimentando o est\u00e9 en sus planes cercanos implementar&hellip; <br \/> <a class=\"button small blue\" href=\"https:\/\/encuentro-tic.anuies.mx\/2023\/implementacion-de-practicas-agiles-en-la-organizacion-expectativa-vs-realidad\/\">Leer m\u00e1s<\/a><\/p>\n","protected":false},"author":1,"featured_media":0,"parent":0,"menu_order":0,"comment_status":"closed","ping_status":"closed","template":"","meta":{"_exactmetrics_skip_tracking":false,"_exactmetrics_sitenote_active":false,"_exactmetrics_sitenote_note":"","_exactmetrics_sitenote_category":0,"ngg_post_thumbnail":0,"footnotes":""},"class_list":["post-3417","page","type-page","status-publish","hentry"],"rttpg_featured_image_url":null,"rttpg_author":{"display_name":"ctrlweb","author_link":"https:\/\/encuentro-tic.anuies.mx\/2023\/author\/ctrlweb\/"},"rttpg_comment":0,"rttpg_category":"","rttpg_excerpt":"&nbsp; Instructor o docente: Manuel Ramos Mendoza Modalidad de impartici\u00f3n: Virtual Duraci\u00f3n total de taller: 5 sesiones virtuales de 2 hrs. C\/U&nbsp; \u00c1rea: Otra Fechas: 20, 25 y 27 de septiembre y 2 y 5 de octubre. Destinatarios: CEOs, l\u00edderes de transformaci\u00f3n, responsables de equipos, que est\u00e9n experimentando o est\u00e9 en sus planes cercanos implementar&hellip;&hellip;","_links":{"self":[{"href":"https:\/\/encuentro-tic.anuies.mx\/2023\/wp-json\/wp\/v2\/pages\/3417","targetHints":{"allow":["GET"]}}],"collection":[{"href":"https:\/\/encuentro-tic.anuies.mx\/2023\/wp-json\/wp\/v2\/pages"}],"about":[{"href":"https:\/\/encuentro-tic.anuies.mx\/2023\/wp-json\/wp\/v2\/types\/page"}],"author":[{"embeddable":true,"href":"https:\/\/encuentro-tic.anuies.mx\/2023\/wp-json\/wp\/v2\/users\/1"}],"replies":[{"embeddable":true,"href":"https:\/\/encuentro-tic.anuies.mx\/2023\/wp-json\/wp\/v2\/comments?post=3417"}],"version-history":[{"count":58,"href":"https:\/\/encuentro-tic.anuies.mx\/2023\/wp-json\/wp\/v2\/pages\/3417\/revisions"}],"predecessor-version":[{"id":9566,"href":"https:\/\/encuentro-tic.anuies.mx\/2023\/wp-json\/wp\/v2\/pages\/3417\/revisions\/9566"}],"wp:attachment":[{"href":"https:\/\/encuentro-tic.anuies.mx\/2023\/wp-json\/wp\/v2\/media?parent=3417"}],"curies":[{"name":"wp","href":"https:\/\/api.w.org\/{rel}","templated":true}]}}