{"id":6071,"date":"2022-08-09T10:14:20","date_gmt":"2022-08-09T15:14:20","guid":{"rendered":"https:\/\/encuentro-tic.anuies.mx\/2022\/?page_id=6071"},"modified":"2022-09-02T09:10:45","modified_gmt":"2022-09-02T14:10:45","slug":"hotel-sede","status":"publish","type":"page","link":"https:\/\/encuentro-tic.anuies.mx\/2022\/hotel-sede\/","title":{"rendered":"Hoteles sede"},"content":{"rendered":"<div id=\"pl-6071\"  class=\"panel-layout\" ><div id=\"pg-6071-0\"  class=\"panel-grid panel-has-style\" ><div style=\"padding: 100px 0; \" data-overlay=\"true\" class=\"panel-row-style panel-row-style-for-6071-0\" ><div id=\"pgc-6071-0-0\"  class=\"panel-grid-cell\" ><div id=\"panel-6071-0-0-0\" class=\"so-panel widget widget_sow-editor panel-first-child panel-last-child\" data-index=\"0\" ><div style=\"text-align: left;\" data-title-color=\"#443f3f\" data-headings-color=\"#443f3f\" class=\"panel-widget-style panel-widget-style-for-6071-0-0-0\" ><div\n\t\t\t\n\t\t\tclass=\"so-widget-sow-editor so-widget-sow-editor-base\"\n\t\t\t\n\t\t>\n<div class=\"siteorigin-widget-tinymce textwidget\">\n\t<style type='text\/css' media='all'>#rt-tpg-container-1190350625 .rt-holder .rt-woo-info .price{color:#0367bf;}body .rt-tpg-container .rt-tpg-isotope-buttons .selected,\n\t\t\t\t\t#rt-tpg-container-1190350625 .layout12 .rt-holder:hover .rt-detail,\n\t\t\t\t\t#rt-tpg-container-1190350625 .isotope8 .rt-holder:hover .rt-detail,\n\t\t\t\t\t#rt-tpg-container-1190350625 .carousel8 .rt-holder:hover .rt-detail,\n\t\t\t\t\t#rt-tpg-container-1190350625 .layout13 .rt-holder .overlay .post-info,\n\t\t\t\t\t#rt-tpg-container-1190350625 .isotope9 .rt-holder .overlay .post-info,\n\t\t\t\t\t#rt-tpg-container-1190350625.rt-tpg-container .layout4 .rt-holder .rt-detail,\n\t\t\t\t\t.rt-modal-1190350625 .md-content,\n\t\t\t\t\t.rt-modal-1190350625 .md-content > .rt-md-content-holder .rt-md-content,\n\t\t\t\t\t.rt-popup-wrap-1190350625.rt-popup-wrap .rt-popup-navigation-wrap,\n\t\t\t\t\t#rt-tpg-container-1190350625 .carousel9 .rt-holder .overlay .post-info{background-color:#0367bf;}#rt-tpg-container-1190350625 .layout5 .rt-holder .overlay, #rt-tpg-container-1190350625 .isotope2 .rt-holder .overlay, #rt-tpg-container-1190350625 .carousel2 .rt-holder .overlay,#rt-tpg-container-1190350625 .layout15 .rt-holder h3, #rt-tpg-container-1190350625 .isotope11 .rt-holder h3, #rt-tpg-container-1190350625 .carousel11 .rt-holder h3, #rt-tpg-container-1190350625 .layout16 .rt-holder h3,\n\t\t\t\t\t#rt-tpg-container-1190350625 .isotope12 .rt-holder h3, #rt-tpg-container-1190350625 .carousel12 .rt-holder h3 {background-color:rgba(3,103,191,0.8);}#rt-tpg-container-1190350625 .read-more a{border-radius:px;}#rt-tpg-container-1190350625 .rt-img-holder img.rt-img-responsive,#rt-tpg-container-1190350625 .rt-img-holder,\n\t\t\t\t\t#rt-tpg-container-1190350625 .rt-post-overlay .post-img,\n\t\t\t\t\t#rt-tpg-container-1190350625 .post-sm .post-img,\n\t\t\t\t\t#rt-tpg-container-1190350625 .rt-post-grid .post-img,\n\t\t\t\t\t#rt-tpg-container-1190350625 .post-img img {border-radius:px;}<\/style><div class='rt-container-fluid rt-tpg-container tpg-shortcode-main-wrapper ' id='rt-tpg-container-1190350625'   data-layout='layout1' data-grid-style='even' data-desktop-col='3'  data-tab-col='2'  data-mobile-col='1' data-sc-id='6718'><div data-title='Loading ...' class='rt-row rt-content-loader   layout1 tpg-even '><div class=\"rt-col-md-4 rt-col-sm-6 rt-col-xs-12 even-grid-item rt-grid-item\" data-id=\"6710\"><div class=\"rt-holder\"><div class=\"rt-img-holder\"><a data-id=\"6710\" class=\"\" href=\"https:\/\/encuentro-tic.anuies.mx\/2022\/holiday-inn-express-merida\/\"><img loading=\"lazy\" decoding=\"async\" width=\"1184\" height=\"640\" src=\"https:\/\/encuentro-tic.anuies.mx\/ctrl-content\/uploads\/sites\/8\/2022\/08\/hotel_HI.jpg\" class=\"rt-img-responsive \" alt=\"\" \/><\/a><\/div><div class='rt-detail'><h3 class=\"entry-title\"><a data-id=\"6710\" class=\"\" href=\"https:\/\/encuentro-tic.anuies.mx\/2022\/holiday-inn-express-merida\/\">Holiday Inn Express M\u00e9rida<\/a><\/h3><\/div><\/div><\/div><div class=\"rt-col-md-4 rt-col-sm-6 rt-col-xs-12 even-grid-item rt-grid-item\" data-id=\"6712\"><div class=\"rt-holder\"><div class=\"rt-img-holder\"><a data-id=\"6712\" class=\"\" href=\"https:\/\/encuentro-tic.anuies.mx\/2022\/hotel-hampton-inn\/\"><img loading=\"lazy\" decoding=\"async\" width=\"334\" height=\"204\" src=\"https:\/\/encuentro-tic.anuies.mx\/ctrl-content\/uploads\/sites\/8\/2022\/09\/hotel_hampton.jpg\" class=\"rt-img-responsive \" alt=\"\" \/><\/a><\/div><div class='rt-detail'><h3 class=\"entry-title\"><a data-id=\"6712\" class=\"\" href=\"https:\/\/encuentro-tic.anuies.mx\/2022\/hotel-hampton-inn\/\">Hotel Hampton Inn<\/a><\/h3><\/div><\/div><\/div><div class=\"rt-col-md-4 rt-col-sm-6 rt-col-xs-12 even-grid-item rt-grid-item\" data-id=\"6818\"><div class=\"rt-holder\"><div class=\"rt-img-holder\"><a data-id=\"6818\" class=\"\" href=\"https:\/\/encuentro-tic.anuies.mx\/2022\/hotel-fiesta-inn\/\"><img loading=\"lazy\" decoding=\"async\" width=\"796\" height=\"485\" src=\"https:\/\/encuentro-tic.anuies.mx\/ctrl-content\/uploads\/sites\/8\/2022\/09\/hotel_fiesta_inn.jpg\" class=\"rt-img-responsive \" alt=\"\" \/><\/a><\/div><div class='rt-detail'><h3 class=\"entry-title\"><a data-id=\"6818\" class=\"\" href=\"https:\/\/encuentro-tic.anuies.mx\/2022\/hotel-fiesta-inn\/\">Hotel Fiesta Inn M\u00e9rida<\/a><\/h3><\/div><\/div><\/div><\/div><\/div>\n<\/div>\n<\/div><\/div><\/div><\/div><\/div><\/div><\/div>","protected":false},"excerpt":{"rendered":"<p>Calle 5 B No. 290 A x 20 A y 60, Col Revoluci\u00f3n. M\u00e9xico, C. 60, 97115 M\u00e9rida, Yucat\u00e1n.&nbsp; whatsapp: +52 1 [&hellip;]<\/p>\n","protected":false},"author":1,"featured_media":0,"parent":0,"menu_order":0,"comment_status":"closed","ping_status":"closed","template":"page-templates\/page_fullwidth.php","meta":{"_exactmetrics_skip_tracking":false,"_exactmetrics_sitenote_active":false,"_exactmetrics_sitenote_note":"","_exactmetrics_sitenote_category":0,"ngg_post_thumbnail":0,"footnotes":""},"class_list":["post-6071","page","type-page","status-publish","hentry"],"rttpg_featured_image_url":null,"rttpg_author":{"display_name":"ctrlweb","author_link":"https:\/\/encuentro-tic.anuies.mx\/2022\/author\/ctrlweb\/"},"rttpg_comment":0,"rttpg_category":"","rttpg_excerpt":"Calle 5 B No. 290 A x 20 A y 60, Col Revoluci\u00f3n. M\u00e9xico, C. 60, 97115 M\u00e9rida, Yucat\u00e1n.&nbsp; whatsapp: +52 1 [&hellip;]","_links":{"self":[{"href":"https:\/\/encuentro-tic.anuies.mx\/2022\/wp-json\/wp\/v2\/pages\/6071","targetHints":{"allow":["GET"]}}],"collection":[{"href":"https:\/\/encuentro-tic.anuies.mx\/2022\/wp-json\/wp\/v2\/pages"}],"about":[{"href":"https:\/\/encuentro-tic.anuies.mx\/2022\/wp-json\/wp\/v2\/types\/page"}],"author":[{"embeddable":true,"href":"https:\/\/encuentro-tic.anuies.mx\/2022\/wp-json\/wp\/v2\/users\/1"}],"replies":[{"embeddable":true,"href":"https:\/\/encuentro-tic.anuies.mx\/2022\/wp-json\/wp\/v2\/comments?post=6071"}],"version-history":[{"count":19,"href":"https:\/\/encuentro-tic.anuies.mx\/2022\/wp-json\/wp\/v2\/pages\/6071\/revisions"}],"predecessor-version":[{"id":6719,"href":"https:\/\/encuentro-tic.anuies.mx\/2022\/wp-json\/wp\/v2\/pages\/6071\/revisions\/6719"}],"wp:attachment":[{"href":"https:\/\/encuentro-tic.anuies.mx\/2022\/wp-json\/wp\/v2\/media?parent=6071"}],"curies":[{"name":"wp","href":"https:\/\/api.w.org\/{rel}","templated":true}]}}