{"id":6060,"date":"2022-08-09T08:51:28","date_gmt":"2022-08-09T13:51:28","guid":{"rendered":"https:\/\/encuentro-tic.anuies.mx\/2022\/?page_id=6060"},"modified":"2022-08-09T10:19:57","modified_gmt":"2022-08-09T15:19:57","slug":"clima","status":"publish","type":"page","link":"https:\/\/encuentro-tic.anuies.mx\/2022\/clima\/","title":{"rendered":"Clima"},"content":{"rendered":"<div id=\"pl-6060\"  class=\"panel-layout\" ><div id=\"pg-6060-0\"  class=\"panel-grid panel-has-style\" ><div style=\"padding: 0px 0; \" data-overlay=\"true\" data-overlay-color=\"#000000\" class=\"panel-row-style panel-row-style-for-6060-0\" ><div id=\"pgc-6060-0-0\"  class=\"panel-grid-cell\" ><div id=\"panel-6060-0-0-0\" class=\"so-panel widget widget_sow-editor panel-first-child panel-last-child\" data-index=\"0\" ><div style=\"text-align: left;\" data-title-color=\"#443f3f\" data-headings-color=\"#443f3f\" class=\"panel-widget-style panel-widget-style-for-6060-0-0-0\" ><div\n\t\t\t\n\t\t\tclass=\"so-widget-sow-editor so-widget-sow-editor-base\"\n\t\t\t\n\t\t>\n<div class=\"siteorigin-widget-tinymce textwidget\">\n\t<p style=\"text-align: justify;\"><img loading=\"lazy\" decoding=\"async\" class=\" wp-image-6063 alignleft\" src=\"https:\/\/encuentro-tic.anuies.mx\/ctrl-content\/uploads\/2022\/08\/merida_cd.jpg\" alt=\"\" width=\"424\" height=\"249\" srcset=\"https:\/\/encuentro-tic.anuies.mx\/ctrl-content\/uploads\/sites\/8\/2022\/08\/merida_cd.jpg 748w, https:\/\/encuentro-tic.anuies.mx\/ctrl-content\/uploads\/sites\/8\/2022\/08\/merida_cd-300x176.jpg 300w, https:\/\/encuentro-tic.anuies.mx\/ctrl-content\/uploads\/sites\/8\/2022\/08\/merida_cd-230x135.jpg 230w, https:\/\/encuentro-tic.anuies.mx\/ctrl-content\/uploads\/sites\/8\/2022\/08\/merida_cd-350x205.jpg 350w, https:\/\/encuentro-tic.anuies.mx\/ctrl-content\/uploads\/sites\/8\/2022\/08\/merida_cd-480x282.jpg 480w\" sizes=\"auto, (max-width: 424px) 100vw, 424px\" \/>El clima de M\u00e9rida y en general de la pen\u00ednsula de Yucat\u00e1n es caliente y h\u00famedo. Los meteor\u00f3logos lo clasifican como de tipo \"Awo\" (c\u00e1lido subh\u00famedo con lluvias durante el verano) con una temperatura promedio de 26.61\u00b0 centigrados.<\/p>\n<p>La temporada de lluvias es larga y va desde mayo hasta enero aunque no es raro que llueva durante los llamados meses secos febrero, marzo y abril. La \u00e9poca m\u00e1s calurosa comprende de abril a agosto, subiendo la temperatura hasta 40\u00ba centigrados.<\/p>\n<p>Las tormentas tropicales son espor\u00e1dicas y leves entre los meses de agosto y octubre, y de septiembre hasta enero son comunes los vientos del norte que nublan y refrescan la ciudad, despu\u00e9s de los cuales vuelve a brillar \"kin\", el Sol, casi con la misma intensidad que en el verano.<\/p>\n<p>&nbsp;<\/p>\n<p>&nbsp;<\/p>\n<p><em>Fuente: Ayundamiento de M\u00e9rida Yucat\u00e1n, www.merida.gob.mx<\/em><\/p>\n<\/div>\n<\/div><\/div><\/div><\/div><\/div><\/div><\/div>","protected":false},"excerpt":{"rendered":"<p>El clima de M\u00e9rida y en general de la pen\u00ednsula de Yucat\u00e1n es caliente y h\u00famedo. Los meteor\u00f3logos lo clasifican como de [&hellip;]<\/p>\n","protected":false},"author":1,"featured_media":0,"parent":0,"menu_order":0,"comment_status":"closed","ping_status":"closed","template":"page-templates\/page_fullwidth.php","meta":{"_exactmetrics_skip_tracking":false,"_exactmetrics_sitenote_active":false,"_exactmetrics_sitenote_note":"","_exactmetrics_sitenote_category":0,"ngg_post_thumbnail":0,"footnotes":""},"class_list":["post-6060","page","type-page","status-publish","hentry"],"rttpg_featured_image_url":null,"rttpg_author":{"display_name":"ctrlweb","author_link":"https:\/\/encuentro-tic.anuies.mx\/2022\/author\/ctrlweb\/"},"rttpg_comment":0,"rttpg_category":false,"rttpg_excerpt":"El clima de M\u00e9rida y en general de la pen\u00ednsula de Yucat\u00e1n es caliente y h\u00famedo. Los meteor\u00f3logos lo clasifican como de [&hellip;]","_links":{"self":[{"href":"https:\/\/encuentro-tic.anuies.mx\/2022\/wp-json\/wp\/v2\/pages\/6060","targetHints":{"allow":["GET"]}}],"collection":[{"href":"https:\/\/encuentro-tic.anuies.mx\/2022\/wp-json\/wp\/v2\/pages"}],"about":[{"href":"https:\/\/encuentro-tic.anuies.mx\/2022\/wp-json\/wp\/v2\/types\/page"}],"author":[{"embeddable":true,"href":"https:\/\/encuentro-tic.anuies.mx\/2022\/wp-json\/wp\/v2\/users\/1"}],"replies":[{"embeddable":true,"href":"https:\/\/encuentro-tic.anuies.mx\/2022\/wp-json\/wp\/v2\/comments?post=6060"}],"version-history":[{"count":9,"href":"https:\/\/encuentro-tic.anuies.mx\/2022\/wp-json\/wp\/v2\/pages\/6060\/revisions"}],"predecessor-version":[{"id":6083,"href":"https:\/\/encuentro-tic.anuies.mx\/2022\/wp-json\/wp\/v2\/pages\/6060\/revisions\/6083"}],"wp:attachment":[{"href":"https:\/\/encuentro-tic.anuies.mx\/2022\/wp-json\/wp\/v2\/media?parent=6060"}],"curies":[{"name":"wp","href":"https:\/\/api.w.org\/{rel}","templated":true}]}}