{"id":6025,"date":"2022-08-08T09:55:12","date_gmt":"2022-08-08T14:55:12","guid":{"rendered":"https:\/\/encuentro-tic.anuies.mx\/2022\/?page_id=6025"},"modified":"2022-08-13T09:53:26","modified_gmt":"2022-08-13T14:53:26","slug":"conoce-merida","status":"publish","type":"page","link":"https:\/\/encuentro-tic.anuies.mx\/2022\/conoce-merida\/","title":{"rendered":"Conoce M\u00e9rida"},"content":{"rendered":"<div id=\"pl-6025\"  class=\"panel-layout\" ><div id=\"pg-6025-0\"  class=\"panel-grid panel-has-style\" ><div style=\"padding: 0px 0; \" data-overlay=\"true\" data-overlay-color=\"#000000\" class=\"panel-row-style panel-row-style-for-6025-0\" ><div id=\"pgc-6025-0-0\"  class=\"panel-grid-cell\" ><div id=\"panel-6025-0-0-0\" class=\"so-panel widget widget_sow-editor panel-first-child panel-last-child\" data-index=\"0\" ><div style=\"text-align: left;\" data-title-color=\"#443f3f\" data-headings-color=\"#443f3f\" class=\"panel-widget-style panel-widget-style-for-6025-0-0-0\" ><div\n\t\t\t\n\t\t\tclass=\"so-widget-sow-editor so-widget-sow-editor-base\"\n\t\t\t\n\t\t>\n<div class=\"siteorigin-widget-tinymce textwidget\">\n\t<div class=\"carousel-slider-outer carousel-slider-outer-image-carousel carousel-slider-outer-6048\" style=\"--carousel-slider-nav-color:#f1f1f1;--carousel-slider-active-nav-color:#00d1b2;--carousel-slider-arrow-size:48px;--carousel-slider-bullet-size:10px\">\n<div id=\"&#039;id-6048\" class=\"carousel-slider carousel-slider-6048 arrows-visibility-hover dots-visibility-never arrows-outside dots-center dots-circle owl-carousel\" data-slide-type=\"image-carousel\" data-owl-settings='{\"nav\":true,\"dots\":false,\"slideBy\":1,\"stagePadding\":0,\"margin\":10,\"loop\":true,\"lazyLoad\":false,\"autoplay\":true,\"autoplayTimeout\":5000,\"autoplaySpeed\":500,\"autoplayHoverPause\":true,\"autoWidth\":false,\"responsive\":{\"300\":{\"items\":1},\"576\":{\"items\":2},\"768\":{\"items\":2},\"1024\":{\"items\":3},\"1280\":{\"items\":4},\"1536\":{\"items\":5}}}'>\n<div class=\"carousel-slider__item\">\n\t<img loading=\"lazy\" decoding=\"async\" width=\"150\" height=\"150\" src=\"https:\/\/encuentro-tic.anuies.mx\/ctrl-content\/uploads\/sites\/8\/2022\/08\/museo-150x150.jpg\" class=\"attachment-thumbnail size-thumbnail\" alt=\"\" srcset=\"https:\/\/encuentro-tic.anuies.mx\/ctrl-content\/uploads\/sites\/8\/2022\/08\/museo-150x150.jpg 150w, https:\/\/encuentro-tic.anuies.mx\/ctrl-content\/uploads\/sites\/8\/2022\/08\/museo-230x228.jpg 230w, https:\/\/encuentro-tic.anuies.mx\/ctrl-content\/uploads\/sites\/8\/2022\/08\/museo.jpg 265w\" sizes=\"auto, (max-width: 150px) 100vw, 150px\" \/><\/a><\/div>\n\n<div class=\"carousel-slider__item\">\n\t<img loading=\"lazy\" decoding=\"async\" width=\"150\" height=\"150\" src=\"https:\/\/encuentro-tic.anuies.mx\/ctrl-content\/uploads\/sites\/8\/2022\/08\/palacio_canton-150x150.jpg\" class=\"attachment-thumbnail size-thumbnail\" alt=\"\" srcset=\"https:\/\/encuentro-tic.anuies.mx\/ctrl-content\/uploads\/sites\/8\/2022\/08\/palacio_canton-150x150.jpg 150w, https:\/\/encuentro-tic.anuies.mx\/ctrl-content\/uploads\/sites\/8\/2022\/08\/palacio_canton-230x229.jpg 230w, https:\/\/encuentro-tic.anuies.mx\/ctrl-content\/uploads\/sites\/8\/2022\/08\/palacio_canton.jpg 262w\" sizes=\"auto, (max-width: 150px) 100vw, 150px\" \/><\/a><\/div>\n\n<div class=\"carousel-slider__item\">\n\t<img loading=\"lazy\" decoding=\"async\" width=\"150\" height=\"150\" src=\"https:\/\/encuentro-tic.anuies.mx\/ctrl-content\/uploads\/sites\/8\/2022\/08\/paseo_montejo-150x150.jpg\" class=\"attachment-thumbnail size-thumbnail\" alt=\"\" srcset=\"https:\/\/encuentro-tic.anuies.mx\/ctrl-content\/uploads\/sites\/8\/2022\/08\/paseo_montejo-150x150.jpg 150w, https:\/\/encuentro-tic.anuies.mx\/ctrl-content\/uploads\/sites\/8\/2022\/08\/paseo_montejo-230x230.jpg 230w, https:\/\/encuentro-tic.anuies.mx\/ctrl-content\/uploads\/sites\/8\/2022\/08\/paseo_montejo.jpg 261w\" sizes=\"auto, (max-width: 150px) 100vw, 150px\" \/><\/a><\/div>\n\n<div class=\"carousel-slider__item\">\n\t<img loading=\"lazy\" decoding=\"async\" width=\"150\" height=\"150\" src=\"https:\/\/encuentro-tic.anuies.mx\/ctrl-content\/uploads\/sites\/8\/2022\/08\/casa_montejo-150x150.jpg\" class=\"attachment-thumbnail size-thumbnail\" alt=\"\" srcset=\"https:\/\/encuentro-tic.anuies.mx\/ctrl-content\/uploads\/sites\/8\/2022\/08\/casa_montejo-150x150.jpg 150w, https:\/\/encuentro-tic.anuies.mx\/ctrl-content\/uploads\/sites\/8\/2022\/08\/casa_montejo-230x232.jpg 230w, https:\/\/encuentro-tic.anuies.mx\/ctrl-content\/uploads\/sites\/8\/2022\/08\/casa_montejo.jpg 263w\" sizes=\"auto, (max-width: 150px) 100vw, 150px\" \/><\/a><\/div>\n\n<\/div><!-- .carousel-slider-6048 -->\n<\/div><!-- .carousel-slider-outer-6048 -->\n\n<p>&nbsp;<\/p>\n<p style=\"text-align: justify;\">M\u00e9rida, tambi\u00e9n conocida como la ciudad blanca; tierra de las \u00fanicas bombas que estallan en versos, de la cochinita pibil y de la gente que sonr\u00ede hasta con la mirada. Este destino parece un escenario listo para fotografiarse, para rodar una pel\u00edcula. Su impecable presencia hace juego con las guayaberas que llevan sus hombres, el terno de sus mujeres con extravagantes flores bordadas, exactas y listas para lucirse por su Paseo de Montejo.<\/p>\n<p style=\"text-align: justify;\">Antes de descubrir en M\u00e9rida cenotes, haciendas y zonas arqueol\u00f3gicas, aprovecha tu estancia por la capital y descubre otros atractivos que representan su grandeza. Camina por su z\u00f3calo, \u00e1rea conocida por los yucatecos como \u201cPlaza Grande\u201d. En esta parte de la ciudad encontrar\u00e1s iglesias, mercados, museos, restaurantes y hoteles.<\/p>\n<p style=\"text-align: justify;\">Sin alejarte demasiado, encontrar\u00e1s el Barrio de Santa Ana, que anteriormente fue un espacio donde se reun\u00edan artesanos y jornaleros en la colonia. All\u00ed tambi\u00e9n se encuentra la emblem\u00e1tica calle 60 y su iglesia dedicada a la patrona que lleva el mismo nombre que el barrio. Aunque su fachada hoy es amarilla, cuentan que originalmente fue roja y est\u00e1 construida sobre basamentos mayas, no se tiene dato preciso de su antig\u00fcedad, pero los historiadores se\u00f1alan que puede tener poco m\u00e1s de 400 a\u00f1os.<\/p>\n<p style=\"text-align: justify;\">Un paseo en el coraz\u00f3n de M\u00e9rida<br \/>\nOtro punto bastante interesante es el barrio Garc\u00eda Giner\u00e9s, uno de los desarrollos m\u00e1s antiguos de la ciudad, hogar del conocido Parque de las Am\u00e9ricas. El lugar es punto de encuentro entre vecinos y para realizar caminatas vespertinas. Tiene espacios para leer o disfrutar con la familia en un entorno rodeado de naturaleza.<\/p>\n<p style=\"text-align: justify;\">La playa m\u00e1s cercana a M\u00e9rida est\u00e1 en Progreso a tan s\u00f3lo 20 minutos por tierra. Si quieres escapar de la combinaci\u00f3n del intenso calor y la humedad, la mejor \u00e9poca para visitar la ciudad blanca es de diciembre a febrero o de marzo a mayo, pero en estos \u00faltimos adem\u00e1s de encontrarte con d\u00edas de lluvia, la temperatura comienza a elevarse.<\/p>\n<p style=\"text-align: right;\"><em>Fuente: Secretar\u00eda de Turismo del Gobierno de M\u00e9xico,<strong>&nbsp;<span style=\"color: #0000ff;\"><a style=\"color: #0000ff;\" href=\"https:\/\/www.visitmexico.com\/yucatan\/merida\" target=\"_blank\" rel=\"noopener\">visitmexico.com<\/a><\/span><\/strong><\/em><\/p>\n<\/div>\n<\/div><\/div><\/div><\/div><\/div><\/div><\/div>","protected":false},"excerpt":{"rendered":"<p>&nbsp; M\u00e9rida, tambi\u00e9n conocida como la ciudad blanca; tierra de las \u00fanicas bombas que estallan en versos, de la cochinita pibil y [&hellip;]<\/p>\n","protected":false},"author":1,"featured_media":0,"parent":0,"menu_order":0,"comment_status":"closed","ping_status":"closed","template":"page-templates\/page_fullwidth.php","meta":{"_exactmetrics_skip_tracking":false,"_exactmetrics_sitenote_active":false,"_exactmetrics_sitenote_note":"","_exactmetrics_sitenote_category":0,"ngg_post_thumbnail":0,"footnotes":""},"class_list":["post-6025","page","type-page","status-publish","hentry"],"rttpg_featured_image_url":null,"rttpg_author":{"display_name":"ctrlweb","author_link":"https:\/\/encuentro-tic.anuies.mx\/2022\/author\/ctrlweb\/"},"rttpg_comment":0,"rttpg_category":false,"rttpg_excerpt":"&nbsp; M\u00e9rida, tambi\u00e9n conocida como la ciudad blanca; tierra de las \u00fanicas bombas que estallan en versos, de la cochinita pibil y [&hellip;]","_links":{"self":[{"href":"https:\/\/encuentro-tic.anuies.mx\/2022\/wp-json\/wp\/v2\/pages\/6025","targetHints":{"allow":["GET"]}}],"collection":[{"href":"https:\/\/encuentro-tic.anuies.mx\/2022\/wp-json\/wp\/v2\/pages"}],"about":[{"href":"https:\/\/encuentro-tic.anuies.mx\/2022\/wp-json\/wp\/v2\/types\/page"}],"author":[{"embeddable":true,"href":"https:\/\/encuentro-tic.anuies.mx\/2022\/wp-json\/wp\/v2\/users\/1"}],"replies":[{"embeddable":true,"href":"https:\/\/encuentro-tic.anuies.mx\/2022\/wp-json\/wp\/v2\/comments?post=6025"}],"version-history":[{"count":6,"href":"https:\/\/encuentro-tic.anuies.mx\/2022\/wp-json\/wp\/v2\/pages\/6025\/revisions"}],"predecessor-version":[{"id":6331,"href":"https:\/\/encuentro-tic.anuies.mx\/2022\/wp-json\/wp\/v2\/pages\/6025\/revisions\/6331"}],"wp:attachment":[{"href":"https:\/\/encuentro-tic.anuies.mx\/2022\/wp-json\/wp\/v2\/media?parent=6025"}],"curies":[{"name":"wp","href":"https:\/\/api.w.org\/{rel}","templated":true}]}}