{"id":3417,"date":"2021-06-16T09:05:34","date_gmt":"2021-06-16T14:05:34","guid":{"rendered":"https:\/\/encuentro-tic.anuies.mx\/2022\/?page_id=3417"},"modified":"2022-08-03T18:10:15","modified_gmt":"2022-08-03T23:10:15","slug":"talleres","status":"publish","type":"page","link":"https:\/\/encuentro-tic.anuies.mx\/2022\/talleres\/","title":{"rendered":"Talleres"},"content":{"rendered":"<div id=\"pl-3417\"  class=\"panel-layout\" ><div id=\"pg-3417-0\"  class=\"panel-grid panel-has-style\" ><div style=\"padding: 0px 0; \" data-overlay=\"true\" data-overlay-color=\"#000000\" class=\"panel-row-style panel-row-style-for-3417-0\" ><div id=\"pgc-3417-0-0\"  class=\"panel-grid-cell\" ><div id=\"panel-3417-0-0-0\" class=\"so-panel widget widget_sow-editor panel-first-child panel-last-child\" data-index=\"0\" ><div style=\"text-align: left;\" data-title-color=\"#443f3f\" data-headings-color=\"#443f3f\" class=\"panel-widget-style panel-widget-style-for-3417-0-0-0\" ><div\n\t\t\t\n\t\t\tclass=\"so-widget-sow-editor so-widget-sow-editor-base\"\n\t\t\t\n\t\t>\n<div class=\"siteorigin-widget-tinymce textwidget\">\n\t<p><span style=\"font-size: 14pt\"><span class=\"dropcap\">L<\/span>a&nbsp;<strong>ANUIES<\/strong>&nbsp;le ayuda e invita a prepararse y capacitarse en el \u00e1mbito de TIC, poniendo a su disposici\u00f3n en el marco del&nbsp;<strong>Encuentro ANUIES-TIC UADY 2022<\/strong>, talleres especializados.<\/span><\/p>\n<p style=\"text-align: center\"><span style=\"font-size: 14pt\">Los talleres se llevar\u00e1n a cabo del 10 al 26 de octubre, le recomendamos consultar el programa y pol\u00edtica de talleres<\/span><\/p>\n<table style=\"width: 100%;border-collapse: collapse;border-style: hidden\" border=\"0\">\n<tbody>\n<tr>\n<td style=\"width: 50%;text-align: center\"><a class=\"fasc-button fasc-size-medium fasc-type-flat fasc-rounded-medium fasc-ico-before dashicons-welcome-widgets-menus\" style=\"background-color: #f47b20;color: #ffffff\" target=\"_blank\" href=\"https:\/\/encuentro-tic.anuies.mx\/ctrl-content\/uploads\/2022\/08\/programa-talleres.pdf\" rel=\"noopener\">Programa de talleres<\/a><\/td>\n<td style=\"width: 50%;text-align: center\"><a class=\"fasc-button fasc-size-medium fasc-type-flat fasc-rounded-medium fasc-ico-before dashicons-welcome-write-blog\" style=\"background-color: #937952;color: #ffffff\" target=\"_blank\" rel=\"noopener\" href=\"https:\/\/encuentro-tic.anuies.mx\/files\/Politica_talleres_encuentro2022.pdf\">Pol\u00edtica de talleres<\/a><\/td>\n<\/tr>\n<\/tbody>\n<\/table>\n<hr \/>\n<h3 style=\"text-align: center\">Oferta de talleres<\/h3>\n<style type='text\/css' media='all'>#rt-tpg-container-1252105956 .rt-holder .rt-woo-info .price{color:#002e5f;}body .rt-tpg-container .rt-tpg-isotope-buttons .selected,\n\t\t\t\t\t#rt-tpg-container-1252105956 .layout12 .rt-holder:hover .rt-detail,\n\t\t\t\t\t#rt-tpg-container-1252105956 .isotope8 .rt-holder:hover .rt-detail,\n\t\t\t\t\t#rt-tpg-container-1252105956 .carousel8 .rt-holder:hover .rt-detail,\n\t\t\t\t\t#rt-tpg-container-1252105956 .layout13 .rt-holder .overlay .post-info,\n\t\t\t\t\t#rt-tpg-container-1252105956 .isotope9 .rt-holder .overlay .post-info,\n\t\t\t\t\t#rt-tpg-container-1252105956.rt-tpg-container .layout4 .rt-holder .rt-detail,\n\t\t\t\t\t.rt-modal-1252105956 .md-content,\n\t\t\t\t\t.rt-modal-1252105956 .md-content > .rt-md-content-holder .rt-md-content,\n\t\t\t\t\t.rt-popup-wrap-1252105956.rt-popup-wrap .rt-popup-navigation-wrap,\n\t\t\t\t\t#rt-tpg-container-1252105956 .carousel9 .rt-holder .overlay .post-info{background-color:#002e5f;}#rt-tpg-container-1252105956 .layout5 .rt-holder .overlay, #rt-tpg-container-1252105956 .isotope2 .rt-holder .overlay, #rt-tpg-container-1252105956 .carousel2 .rt-holder .overlay,#rt-tpg-container-1252105956 .layout15 .rt-holder h3, #rt-tpg-container-1252105956 .isotope11 .rt-holder h3, #rt-tpg-container-1252105956 .carousel11 .rt-holder h3, #rt-tpg-container-1252105956 .layout16 .rt-holder h3,\n\t\t\t\t\t#rt-tpg-container-1252105956 .isotope12 .rt-holder h3, #rt-tpg-container-1252105956 .carousel12 .rt-holder h3 {background-color:rgba(0,46,95,0.8);}#rt-tpg-container-1252105956 .read-more a{border-radius:px;}#rt-tpg-container-1252105956 .rt-img-holder img.rt-img-responsive,#rt-tpg-container-1252105956 .rt-img-holder,\n\t\t\t\t\t#rt-tpg-container-1252105956 .rt-post-overlay .post-img,\n\t\t\t\t\t#rt-tpg-container-1252105956 .post-sm .post-img,\n\t\t\t\t\t#rt-tpg-container-1252105956 .rt-post-grid .post-img,\n\t\t\t\t\t#rt-tpg-container-1252105956 .post-img img {border-radius:px;}#rt-tpg-container-1252105956 .layout1 .rt-holder h2.entry-title,\n\t\t\t\t\t#rt-tpg-container-1252105956 .layout1 .rt-holder h3.entry-title,\n\t\t\t\t\t#rt-tpg-container-1252105956 .layout1 .rt-holder h4.entry-title,\n\t\t\t\t\t#rt-tpg-container-1252105956 .layout1 .rt-holder h2.entry-title a,\n\t\t\t\t\t#rt-tpg-container-1252105956 .layout1 .rt-holder h3.entry-title a,\n\t\t\t\t\t#rt-tpg-container-1252105956 .layout1 .rt-holder h4.entry-title a,\n\t\t\t\t\t#rt-tpg-container-1252105956 .rt-holder .rt-woo-info h2 a,\n\t\t\t\t\t#rt-tpg-container-1252105956 .rt-holder .rt-woo-info h3 a,\n\t\t\t\t\t#rt-tpg-container-1252105956 .rt-holder .rt-woo-info h4 a,\n\t\t\t\t\t#rt-tpg-container-1252105956 .post-content .post-title,\n\t\t\t\t\t#rt-tpg-container-1252105956 .rt-post-grid .post-title,\n\t\t\t\t\t#rt-tpg-container-1252105956 .rt-post-grid .post-title a,\n\t\t\t\t\t#rt-tpg-container-1252105956 .post-content .post-title a,\n\t\t\t\t\t#rt-tpg-container-1252105956 .rt-holder .rt-woo-info h2,\n\t\t\t\t\t#rt-tpg-container-1252105956 .rt-holder .rt-woo-info h3,\n\t\t\t\t\t#rt-tpg-container-1252105956 .rt-holder .rt-woo-info h4{color:#002e5f;}<\/style><div class='rt-container-fluid rt-tpg-container tpg-shortcode-main-wrapper ' id='rt-tpg-container-1252105956'   data-layout='layout1' data-grid-style='even' data-desktop-col='3'  data-tab-col='2'  data-mobile-col='1' data-sc-id='3416'><div data-title='Loading ...' class='rt-row rt-content-loader   layout1 tpg-even '><div class=\"rt-col-md-4 rt-col-sm-6 rt-col-xs-12 even-grid-item rt-grid-item\" data-id=\"6545\"><div class=\"rt-holder\"><div class=\"rt-img-holder\"><a data-id=\"6545\" class=\"\" href=\"https:\/\/encuentro-tic.anuies.mx\/2022\/crea-organiza-y-actualizate-con-google-for-education\/\"><img loading=\"lazy\" decoding=\"async\" width=\"300\" height=\"300\" src=\"https:\/\/encuentro-tic.anuies.mx\/ctrl-content\/uploads\/sites\/8\/2022\/08\/taller-google-04-300x300.jpg\" class=\"rt-img-responsive \" alt=\"\" \/><\/a><\/div><div class='rt-detail'><div class='post-meta-user  '><span class='categories-links'><i class='fas fa-folder-open '><\/i><a class=\"talleres\" href=\"https:\/\/encuentro-tic.anuies.mx\/2022\/category\/talleres\/\" rel=\"tag\">Talleres<\/a><\/span><\/div><\/div><\/div><\/div><div class=\"rt-col-md-4 rt-col-sm-6 rt-col-xs-12 even-grid-item rt-grid-item\" data-id=\"6493\"><div class=\"rt-holder\"><div class=\"rt-img-holder\"><a data-id=\"6493\" class=\"\" href=\"https:\/\/encuentro-tic.anuies.mx\/2022\/gobernanza-de-internet\/\"><img loading=\"lazy\" decoding=\"async\" width=\"300\" height=\"300\" src=\"https:\/\/encuentro-tic.anuies.mx\/ctrl-content\/uploads\/sites\/8\/2022\/08\/gobernanza-internet-300x300.jpg\" class=\"rt-img-responsive \" alt=\"\" \/><\/a><\/div><div class='rt-detail'><div class='post-meta-user  '><span class='categories-links'><i class='fas fa-folder-open '><\/i><a class=\"talleres\" href=\"https:\/\/encuentro-tic.anuies.mx\/2022\/category\/talleres\/\" rel=\"tag\">Talleres<\/a><\/span><\/div><\/div><\/div><\/div><div class=\"rt-col-md-4 rt-col-sm-6 rt-col-xs-12 even-grid-item rt-grid-item\" data-id=\"6351\"><div class=\"rt-holder\"><div class=\"rt-img-holder\"><a data-id=\"6351\" class=\"\" href=\"https:\/\/encuentro-tic.anuies.mx\/2022\/laboratorio-servidores-dns-recursivos\/\"><img loading=\"lazy\" decoding=\"async\" width=\"300\" height=\"300\" src=\"https:\/\/encuentro-tic.anuies.mx\/ctrl-content\/uploads\/sites\/8\/2022\/08\/Taller-DNS_web-300x300.jpg\" class=\"rt-img-responsive \" alt=\"\" \/><\/a><\/div><div class='rt-detail'><div class='post-meta-user  '><span class='categories-links'><i class='fas fa-folder-open '><\/i><a class=\"talleres\" href=\"https:\/\/encuentro-tic.anuies.mx\/2022\/category\/talleres\/\" rel=\"tag\">Talleres<\/a><\/span><\/div><\/div><\/div><\/div><div class=\"rt-col-md-4 rt-col-sm-6 rt-col-xs-12 even-grid-item rt-grid-item\" data-id=\"5760\"><div class=\"rt-holder\"><div class=\"rt-img-holder\"><a data-id=\"5760\" class=\"\" href=\"https:\/\/encuentro-tic.anuies.mx\/2022\/que-debo-conocer-para-se-un-cissp\/\"><img loading=\"lazy\" decoding=\"async\" width=\"300\" height=\"300\" src=\"https:\/\/encuentro-tic.anuies.mx\/ctrl-content\/uploads\/sites\/8\/2022\/08\/taller-CISSP-300x300.jpg\" class=\"rt-img-responsive \" alt=\"\" \/><\/a><\/div><div class='rt-detail'><div class='post-meta-user  '><span class='categories-links'><i class='fas fa-folder-open '><\/i><a class=\"talleres\" href=\"https:\/\/encuentro-tic.anuies.mx\/2022\/category\/talleres\/\" rel=\"tag\">Talleres<\/a><\/span><\/div><\/div><\/div><\/div><div class=\"rt-col-md-4 rt-col-sm-6 rt-col-xs-12 even-grid-item rt-grid-item\" data-id=\"5708\"><div class=\"rt-holder\"><div class=\"rt-img-holder\"><a data-id=\"5708\" class=\"\" href=\"https:\/\/encuentro-tic.anuies.mx\/2022\/scrum-fundamentals\/\"><img loading=\"lazy\" decoding=\"async\" width=\"300\" height=\"300\" src=\"https:\/\/encuentro-tic.anuies.mx\/ctrl-content\/uploads\/sites\/8\/2022\/07\/Taller-scrum-sandy-04-300x300.jpg\" class=\"rt-img-responsive \" alt=\"\" \/><\/a><\/div><div class='rt-detail'><div class='post-meta-user  '><span class='categories-links'><i class='fas fa-folder-open '><\/i><a class=\"talleres\" href=\"https:\/\/encuentro-tic.anuies.mx\/2022\/category\/talleres\/\" rel=\"tag\">Talleres<\/a><\/span><\/div><\/div><\/div><\/div><\/div><\/div>\n<p>&nbsp;<\/p>\n<h3 style=\"text-align: center\">Estructura de talleres<\/h3>\n<table style=\"border-collapse: collapse;width: 100%\" border=\"1\">\n<tbody>\n<tr>\n<td style=\"width: 50%;text-align: center;background-color: #faf7f7\"><strong>Virtuales<\/strong><\/td>\n<td style=\"width: 50%;text-align: center;background-color: #faf7f7\"><strong>H\u00edbridos<\/strong><\/td>\n<\/tr>\n<tr>\n<td style=\"width: 50%\">\n<p style=\"text-align: left\"><span style=\"font-size: 14pt\"><strong>Cupo:<\/strong> 10 a 70 asistentes<\/span><\/p>\n<p style=\"text-align: left\"><span style=\"font-size: 14pt\"><strong>Total de horas dedicadas a taller:<\/strong> 10 horas<\/span><\/p>\n<ul>\n<li style=\"text-align: left\"><span style=\"font-size: 14pt\">&nbsp;5 sesiones en l\u00ednea de 2 horas cada una.<\/span><\/li>\n<\/ul>\n<p>&nbsp;<\/p>\n<hr \/>\n<p style=\"text-align: left\"><span style=\"font-size: 14pt\"><strong>Precio de talleres:<\/strong><\/span><\/p>\n<ul>\n<li style=\"text-align: left\"><span style=\"font-size: 14pt\">$700 MxN personas de instituciones asociadas a la ANUIES<\/span><\/li>\n<li style=\"text-align: left\"><span style=\"font-size: 14pt\">$1000 MXN a personas NO asociadas a la ANUIES.<\/span><\/li>\n<\/ul>\n<\/td>\n<td style=\"width: 50%\">\n<p style=\"text-align: left\"><span style=\"font-size: 14pt\"><strong>Cupo:<\/strong> 10 a 70 asistentes<\/span><\/p>\n<p style=\"text-align: left\"><span style=\"font-size: 14pt\"><strong>Total de horas dedicadas a taller:<\/strong> 10 horas<\/span><\/p>\n<ul style=\"text-align: left\">\n<li><span style=\"font-size: 14pt\">3 sesiones en l\u00ednea de 2 horas cada una.<\/span><\/li>\n<li><span style=\"font-size: 14pt\">1 sesi\u00f3n en l\u00ednea de 1 hora<\/span><\/li>\n<li><span style=\"font-size: 14pt\">1 sesi\u00f3n presencial de 3 horas<\/span><\/li>\n<\/ul>\n<hr \/>\n<p style=\"text-align: left\"><span style=\"font-size: 14pt\"><strong>Precio de talleres:<\/strong><\/span><\/p>\n<ul>\n<li style=\"text-align: left\"><span style=\"font-size: 14pt\">$1500 MxN personas de instituciones asociadas a la ANUIES<\/span><\/li>\n<li style=\"text-align: left\"><span style=\"font-size: 14pt\">$2000 MXN a personas NO asociadas a la ANUIES.<\/span><\/li>\n<\/ul>\n<\/td>\n<\/tr>\n<\/tbody>\n<\/table>\n<hr \/>\n<p style=\"text-align: left\"><span style=\"font-size: 14pt\"><strong><br \/>\nM\u00e9todos de pago:<\/strong><\/span><\/p>\n<ul>\n<li><span style=\"font-size: 14pt\">En l\u00ednea (tarjeta de cr\u00e9dito y d\u00e9bito).<\/span><\/li>\n<li><span style=\"font-size: 14pt\">Paypal<\/span><\/li>\n<li><span style=\"font-size: 14pt\">Dep\u00f3sito o transferencia bancaria<\/span><\/li>\n<\/ul>\n<p style=\"text-align: left\"><span style=\"font-size: 14pt\"><strong><span style=\"color: #000000\">Programa de las sesiones (sujeto a cambios)<\/span><\/strong><\/span><\/p>\n<ul>\n<li><span style=\"font-size: 14pt\">Inicio de talleres a partir del 10 al 26 de octubre de 2022<\/span><\/li>\n<li><span style=\"font-size: 14pt\">Los asistentes pueden tomar m\u00e1s de un taller procurando no se realicen en los mismos d\u00edas y horarios,&nbsp; favor de&nbsp; consultar el <strong><span style=\"color: #003366\"><a style=\"color: #003366\" href=\"https:\/\/encuentro-tic.anuies.mx\/files\/Programa_talleres_encuentro2022.pdf\" target=\"_blank\" rel=\"noopener\">programa<\/a><\/span><\/strong> previamente.<\/span><\/li>\n<li><span style=\"font-size: 14pt\">Antes de realizar su inscripci\u00f3n a los talleres favor de consultar la <span style=\"color: #003366\"><strong><a style=\"color: #003366\" href=\"https:\/\/encuentro-tic.anuies.mx\/files\/Politica_talleres_encuentro2022.pdf\" target=\"_blank\" rel=\"noopener\">pol\u00edtica de talleres<\/a><\/strong><\/span><\/span><\/li>\n<\/ul>\n<\/div>\n<\/div><\/div><\/div><\/div><\/div><\/div><\/div>","protected":false},"excerpt":{"rendered":"<p>Scrum Fundamentals &nbsp; Instructor o docente: Agile Coach Sandy Rodriguez Modalidad de impartici\u00f3n: Virtual Duraci\u00f3n total de taller: 5 sesiones virtuales de [&hellip;]<\/p>\n","protected":false},"author":1,"featured_media":0,"parent":0,"menu_order":0,"comment_status":"closed","ping_status":"closed","template":"page-templates\/page_fullwidth.php","meta":{"_exactmetrics_skip_tracking":false,"_exactmetrics_sitenote_active":false,"_exactmetrics_sitenote_note":"","_exactmetrics_sitenote_category":0,"ngg_post_thumbnail":0,"footnotes":""},"class_list":["post-3417","page","type-page","status-publish","hentry"],"rttpg_featured_image_url":null,"rttpg_author":{"display_name":"ctrlweb","author_link":"https:\/\/encuentro-tic.anuies.mx\/2022\/author\/ctrlweb\/"},"rttpg_comment":0,"rttpg_category":"","rttpg_excerpt":"Scrum Fundamentals &nbsp; Instructor o docente: Agile Coach Sandy Rodriguez Modalidad de impartici\u00f3n: Virtual Duraci\u00f3n total de taller: 5 sesiones virtuales de [&hellip;]","_links":{"self":[{"href":"https:\/\/encuentro-tic.anuies.mx\/2022\/wp-json\/wp\/v2\/pages\/3417","targetHints":{"allow":["GET"]}}],"collection":[{"href":"https:\/\/encuentro-tic.anuies.mx\/2022\/wp-json\/wp\/v2\/pages"}],"about":[{"href":"https:\/\/encuentro-tic.anuies.mx\/2022\/wp-json\/wp\/v2\/types\/page"}],"author":[{"embeddable":true,"href":"https:\/\/encuentro-tic.anuies.mx\/2022\/wp-json\/wp\/v2\/users\/1"}],"replies":[{"embeddable":true,"href":"https:\/\/encuentro-tic.anuies.mx\/2022\/wp-json\/wp\/v2\/comments?post=3417"}],"version-history":[{"count":38,"href":"https:\/\/encuentro-tic.anuies.mx\/2022\/wp-json\/wp\/v2\/pages\/3417\/revisions"}],"predecessor-version":[{"id":6598,"href":"https:\/\/encuentro-tic.anuies.mx\/2022\/wp-json\/wp\/v2\/pages\/3417\/revisions\/6598"}],"wp:attachment":[{"href":"https:\/\/encuentro-tic.anuies.mx\/2022\/wp-json\/wp\/v2\/media?parent=3417"}],"curies":[{"name":"wp","href":"https:\/\/api.w.org\/{rel}","templated":true}]}}