{"id":3417,"date":"2021-06-16T09:05:34","date_gmt":"2021-06-16T14:05:34","guid":{"rendered":"https:\/\/encuentro-tic.anuies.mx\/2021\/?page_id=3417"},"modified":"2021-09-29T17:12:56","modified_gmt":"2021-09-29T22:12:56","slug":"talleres","status":"publish","type":"page","link":"https:\/\/encuentro-tic.anuies.mx\/2021\/talleres\/","title":{"rendered":"Talleres"},"content":{"rendered":"<div id=\"pl-3417\"  class=\"panel-layout\" ><div id=\"pg-3417-0\"  class=\"panel-grid panel-no-style\" ><div id=\"pgc-3417-0-0\"  class=\"panel-grid-cell\" ><div id=\"panel-3417-0-0-0\" class=\"so-panel widget widget_sow-editor panel-first-child panel-last-child\" data-index=\"0\" ><div\n\t\t\t\n\t\t\tclass=\"so-widget-sow-editor so-widget-sow-editor-base\"\n\t\t\t\n\t\t>\n<div class=\"siteorigin-widget-tinymce textwidget\">\n\t<p><span style=\"font-size: 14pt;\"><span class=\"dropcap\">L<\/span>a&nbsp;<strong>ANUIES<\/strong>&nbsp;le ayuda e invita a prepararse y capacitarse en el \u00e1mbito de TIC, poniendo a su disposici\u00f3n en el marco del&nbsp;<strong>Encuentro Virtual&nbsp; ANUIES-TIC 2021<\/strong>, talleres especializados en su modalidad \u201cOnline\u201d.<\/span><\/p>\n<\/div>\n<\/div><\/div><\/div><\/div><div id=\"pg-3417-1\"  class=\"panel-grid panel-no-style\" ><div id=\"pgc-3417-1-0\"  class=\"panel-grid-cell\" ><div id=\"panel-3417-1-0-0\" class=\"so-panel widget widget_sow-editor panel-first-child panel-last-child\" data-index=\"1\" ><div\n\t\t\t\n\t\t\tclass=\"so-widget-sow-editor so-widget-sow-editor-base\"\n\t\t\t\n\t\t>\n<div class=\"siteorigin-widget-tinymce textwidget\">\n\t<p style=\"text-align: center;\"><span style=\"font-size: 14pt;\">Favor de consultar el programa y pol\u00edtica de talleres<\/span><\/p>\n<table style=\"width: 100%; border-collapse: collapse; border-style: hidden;\" border=\"0\">\n<tbody>\n<tr>\n<td style=\"width: 50%; text-align: center;\"><a class=\"fasc-button fasc-size-medium fasc-type-flat fasc-rounded-medium fasc-ico-before dashicons-welcome-widgets-menus\" style=\"background-color: #f47b20; color: #ffffff;\" target=\"_blank\" href=\"https:\/\/encuentro-tic.anuies.mx\/ctrl-content\/uploads\/2021\/09\/programa-talleres.pdf\" rel=\"noopener\">Programa de talleres<\/a><\/td>\n<td style=\"width: 50%; text-align: center;\"><a class=\"fasc-button fasc-size-medium fasc-type-flat fasc-rounded-medium fasc-ico-before dashicons-welcome-write-blog\" style=\"background-color: #937952; color: #ffffff;\" target=\"_blank\" rel=\"noopener\" href=\"https:\/\/encuentro-tic.anuies.mx\/ctrl-content\/uploads\/2021\/06\/politica_de_talleres.pdf\">Pol\u00edtica de talleres<\/a><\/td>\n<\/tr>\n<\/tbody>\n<\/table>\n<hr \/>\n<h3 style=\"text-align: center;\">Oferta de talleres<\/h3>\n<style type='text\/css' media='all'>#rt-tpg-container-3274572760 .rt-holder .rt-woo-info .price{color:#962c2f;}body .rt-tpg-container .rt-tpg-isotope-buttons .selected,\n\t\t\t\t\t#rt-tpg-container-3274572760 .layout12 .rt-holder:hover .rt-detail,\n\t\t\t\t\t#rt-tpg-container-3274572760 .isotope8 .rt-holder:hover .rt-detail,\n\t\t\t\t\t#rt-tpg-container-3274572760 .carousel8 .rt-holder:hover .rt-detail,\n\t\t\t\t\t#rt-tpg-container-3274572760 .layout13 .rt-holder .overlay .post-info,\n\t\t\t\t\t#rt-tpg-container-3274572760 .isotope9 .rt-holder .overlay .post-info,\n\t\t\t\t\t#rt-tpg-container-3274572760.rt-tpg-container .layout4 .rt-holder .rt-detail,\n\t\t\t\t\t.rt-modal-3274572760 .md-content,\n\t\t\t\t\t.rt-modal-3274572760 .md-content > .rt-md-content-holder .rt-md-content,\n\t\t\t\t\t.rt-popup-wrap-3274572760.rt-popup-wrap .rt-popup-navigation-wrap,\n\t\t\t\t\t#rt-tpg-container-3274572760 .carousel9 .rt-holder .overlay .post-info{background-color:#962c2f;}#rt-tpg-container-3274572760 .layout5 .rt-holder .overlay, #rt-tpg-container-3274572760 .isotope2 .rt-holder .overlay, #rt-tpg-container-3274572760 .carousel2 .rt-holder .overlay,#rt-tpg-container-3274572760 .layout15 .rt-holder h3, #rt-tpg-container-3274572760 .isotope11 .rt-holder h3, #rt-tpg-container-3274572760 .carousel11 .rt-holder h3, #rt-tpg-container-3274572760 .layout16 .rt-holder h3,\n\t\t\t\t\t#rt-tpg-container-3274572760 .isotope12 .rt-holder h3, #rt-tpg-container-3274572760 .carousel12 .rt-holder h3 {background-color:rgba(150,44,47,0.8);}#rt-tpg-container-3274572760 .read-more a{border-radius:px;}#rt-tpg-container-3274572760 .rt-img-holder img.rt-img-responsive,#rt-tpg-container-3274572760 .rt-img-holder,\n\t\t\t\t\t#rt-tpg-container-3274572760 .rt-post-overlay .post-img,\n\t\t\t\t\t#rt-tpg-container-3274572760 .post-sm .post-img,\n\t\t\t\t\t#rt-tpg-container-3274572760 .rt-post-grid .post-img,\n\t\t\t\t\t#rt-tpg-container-3274572760 .post-img img {border-radius:px;}#rt-tpg-container-3274572760 .layout1 .rt-holder h2.entry-title,\n\t\t\t\t\t#rt-tpg-container-3274572760 .layout1 .rt-holder h3.entry-title,\n\t\t\t\t\t#rt-tpg-container-3274572760 .layout1 .rt-holder h4.entry-title,\n\t\t\t\t\t#rt-tpg-container-3274572760 .layout1 .rt-holder h2.entry-title a,\n\t\t\t\t\t#rt-tpg-container-3274572760 .layout1 .rt-holder h3.entry-title a,\n\t\t\t\t\t#rt-tpg-container-3274572760 .layout1 .rt-holder h4.entry-title a,\n\t\t\t\t\t#rt-tpg-container-3274572760 .rt-holder .rt-woo-info h2 a,\n\t\t\t\t\t#rt-tpg-container-3274572760 .rt-holder .rt-woo-info h3 a,\n\t\t\t\t\t#rt-tpg-container-3274572760 .rt-holder .rt-woo-info h4 a,\n\t\t\t\t\t#rt-tpg-container-3274572760 .post-content .post-title,\n\t\t\t\t\t#rt-tpg-container-3274572760 .rt-post-grid .post-title,\n\t\t\t\t\t#rt-tpg-container-3274572760 .rt-post-grid .post-title a,\n\t\t\t\t\t#rt-tpg-container-3274572760 .post-content .post-title a,\n\t\t\t\t\t#rt-tpg-container-3274572760 .rt-holder .rt-woo-info h2,\n\t\t\t\t\t#rt-tpg-container-3274572760 .rt-holder .rt-woo-info h3,\n\t\t\t\t\t#rt-tpg-container-3274572760 .rt-holder .rt-woo-info h4{color:#962c2f;}<\/style><div class='rt-container-fluid rt-tpg-container tpg-shortcode-main-wrapper ' id='rt-tpg-container-3274572760'   data-layout='layout1' data-grid-style='even' data-desktop-col='3'  data-tab-col='2'  data-mobile-col='1' data-sc-id='3416'><div data-title='Loading ...' class='rt-row rt-content-loader   layout1 tpg-even '><div class=\"rt-col-md-4 rt-col-sm-6 rt-col-xs-12 even-grid-item rt-grid-item\" data-id=\"4009\"><div class=\"rt-holder\"><div class=\"rt-img-holder\"><a data-id=\"4009\" class=\"\" href=\"https:\/\/encuentro-tic.anuies.mx\/2021\/ipv6-para-implementadores-y-administradores\/\"><img loading=\"lazy\" decoding=\"async\" width=\"272\" height=\"182\" src=\"https:\/\/encuentro-tic.anuies.mx\/ctrl-content\/uploads\/sites\/7\/2021\/09\/Cloud-Computing-272x182.jpg\" class=\"rt-img-responsive \" alt=\"\" \/><\/a><\/div><div class='rt-detail'><h2 class=\"entry-title\"><a data-id=\"4009\" class=\"\" href=\"https:\/\/encuentro-tic.anuies.mx\/2021\/ipv6-para-implementadores-y-administradores\/\">IPv6 para implementadores y administradores<\/a><\/h2><\/div><\/div><\/div><div class=\"rt-col-md-4 rt-col-sm-6 rt-col-xs-12 even-grid-item rt-grid-item\" data-id=\"4022\"><div class=\"rt-holder\"><div class=\"rt-img-holder\"><a data-id=\"4022\" class=\"\" href=\"https:\/\/encuentro-tic.anuies.mx\/2021\/optimizacion-de-la-gestion-educativa-con-inteligencia-artificial\/\"><img loading=\"lazy\" decoding=\"async\" width=\"272\" height=\"182\" src=\"https:\/\/encuentro-tic.anuies.mx\/ctrl-content\/uploads\/sites\/7\/2021\/09\/Inteligencia-272x182.jpg\" class=\"rt-img-responsive \" alt=\"\" \/><\/a><\/div><div class='rt-detail'><h2 class=\"entry-title\"><a data-id=\"4022\" class=\"\" href=\"https:\/\/encuentro-tic.anuies.mx\/2021\/optimizacion-de-la-gestion-educativa-con-inteligencia-artificial\/\">Optimizaci\u00f3n de la Gesti\u00f3n Educativa con Inteligencia Artificial<\/a><\/h2><\/div><\/div><\/div><div class=\"rt-col-md-4 rt-col-sm-6 rt-col-xs-12 even-grid-item rt-grid-item\" data-id=\"3954\"><div class=\"rt-holder\"><div class=\"rt-img-holder\"><a data-id=\"3954\" class=\"\" href=\"https:\/\/encuentro-tic.anuies.mx\/2021\/google-cloud-platform-fundamentals\/\"><img loading=\"lazy\" decoding=\"async\" width=\"272\" height=\"182\" src=\"https:\/\/encuentro-tic.anuies.mx\/ctrl-content\/uploads\/sites\/7\/2021\/09\/Cloud-Computing-272x182.jpg\" class=\"rt-img-responsive \" alt=\"\" \/><\/a><\/div><div class='rt-detail'><h2 class=\"entry-title\"><a data-id=\"3954\" class=\"\" href=\"https:\/\/encuentro-tic.anuies.mx\/2021\/google-cloud-platform-fundamentals\/\">Google Cloud Platform Fundamentals<\/a><\/h2><\/div><\/div><\/div><div class=\"rt-col-md-4 rt-col-sm-6 rt-col-xs-12 even-grid-item rt-grid-item\" data-id=\"3671\"><div class=\"rt-holder\"><div class=\"rt-img-holder\"><a data-id=\"3671\" class=\"\" href=\"https:\/\/encuentro-tic.anuies.mx\/2021\/laboratorio-practico-de-servidores-dns-recursivos-bind-y-unbound-con-implementacion-dnssec-e-hyperlocal\/\"><img loading=\"lazy\" decoding=\"async\" width=\"272\" height=\"182\" src=\"https:\/\/encuentro-tic.anuies.mx\/ctrl-content\/uploads\/sites\/7\/2021\/08\/Servidores-DNS-272x182.jpg\" class=\"rt-img-responsive \" alt=\"\" \/><\/a><\/div><div class='rt-detail'><h2 class=\"entry-title\"><a data-id=\"3671\" class=\"\" href=\"https:\/\/encuentro-tic.anuies.mx\/2021\/laboratorio-practico-de-servidores-dns-recursivos-bind-y-unbound-con-implementacion-dnssec-e-hyperlocal\/\">Laboratorio pr\u00e1ctico de servidores DNS recursivos (BIND y Unbound) con implementaci\u00f3n DNSSEC e Hyperlocal<\/a><\/h2><\/div><\/div><\/div><div class=\"rt-col-md-4 rt-col-sm-6 rt-col-xs-12 even-grid-item rt-grid-item\" data-id=\"3729\"><div class=\"rt-holder\"><div class=\"rt-img-holder\"><a data-id=\"3729\" class=\"\" href=\"https:\/\/encuentro-tic.anuies.mx\/2021\/balanced-scorecard-para-directivos\/\"><img loading=\"lazy\" decoding=\"async\" width=\"272\" height=\"182\" src=\"https:\/\/encuentro-tic.anuies.mx\/ctrl-content\/uploads\/sites\/7\/2021\/08\/BSC-272x182.jpg\" class=\"rt-img-responsive \" alt=\"\" \/><\/a><\/div><div class='rt-detail'><h2 class=\"entry-title\"><a data-id=\"3729\" class=\"\" href=\"https:\/\/encuentro-tic.anuies.mx\/2021\/balanced-scorecard-para-directivos\/\">Balanced Scorecard para directivos<\/a><\/h2><\/div><\/div><\/div><\/div><\/div>\n<\/div>\n<\/div><\/div><\/div><\/div><div id=\"pg-3417-2\"  class=\"panel-grid panel-no-style\" ><div id=\"pgc-3417-2-0\"  class=\"panel-grid-cell\" ><div id=\"panel-3417-2-0-0\" class=\"so-panel widget widget_sow-editor panel-first-child panel-last-child\" data-index=\"2\" ><div\n\t\t\t\n\t\t\tclass=\"so-widget-sow-editor so-widget-sow-editor-base\"\n\t\t\t\n\t\t>\n<div class=\"siteorigin-widget-tinymce textwidget\">\n\t<h3 style=\"text-align: center;\">Estructura de talleres<\/h3>\n<\/div>\n<\/div><\/div><\/div><\/div><div id=\"pg-3417-3\"  class=\"panel-grid panel-no-style\" ><div id=\"pgc-3417-3-0\"  class=\"panel-grid-cell\" ><div id=\"panel-3417-3-0-0\" class=\"so-panel widget widget_sow-editor panel-first-child panel-last-child\" data-index=\"3\" ><div class=\"panel-widget-style panel-widget-style-for-3417-3-0-0\" ><div\n\t\t\t\n\t\t\tclass=\"so-widget-sow-editor so-widget-sow-editor-base\"\n\t\t\t\n\t\t>\n<div class=\"siteorigin-widget-tinymce textwidget\">\n\t<p><span style=\"font-size: 14pt;\"><strong>Modalidad:<\/strong> Talleres en l\u00ednea.<\/span><\/p>\n<p><span style=\"font-size: 14pt;\"><strong>Cupo:<\/strong> 10 a 70 asistentes<\/span><\/p>\n<p><span style=\"font-size: 14pt;\"><strong>Total de horas dedicadas a taller:<\/strong> 10 horas<\/span><\/p>\n<ul>\n<li><span style=\"font-size: 14pt;\">&nbsp;5 sesiones en l\u00ednea de 2 horas cada una.<\/span><\/li>\n<\/ul>\n<\/div>\n<\/div><\/div><\/div><\/div><div id=\"pgc-3417-3-1\"  class=\"panel-grid-cell\" ><div id=\"panel-3417-3-1-0\" class=\"so-panel widget widget_sow-editor panel-first-child panel-last-child\" data-index=\"4\" ><div class=\"panel-widget-style panel-widget-style-for-3417-3-1-0\" ><div\n\t\t\t\n\t\t\tclass=\"so-widget-sow-editor so-widget-sow-editor-base\"\n\t\t\t\n\t\t>\n<div class=\"siteorigin-widget-tinymce textwidget\">\n\t<p><span style=\"font-size: 14pt;\"><strong>Precio de talleres:<\/strong><\/span><\/p>\n<ul>\n<li><span style=\"font-size: 14pt;\">$600 MxN personas de instituciones asociadas a la ANUIES<\/span><\/li>\n<li><span style=\"font-size: 14pt;\">$900 MXN a personas NO asociadas a la ANUIES.<\/span><\/li>\n<\/ul>\n<\/div>\n<\/div><\/div><\/div><\/div><\/div><div id=\"pg-3417-4\"  class=\"panel-grid panel-no-style\" ><div id=\"pgc-3417-4-0\"  class=\"panel-grid-cell\" ><div id=\"panel-3417-4-0-0\" class=\"so-panel widget widget_sow-editor panel-first-child panel-last-child\" data-index=\"5\" ><div class=\"panel-widget-style panel-widget-style-for-3417-4-0-0\" ><div\n\t\t\t\n\t\t\tclass=\"so-widget-sow-editor so-widget-sow-editor-base\"\n\t\t\t\n\t\t>\n<div class=\"siteorigin-widget-tinymce textwidget\">\n\t<p style=\"text-align: left;\"><span style=\"font-size: 14pt;\"><strong>M\u00e9todos de pago:<\/strong><\/span><\/p>\n<ul>\n<li><span style=\"font-size: 14pt;\">En l\u00ednea (tarjeta de cr\u00e9dito y d\u00e9bito).<\/span><\/li>\n<li><span style=\"font-size: 14pt;\">Paypal<\/span><\/li>\n<li><span style=\"font-size: 14pt;\">Dep\u00f3sito o transferencia bancaria<\/span><\/li>\n<\/ul>\n<\/div>\n<\/div><\/div><\/div><\/div><div id=\"pgc-3417-4-1\"  class=\"panel-grid-cell\" ><div id=\"panel-3417-4-1-0\" class=\"so-panel widget widget_sow-editor panel-first-child panel-last-child\" data-index=\"6\" ><div class=\"panel-widget-style panel-widget-style-for-3417-4-1-0\" ><div\n\t\t\t\n\t\t\tclass=\"so-widget-sow-editor so-widget-sow-editor-base\"\n\t\t\t\n\t\t>\n<div class=\"siteorigin-widget-tinymce textwidget\">\n\t<p style=\"text-align: left;\"><span style=\"font-size: 14pt;\"><strong><span style=\"color: #000000;\">Programa de las sesiones (sujeto a cambios)<\/span><\/strong><\/span><\/p>\n<ul>\n<li><span style=\"font-size: 14pt;\">Inicio de talleres a partir del 4 al 25 octubre de 2021<\/span><\/li>\n<li><span style=\"font-size: 14pt;\">Los asistentes pueden tomar m\u00e1s de un taller procurando no se realicen en los mismos d\u00edas y horarios,&nbsp; favor de&nbsp; consultar el <strong><span style=\"color: #003366;\"><a style=\"color: #003366;\" href=\"https:\/\/encuentro-tic.anuies.mx\/ctrl-content\/uploads\/2021\/06\/programa-talleres.pdf\" target=\"_blank\" rel=\"noopener\">programa<\/a><\/span><\/strong> previamente.<\/span><\/li>\n<li><span style=\"font-size: 14pt;\">Antes de realizar su inscripci\u00f3n a los talleres favor de consultar la <span style=\"color: #003366;\"><strong><a style=\"color: #003366;\" href=\"https:\/\/encuentro-tic.anuies.mx\/ctrl-content\/uploads\/2021\/06\/politica_de_talleres.pdf\" target=\"_blank\" rel=\"noopener\">pol\u00edtica de talleres<\/a><\/strong><\/span><\/span><\/li>\n<\/ul>\n<\/div>\n<\/div><\/div><\/div><\/div><\/div><\/div>","protected":false},"excerpt":{"rendered":"<p>Instructor o docente: H\u00e9ctor Lozano Duraci\u00f3n total de taller: 8&nbsp;horas de sesiones en vivo. \u00c1rea: Otra Fechas: 08, 13, 18 y 20 de octubre Destinatarios: Directivos y tomadores de decisiones de TI Objetivo(s) o competencia(s): &nbsp; &nbsp; Metodolog\u00eda y Actividades: Sala virtual de exposiciones y provisi\u00f3n de gu\u00edas pr\u00e1cticas para la realizaci\u00f3n de los ejercicios&#8230;.<\/p>\n","protected":false},"author":1,"featured_media":0,"parent":0,"menu_order":0,"comment_status":"closed","ping_status":"closed","template":"","meta":{"_exactmetrics_skip_tracking":false,"_exactmetrics_sitenote_active":false,"_exactmetrics_sitenote_note":"","_exactmetrics_sitenote_category":0,"ngg_post_thumbnail":0,"footnotes":""},"class_list":["post-3417","page","type-page","status-publish","hentry"],"rttpg_featured_image_url":null,"rttpg_author":{"display_name":"ctrlweb","author_link":"https:\/\/encuentro-tic.anuies.mx\/2021\/author\/ctrlweb\/"},"rttpg_comment":0,"rttpg_category":"","rttpg_excerpt":"Instructor o docente: H\u00e9ctor Lozano Duraci\u00f3n total de taller: 8&nbsp;horas de sesiones en vivo. \u00c1rea: Otra Fechas: 08, 13, 18 y 20 de octubre Destinatarios: Directivos y tomadores de decisiones de TI Objetivo(s) o competencia(s): &nbsp; &nbsp; Metodolog\u00eda y Actividades: Sala virtual de exposiciones y provisi\u00f3n de gu\u00edas pr\u00e1cticas para la realizaci\u00f3n de los ejercicios....","_links":{"self":[{"href":"https:\/\/encuentro-tic.anuies.mx\/2021\/wp-json\/wp\/v2\/pages\/3417","targetHints":{"allow":["GET"]}}],"collection":[{"href":"https:\/\/encuentro-tic.anuies.mx\/2021\/wp-json\/wp\/v2\/pages"}],"about":[{"href":"https:\/\/encuentro-tic.anuies.mx\/2021\/wp-json\/wp\/v2\/types\/page"}],"author":[{"embeddable":true,"href":"https:\/\/encuentro-tic.anuies.mx\/2021\/wp-json\/wp\/v2\/users\/1"}],"replies":[{"embeddable":true,"href":"https:\/\/encuentro-tic.anuies.mx\/2021\/wp-json\/wp\/v2\/comments?post=3417"}],"version-history":[{"count":23,"href":"https:\/\/encuentro-tic.anuies.mx\/2021\/wp-json\/wp\/v2\/pages\/3417\/revisions"}],"predecessor-version":[{"id":4164,"href":"https:\/\/encuentro-tic.anuies.mx\/2021\/wp-json\/wp\/v2\/pages\/3417\/revisions\/4164"}],"wp:attachment":[{"href":"https:\/\/encuentro-tic.anuies.mx\/2021\/wp-json\/wp\/v2\/media?parent=3417"}],"curies":[{"name":"wp","href":"https:\/\/api.w.org\/{rel}","templated":true}]}}