{"id":3312,"date":"2021-06-15T21:20:04","date_gmt":"2021-06-16T02:20:04","guid":{"rendered":"https:\/\/encuentro-tic.anuies.mx\/2021\/?page_id=3312"},"modified":"2023-05-08T15:00:01","modified_gmt":"2023-05-08T21:00:01","slug":"registro","status":"publish","type":"page","link":"https:\/\/encuentro-tic.anuies.mx\/2021\/registro\/","title":{"rendered":"Registro"},"content":{"rendered":"<div id=\"pl-3312\"  class=\"panel-layout\" ><div id=\"pg-3312-0\"  class=\"panel-grid panel-no-style\" ><div id=\"pgc-3312-0-0\"  class=\"panel-grid-cell\" ><div id=\"panel-3312-0-0-0\" class=\"so-panel widget widget_sow-editor panel-first-child panel-last-child\" data-index=\"0\" ><div\n\t\t\t\n\t\t\tclass=\"so-widget-sow-editor so-widget-sow-editor-base\"\n\t\t\t\n\t\t>\n<div class=\"siteorigin-widget-tinymce textwidget\">\n\t<p style=\"text-align: center;\"><span style=\"font-size: 14pt;\"><strong>Sistema de Registro del Encuentro ANUIES-TIC 2021<\/strong><\/span><\/p>\n<p><span style=\"font-size: 14pt;\">Dentro del registro usted podr\u00e1 seleccionar su asistencia a las siguientes actividades:<\/span><\/p>\n<ul>\n<li><span style=\"font-size: 14pt;\">Conferencias magistrales (sin costo).<\/span><\/li>\n<li><span style=\"font-size: 14pt;\">Paneles de expertos (sin costo).<\/span><\/li>\n<li><span style=\"font-size: 14pt;\">Talleres especializados.\r\n\t<a class=\"paoc-popup-click paoc-popup-cust-3448 paoc-popup-simple_link paoc-popup-link\" href=\"javascript:void(0);\">(M\u00e1s informaci\u00f3n de talleres)<\/a>\r\n\r\n<\/span><\/li>\n<\/ul>\n<p>&nbsp;<\/p>\n<p><span style=\"font-size: 14pt;\">Le sugerimos revisar la secci\u00f3n del <a href=\"https:\/\/encuentro-tic.anuies.mx\/ctrl-content\/uploads\/2021\/06\/programa-talleres.pdf\" target=\"_blank\" rel=\"noopener\"><strong>programa de talleres<\/strong><\/a>&nbsp;antes de iniciar su registro.<\/span><\/p>\n<p style=\"text-align: center;\"><span style=\"font-size: 14pt;\"><strong><a class=\"fasc-button fasc-size-large fasc-type-flat fasc-rounded-medium fasc-ico-before dashicons-admin-site\" style=\"background-color: #962c2f; color: #ffffff;\" target=\"_blank\" rel=\"noopener\" href=\"https:\/\/anuies-tic.anuies.mx\/registro\">Registro<\/a><\/strong><\/span><\/p>\n<p>&nbsp;<\/p>\n<p style=\"text-align: justify;\"><span style=\"font-size: 14pt;\">Si se registr\u00f3 s\u00f3lo a conferencias y desea descargar su ficha de inscripci\u00f3n o si se inscribi\u00f3 a talleres y desea continuar con el proceso de pago, solicitar factura o descargar la ficha de inscripci\u00f3n por favor ingrese al sistema de administraci\u00f3n:<\/span><\/p>\n<p>&nbsp;<\/p>\n<p style=\"text-align: center;\"><a class=\"fasc-button fasc-size-large fasc-type-flat fasc-rounded-medium fasc-ico-before dashicons-admin-users\" style=\"background-color: #f47b20; color: #ffffff;\" target=\"_blank\" rel=\"noopener\" href=\"https:\/\/anuies-tic.anuies.mx\/registro\/system\/login.php\">Iniciar sesi\u00f3n<\/a><\/p>\n<\/div>\n<\/div><\/div><\/div><\/div><\/div>","protected":false},"excerpt":{"rendered":"<p>Sistema de Registro del Encuentro ANUIES-TIC 2021 Dentro del registro usted podr\u00e1 seleccionar su asistencia a las siguientes actividades: Conferencias magistrales (sin costo). Paneles de expertos (sin costo). Talleres especializados. &nbsp; Le sugerimos revisar la secci\u00f3n del programa de talleres&nbsp;antes de iniciar su registro. Registro &nbsp; Si se registr\u00f3 s\u00f3lo a conferencias y desea descargar&#8230;<\/p>\n","protected":false},"author":1,"featured_media":0,"parent":0,"menu_order":0,"comment_status":"closed","ping_status":"closed","template":"","meta":{"_exactmetrics_skip_tracking":false,"_exactmetrics_sitenote_active":false,"_exactmetrics_sitenote_note":"","_exactmetrics_sitenote_category":0,"ngg_post_thumbnail":0,"footnotes":""},"class_list":["post-3312","page","type-page","status-publish","hentry"],"rttpg_featured_image_url":null,"rttpg_author":{"display_name":"ctrlweb","author_link":"https:\/\/encuentro-tic.anuies.mx\/2021\/author\/ctrlweb\/"},"rttpg_comment":0,"rttpg_category":false,"rttpg_excerpt":"Sistema de Registro del Encuentro ANUIES-TIC 2021 Dentro del registro usted podr\u00e1 seleccionar su asistencia a las siguientes actividades: Conferencias magistrales (sin costo). Paneles de expertos (sin costo). Talleres especializados. &nbsp; Le sugerimos revisar la secci\u00f3n del programa de talleres&nbsp;antes de iniciar su registro. Registro &nbsp; Si se registr\u00f3 s\u00f3lo a conferencias y desea descargar...","_links":{"self":[{"href":"https:\/\/encuentro-tic.anuies.mx\/2021\/wp-json\/wp\/v2\/pages\/3312","targetHints":{"allow":["GET"]}}],"collection":[{"href":"https:\/\/encuentro-tic.anuies.mx\/2021\/wp-json\/wp\/v2\/pages"}],"about":[{"href":"https:\/\/encuentro-tic.anuies.mx\/2021\/wp-json\/wp\/v2\/types\/page"}],"author":[{"embeddable":true,"href":"https:\/\/encuentro-tic.anuies.mx\/2021\/wp-json\/wp\/v2\/users\/1"}],"replies":[{"embeddable":true,"href":"https:\/\/encuentro-tic.anuies.mx\/2021\/wp-json\/wp\/v2\/comments?post=3312"}],"version-history":[{"count":10,"href":"https:\/\/encuentro-tic.anuies.mx\/2021\/wp-json\/wp\/v2\/pages\/3312\/revisions"}],"predecessor-version":[{"id":5187,"href":"https:\/\/encuentro-tic.anuies.mx\/2021\/wp-json\/wp\/v2\/pages\/3312\/revisions\/5187"}],"wp:attachment":[{"href":"https:\/\/encuentro-tic.anuies.mx\/2021\/wp-json\/wp\/v2\/media?parent=3312"}],"curies":[{"name":"wp","href":"https:\/\/api.w.org\/{rel}","templated":true}]}}