{"id":5799,"date":"2020-07-03T18:40:09","date_gmt":"2020-07-04T00:40:09","guid":{"rendered":"https:\/\/encuentro-tic.anuies.mx\/2021\/?page_id=5799"},"modified":"2020-10-13T18:39:42","modified_gmt":"2020-10-13T23:39:42","slug":"conferencias_encuentro","status":"publish","type":"page","link":"https:\/\/encuentro-tic.anuies.mx\/2020\/conferencias_encuentro\/","title":{"rendered":"Conferencias"},"content":{"rendered":"<div id=\"pl-5799\"  class=\"panel-layout\" ><div id=\"pg-5799-0\"  class=\"panel-grid panel-no-style\" ><div id=\"pgc-5799-0-0\"  class=\"panel-grid-cell\" ><div id=\"panel-5799-0-0-0\" class=\"so-panel widget widget_sow-editor panel-first-child panel-last-child\" data-index=\"0\" ><div\n\t\t\t\n\t\t\tclass=\"so-widget-sow-editor so-widget-sow-editor-base\"\n\t\t\t\n\t\t>\n<div class=\"siteorigin-widget-tinymce textwidget\">\n\t<p style=\"text-align: justify;\">El <span style=\"color: #003366;\"><strong>Encuentro ANUIES-TIC<\/strong><\/span> se ha consolidado como uno de los eventos m\u00e1s importantes a nivel Nacional en materia de tecnolog\u00eda e innovaci\u00f3n gracias a la participaci\u00f3n de grandes exponentes del sector tecnol\u00f3gico y de las instituciones educativas.<\/p>\n<p style=\"text-align: justify;\">No ser\u00e1 la excepci\u00f3n que durante el <span style=\"color: #003366;\"><strong>2020<\/strong> <\/span>se realice, ahora a trav\u00e9s de una nueva modalidad \u201c<strong><span style=\"color: #003366;\">ANUIES-TIC Virtual<\/span><\/strong>\u201d, el evento en donde convergen las empresas tecnol\u00f3gicas, haciendo uso de los mejores elementos de comunicaci\u00f3n, para hacer llegar la visi\u00f3n de futuro y las tendencias que en la materia ser\u00e1 compartida por conferencistas y grandes expertos.<\/p>\n<p>Asimismo, contaremos con espacios de di\u00e1logo e interlocuci\u00f3n a trav\u00e9s de paneles con participantes cuya trayectoria ha sido reconocida en diversos espacios.<\/p>\n<p>Sin lugar a duda, el Encuentro ANUIES-TIC, ha contribuido a sembrar las bases para que hoy contemos con m\u00e1s y mejores elementos para fortalecer a las diversas organizaciones.<\/p>\n<p style=\"text-align: center;\"><strong>Te invitamos a participar en las conferencias magistrales, conferencias con expertos, paneles de expertos y en la Expo de los diversos exponentes de tecnolog\u00eda de vanguardia.<\/strong><\/p>\n<\/div>\n<\/div><\/div><\/div><\/div><div id=\"pg-5799-1\"  class=\"panel-grid panel-no-style\" ><div id=\"pgc-5799-1-0\"  class=\"panel-grid-cell\" ><div id=\"panel-5799-1-0-0\" class=\"so-panel widget widget_sow-editor panel-first-child panel-last-child\" data-index=\"1\" ><div\n\t\t\t\n\t\t\tclass=\"so-widget-sow-editor so-widget-sow-editor-base\"\n\t\t\t\n\t\t>\n<div class=\"siteorigin-widget-tinymce textwidget\">\n\t<p style=\"text-align: center;\">Recuerda tener a la mano tu folio recibido al momento de registrarte&nbsp; y correo electr\u00f3nico&nbsp;&nbsp;<\/p>\n<p style=\"text-align: center;\"><a class=\"fasc-button fasc-size-xlarge fasc-type-flat fasc-rounded-medium fasc-ico-before dashicons-admin-site fasc-style-bold\" style=\"background-color: #33809e; color: #ffffff;\" target=\"_blank\" rel=\"noopener noreferrer\" href=\"https:\/\/encuentro.anuies.cricongresos.com\/\">Entrar a Conferencias y Expo Virtual<\/a><\/p>\n<\/div>\n<\/div><\/div><\/div><\/div><\/div>","protected":false},"excerpt":{"rendered":"<p>El Encuentro ANUIES-TIC se ha consolidado como uno de los eventos m\u00e1s importantes a nivel Nacional en materia de tecnolog\u00eda e innovaci\u00f3n gracias a la participaci\u00f3n de grandes exponentes del sector tecnol\u00f3gico y de las instituciones educativas. No ser\u00e1 la excepci\u00f3n que durante el 2020 se realice, ahora a trav\u00e9s de una nueva modalidad \u201cANUIES-TIC &hellip; <\/p>\n","protected":false},"author":1,"featured_media":0,"parent":0,"menu_order":0,"comment_status":"closed","ping_status":"closed","template":"","meta":{"_exactmetrics_skip_tracking":false,"_exactmetrics_sitenote_active":false,"_exactmetrics_sitenote_note":"","_exactmetrics_sitenote_category":0,"ngg_post_thumbnail":0,"footnotes":""},"class_list":["post-5799","page","type-page","status-publish","hentry","latest_post"],"rttpg_featured_image_url":null,"rttpg_author":{"display_name":"ctrlweb","author_link":"https:\/\/encuentro-tic.anuies.mx\/2020\/blog\/author\/ctrlweb\/"},"rttpg_comment":0,"rttpg_category":false,"rttpg_excerpt":"El Encuentro ANUIES-TIC se ha consolidado como uno de los eventos m\u00e1s importantes a nivel Nacional en materia de tecnolog\u00eda e innovaci\u00f3n gracias a la participaci\u00f3n de grandes exponentes del sector tecnol\u00f3gico y de las instituciones educativas. No ser\u00e1 la excepci\u00f3n que durante el 2020 se realice, ahora a trav\u00e9s de una nueva modalidad \u201cANUIES-TIC&hellip;","_links":{"self":[{"href":"https:\/\/encuentro-tic.anuies.mx\/2020\/wp-json\/wp\/v2\/pages\/5799","targetHints":{"allow":["GET"]}}],"collection":[{"href":"https:\/\/encuentro-tic.anuies.mx\/2020\/wp-json\/wp\/v2\/pages"}],"about":[{"href":"https:\/\/encuentro-tic.anuies.mx\/2020\/wp-json\/wp\/v2\/types\/page"}],"author":[{"embeddable":true,"href":"https:\/\/encuentro-tic.anuies.mx\/2020\/wp-json\/wp\/v2\/users\/1"}],"replies":[{"embeddable":true,"href":"https:\/\/encuentro-tic.anuies.mx\/2020\/wp-json\/wp\/v2\/comments?post=5799"}],"version-history":[{"count":29,"href":"https:\/\/encuentro-tic.anuies.mx\/2020\/wp-json\/wp\/v2\/pages\/5799\/revisions"}],"predecessor-version":[{"id":7052,"href":"https:\/\/encuentro-tic.anuies.mx\/2020\/wp-json\/wp\/v2\/pages\/5799\/revisions\/7052"}],"wp:attachment":[{"href":"https:\/\/encuentro-tic.anuies.mx\/2020\/wp-json\/wp\/v2\/media?parent=5799"}],"curies":[{"name":"wp","href":"https:\/\/api.w.org\/{rel}","templated":true}]}}