{"id":1915,"date":"2018-06-05T09:30:45","date_gmt":"2018-06-05T15:30:45","guid":{"rendered":"https:\/\/encuentro-tic.anuies.mx\/2021\/?page_id=1915"},"modified":"2020-07-03T00:22:04","modified_gmt":"2020-07-03T06:22:04","slug":"comite-anuies-tic","status":"publish","type":"page","link":"https:\/\/encuentro-tic.anuies.mx\/2020\/comite-anuies-tic\/","title":{"rendered":"Comit\u00e9 ANUIES-TIC"},"content":{"rendered":"<div id=\"pl-1915\"  class=\"panel-layout\" ><div id=\"pg-1915-0\"  class=\"panel-grid panel-no-style\" ><div id=\"pgc-1915-0-0\"  class=\"panel-grid-cell\" ><div id=\"panel-1915-0-0-0\" class=\"so-panel widget widget_sow-editor panel-first-child panel-last-child\" data-index=\"0\" ><div\n\t\t\t\n\t\t\tclass=\"so-widget-sow-editor so-widget-sow-editor-base\"\n\t\t\t\n\t\t>\n<div class=\"siteorigin-widget-tinymce textwidget\">\n\t<p style=\"text-align: justify;\">El comit\u00e9 de Tecnolog\u00edas de la Informaci\u00f3n y Comunicaciones (TIC) de la <span style=\"font-size: 14pt; color: #003366;\"><strong>ANUIES<\/strong><\/span>, o <span style=\"color: #003366;\"><strong><span style=\"font-size: 14pt;\">Comit\u00e9 ANUIES-TIC<\/span><\/strong><\/span> es un \u00f3rgano para la participaci\u00f3n y coordinaci\u00f3n entre las instituciones de Educaci\u00f3n Superior asociadas a la ANUIES que asesora y promueve las mejores pr\u00e1cticas para el uso y aprovechamiento de las TIC.<\/p>\n<p>&nbsp;<\/p>\n<p><span style=\"font-size: 14pt; color: #003366;\"><strong>Objetivo<\/strong><\/span><\/p>\n<p style=\"text-align: justify;\">Consolidar un \u00f3rgano para la participaci\u00f3n y coordinaci\u00f3n entre las IES asociadas a la ANUIES, que asesore y promueva sobre las mejores pr\u00e1cticas para el uso y aprovechamiento de las TIC.<\/p>\n<hr \/>\n<p><span style=\"font-size: 14pt; color: #003366;\"><strong>Ejes estrat\u00e9gicos<\/strong><\/span><\/p>\n<ul>\n<li style=\"list-style-type: none;\">\n<ul>\n<li>Tecnolog\u00eda educativa<\/li>\n<li>Adquisiciones de TI<\/li>\n<li>Gobierno de TIC<\/li>\n<li>Seguridad de la informaci\u00f3n<\/li>\n<\/ul>\n<\/li>\n<\/ul>\n<hr \/>\n<p><span style=\"font-size: 14pt; color: #003366;\"><strong>Actividades destacadas<\/strong><\/span><\/p>\n<ul>\n<li style=\"list-style-type: none;\">\n<ul>\n<li>Encuentros ANUIES-TIC<\/li>\n<li>Encuestas nacionales de TIC en las IES<\/li>\n<li>Publicaciones Estado Actual de las IES en las IES<\/li>\n<li>Convocatorias para la entrega de Reconocimientos ANUIES-TIC<\/li>\n<\/ul>\n<\/li>\n<\/ul>\n<hr \/>\n<p><span style=\"font-size: 14pt;\"><strong><span style=\"color: #003366;\">Convenios institucionales<\/span><\/strong><\/span><\/p>\n<p>Convenios de colaboraci\u00f3n entre la ANUIES e Instituciones afines, para promover relaciones de cooperaci\u00f3n.<\/p>\n<p><img loading=\"lazy\" decoding=\"async\" class=\"aligncenter wp-image-4612\" src=\"data:image\/gif;base64,R0lGODlhAQABAAAAACH5BAEKAAEALAAAAAABAAEAAAICTAEAOw==\" data-layzr=\"https:\/\/encuentro-tic.anuies.mx\/wp-content\/uploads\/2020\/01\/convenios.png\" alt=\"\" width=\"743\" height=\"157\" data-layzr-srcset=\"https:\/\/encuentro-tic.anuies.mx\/ctrl-content\/uploads\/sites\/6\/2020\/01\/convenios.png 1003w, https:\/\/encuentro-tic.anuies.mx\/ctrl-content\/uploads\/sites\/6\/2020\/01\/convenios-300x63.png 300w, https:\/\/encuentro-tic.anuies.mx\/ctrl-content\/uploads\/sites\/6\/2020\/01\/convenios-768x162.png 768w\" sizes=\"auto, (max-width: 743px) 100vw, 743px\" \/><\/p>\n<hr \/>\n<p>Para m\u00e1s informaci\u00f3n,&nbsp; le invitamos a que visite el sitio Web del <a href=\"https:\/\/anuies-tic.anuies.mx\/web\/\" target=\"_blank\" rel=\"noopener\"><strong><span style=\"color: #003366; font-size: 14pt;\">Comit\u00e9 ANUIES-TIC<\/span><\/strong><\/a><\/p>\n<p>&nbsp;<\/p>\n<\/div>\n<\/div><\/div><\/div><\/div><\/div>","protected":false},"excerpt":{"rendered":"<p>El comit\u00e9 de Tecnolog\u00edas de la Informaci\u00f3n y Comunicaciones (TIC) de la ANUIES, o Comit\u00e9 ANUIES-TIC es un \u00f3rgano para la participaci\u00f3n y coordinaci\u00f3n entre las instituciones de Educaci\u00f3n Superior asociadas a la ANUIES que asesora y promueve las mejores pr\u00e1cticas para el uso y aprovechamiento de las TIC. &nbsp; Objetivo Consolidar un \u00f3rgano para &hellip; <\/p>\n","protected":false},"author":1,"featured_media":0,"parent":0,"menu_order":0,"comment_status":"closed","ping_status":"closed","template":"","meta":{"_exactmetrics_skip_tracking":false,"_exactmetrics_sitenote_active":false,"_exactmetrics_sitenote_note":"","_exactmetrics_sitenote_category":0,"ngg_post_thumbnail":0,"footnotes":""},"class_list":["post-1915","page","type-page","status-publish","hentry","latest_post"],"rttpg_featured_image_url":null,"rttpg_author":{"display_name":"ctrlweb","author_link":"https:\/\/encuentro-tic.anuies.mx\/2020\/blog\/author\/ctrlweb\/"},"rttpg_comment":0,"rttpg_category":false,"rttpg_excerpt":"El comit\u00e9 de Tecnolog\u00edas de la Informaci\u00f3n y Comunicaciones (TIC) de la ANUIES, o Comit\u00e9 ANUIES-TIC es un \u00f3rgano para la participaci\u00f3n y coordinaci\u00f3n entre las instituciones de Educaci\u00f3n Superior asociadas a la ANUIES que asesora y promueve las mejores pr\u00e1cticas para el uso y aprovechamiento de las TIC. &nbsp; Objetivo Consolidar un \u00f3rgano para&hellip;","_links":{"self":[{"href":"https:\/\/encuentro-tic.anuies.mx\/2020\/wp-json\/wp\/v2\/pages\/1915","targetHints":{"allow":["GET"]}}],"collection":[{"href":"https:\/\/encuentro-tic.anuies.mx\/2020\/wp-json\/wp\/v2\/pages"}],"about":[{"href":"https:\/\/encuentro-tic.anuies.mx\/2020\/wp-json\/wp\/v2\/types\/page"}],"author":[{"embeddable":true,"href":"https:\/\/encuentro-tic.anuies.mx\/2020\/wp-json\/wp\/v2\/users\/1"}],"replies":[{"embeddable":true,"href":"https:\/\/encuentro-tic.anuies.mx\/2020\/wp-json\/wp\/v2\/comments?post=1915"}],"version-history":[{"count":26,"href":"https:\/\/encuentro-tic.anuies.mx\/2020\/wp-json\/wp\/v2\/pages\/1915\/revisions"}],"predecessor-version":[{"id":5735,"href":"https:\/\/encuentro-tic.anuies.mx\/2020\/wp-json\/wp\/v2\/pages\/1915\/revisions\/5735"}],"wp:attachment":[{"href":"https:\/\/encuentro-tic.anuies.mx\/2020\/wp-json\/wp\/v2\/media?parent=1915"}],"curies":[{"name":"wp","href":"https:\/\/api.w.org\/{rel}","templated":true}]}}