{"id":1113,"date":"2018-05-07T13:13:02","date_gmt":"2018-05-07T19:13:02","guid":{"rendered":"https:\/\/encuentro-tic.anuies.mx\/2021\/?page_id=1113"},"modified":"2020-07-03T00:29:11","modified_gmt":"2020-07-03T06:29:11","slug":"acercaanuies","status":"publish","type":"page","link":"https:\/\/encuentro-tic.anuies.mx\/2020\/acercaanuies\/","title":{"rendered":"La ANUIES"},"content":{"rendered":"<div id=\"pl-1113\"  class=\"panel-layout\" ><div id=\"pg-1113-0\"  class=\"panel-grid panel-has-style\" ><div class=\"siteorigin-panels-stretch panel-row-style panel-row-style-for-1113-0\" data-stretch-type=\"full\" ><div id=\"pgc-1113-0-0\"  class=\"panel-grid-cell\" ><div id=\"panel-1113-0-0-0\" class=\"so-panel widget widget_sow-editor panel-first-child panel-last-child\" data-index=\"0\" ><div class=\"panel-widget-style panel-widget-style-for-1113-0-0-0\" ><div\n\t\t\t\n\t\t\tclass=\"so-widget-sow-editor so-widget-sow-editor-base\"\n\t\t\t\n\t\t>\n<div class=\"siteorigin-widget-tinymce textwidget\">\n\t<p>La&nbsp;<span style=\"font-size: 14pt; color: #003366;\"><strong><span class=\"caps\">ANUIES<\/span>&nbsp;<\/strong><\/span>es una Asociaci\u00f3n no gubernamental, de car\u00e1cter plural, que agremia a las principales instituciones de educaci\u00f3n superior del pa\u00eds, cuyo com\u00fan denominador es su voluntad para promover su mejoramiento integral en los campos de la docencia, la investigaci\u00f3n y la extensi\u00f3n de la cultura y los servicios.<\/p>\n<p>La Asociaci\u00f3n est\u00e1 conformada por&nbsp;<a href=\"http:\/\/www.anuies.mx\/anuies\/instituciones-de-educacion-superior\/\" target=\"_blank\" rel=\"noopener\">197 universidades e instituciones de educaci\u00f3n superior<\/a>, tanto p\u00fablicas como particulares de todo el pa\u00eds.<\/p>\n<p>La <span style=\"font-size: 14pt;\"><strong><span style=\"color: #003366;\">ANUIES<\/span> <\/strong><\/span>es un espacio de an\u00e1lisis y reflexi\u00f3n que contribuye al desarrollo de la educaci\u00f3n superior en M\u00e9xico, a trav\u00e9s de las instituciones afiliadas, en las cuales se atiente:<\/p>\n<ul>\n<li><strong><span style=\"font-size: 18pt; color: #003366;\">75.6%<\/span><\/strong> de la matr\u00edcula nacional inscrita en programas acreditados por su calidad.<\/li>\n<li><span style=\"font-size: 18pt; color: #003366;\"><strong>2,492,406<\/strong><\/span> alumnos inscritos en programas de licenciatura y posgrado en el ciclo escolar 2017-2018.<\/li>\n<li><span style=\"font-size: 18pt; color: #003366;\"><strong>48.9%<\/strong><\/span> mujeres y <span style=\"font-size: 18pt; color: #003366;\"><strong>51.1%<\/strong><\/span> hombres integrantes de la matr\u00edcula de estas instituciones.<\/li>\n<li><span style=\"color: #003366;\"><strong><span style=\"font-size: 18pt;\">22,591<\/span><\/strong><\/span> investigadores que representan el <span style=\"font-size: 18pt;\"><strong><span style=\"color: #003366;\">94.4%<\/span><\/strong><\/span> del Sistema Nacional de Investigadores.<\/li>\n<li><span style=\"color: #003366;\"><strong><span style=\"font-size: 18pt;\">7,866<\/span><\/strong><\/span> programas de licenciatura y <span style=\"font-size: 18pt; color: #003366;\"><strong>4,720<\/strong><\/span> programas de posgrado.<\/li>\n<li><span style=\"font-size: 18pt; color: #003366;\"><strong>214,045<\/strong><\/span> profesores, de los cuales el <span style=\"font-size: 18pt;\"><strong><span style=\"color: #003366;\">59.4%<\/span><\/strong><\/span> tienen estudios de posgrado.<\/li>\n<\/ul>\n<p>&nbsp;<\/p>\n<p><img loading=\"lazy\" decoding=\"async\" class=\"aligncenter size-full wp-image-4607\" src=\"data:image\/gif;base64,R0lGODlhAQABAAAAACH5BAEKAAEALAAAAAABAAEAAAICTAEAOw==\" data-layzr=\"https:\/\/encuentro-tic.anuies.mx\/wp-content\/uploads\/2019\/12\/anuies_regiones.jpg\" alt=\"\" width=\"1001\" height=\"466\" data-layzr-srcset=\"https:\/\/encuentro-tic.anuies.mx\/ctrl-content\/uploads\/sites\/6\/2019\/12\/anuies_regiones.jpg 1001w, https:\/\/encuentro-tic.anuies.mx\/ctrl-content\/uploads\/sites\/6\/2019\/12\/anuies_regiones-300x140.jpg 300w, https:\/\/encuentro-tic.anuies.mx\/ctrl-content\/uploads\/sites\/6\/2019\/12\/anuies_regiones-768x358.jpg 768w\" sizes=\"auto, (max-width: 1001px) 100vw, 1001px\" \/><\/p>\n<p>&nbsp;<\/p>\n<p><span style=\"font-size: 18pt; color: #003366;\"><strong>Objetivos<\/strong><\/span><\/p>\n<ul>\n<li>Contribuir al dise\u00f1o e implementaci\u00f3n de pol\u00edticas, modelos, programas y proyectos en beneficio de la educaci\u00f3n superior.<\/li>\n<li>Realizar estudios estrat\u00e9gicos para generar conocimiento sobre el sistema de educaci\u00f3n superior mexicano y aplicarlos para su desarrollo.<\/li>\n<li>Promover la innovaci\u00f3n en la educaci\u00f3n mediante la cooperaci\u00f3n con el gobierno federal y los gobiernos estatales.<\/li>\n<li>Promover acuerdos de cooperaci\u00f3n con organizaciones nacionales e internacionales en beneficio de las afiliadas.<\/li>\n<li>Promover la mejora integral en los campos de la docencia, la investigaci\u00f3n y la extensi\u00f3n de la cultura.<\/li>\n<\/ul>\n<\/div>\n<\/div><\/div><\/div><\/div><\/div><\/div><\/div>","protected":false},"excerpt":{"rendered":"<p>La&nbsp;ANUIES&nbsp;es una Asociaci\u00f3n no gubernamental, de car\u00e1cter plural, que agremia a las principales instituciones de educaci\u00f3n superior del pa\u00eds, cuyo com\u00fan denominador es su voluntad para promover su mejoramiento integral en los campos de la docencia, la investigaci\u00f3n y la extensi\u00f3n de la cultura y los servicios. La Asociaci\u00f3n est\u00e1 conformada por&nbsp;197 universidades e instituciones &hellip; <\/p>\n","protected":false},"author":1,"featured_media":0,"parent":0,"menu_order":0,"comment_status":"closed","ping_status":"closed","template":"","meta":{"_exactmetrics_skip_tracking":false,"_exactmetrics_sitenote_active":false,"_exactmetrics_sitenote_note":"","_exactmetrics_sitenote_category":0,"ngg_post_thumbnail":0,"footnotes":""},"class_list":["post-1113","page","type-page","status-publish","hentry","latest_post"],"rttpg_featured_image_url":null,"rttpg_author":{"display_name":"ctrlweb","author_link":"https:\/\/encuentro-tic.anuies.mx\/2020\/blog\/author\/ctrlweb\/"},"rttpg_comment":0,"rttpg_category":false,"rttpg_excerpt":"La&nbsp;ANUIES&nbsp;es una Asociaci\u00f3n no gubernamental, de car\u00e1cter plural, que agremia a las principales instituciones de educaci\u00f3n superior del pa\u00eds, cuyo com\u00fan denominador es su voluntad para promover su mejoramiento integral en los campos de la docencia, la investigaci\u00f3n y la extensi\u00f3n de la cultura y los servicios. La Asociaci\u00f3n est\u00e1 conformada por&nbsp;197 universidades e instituciones&hellip;","_links":{"self":[{"href":"https:\/\/encuentro-tic.anuies.mx\/2020\/wp-json\/wp\/v2\/pages\/1113","targetHints":{"allow":["GET"]}}],"collection":[{"href":"https:\/\/encuentro-tic.anuies.mx\/2020\/wp-json\/wp\/v2\/pages"}],"about":[{"href":"https:\/\/encuentro-tic.anuies.mx\/2020\/wp-json\/wp\/v2\/types\/page"}],"author":[{"embeddable":true,"href":"https:\/\/encuentro-tic.anuies.mx\/2020\/wp-json\/wp\/v2\/users\/1"}],"replies":[{"embeddable":true,"href":"https:\/\/encuentro-tic.anuies.mx\/2020\/wp-json\/wp\/v2\/comments?post=1113"}],"version-history":[{"count":37,"href":"https:\/\/encuentro-tic.anuies.mx\/2020\/wp-json\/wp\/v2\/pages\/1113\/revisions"}],"predecessor-version":[{"id":5840,"href":"https:\/\/encuentro-tic.anuies.mx\/2020\/wp-json\/wp\/v2\/pages\/1113\/revisions\/5840"}],"wp:attachment":[{"href":"https:\/\/encuentro-tic.anuies.mx\/2020\/wp-json\/wp\/v2\/media?parent=1113"}],"curies":[{"name":"wp","href":"https:\/\/api.w.org\/{rel}","templated":true}]}}