{"id":4301,"date":"2019-10-04T09:15:17","date_gmt":"2019-10-04T15:15:17","guid":{"rendered":"https:\/\/encuentro-tic.anuies.mx\/2019\/?page_id=4301"},"modified":"2020-01-31T08:55:25","modified_gmt":"2020-01-31T14:55:25","slug":"presentaciones2019","status":"publish","type":"page","link":"https:\/\/encuentro-tic.anuies.mx\/2019\/presentaciones2019\/","title":{"rendered":"Presentaciones"},"content":{"rendered":"<div id=\"pl-4301\"  class=\"panel-layout\" ><div id=\"pg-4301-0\"  class=\"panel-grid panel-no-style\" ><div id=\"pgc-4301-0-0\"  class=\"panel-grid-cell\" ><div id=\"panel-4301-0-0-0\" class=\"so-panel widget widget_sow-editor panel-first-child panel-last-child\" data-index=\"0\" ><div\n\t\t\t\n\t\t\tclass=\"so-widget-sow-editor so-widget-sow-editor-base\"\n\t\t\t\n\t\t>\n<div class=\"siteorigin-widget-tinymce textwidget\">\n\t<p style=\"text-align: right;\">Reconocimientos ANUIES-TIC 2019&nbsp;&nbsp;<\/p>\n<hr \/>\n<p style=\"text-align: right;\">&nbsp;<\/p>\n<\/div>\n<\/div><\/div><\/div><div id=\"pgc-4301-0-1\"  class=\"panel-grid-cell panel-grid-cell-empty\" ><\/div><div id=\"pgc-4301-0-2\"  class=\"panel-grid-cell\" ><div id=\"panel-4301-0-2-0\" class=\"so-panel widget widget_sow-image panel-first-child panel-last-child\" data-index=\"1\" ><div\n\t\t\t\n\t\t\tclass=\"so-widget-sow-image so-widget-sow-image-default-8b5b6f678277-4301\"\n\t\t\t\n\t\t>\n<div class=\"sow-image-container\">\n\t\t\t<a href=\"https:\/\/encuentro-tic.anuies.mx\/wp-content\/uploads\/2019\/10\/1-Presentacion_reconocimientos_2019_v1.pdf\"\n\t\t\ttarget=\"_blank\" rel=\"noopener noreferrer\" \t\t>\n\t\t\t<img \n\tsrc=\"https:\/\/encuentro-tic.anuies.mx\/ctrl-content\/uploads\/sites\/4\/2019\/10\/presentacion_icono.png\" width=\"512\" height=\"512\" srcset=\"https:\/\/encuentro-tic.anuies.mx\/ctrl-content\/uploads\/sites\/4\/2019\/10\/presentacion_icono.png 512w, https:\/\/encuentro-tic.anuies.mx\/ctrl-content\/uploads\/sites\/4\/2019\/10\/presentacion_icono-150x150.png 150w, https:\/\/encuentro-tic.anuies.mx\/ctrl-content\/uploads\/sites\/4\/2019\/10\/presentacion_icono-300x300.png 300w\" sizes=\"(max-width: 512px) 100vw, 512px\" alt=\"\" \t\tclass=\"so-widget-image\"\/>\n\t\t\t<\/a><\/div>\n\n<\/div><\/div><\/div><\/div><div id=\"pg-4301-1\"  class=\"panel-grid panel-no-style\" ><div id=\"pgc-4301-1-0\"  class=\"panel-grid-cell\" ><div id=\"panel-4301-1-0-0\" class=\"so-panel widget widget_sow-editor panel-first-child panel-last-child\" data-index=\"2\" ><div\n\t\t\t\n\t\t\tclass=\"so-widget-sow-editor so-widget-sow-editor-base\"\n\t\t\t\n\t\t>\n<div class=\"siteorigin-widget-tinymce textwidget\">\n\t<p style=\"text-align: right;\">Conferencia Magistral&nbsp;&nbsp;<\/p>\n<p style=\"text-align: right;\"><strong>Tema: \"Impacto de la Industria 4.0 en los Profesionistas del Futuro\"<\/strong><\/p>\n<hr \/>\n<p style=\"text-align: right;\">&nbsp;<\/p>\n<\/div>\n<\/div><\/div><\/div><div id=\"pgc-4301-1-1\"  class=\"panel-grid-cell\" ><div id=\"panel-4301-1-1-0\" class=\"so-panel widget widget_sow-editor panel-first-child panel-last-child\" data-index=\"3\" ><div\n\t\t\t\n\t\t\tclass=\"so-widget-sow-editor so-widget-sow-editor-base\"\n\t\t\t\n\t\t>\n<div class=\"siteorigin-widget-tinymce textwidget\">\n\t<p style=\"text-align: right;\" align=\"center\"><strong>Mtro. Rogelio Garza Rivera<\/strong><\/p>\n<hr \/>\n<p style=\"text-align: right;\">&nbsp;<\/p>\n<\/div>\n<\/div><\/div><\/div><div id=\"pgc-4301-1-2\"  class=\"panel-grid-cell\" ><div id=\"panel-4301-1-2-0\" class=\"so-panel widget widget_sow-image panel-first-child panel-last-child\" data-index=\"4\" ><div\n\t\t\t\n\t\t\tclass=\"so-widget-sow-image so-widget-sow-image-default-8b5b6f678277-4301\"\n\t\t\t\n\t\t>\n<div class=\"sow-image-container\">\n\t\t\t<a href=\"https:\/\/encuentro-tic.anuies.mx\/ctrl-content\/uploads\/2019\/10\/Encuentro-anuies-tic-2019_4-octubre-2019-16-9_compressed.pdf\"\n\t\t\ttarget=\"_blank\" rel=\"noopener noreferrer\" \t\t>\n\t\t\t<img \n\tsrc=\"https:\/\/encuentro-tic.anuies.mx\/ctrl-content\/uploads\/sites\/4\/2019\/10\/presentacion_icono.png\" width=\"512\" height=\"512\" srcset=\"https:\/\/encuentro-tic.anuies.mx\/ctrl-content\/uploads\/sites\/4\/2019\/10\/presentacion_icono.png 512w, https:\/\/encuentro-tic.anuies.mx\/ctrl-content\/uploads\/sites\/4\/2019\/10\/presentacion_icono-150x150.png 150w, https:\/\/encuentro-tic.anuies.mx\/ctrl-content\/uploads\/sites\/4\/2019\/10\/presentacion_icono-300x300.png 300w\" sizes=\"(max-width: 512px) 100vw, 512px\" alt=\"\" \t\tclass=\"so-widget-image\"\/>\n\t\t\t<\/a><\/div>\n\n<\/div><\/div><\/div><\/div><div id=\"pg-4301-2\"  class=\"panel-grid panel-no-style\" ><div id=\"pgc-4301-2-0\"  class=\"panel-grid-cell\" ><div id=\"panel-4301-2-0-0\" class=\"so-panel widget widget_sow-editor panel-first-child panel-last-child\" data-index=\"5\" ><div\n\t\t\t\n\t\t\tclass=\"so-widget-sow-editor so-widget-sow-editor-base\"\n\t\t\t\n\t\t>\n<div class=\"siteorigin-widget-tinymce textwidget\">\n\t<p style=\"text-align: right;\"><strong>Conferencia Especializada<\/strong><\/p>\n<p style=\"text-align: right;\">Tema: \"Redes Automatizadas y seguras: los beneficios de conectar personas, procesos, datos y cosas con soluciones integradas de red\"<\/p>\n<hr \/>\n<p style=\"text-align: right;\">&nbsp;<\/p>\n<\/div>\n<\/div><\/div><\/div><div id=\"pgc-4301-2-1\"  class=\"panel-grid-cell\" ><div id=\"panel-4301-2-1-0\" class=\"so-panel widget widget_sow-editor panel-first-child panel-last-child\" data-index=\"6\" ><div\n\t\t\t\n\t\t\tclass=\"so-widget-sow-editor so-widget-sow-editor-base\"\n\t\t\t\n\t\t>\n<div class=\"siteorigin-widget-tinymce textwidget\">\n\t<p style=\"text-align: right;\" align=\"center\"><b>Dario Botero<\/b><\/p>\n<hr \/>\n<p style=\"text-align: right;\">&nbsp;<\/p>\n<\/div>\n<\/div><\/div><\/div><div id=\"pgc-4301-2-2\"  class=\"panel-grid-cell\" ><div id=\"panel-4301-2-2-0\" class=\"so-panel widget widget_sow-image panel-first-child panel-last-child\" data-index=\"7\" ><div\n\t\t\t\n\t\t\tclass=\"so-widget-sow-image so-widget-sow-image-default-8b5b6f678277-4301\"\n\t\t\t\n\t\t>\n<div class=\"sow-image-container\">\n\t\t\t<a href=\"https:\/\/encuentro-tic.anuies.mx\/ctrl-content\/uploads\/2019\/10\/Secure-and-Automated-Networks.pdf\"\n\t\t\ttarget=\"_blank\" rel=\"noopener noreferrer\" \t\t>\n\t\t\t<img \n\tsrc=\"https:\/\/encuentro-tic.anuies.mx\/ctrl-content\/uploads\/sites\/4\/2019\/10\/presentacion_icono.png\" width=\"512\" height=\"512\" srcset=\"https:\/\/encuentro-tic.anuies.mx\/ctrl-content\/uploads\/sites\/4\/2019\/10\/presentacion_icono.png 512w, https:\/\/encuentro-tic.anuies.mx\/ctrl-content\/uploads\/sites\/4\/2019\/10\/presentacion_icono-150x150.png 150w, https:\/\/encuentro-tic.anuies.mx\/ctrl-content\/uploads\/sites\/4\/2019\/10\/presentacion_icono-300x300.png 300w\" sizes=\"(max-width: 512px) 100vw, 512px\" alt=\"\" \t\tclass=\"so-widget-image\"\/>\n\t\t\t<\/a><\/div>\n\n<\/div><\/div><\/div><\/div><div id=\"pg-4301-3\"  class=\"panel-grid panel-no-style\" ><div id=\"pgc-4301-3-0\"  class=\"panel-grid-cell\" ><div id=\"panel-4301-3-0-0\" class=\"so-panel widget widget_sow-editor panel-first-child panel-last-child\" data-index=\"8\" ><div\n\t\t\t\n\t\t\tclass=\"so-widget-sow-editor so-widget-sow-editor-base\"\n\t\t\t\n\t\t>\n<div class=\"siteorigin-widget-tinymce textwidget\">\n\t<p style=\"text-align: right;\"><strong>Conferencia Especializada<\/strong><\/p>\n<p style=\"text-align: right;\">Tema: \"Panorama de la Ciberseguridad en M\u00e9xico\"<\/p>\n<hr \/>\n<p style=\"text-align: right;\">&nbsp;<\/p>\n<\/div>\n<\/div><\/div><\/div><div id=\"pgc-4301-3-1\"  class=\"panel-grid-cell\" ><div id=\"panel-4301-3-1-0\" class=\"so-panel widget widget_sow-editor panel-first-child panel-last-child\" data-index=\"9\" ><div\n\t\t\t\n\t\t\tclass=\"so-widget-sow-editor so-widget-sow-editor-base\"\n\t\t\t\n\t\t>\n<div class=\"siteorigin-widget-tinymce textwidget\">\n\t<p style=\"text-align: right;\"><strong>Lic. Juan Carlos Guel<\/strong><\/p>\n<hr \/>\n<p style=\"text-align: right;\">&nbsp;<\/p>\n<\/div>\n<\/div><\/div><\/div><div id=\"pgc-4301-3-2\"  class=\"panel-grid-cell\" ><div id=\"panel-4301-3-2-0\" class=\"so-panel widget widget_sow-image panel-first-child panel-last-child\" data-index=\"10\" ><div\n\t\t\t\n\t\t\tclass=\"so-widget-sow-image so-widget-sow-image-default-8b5b6f678277-4301\"\n\t\t\t\n\t\t>\n<div class=\"sow-image-container\">\n\t\t\t<a href=\"https:\/\/encuentro-tic.anuies.mx\/ctrl-content\/uploads\/2019\/10\/CiberSeguridadMX-2020-FINAL-2-2_compressed.pdf\"\n\t\t\ttarget=\"_blank\" rel=\"noopener noreferrer\" \t\t>\n\t\t\t<img \n\tsrc=\"https:\/\/encuentro-tic.anuies.mx\/ctrl-content\/uploads\/sites\/4\/2019\/10\/presentacion_icono.png\" width=\"512\" height=\"512\" srcset=\"https:\/\/encuentro-tic.anuies.mx\/ctrl-content\/uploads\/sites\/4\/2019\/10\/presentacion_icono.png 512w, https:\/\/encuentro-tic.anuies.mx\/ctrl-content\/uploads\/sites\/4\/2019\/10\/presentacion_icono-150x150.png 150w, https:\/\/encuentro-tic.anuies.mx\/ctrl-content\/uploads\/sites\/4\/2019\/10\/presentacion_icono-300x300.png 300w\" sizes=\"(max-width: 512px) 100vw, 512px\" alt=\"\" \t\tclass=\"so-widget-image\"\/>\n\t\t\t<\/a><\/div>\n\n<\/div><\/div><\/div><\/div><div id=\"pg-4301-4\"  class=\"panel-grid panel-no-style\" ><div id=\"pgc-4301-4-0\"  class=\"panel-grid-cell\" ><div id=\"panel-4301-4-0-0\" class=\"so-panel widget widget_sow-editor panel-first-child panel-last-child\" data-index=\"11\" ><div\n\t\t\t\n\t\t\tclass=\"so-widget-sow-editor so-widget-sow-editor-base\"\n\t\t\t\n\t\t>\n<div class=\"siteorigin-widget-tinymce textwidget\">\n\t<p style=\"text-align: right;\"><strong>Conferencia Magistral&nbsp;<\/strong><\/p>\n<p style=\"text-align: right;\">Tema: \"Resultados del Estudio ANUIES-TIC 2019\"<\/p>\n<hr \/>\n<p style=\"text-align: right;\">&nbsp;<\/p>\n<\/div>\n<\/div><\/div><\/div><div id=\"pgc-4301-4-1\"  class=\"panel-grid-cell\" ><div id=\"panel-4301-4-1-0\" class=\"so-panel widget widget_sow-editor panel-first-child panel-last-child\" data-index=\"12\" ><div\n\t\t\t\n\t\t\tclass=\"so-widget-sow-editor so-widget-sow-editor-base\"\n\t\t\t\n\t\t>\n<div class=\"siteorigin-widget-tinymce textwidget\">\n\t<p style=\"text-align: right;\"><strong>Dra. Luz Mar\u00eda Casta\u00f1eda de Le\u00f3n<br \/>\n<\/strong>&nbsp;<b>Mtro. Tomas Rodriguez Elizondo<\/b><\/p>\n<hr \/>\n<p style=\"text-align: right;\">&nbsp;<\/p>\n<\/div>\n<\/div><\/div><\/div><div id=\"pgc-4301-4-2\"  class=\"panel-grid-cell\" ><div id=\"panel-4301-4-2-0\" class=\"so-panel widget widget_sow-image panel-first-child panel-last-child\" data-index=\"13\" ><div\n\t\t\t\n\t\t\tclass=\"so-widget-sow-image so-widget-sow-image-default-8b5b6f678277-4301\"\n\t\t\t\n\t\t>\n<div class=\"sow-image-container\">\n\t\t\t<a href=\"https:\/\/encuentro-tic.anuies.mx\/ctrl-content\/uploads\/2019\/10\/Presentaci\u00f3n-Resultados-Estudio-ANUIES-TIC-2019-Gesti\u00f3n-y-Gobierno.pdf\"\n\t\t\ttarget=\"_blank\" rel=\"noopener noreferrer\" \t\t>\n\t\t\t<img \n\tsrc=\"https:\/\/encuentro-tic.anuies.mx\/ctrl-content\/uploads\/sites\/4\/2019\/10\/presentacion_icono.png\" width=\"512\" height=\"512\" srcset=\"https:\/\/encuentro-tic.anuies.mx\/ctrl-content\/uploads\/sites\/4\/2019\/10\/presentacion_icono.png 512w, https:\/\/encuentro-tic.anuies.mx\/ctrl-content\/uploads\/sites\/4\/2019\/10\/presentacion_icono-150x150.png 150w, https:\/\/encuentro-tic.anuies.mx\/ctrl-content\/uploads\/sites\/4\/2019\/10\/presentacion_icono-300x300.png 300w\" sizes=\"(max-width: 512px) 100vw, 512px\" alt=\"\" \t\tclass=\"so-widget-image\"\/>\n\t\t\t<\/a><\/div>\n\n<\/div><\/div><\/div><\/div><div id=\"pg-4301-5\"  class=\"panel-grid panel-no-style\" ><div id=\"pgc-4301-5-0\"  class=\"panel-grid-cell\" ><div id=\"panel-4301-5-0-0\" class=\"so-panel widget widget_sow-editor panel-first-child panel-last-child\" data-index=\"14\" ><div\n\t\t\t\n\t\t\tclass=\"so-widget-sow-editor so-widget-sow-editor-base\"\n\t\t\t\n\t\t>\n<div class=\"siteorigin-widget-tinymce textwidget\">\n\t<p style=\"text-align: right;\"><strong>Conferencia Especializada<\/strong>&nbsp;<\/p>\n<p style=\"text-align: right;\">Tema: \"Gobierno de TI\"<\/p>\n<hr \/>\n<p style=\"text-align: right;\">&nbsp;<\/p>\n<\/div>\n<\/div><\/div><\/div><div id=\"pgc-4301-5-1\"  class=\"panel-grid-cell\" ><div id=\"panel-4301-5-1-0\" class=\"so-panel widget widget_sow-editor panel-first-child panel-last-child\" data-index=\"15\" ><div\n\t\t\t\n\t\t\tclass=\"so-widget-sow-editor so-widget-sow-editor-base\"\n\t\t\t\n\t\t>\n<div class=\"siteorigin-widget-tinymce textwidget\">\n\t<p style=\"text-align: right;\"><b>Ing. Omar Hern\u00e1ndez Luna<\/b><\/p>\n<hr \/>\n<p style=\"text-align: right;\">&nbsp;<\/p>\n<\/div>\n<\/div><\/div><\/div><div id=\"pgc-4301-5-2\"  class=\"panel-grid-cell\" ><div id=\"panel-4301-5-2-0\" class=\"so-panel widget widget_sow-image panel-first-child panel-last-child\" data-index=\"16\" ><div\n\t\t\t\n\t\t\tclass=\"so-widget-sow-image so-widget-sow-image-default-8b5b6f678277-4301\"\n\t\t\t\n\t\t>\n<div class=\"sow-image-container\">\n\t\t\t<a href=\"https:\/\/encuentro-tic.anuies.mx\/ctrl-content\/uploads\/2019\/10\/Presentacion-Gobierno-de-TI.pdf\"\n\t\t\ttarget=\"_blank\" rel=\"noopener noreferrer\" \t\t>\n\t\t\t<img \n\tsrc=\"https:\/\/encuentro-tic.anuies.mx\/ctrl-content\/uploads\/sites\/4\/2019\/10\/presentacion_icono.png\" width=\"512\" height=\"512\" srcset=\"https:\/\/encuentro-tic.anuies.mx\/ctrl-content\/uploads\/sites\/4\/2019\/10\/presentacion_icono.png 512w, https:\/\/encuentro-tic.anuies.mx\/ctrl-content\/uploads\/sites\/4\/2019\/10\/presentacion_icono-150x150.png 150w, https:\/\/encuentro-tic.anuies.mx\/ctrl-content\/uploads\/sites\/4\/2019\/10\/presentacion_icono-300x300.png 300w\" sizes=\"(max-width: 512px) 100vw, 512px\" alt=\"\" \t\tclass=\"so-widget-image\"\/>\n\t\t\t<\/a><\/div>\n\n<\/div><\/div><\/div><\/div><div id=\"pg-4301-6\"  class=\"panel-grid panel-no-style\" ><div id=\"pgc-4301-6-0\"  class=\"panel-grid-cell\" ><div id=\"panel-4301-6-0-0\" class=\"so-panel widget widget_sow-editor panel-first-child panel-last-child\" data-index=\"17\" ><div\n\t\t\t\n\t\t\tclass=\"so-widget-sow-editor so-widget-sow-editor-base\"\n\t\t\t\n\t\t>\n<div class=\"siteorigin-widget-tinymce textwidget\">\n\t<p style=\"text-align: right;\"><strong>Conferencia Especializada<br \/>\n<\/strong>&nbsp;Tema: \"\u00bfEstoy preparado para un ataque Cibern\u00e9tico?\"<\/p>\n<hr \/>\n<p style=\"text-align: right;\">&nbsp;<\/p>\n<\/div>\n<\/div><\/div><\/div><div id=\"pgc-4301-6-1\"  class=\"panel-grid-cell\" ><div id=\"panel-4301-6-1-0\" class=\"so-panel widget widget_sow-editor panel-first-child panel-last-child\" data-index=\"18\" ><div\n\t\t\t\n\t\t\tclass=\"so-widget-sow-editor so-widget-sow-editor-base\"\n\t\t\t\n\t\t>\n<div class=\"siteorigin-widget-tinymce textwidget\">\n\t<p style=\"text-align: right;\"><b>Juan Ort\u00edz<\/b><\/p>\n<hr \/>\n<p style=\"text-align: right;\">&nbsp;<\/p>\n<\/div>\n<\/div><\/div><\/div><div id=\"pgc-4301-6-2\"  class=\"panel-grid-cell\" ><div id=\"panel-4301-6-2-0\" class=\"so-panel widget widget_sow-image panel-first-child panel-last-child\" data-index=\"19\" ><div\n\t\t\t\n\t\t\tclass=\"so-widget-sow-image so-widget-sow-image-default-8b5b6f678277-4301\"\n\t\t\t\n\t\t>\n<div class=\"sow-image-container\">\n\t\t\t<a href=\"https:\/\/encuentro-tic.anuies.mx\/ctrl-content\/uploads\/2019\/10\/3.-12.20-KASPERSKY-Presentacion-JUAN-ORTIZ-ANUIES_2019_UANL_v2.pdf\"\n\t\t\ttarget=\"_blank\" rel=\"noopener noreferrer\" \t\t>\n\t\t\t<img \n\tsrc=\"https:\/\/encuentro-tic.anuies.mx\/ctrl-content\/uploads\/sites\/4\/2019\/10\/presentacion_icono.png\" width=\"512\" height=\"512\" srcset=\"https:\/\/encuentro-tic.anuies.mx\/ctrl-content\/uploads\/sites\/4\/2019\/10\/presentacion_icono.png 512w, https:\/\/encuentro-tic.anuies.mx\/ctrl-content\/uploads\/sites\/4\/2019\/10\/presentacion_icono-150x150.png 150w, https:\/\/encuentro-tic.anuies.mx\/ctrl-content\/uploads\/sites\/4\/2019\/10\/presentacion_icono-300x300.png 300w\" sizes=\"(max-width: 512px) 100vw, 512px\" alt=\"\" \t\tclass=\"so-widget-image\"\/>\n\t\t\t<\/a><\/div>\n\n<\/div><\/div><\/div><\/div><div id=\"pg-4301-7\"  class=\"panel-grid panel-no-style\" ><div id=\"pgc-4301-7-0\"  class=\"panel-grid-cell\" ><div id=\"panel-4301-7-0-0\" class=\"so-panel widget widget_sow-editor panel-first-child panel-last-child\" data-index=\"20\" ><div\n\t\t\t\n\t\t\tclass=\"so-widget-sow-editor so-widget-sow-editor-base\"\n\t\t\t\n\t\t>\n<div class=\"siteorigin-widget-tinymce textwidget\">\n\t<p style=\"text-align: right;\"><strong>Conferencia Especializada<\/strong>&nbsp;<\/p>\n<p style=\"text-align: right;\">Tema: \"La Calidad de los servicios de TI en la U.A.N.L.\"<\/p>\n<hr \/>\n<p style=\"text-align: right;\">&nbsp;<\/p>\n<\/div>\n<\/div><\/div><\/div><div id=\"pgc-4301-7-1\"  class=\"panel-grid-cell\" ><div id=\"panel-4301-7-1-0\" class=\"so-panel widget widget_sow-editor panel-first-child panel-last-child\" data-index=\"21\" ><div\n\t\t\t\n\t\t\tclass=\"so-widget-sow-editor so-widget-sow-editor-base\"\n\t\t\t\n\t\t>\n<div class=\"siteorigin-widget-tinymce textwidget\">\n\t<p style=\"text-align: right;\"><b>Dr. Alberto Zambrano Elizondo<\/b><\/p>\n<hr \/>\n<p style=\"text-align: right;\">&nbsp;<\/p>\n<\/div>\n<\/div><\/div><\/div><div id=\"pgc-4301-7-2\"  class=\"panel-grid-cell\" ><div id=\"panel-4301-7-2-0\" class=\"so-panel widget widget_sow-image panel-first-child panel-last-child\" data-index=\"22\" ><div\n\t\t\t\n\t\t\tclass=\"so-widget-sow-image so-widget-sow-image-default-8b5b6f678277-4301\"\n\t\t\t\n\t\t>\n<div class=\"sow-image-container\">\n\t\t\t<a href=\"https:\/\/encuentro-tic.anuies.mx\/ctrl-content\/uploads\/2019\/10\/14-Calidad-en-los-Servicios-de-TI_opt.pdf\"\n\t\t\ttarget=\"_blank\" rel=\"noopener noreferrer\" \t\t>\n\t\t\t<img \n\tsrc=\"https:\/\/encuentro-tic.anuies.mx\/ctrl-content\/uploads\/sites\/4\/2019\/10\/presentacion_icono.png\" width=\"512\" height=\"512\" srcset=\"https:\/\/encuentro-tic.anuies.mx\/ctrl-content\/uploads\/sites\/4\/2019\/10\/presentacion_icono.png 512w, https:\/\/encuentro-tic.anuies.mx\/ctrl-content\/uploads\/sites\/4\/2019\/10\/presentacion_icono-150x150.png 150w, https:\/\/encuentro-tic.anuies.mx\/ctrl-content\/uploads\/sites\/4\/2019\/10\/presentacion_icono-300x300.png 300w\" sizes=\"(max-width: 512px) 100vw, 512px\" alt=\"\" \t\tclass=\"so-widget-image\"\/>\n\t\t\t<\/a><\/div>\n\n<\/div><\/div><\/div><\/div><\/div>","protected":false},"excerpt":{"rendered":"<p>Reconocimientos ANUIES-TIC 2019&nbsp;&nbsp; &nbsp; Conferencia Magistral&nbsp;&nbsp; Tema: &#8220;Impacto de la Industria 4.0 en los Profesionistas del Futuro&#8221; &nbsp; Mtro. Rogelio<\/p>\n","protected":false},"author":1,"featured_media":0,"parent":0,"menu_order":0,"comment_status":"closed","ping_status":"closed","template":"","meta":{"colormag_page_container_layout":"no_sidebar_full_width","colormag_page_sidebar_layout":"no_sidebar","_exactmetrics_skip_tracking":false,"_exactmetrics_sitenote_active":false,"_exactmetrics_sitenote_note":"","_exactmetrics_sitenote_category":0,"ngg_post_thumbnail":0,"footnotes":""},"class_list":["post-4301","page","type-page","status-publish","hentry"],"_links":{"self":[{"href":"https:\/\/encuentro-tic.anuies.mx\/2019\/wp-json\/wp\/v2\/pages\/4301","targetHints":{"allow":["GET"]}}],"collection":[{"href":"https:\/\/encuentro-tic.anuies.mx\/2019\/wp-json\/wp\/v2\/pages"}],"about":[{"href":"https:\/\/encuentro-tic.anuies.mx\/2019\/wp-json\/wp\/v2\/types\/page"}],"author":[{"embeddable":true,"href":"https:\/\/encuentro-tic.anuies.mx\/2019\/wp-json\/wp\/v2\/users\/1"}],"replies":[{"embeddable":true,"href":"https:\/\/encuentro-tic.anuies.mx\/2019\/wp-json\/wp\/v2\/comments?post=4301"}],"version-history":[{"count":85,"href":"https:\/\/encuentro-tic.anuies.mx\/2019\/wp-json\/wp\/v2\/pages\/4301\/revisions"}],"predecessor-version":[{"id":4707,"href":"https:\/\/encuentro-tic.anuies.mx\/2019\/wp-json\/wp\/v2\/pages\/4301\/revisions\/4707"}],"wp:attachment":[{"href":"https:\/\/encuentro-tic.anuies.mx\/2019\/wp-json\/wp\/v2\/media?parent=4301"}],"curies":[{"name":"wp","href":"https:\/\/api.w.org\/{rel}","templated":true}]}}