{"id":4229,"date":"2019-09-23T08:27:44","date_gmt":"2019-09-23T14:27:44","guid":{"rendered":"https:\/\/encuentro-tic.anuies.mx\/2019\/?page_id=4229"},"modified":"2019-09-23T08:27:44","modified_gmt":"2019-09-23T14:27:44","slug":"hoteles-alternos","status":"publish","type":"page","link":"https:\/\/encuentro-tic.anuies.mx\/2019\/hoteles-alternos\/","title":{"rendered":"Hoteles alternos"},"content":{"rendered":"<table style=\"width: 1045px;\">\n<tbody>\n<tr>\n<td style=\"width: 216px; text-align: center;\"><span style=\"font-family: georgia, palatino, serif; font-size: 12pt;\"><strong>Hotel<\/strong><\/span><\/td>\n<td style=\"width: 282px; text-align: center;\"><span style=\"font-family: georgia, palatino, serif; font-size: 12pt;\"><strong>P\u00e1gina web<\/strong><\/span><\/td>\n<td style=\"width: 525px; text-align: center;\"><span style=\"font-family: georgia, palatino, serif; font-size: 12pt;\"><strong>Direcci\u00f3n&nbsp;<\/strong><\/span><\/td>\n<\/tr>\n<tr>\n<td style=\"width: 216px;\">\n<p style=\"text-align: center;\"><span style=\"font-family: georgia, palatino, serif; font-size: 12pt;\"><strong>iStay Hotel Monterrey Hist\u00f3rico<\/strong><\/span><\/p>\n<p><span style=\"font-family: georgia, palatino, serif; font-size: 12pt;\"><img loading=\"lazy\" decoding=\"async\" class=\"aligncenter  wp-image-4230\" src=\"https:\/\/encuentro-tic.anuies.mx\/2019\/wp-content\/uploads\/sites\/4\/2019\/09\/istay.png\" alt=\"\" width=\"78\" height=\"78\" srcset=\"https:\/\/encuentro-tic.anuies.mx\/ctrl-content\/uploads\/sites\/4\/2019\/09\/istay.png 184w, https:\/\/encuentro-tic.anuies.mx\/ctrl-content\/uploads\/sites\/4\/2019\/09\/istay-150x150.png 150w\" sizes=\"auto, (max-width: 78px) 100vw, 78px\" \/><\/span><\/td>\n<td style=\"width: 282px;\">\n<p style=\"text-align: center;\"><span style=\"font-family: georgia, palatino, serif; font-size: 12pt;\"><a href=\"ttps:\/\/www.istaymonterrey.com\/contact-es.html\" target=\"_blank\" rel=\"noopener noreferrer\">Visita la web del hotel<\/a><\/span><\/p>\n<\/td>\n<td style=\"width: 525px;\">\n<p class=\"hotel-address\" style=\"margin: 0cm; margin-bottom: .0001pt; line-height: 21.75pt; background: white;\"><span style=\"font-size: 12pt; font-family: georgia, palatino, serif; color: #5a5a5a;\">Jos\u00e9 Mar\u00eda Morelos #191 Pte. Col. Centro, Monterrey, Nuevo Le\u00f3n, M\u00e9xico CP.64000<\/span><\/p>\n<p class=\"hotel-phone\" style=\"margin: 0cm; margin-bottom: .0001pt; line-height: 21.75pt; background: white;\"><span style=\"font-family: georgia, palatino, serif; font-size: 12pt;\"><span class=\"phone1\"><span style=\"color: #5a5a5a;\"><strong>Reservaciones:<\/strong> 01 800 00 47829<\/span><\/span><span style=\"color: #5a5a5a;\"><br \/>\n<span class=\"phone1\"><strong>Hotel:<\/strong> (81) 8228 6000<\/span><\/span><\/span><\/p>\n<\/td>\n<\/tr>\n<tr>\n<td style=\"width: 216px;\">\n<p style=\"text-align: center;\"><span style=\"font-family: georgia, palatino, serif; font-size: 12pt;\"><strong>Misi\u00f3n Monterrey Centro Hist\u00f3rico<\/strong><\/span><\/p>\n<p><span style=\"font-family: georgia, palatino, serif; font-size: 12pt;\"><strong><img loading=\"lazy\" decoding=\"async\" class=\"aligncenter  wp-image-4232\" src=\"https:\/\/encuentro-tic.anuies.mx\/2019\/wp-content\/uploads\/sites\/4\/2019\/09\/mision-1.png\" alt=\"\" width=\"73\" height=\"31\"><\/strong><\/span><\/td>\n<td style=\"width: 282px; text-align: center;\"><span style=\"font-family: georgia, palatino, serif; font-size: 12pt;\"><a href=\"https:\/\/www.hotelesmision.com.mx\/destinos\/nuevo-leon\/hotel-mision-monterrey-historico\/\" target=\"_blank\" rel=\"noopener noreferrer\">Visita la web del hotel<\/a><\/span><\/td>\n<td style=\"width: 525px;\"><span style=\"font-family: georgia, palatino, serif; font-size: 12pt;\">Calle Padre Mier Pte 201, centro, 64720 Monterrey, N. L.<\/span><\/p>\n<p><span style=\"font-family: georgia, palatino, serif; font-size: 12pt;\"><strong>Tel:<\/strong> 8009003800<\/span><\/td>\n<\/tr>\n<\/tbody>\n<\/table>\n","protected":false},"excerpt":{"rendered":"<p>Hotel P\u00e1gina web Direcci\u00f3n&nbsp; iStay Hotel Monterrey Hist\u00f3rico Visita la web del hotel Jos\u00e9 Mar\u00eda Morelos #191 Pte. Col. Centro,<\/p>\n","protected":false},"author":1,"featured_media":0,"parent":0,"menu_order":0,"comment_status":"closed","ping_status":"closed","template":"","meta":{"colormag_page_container_layout":"no_sidebar_full_width","colormag_page_sidebar_layout":"no_sidebar","_exactmetrics_skip_tracking":false,"_exactmetrics_sitenote_active":false,"_exactmetrics_sitenote_note":"","_exactmetrics_sitenote_category":0,"ngg_post_thumbnail":0,"footnotes":""},"class_list":["post-4229","page","type-page","status-publish","hentry"],"_links":{"self":[{"href":"https:\/\/encuentro-tic.anuies.mx\/2019\/wp-json\/wp\/v2\/pages\/4229","targetHints":{"allow":["GET"]}}],"collection":[{"href":"https:\/\/encuentro-tic.anuies.mx\/2019\/wp-json\/wp\/v2\/pages"}],"about":[{"href":"https:\/\/encuentro-tic.anuies.mx\/2019\/wp-json\/wp\/v2\/types\/page"}],"author":[{"embeddable":true,"href":"https:\/\/encuentro-tic.anuies.mx\/2019\/wp-json\/wp\/v2\/users\/1"}],"replies":[{"embeddable":true,"href":"https:\/\/encuentro-tic.anuies.mx\/2019\/wp-json\/wp\/v2\/comments?post=4229"}],"version-history":[{"count":1,"href":"https:\/\/encuentro-tic.anuies.mx\/2019\/wp-json\/wp\/v2\/pages\/4229\/revisions"}],"predecessor-version":[{"id":4233,"href":"https:\/\/encuentro-tic.anuies.mx\/2019\/wp-json\/wp\/v2\/pages\/4229\/revisions\/4233"}],"wp:attachment":[{"href":"https:\/\/encuentro-tic.anuies.mx\/2019\/wp-json\/wp\/v2\/media?parent=4229"}],"curies":[{"name":"wp","href":"https:\/\/api.w.org\/{rel}","templated":true}]}}