{"id":3612,"date":"2019-05-20T10:22:43","date_gmt":"2019-05-20T16:22:43","guid":{"rendered":"https:\/\/encuentro-tic.anuies.mx\/2019\/?page_id=3612"},"modified":"2019-05-20T11:24:08","modified_gmt":"2019-05-20T17:24:08","slug":"conoce-monterrey","status":"publish","type":"page","link":"https:\/\/encuentro-tic.anuies.mx\/2019\/conoce-monterrey\/","title":{"rendered":"Conoce Monterrey"},"content":{"rendered":"<div id=\"pl-3612\"  class=\"panel-layout\" ><div id=\"pg-3612-0\"  class=\"panel-grid panel-no-style\" ><div id=\"pgc-3612-0-0\"  class=\"panel-grid-cell\" ><div id=\"panel-3612-0-0-0\" class=\"so-panel widget widget_sow-image panel-first-child\" data-index=\"0\" ><div\n\t\t\t\n\t\t\tclass=\"so-widget-sow-image so-widget-sow-image-default-113ccd71f3e6-3612\"\n\t\t\t\n\t\t>\n<div class=\"sow-image-container\">\n\t\t<img \n\tsrc=\"https:\/\/encuentro-tic.anuies.mx\/ctrl-content\/uploads\/sites\/4\/2019\/05\/PanoramicaMonterrey.jpg\" width=\"946\" height=\"317\" srcset=\"https:\/\/encuentro-tic.anuies.mx\/ctrl-content\/uploads\/sites\/4\/2019\/05\/PanoramicaMonterrey.jpg 946w, https:\/\/encuentro-tic.anuies.mx\/ctrl-content\/uploads\/sites\/4\/2019\/05\/PanoramicaMonterrey-300x101.jpg 300w, https:\/\/encuentro-tic.anuies.mx\/ctrl-content\/uploads\/sites\/4\/2019\/05\/PanoramicaMonterrey-768x257.jpg 768w, https:\/\/encuentro-tic.anuies.mx\/ctrl-content\/uploads\/sites\/4\/2019\/05\/PanoramicaMonterrey-500x168.jpg 500w, https:\/\/encuentro-tic.anuies.mx\/ctrl-content\/uploads\/sites\/4\/2019\/05\/PanoramicaMonterrey-800x268.jpg 800w\" sizes=\"(max-width: 946px) 100vw, 946px\" alt=\"\" \t\tclass=\"so-widget-image\"\/>\n\t<\/div>\n\n<\/div><\/div><div id=\"panel-3612-0-0-1\" class=\"so-panel widget widget_sow-editor panel-last-child\" data-index=\"1\" ><div\n\t\t\t\n\t\t\tclass=\"so-widget-sow-editor so-widget-sow-editor-base\"\n\t\t\t\n\t\t>\n<div class=\"siteorigin-widget-tinymce textwidget\">\n\t<p style=\"text-align: justify;\">Monterrey, capital y ciudad m\u00e1s poblada del estado de Nuevo Le\u00f3n. Monterrey es parte del \u00c1rea Metropolitana de Monterrey, cuya poblaci\u00f3n es de 4.1 millones de habitantes, siendo la tercera \u00e1rea metropolitana m\u00e1s poblada de M\u00e9xico, solo despu\u00e9s de la Ciudad de M\u00e9xico y Guadalajara, y la segunda en extensi\u00f3n territorial con 6357 kil\u00f3metros cuadrados. Monterrey se localiza a 913 km de la capital del pa\u00eds, la Ciudad de M\u00e9xico.<\/p>\n<p style=\"text-align: justify;\">Monterrey es una de las ciudades m\u00e1s desarrolladas de M\u00e9xico, se posiciona como la segunda mejor desarrollada en el pa\u00eds, s\u00f3lo por detr\u00e1s de la Ciudad de M\u00e9xico. Tiene una gran cultura e historia, sin mencionar que es adem\u00e1s es el principal centro de negocios, industrial y econ\u00f3mico muy importante para M\u00e9xico. Fue nombrada como una de las 10 ciudades m\u00e1s felices del mundo. Es la ciudad con mejor calidad de vida en M\u00e9xico, la s\u00e9ptima en Am\u00e9rica Latina y la 109 en el mundo seg\u00fan el estudio de Mercer Human Resource Consulting en 2015.8\u200b Tiene una econom\u00eda fuerte por ser la base de muchas empresas nacionales e internacionales como Cemex, Oxxo, FEMSA, Grupo Alfa, entre otras, por lo que es llamada La Capital Industrial de M\u00e9xico. Es la segunda ciudad de M\u00e9xico con mejor econom\u00eda con un PIB de 90.837 d\u00f3lares en 20159\u200b y la decimocuarta de acuerdo a los indicadores generales de las ciudades de Am\u00e9rica Latina con un ICUR de 66,71 en 2016, contando con una renta per c\u00e1pita PPA de 32.310 y un PIB per Capita Nominal de 20.285$ , siendo la m\u00e1s alta del pa\u00eds y la segunda de Am\u00e9rica Latina. La ciudad es considerada una ciudad beta\u200b por ser globalizada y competitiva. \u200b<\/p>\n<p style=\"text-align: justify;\">Cuenta Nuevo Le\u00f3n con una gran variedad de atractivos tur\u00edsticos, gastron\u00f3micos y paseos que hace de la estancia de nuestros visitantes toda una grata experiencia.<\/p>\n<\/div>\n<\/div><\/div><\/div><\/div><div id=\"pg-3612-1\"  class=\"panel-grid panel-no-style\" ><div id=\"pgc-3612-1-0\"  class=\"panel-grid-cell\" ><div id=\"panel-3612-1-0-0\" class=\"so-panel widget widget_sow-image panel-first-child panel-last-child\" data-index=\"2\" ><div\n\t\t\t\n\t\t\tclass=\"so-widget-sow-image so-widget-sow-image-default-113ccd71f3e6-3612\"\n\t\t\t\n\t\t>\n<div class=\"sow-image-container\">\n\t\t<img \n\tsrc=\"https:\/\/encuentro-tic.anuies.mx\/ctrl-content\/uploads\/sites\/4\/2019\/05\/paseosanta-lucia.jpg\" width=\"1024\" height=\"768\" srcset=\"https:\/\/encuentro-tic.anuies.mx\/ctrl-content\/uploads\/sites\/4\/2019\/05\/paseosanta-lucia.jpg 1024w, https:\/\/encuentro-tic.anuies.mx\/ctrl-content\/uploads\/sites\/4\/2019\/05\/paseosanta-lucia-300x225.jpg 300w, https:\/\/encuentro-tic.anuies.mx\/ctrl-content\/uploads\/sites\/4\/2019\/05\/paseosanta-lucia-768x576.jpg 768w, https:\/\/encuentro-tic.anuies.mx\/ctrl-content\/uploads\/sites\/4\/2019\/05\/paseosanta-lucia-500x375.jpg 500w, https:\/\/encuentro-tic.anuies.mx\/ctrl-content\/uploads\/sites\/4\/2019\/05\/paseosanta-lucia-800x600.jpg 800w\" sizes=\"(max-width: 1024px) 100vw, 1024px\" title=\"paseosanta lucia\" alt=\"\" \t\tclass=\"so-widget-image\"\/>\n\t<\/div>\n\n<\/div><\/div><\/div><div id=\"pgc-3612-1-1\"  class=\"panel-grid-cell\" ><div id=\"panel-3612-1-1-0\" class=\"so-panel widget widget_sow-editor panel-first-child panel-last-child\" data-index=\"3\" ><div\n\t\t\t\n\t\t\tclass=\"so-widget-sow-editor so-widget-sow-editor-base\"\n\t\t\t\n\t\t><h3 class=\"widget-title\">PASEO SANTA LUC\u00cdA<\/h3>\n<div class=\"siteorigin-widget-tinymce textwidget\">\n\t<p style=\"text-align: justify;\">A lo largo de este canal artificial, corre un andador peatonal en donde podr\u00e1s caminar disfrutando de murales de artistas regiomontanos, fuentes iluminadas, museos, restaurantes y puentes. Podr\u00e1s recorrer a pie parte o todos sus 2.5 kil\u00f3metros de extensi\u00f3n o hacerlo arriba de una peque\u00f1a embarcaci\u00f3n. Es un lugar en donde podr\u00e1s disfrutar de bonitos paisajes y que es ideal para ya sea para relajarse, pasear o incluso hacer ejercicio.<\/p>\n<\/div>\n<\/div><\/div><\/div><\/div><div id=\"pg-3612-2\"  class=\"panel-grid panel-no-style\" ><div id=\"pgc-3612-2-0\"  class=\"panel-grid-cell\" ><div id=\"panel-3612-2-0-0\" class=\"so-panel widget widget_sow-editor panel-first-child panel-last-child\" data-index=\"4\" ><div\n\t\t\t\n\t\t\tclass=\"so-widget-sow-editor so-widget-sow-editor-base\"\n\t\t\t\n\t\t><h3 class=\"widget-title\">MUSEO MARCO<\/h3>\n<div class=\"siteorigin-widget-tinymce textwidget\">\n\t<p style=\"text-align: justify;\">El Museo de Arte Contempor\u00e1neo de Monterrey cuenta con una impresionante colecci\u00f3n de grandes artistas como Siqueiros, Leonora Carrington, Brian Nissen, Rodrigo Pimentel, por mencionar muy pocos de su vasta colecci\u00f3n. Tambi\u00e9n organiza excelentes exposiciones temporales que incluso lleva a otras sedes del pa\u00eds. No olvides tomarte la foto frente a la famosa escultura en bronce, La Paloma de Juan Soriano, quien ser\u00e1 la primera en recibirte. Los mi\u00e9rcoles la entrada es Gratuita.<\/p>\n<\/div>\n<\/div><\/div><\/div><div id=\"pgc-3612-2-1\"  class=\"panel-grid-cell\" ><div id=\"panel-3612-2-1-0\" class=\"so-panel widget widget_sow-image panel-first-child panel-last-child\" data-index=\"5\" ><div\n\t\t\t\n\t\t\tclass=\"so-widget-sow-image so-widget-sow-image-default-113ccd71f3e6-3612\"\n\t\t\t\n\t\t>\n<div class=\"sow-image-container\">\n\t\t<img \n\tsrc=\"https:\/\/encuentro-tic.anuies.mx\/ctrl-content\/uploads\/sites\/4\/2019\/05\/marco.jpg\" width=\"1024\" height=\"768\" srcset=\"https:\/\/encuentro-tic.anuies.mx\/ctrl-content\/uploads\/sites\/4\/2019\/05\/marco.jpg 1024w, https:\/\/encuentro-tic.anuies.mx\/ctrl-content\/uploads\/sites\/4\/2019\/05\/marco-300x225.jpg 300w, https:\/\/encuentro-tic.anuies.mx\/ctrl-content\/uploads\/sites\/4\/2019\/05\/marco-768x576.jpg 768w, https:\/\/encuentro-tic.anuies.mx\/ctrl-content\/uploads\/sites\/4\/2019\/05\/marco-500x375.jpg 500w, https:\/\/encuentro-tic.anuies.mx\/ctrl-content\/uploads\/sites\/4\/2019\/05\/marco-800x600.jpg 800w\" sizes=\"(max-width: 1024px) 100vw, 1024px\" alt=\"\" \t\tclass=\"so-widget-image\"\/>\n\t<\/div>\n\n<\/div><\/div><\/div><\/div><div id=\"pg-3612-3\"  class=\"panel-grid panel-no-style\" ><div id=\"pgc-3612-3-0\"  class=\"panel-grid-cell\" ><div id=\"panel-3612-3-0-0\" class=\"so-panel widget widget_sow-editor panel-first-child\" data-index=\"6\" ><div\n\t\t\t\n\t\t\tclass=\"so-widget-sow-editor so-widget-sow-editor-base\"\n\t\t\t\n\t\t><h3 class=\"widget-title\">PLANETARIO ALFA<\/h3>\n<div class=\"siteorigin-widget-tinymce textwidget\">\n\t<p style=\"text-align: justify;\">El Planetario Alfa, creado por ALFA, es un centro enfocado en ciencia y tecnolog\u00eda que busca fomentar el aprendizaje y desarrollo en los visitantes a trav\u00e9s del entretenimiento, experimentaci\u00f3n e interacci\u00f3n.<\/p>\n<p>Cuenta con acuario, Domo IMAX, Museo, Jard\u00edn Prehisp\u00e1nico, Observatorio Astron\u00f3mico, Aviario.<\/p>\n<\/div>\n<\/div><\/div><div id=\"panel-3612-3-0-1\" class=\"so-panel widget widget_sow-image panel-last-child\" data-index=\"7\" ><div\n\t\t\t\n\t\t\tclass=\"so-widget-sow-image so-widget-sow-image-default-113ccd71f3e6-3612\"\n\t\t\t\n\t\t>\n<div class=\"sow-image-container\">\n\t\t<img \n\tsrc=\"https:\/\/encuentro-tic.anuies.mx\/ctrl-content\/uploads\/sites\/4\/2019\/05\/alfa.png\" width=\"590\" height=\"706\" srcset=\"https:\/\/encuentro-tic.anuies.mx\/ctrl-content\/uploads\/sites\/4\/2019\/05\/alfa.png 590w, https:\/\/encuentro-tic.anuies.mx\/ctrl-content\/uploads\/sites\/4\/2019\/05\/alfa-251x300.png 251w, https:\/\/encuentro-tic.anuies.mx\/ctrl-content\/uploads\/sites\/4\/2019\/05\/alfa-500x598.png 500w\" sizes=\"(max-width: 590px) 100vw, 590px\" alt=\"\" \t\tclass=\"so-widget-image\"\/>\n\t<\/div>\n\n<\/div><\/div><\/div><\/div><div id=\"pg-3612-4\"  class=\"panel-grid panel-no-style\" ><div id=\"pgc-3612-4-0\"  class=\"panel-grid-cell\" ><div id=\"panel-3612-4-0-0\" class=\"so-panel widget widget_sow-editor panel-first-child\" data-index=\"8\" ><div\n\t\t\t\n\t\t\tclass=\"so-widget-sow-editor so-widget-sow-editor-base\"\n\t\t\t\n\t\t><h3 class=\"widget-title\">PARQUE FUNDIDORA<\/h3>\n<div class=\"siteorigin-widget-tinymce textwidget\">\n\t<p style=\"text-align: justify;\">Lo que desde 1900 era una lucrativa empresa sider\u00fargica, durante de d\u00e9cada de los \u201870s comienza a decaer debido a problemas sindicales y financieros, para finalmente cerrar sus puertas en 1986. Ahora enaltecido como Museo de Sitio de Arqueolog\u00eda Industrial, sus altos hornos, edificios, chimeneas y 127 piezas m\u00e1s son parte de la historia de Monterrey. Aqu\u00ed encontrar\u00e1s museos, teatros, \u00e1reas de juego y ejercicio, cineteca, hoteles y mucho m\u00e1s.<\/p>\n<\/div>\n<\/div><\/div><div id=\"panel-3612-4-0-1\" class=\"so-panel widget widget_sow-image panel-last-child\" data-index=\"9\" ><div\n\t\t\t\n\t\t\tclass=\"so-widget-sow-image so-widget-sow-image-default-113ccd71f3e6-3612\"\n\t\t\t\n\t\t>\n<div class=\"sow-image-container\">\n\t\t<img \n\tsrc=\"https:\/\/encuentro-tic.anuies.mx\/ctrl-content\/uploads\/sites\/4\/2019\/05\/fundidora-cover.png\" width=\"1679\" height=\"551\" srcset=\"https:\/\/encuentro-tic.anuies.mx\/ctrl-content\/uploads\/sites\/4\/2019\/05\/fundidora-cover.png 1679w, https:\/\/encuentro-tic.anuies.mx\/ctrl-content\/uploads\/sites\/4\/2019\/05\/fundidora-cover-300x98.png 300w, https:\/\/encuentro-tic.anuies.mx\/ctrl-content\/uploads\/sites\/4\/2019\/05\/fundidora-cover-768x252.png 768w, https:\/\/encuentro-tic.anuies.mx\/ctrl-content\/uploads\/sites\/4\/2019\/05\/fundidora-cover-1024x336.png 1024w, https:\/\/encuentro-tic.anuies.mx\/ctrl-content\/uploads\/sites\/4\/2019\/05\/fundidora-cover-500x164.png 500w, https:\/\/encuentro-tic.anuies.mx\/ctrl-content\/uploads\/sites\/4\/2019\/05\/fundidora-cover-800x263.png 800w, https:\/\/encuentro-tic.anuies.mx\/ctrl-content\/uploads\/sites\/4\/2019\/05\/fundidora-cover-1280x420.png 1280w\" sizes=\"(max-width: 1679px) 100vw, 1679px\" alt=\"\" \t\tclass=\"so-widget-image\"\/>\n\t<\/div>\n\n<\/div><\/div><\/div><\/div><div id=\"pg-3612-5\"  class=\"panel-grid panel-no-style\" ><div id=\"pgc-3612-5-0\"  class=\"panel-grid-cell\" ><div id=\"panel-3612-5-0-0\" class=\"so-panel widget widget_sow-image panel-first-child panel-last-child\" data-index=\"10\" ><div\n\t\t\t\n\t\t\tclass=\"so-widget-sow-image so-widget-sow-image-default-113ccd71f3e6-3612\"\n\t\t\t\n\t\t>\n<div class=\"sow-image-container\">\n\t\t<img \n\tsrc=\"https:\/\/encuentro-tic.anuies.mx\/ctrl-content\/uploads\/sites\/4\/2019\/05\/PalaciodeGobierno.jpg\" width=\"2496\" height=\"1664\" srcset=\"https:\/\/encuentro-tic.anuies.mx\/ctrl-content\/uploads\/sites\/4\/2019\/05\/PalaciodeGobierno.jpg 2496w, https:\/\/encuentro-tic.anuies.mx\/ctrl-content\/uploads\/sites\/4\/2019\/05\/PalaciodeGobierno-300x200.jpg 300w, https:\/\/encuentro-tic.anuies.mx\/ctrl-content\/uploads\/sites\/4\/2019\/05\/PalaciodeGobierno-768x512.jpg 768w, https:\/\/encuentro-tic.anuies.mx\/ctrl-content\/uploads\/sites\/4\/2019\/05\/PalaciodeGobierno-1024x683.jpg 1024w, https:\/\/encuentro-tic.anuies.mx\/ctrl-content\/uploads\/sites\/4\/2019\/05\/PalaciodeGobierno-500x333.jpg 500w, https:\/\/encuentro-tic.anuies.mx\/ctrl-content\/uploads\/sites\/4\/2019\/05\/PalaciodeGobierno-800x533.jpg 800w, https:\/\/encuentro-tic.anuies.mx\/ctrl-content\/uploads\/sites\/4\/2019\/05\/PalaciodeGobierno-1280x853.jpg 1280w, https:\/\/encuentro-tic.anuies.mx\/ctrl-content\/uploads\/sites\/4\/2019\/05\/PalaciodeGobierno-1920x1280.jpg 1920w, https:\/\/encuentro-tic.anuies.mx\/ctrl-content\/uploads\/sites\/4\/2019\/05\/PalaciodeGobierno-272x182.jpg 272w\" sizes=\"(max-width: 2496px) 100vw, 2496px\" alt=\"\" \t\tclass=\"so-widget-image\"\/>\n\t<\/div>\n\n<\/div><\/div><\/div><div id=\"pgc-3612-5-1\"  class=\"panel-grid-cell\" ><div id=\"panel-3612-5-1-0\" class=\"so-panel widget widget_sow-editor panel-first-child panel-last-child\" data-index=\"11\" ><div\n\t\t\t\n\t\t\tclass=\"so-widget-sow-editor so-widget-sow-editor-base\"\n\t\t\t\n\t\t><h3 class=\"widget-title\">MUSEO DEL PALACIO<\/h3>\n<div class=\"siteorigin-widget-tinymce textwidget\">\n\t<p style=\"text-align: justify;\">Ubicado en la planta baja del Palacio de Gobierno en un edificio de principios del siglo XX, es un espacio m\u00e1s que el estado de Nuevo Le\u00f3n nos ofrece para reflexionar en relaci\u00f3n a la historia regional, espec\u00edficamente en tres ejes tem\u00e1ticos: leyes, gobierno y sociedad. Disfruta de sus m\u00e1s de 400 piezas entre obras de arte, documentos, fotograf\u00eda y m\u00e1s, divididas en cuatro salas.<\/p>\n<\/div>\n<\/div><\/div><\/div><\/div><div id=\"pg-3612-6\"  class=\"panel-grid panel-no-style\" ><div id=\"pgc-3612-6-0\"  class=\"panel-grid-cell\" ><div id=\"panel-3612-6-0-0\" class=\"so-panel widget widget_sow-editor panel-first-child panel-last-child\" data-index=\"12\" ><div\n\t\t\t\n\t\t\tclass=\"so-widget-sow-editor so-widget-sow-editor-base\"\n\t\t\t\n\t\t>\n<div class=\"siteorigin-widget-tinymce textwidget\">\n\t<p>Fuente: <a href=\"http:\/\/encuentroamic2018.uanl.mx\/index.php\/223-2\/\" target=\"_blank\" rel=\"noopener\">http:\/\/encuentroamic2018.uanl.mx\/index.php\/223-2\/<\/a><\/p>\n<\/div>\n<\/div><\/div><\/div><\/div><\/div>","protected":false},"excerpt":{"rendered":"<p>Monterrey, capital y ciudad m\u00e1s poblada del estado de Nuevo Le\u00f3n. Monterrey es parte del \u00c1rea Metropolitana de Monterrey, cuya<\/p>\n","protected":false},"author":1,"featured_media":0,"parent":0,"menu_order":0,"comment_status":"closed","ping_status":"closed","template":"","meta":{"colormag_page_container_layout":"no_sidebar_full_width","colormag_page_sidebar_layout":"no_sidebar","_exactmetrics_skip_tracking":false,"_exactmetrics_sitenote_active":false,"_exactmetrics_sitenote_note":"","_exactmetrics_sitenote_category":0,"ngg_post_thumbnail":0,"footnotes":""},"class_list":["post-3612","page","type-page","status-publish","hentry"],"_links":{"self":[{"href":"https:\/\/encuentro-tic.anuies.mx\/2019\/wp-json\/wp\/v2\/pages\/3612","targetHints":{"allow":["GET"]}}],"collection":[{"href":"https:\/\/encuentro-tic.anuies.mx\/2019\/wp-json\/wp\/v2\/pages"}],"about":[{"href":"https:\/\/encuentro-tic.anuies.mx\/2019\/wp-json\/wp\/v2\/types\/page"}],"author":[{"embeddable":true,"href":"https:\/\/encuentro-tic.anuies.mx\/2019\/wp-json\/wp\/v2\/users\/1"}],"replies":[{"embeddable":true,"href":"https:\/\/encuentro-tic.anuies.mx\/2019\/wp-json\/wp\/v2\/comments?post=3612"}],"version-history":[{"count":31,"href":"https:\/\/encuentro-tic.anuies.mx\/2019\/wp-json\/wp\/v2\/pages\/3612\/revisions"}],"predecessor-version":[{"id":3657,"href":"https:\/\/encuentro-tic.anuies.mx\/2019\/wp-json\/wp\/v2\/pages\/3612\/revisions\/3657"}],"wp:attachment":[{"href":"https:\/\/encuentro-tic.anuies.mx\/2019\/wp-json\/wp\/v2\/media?parent=3612"}],"curies":[{"name":"wp","href":"https:\/\/api.w.org\/{rel}","templated":true}]}}