{"id":1417,"date":"2018-05-08T10:32:29","date_gmt":"2018-05-08T16:32:29","guid":{"rendered":"https:\/\/encuentro-tic.anuies.mx\/2019\/?page_id=1417"},"modified":"2019-05-20T11:44:18","modified_gmt":"2019-05-20T17:44:18","slug":"clima","status":"publish","type":"page","link":"https:\/\/encuentro-tic.anuies.mx\/2019\/clima\/","title":{"rendered":"Clima"},"content":{"rendered":"<div id=\"pl-1417\"  class=\"panel-layout\" ><div id=\"pg-1417-0\"  class=\"panel-grid panel-no-style\" ><div id=\"pgc-1417-0-0\"  class=\"panel-grid-cell panel-grid-cell-mobile-last\" ><div id=\"panel-1417-0-0-0\" class=\"so-panel widget panel-first-child panel-last-child\" data-index=\"0\" ><\/div><\/div><div id=\"pgc-1417-0-1\"  class=\"panel-grid-cell panel-grid-cell-empty\" ><\/div><\/div><div id=\"pg-1417-1\"  class=\"panel-grid panel-no-style\" ><div id=\"pgc-1417-1-0\"  class=\"panel-grid-cell\" ><div id=\"panel-1417-1-0-0\" class=\"so-panel widget widget_sow-editor panel-first-child panel-last-child\" data-index=\"1\" ><div\n\t\t\t\n\t\t\tclass=\"so-widget-sow-editor so-widget-sow-editor-base\"\n\t\t\t\n\t\t>\n<div class=\"siteorigin-widget-tinymce textwidget\">\n\t<p style=\"text-align: justify;\">El&nbsp;<strong>clima de Monterrey<\/strong>, en el estado mexicano de Nuevo Le\u00f3n, es de tipo<strong>&nbsp;semi\u00e1rido c\u00e1lido<\/strong>. Un clima con las&nbsp;<strong>estaciones bien delimitadas<\/strong>&nbsp;y condiciones bastante extremas. En verano el calor llega a ser agobiante, y&nbsp;los inviernos son bastante&nbsp;fr\u00edos.<\/p>\n<p style=\"text-align: justify;\">La<strong>&nbsp;temperatura media<\/strong>&nbsp;de la ciudad ronda los&nbsp;<strong>24\u00baC \u2013 25\u00baC<\/strong>. Con una&nbsp;<strong>amplitud t\u00e9rmica<\/strong>&nbsp;anual&nbsp;<strong>elevada<\/strong>; las&nbsp;m\u00e1ximas superan en ocasiones los&nbsp;<strong>40\u00baC<\/strong>&nbsp;mientras que las m\u00ednimas \u00faltimamente suelen bajar varias veces al a\u00f1o de los&nbsp;<strong>0\u00baC<\/strong>.<\/p>\n<p style=\"text-align: justify;\">Monterrey recibe&nbsp;<strong>muy pocas precipitaciones<\/strong>&nbsp;a lo largo del a\u00f1o. Alrededor de&nbsp;<strong>600 mm anuales<\/strong>. Lo que se traduce en<strong>&nbsp;60 \u2013 65 d\u00edas<\/strong>&nbsp;con&nbsp;<strong>lluvias<\/strong>&nbsp;(igual o superiores a 0,1 mm) durante el a\u00f1o. Precipitaciones que se&nbsp;<strong>concentran<\/strong>&nbsp;en m\u00e1s de un 85% entre los meses de&nbsp;<strong>Mayo y Octubre<\/strong>. Durante el resto del a\u00f1o suelen ser m\u00e1s bien lluvias anecd\u00f3ticas.&nbsp;<\/p>\n<p style=\"text-align: justify;\">Otra caracter\u00edstica del clima de Monterrey es que es bastante&nbsp;<strong>seco<\/strong>. La&nbsp;<strong>humedad<\/strong>&nbsp;media se sit\u00faa en el&nbsp;<strong>65%<\/strong>. Los momentos con mayor humedad se dan durante el Oto\u00f1o, con picos del 70%. Y coinciden con los meses m\u00e1s lluviosos del a\u00f1o, generalmente Septiembre y Octubre. El resto del a\u00f1o la humedad relativa se mantienen en el 60% aproximadamente.<\/p>\n<p>&nbsp;<\/p>\n<p>Fuente: https:\/\/www.clima-de.com\/monterrey\/<\/p>\n<\/div>\n<\/div><\/div><\/div><div id=\"pgc-1417-1-1\"  class=\"panel-grid-cell\" ><div id=\"panel-1417-1-1-0\" class=\"so-panel widget widget_sow-editor panel-first-child panel-last-child\" data-index=\"2\" ><div\n\t\t\t\n\t\t\tclass=\"so-widget-sow-editor so-widget-sow-editor-base\"\n\t\t\t\n\t\t>\n<div class=\"siteorigin-widget-tinymce textwidget\">\n\t<p><img loading=\"lazy\" decoding=\"async\" class=\"aligncenter  wp-image-2863\" src=\"https:\/\/encuentro-tic.anuies.mx\/wp-content\/uploads\/2019\/03\/Folleto.png\" alt=\"\" width=\"264\" height=\"343\" srcset=\"https:\/\/encuentro-tic.anuies.mx\/ctrl-content\/uploads\/sites\/4\/2019\/03\/Folleto.png 1086w, https:\/\/encuentro-tic.anuies.mx\/ctrl-content\/uploads\/sites\/4\/2019\/03\/Folleto-231x300.png 231w, https:\/\/encuentro-tic.anuies.mx\/ctrl-content\/uploads\/sites\/4\/2019\/03\/Folleto-768x997.png 768w, https:\/\/encuentro-tic.anuies.mx\/ctrl-content\/uploads\/sites\/4\/2019\/03\/Folleto-789x1024.png 789w\" sizes=\"auto, (max-width: 264px) 100vw, 264px\" \/><\/p>\n<\/div>\n<\/div><\/div><\/div><\/div><\/div>","protected":false},"excerpt":{"rendered":"<p>El&nbsp;clima de Monterrey, en el estado mexicano de Nuevo Le\u00f3n, es de tipo&nbsp;semi\u00e1rido c\u00e1lido. Un clima con las&nbsp;estaciones bien delimitadas&nbsp;y<\/p>\n","protected":false},"author":1,"featured_media":0,"parent":0,"menu_order":0,"comment_status":"closed","ping_status":"closed","template":"","meta":{"colormag_page_container_layout":"no_sidebar_full_width","colormag_page_sidebar_layout":"no_sidebar","_exactmetrics_skip_tracking":false,"_exactmetrics_sitenote_active":false,"_exactmetrics_sitenote_note":"","_exactmetrics_sitenote_category":0,"ngg_post_thumbnail":0,"footnotes":""},"class_list":["post-1417","page","type-page","status-publish","hentry"],"_links":{"self":[{"href":"https:\/\/encuentro-tic.anuies.mx\/2019\/wp-json\/wp\/v2\/pages\/1417","targetHints":{"allow":["GET"]}}],"collection":[{"href":"https:\/\/encuentro-tic.anuies.mx\/2019\/wp-json\/wp\/v2\/pages"}],"about":[{"href":"https:\/\/encuentro-tic.anuies.mx\/2019\/wp-json\/wp\/v2\/types\/page"}],"author":[{"embeddable":true,"href":"https:\/\/encuentro-tic.anuies.mx\/2019\/wp-json\/wp\/v2\/users\/1"}],"replies":[{"embeddable":true,"href":"https:\/\/encuentro-tic.anuies.mx\/2019\/wp-json\/wp\/v2\/comments?post=1417"}],"version-history":[{"count":43,"href":"https:\/\/encuentro-tic.anuies.mx\/2019\/wp-json\/wp\/v2\/pages\/1417\/revisions"}],"predecessor-version":[{"id":3664,"href":"https:\/\/encuentro-tic.anuies.mx\/2019\/wp-json\/wp\/v2\/pages\/1417\/revisions\/3664"}],"wp:attachment":[{"href":"https:\/\/encuentro-tic.anuies.mx\/2019\/wp-json\/wp\/v2\/media?parent=1417"}],"curies":[{"name":"wp","href":"https:\/\/api.w.org\/{rel}","templated":true}]}}