{"id":2658,"date":"2018-10-26T15:08:11","date_gmt":"2018-10-26T21:08:11","guid":{"rendered":"https:\/\/encuentro-tic.anuies.mx\/2018\/?page_id=2658"},"modified":"2018-11-15T12:29:54","modified_gmt":"2018-11-15T18:29:54","slug":"panel-estrategias-de-colaboracion-de-tic","status":"publish","type":"page","link":"https:\/\/encuentro-tic.anuies.mx\/2018\/panel-estrategias-de-colaboracion-de-tic\/","title":{"rendered":"Panel Estrategias de colaboraci\u00f3n de TIC"},"content":{"rendered":"<div id=\"pl-2658\"  class=\"panel-layout\" ><div id=\"pg-2658-0\"  class=\"panel-grid panel-has-style\" ><div class=\"siteorigin-panels-stretch panel-row-style panel-row-style-for-2658-0\" style=\"padding: 100px 0; \" data-stretch-type=\"full-stretched-padded\" data-overlay=\"true\" data-overlay-color=\"#000000\" ><div id=\"pgc-2658-0-0\"  class=\"panel-grid-cell panel-grid-cell-empty\" ><\/div><div id=\"pgc-2658-0-1\"  class=\"panel-grid-cell\" ><div id=\"panel-2658-0-1-0\" class=\"so-panel widget widget_media_image panel-first-child panel-last-child\" data-index=\"0\" ><div style=\"text-align: left;\" data-title-color=\"#443f3f\" data-headings-color=\"#443f3f\" class=\"panel-widget-style panel-widget-style-for-2658-0-1-0\" ><a href=\"https:\/\/encuentro-tic.anuies.mx\/wp-content\/uploads\/2018\/10\/4-01-Estrategias-de-Colaboraci\u00f3n-en-Ciberseguridad.pdf\"><img loading=\"lazy\" decoding=\"async\" width=\"4678\" height=\"3118\" src=\"https:\/\/encuentro-tic.anuies.mx\/ctrl-content\/uploads\/sites\/3\/2018\/11\/6-Estrategias-de-Colaboraci\u00f3n-de-TIC.jpg\" class=\"image wp-image-2712  attachment-full size-full\" alt=\"\" style=\"max-width: 100%; height: auto;\" srcset=\"https:\/\/encuentro-tic.anuies.mx\/ctrl-content\/uploads\/sites\/3\/2018\/11\/6-Estrategias-de-Colaboraci\u00f3n-de-TIC.jpg 4678w, https:\/\/encuentro-tic.anuies.mx\/ctrl-content\/uploads\/sites\/3\/2018\/11\/6-Estrategias-de-Colaboraci\u00f3n-de-TIC-300x200.jpg 300w, https:\/\/encuentro-tic.anuies.mx\/ctrl-content\/uploads\/sites\/3\/2018\/11\/6-Estrategias-de-Colaboraci\u00f3n-de-TIC-768x512.jpg 768w, https:\/\/encuentro-tic.anuies.mx\/ctrl-content\/uploads\/sites\/3\/2018\/11\/6-Estrategias-de-Colaboraci\u00f3n-de-TIC-1024x683.jpg 1024w, https:\/\/encuentro-tic.anuies.mx\/ctrl-content\/uploads\/sites\/3\/2018\/11\/6-Estrategias-de-Colaboraci\u00f3n-de-TIC-830x553.jpg 830w, https:\/\/encuentro-tic.anuies.mx\/ctrl-content\/uploads\/sites\/3\/2018\/11\/6-Estrategias-de-Colaboraci\u00f3n-de-TIC-230x153.jpg 230w, https:\/\/encuentro-tic.anuies.mx\/ctrl-content\/uploads\/sites\/3\/2018\/11\/6-Estrategias-de-Colaboraci\u00f3n-de-TIC-350x233.jpg 350w, https:\/\/encuentro-tic.anuies.mx\/ctrl-content\/uploads\/sites\/3\/2018\/11\/6-Estrategias-de-Colaboraci\u00f3n-de-TIC-480x320.jpg 480w, https:\/\/encuentro-tic.anuies.mx\/ctrl-content\/uploads\/sites\/3\/2018\/11\/6-Estrategias-de-Colaboraci\u00f3n-de-TIC-272x182.jpg 272w\" sizes=\"auto, (max-width: 4678px) 100vw, 4678px\" \/><\/a><\/div><\/div><\/div><div id=\"pgc-2658-0-2\"  class=\"panel-grid-cell\" ><div id=\"panel-2658-0-2-0\" class=\"so-panel widget widget_sow-editor panel-first-child panel-last-child\" data-index=\"1\" ><div style=\"text-align: left;\" data-title-color=\"#443f3f\" data-headings-color=\"#443f3f\" class=\"panel-widget-style panel-widget-style-for-2658-0-2-0\" ><div\n\t\t\t\n\t\t\tclass=\"so-widget-sow-editor so-widget-sow-editor-base\"\n\t\t\t\n\t\t>\n<div class=\"siteorigin-widget-tinymce textwidget\">\n\t<p><strong>Panel: Estrategias de Colaboraci\u00f3n de TIC en las Instituciones de Educaci\u00f3n Superior<\/strong><\/p>\n<p><em><strong>Moderador:<\/strong><\/em><br \/>\n<strong>Dr. Luis Alberto Guti\u00e9rrez D\u00edaz de Le\u00f3n<\/strong><br \/>\nCoordinador General de Tecnolog\u00edas de Informaci\u00f3n - Universidad de Guadalajara<br \/>\n<em><strong>Panelistas:<\/strong><\/em><br \/>\n<strong>Dr. Marco Antonio Moreno Ibarra<\/strong><br \/>\nCoordinador General de Servicios Inform\u00e1ticos - Instituto Polit\u00e9cnico Nacional<br \/>\n<strong>Dr. Alberto Zambrano Elizondo<\/strong><br \/>\nDirector de Tecnolog\u00edas de Informaci\u00f3n - Universidad Aut\u00f3noma de Nuevo Le\u00f3n<br \/>\n<strong>Lic. Carlos Casas\u00fas L\u00f3pez Hermosa<\/strong><br \/>\nDirector General - Corporaci\u00f3n Universitaria para el Desarrollo de Internet (CUDI)<br \/>\n<strong>Mtro. Max Ulises de Mendiz\u00e1bal Carrillo<\/strong><br \/>\nDirector de Tecnolog\u00edas de la Informaci\u00f3n - Universidad Aut\u00f3noma Metropolitana<br \/>\n<strong>Javier de Andr\u00e9s Rivero<\/strong><br \/>\nDirector del Centro de Innovaci\u00f3n Digital y Director General de TICARUM, Universidad de Murcia, Espa\u00f1a.<br \/>\n<strong>Dr. Humberto Antonio Salazar Ibarg\u00fcen<\/strong><br \/>\nDirector General DC y TIC - Benem\u00e9rita Universidad Aut\u00f3noma de Puebla<\/p>\n<\/div>\n<\/div><\/div><\/div><\/div><div id=\"pgc-2658-0-3\"  class=\"panel-grid-cell panel-grid-cell-mobile-last\" ><div id=\"panel-2658-0-3-0\" class=\"so-panel widget widget_sow-editor panel-first-child panel-last-child\" data-index=\"2\" ><div style=\"text-align: left;\" data-title-color=\"#443f3f\" data-headings-color=\"#443f3f\" class=\"panel-widget-style panel-widget-style-for-2658-0-3-0\" ><div\n\t\t\t\n\t\t\tclass=\"so-widget-sow-editor so-widget-sow-editor-base\"\n\t\t\t\n\t\t>\n<div class=\"siteorigin-widget-tinymce textwidget\">\n\t<p style=\"text-align: justify;\">El objetivo del Panel fue compartir experiencias desde la parte de los fracaso y \u00e9xitos, para poder analizar si se est\u00e1 haciendo la colaboraci\u00f3n adecuada en las Instituciones de Educaci\u00f3n Superior.<\/p>\n<p style=\"text-align: justify;\">Los Expertos nos compartieron su experiencia dando respuesta a las siguientes preguntas y\/o tem\u00e1ticas que formulo el Dr. Luis Guti\u00e9rrez quien fungi\u00f3 como moderador del panel:<\/p>\n<ul>\n<li style=\"text-align: justify;\">Experiencia de las Instituciones frente a un fracaso<\/li>\n<li>Experiencias de colaboraci\u00f3n en tres puntos:\n<ul>\n<li style=\"text-align: justify;\">Proyecto m\u00e1s emblem\u00e1tico de la Instituci\u00f3n de cada Instituci\u00f3n que representa cada uno de los Panelistas<\/li>\n<li style=\"text-align: justify;\">Desde la perspectiva de los panelistas indicar si se tiene la colaboraci\u00f3n suficiente entre las instituciones y que hace falta hacer en particular<\/li>\n<li style=\"text-align: justify;\">\u00bfCu\u00e1l ser\u00eda el proyecto y\/o pr\u00e1ctica que se podr\u00eda impulsar?, pensando que se trabaja en una agenda de colaboraci\u00f3n institucional<\/li>\n<\/ul>\n<\/li>\n<\/ul>\n<\/div>\n<\/div><\/div><\/div><\/div><div id=\"pgc-2658-0-4\"  class=\"panel-grid-cell panel-grid-cell-empty\" ><\/div><\/div><\/div><div id=\"pg-2658-1\"  class=\"panel-grid panel-has-style\" ><div class=\"siteorigin-panels-stretch panel-row-style panel-row-style-for-2658-1\" style=\"padding: 60px 0; \" data-stretch-type=\"full-stretched\" data-overlay=\"true\" data-overlay-color=\"#000000\" ><div id=\"pgc-2658-1-0\"  class=\"panel-grid-cell panel-grid-cell-empty\" ><\/div><div id=\"pgc-2658-1-1\"  class=\"panel-grid-cell panel-grid-cell-mobile-last\" ><div id=\"panel-2658-1-1-0\" class=\"so-panel widget widget_media_video panel-first-child panel-last-child\" data-index=\"3\" ><div style=\"text-align: left;\" data-title-color=\"#443f3f\" data-headings-color=\"#443f3f\" class=\"panel-widget-style panel-widget-style-for-2658-1-1-0\" ><div style=\"width:100%;\" class=\"wp-video\"><!--[if lt IE 9]><script>document.createElement('video');<\/script><![endif]-->\n<video class=\"wp-video-shortcode\" id=\"video-2658-1\" preload=\"metadata\" controls=\"controls\"><source type=\"video\/youtube\" src=\"https:\/\/www.youtube.com\/watch?v=gcf7PjCVWm0&#038;list=PLSbCr4Q7oabmul_euXrnqjl3CE1l4ZfrQ&#038;index=2&#038;_=1\" \/><a href=\"https:\/\/www.youtube.com\/watch?v=gcf7PjCVWm0&#038;list=PLSbCr4Q7oabmul_euXrnqjl3CE1l4ZfrQ&#038;index=2\">https:\/\/www.youtube.com\/watch?v=gcf7PjCVWm0&#038;list=PLSbCr4Q7oabmul_euXrnqjl3CE1l4ZfrQ&#038;index=2<\/a><\/video><\/div><\/div><\/div><\/div><div id=\"pgc-2658-1-2\"  class=\"panel-grid-cell panel-grid-cell-empty\" ><\/div><\/div><\/div><\/div>","protected":false},"excerpt":{"rendered":"<p>Panel: Estrategias de Colaboraci\u00f3n de TIC en las Instituciones de Educaci\u00f3n Superior Moderador: Dr. Luis Alberto Guti\u00e9rrez D\u00edaz de Le\u00f3n Coordinador General [&hellip;]<\/p>\n","protected":false},"author":1,"featured_media":0,"parent":0,"menu_order":0,"comment_status":"closed","ping_status":"closed","template":"","meta":{"ngg_post_thumbnail":0,"footnotes":""},"class_list":["post-2658","page","type-page","status-publish","hentry"],"_links":{"self":[{"href":"https:\/\/encuentro-tic.anuies.mx\/2018\/wp-json\/wp\/v2\/pages\/2658","targetHints":{"allow":["GET"]}}],"collection":[{"href":"https:\/\/encuentro-tic.anuies.mx\/2018\/wp-json\/wp\/v2\/pages"}],"about":[{"href":"https:\/\/encuentro-tic.anuies.mx\/2018\/wp-json\/wp\/v2\/types\/page"}],"author":[{"embeddable":true,"href":"https:\/\/encuentro-tic.anuies.mx\/2018\/wp-json\/wp\/v2\/users\/1"}],"replies":[{"embeddable":true,"href":"https:\/\/encuentro-tic.anuies.mx\/2018\/wp-json\/wp\/v2\/comments?post=2658"}],"version-history":[{"count":16,"href":"https:\/\/encuentro-tic.anuies.mx\/2018\/wp-json\/wp\/v2\/pages\/2658\/revisions"}],"predecessor-version":[{"id":3083,"href":"https:\/\/encuentro-tic.anuies.mx\/2018\/wp-json\/wp\/v2\/pages\/2658\/revisions\/3083"}],"wp:attachment":[{"href":"https:\/\/encuentro-tic.anuies.mx\/2018\/wp-json\/wp\/v2\/media?parent=2658"}],"curies":[{"name":"wp","href":"https:\/\/api.w.org\/{rel}","templated":true}]}}