{"id":2634,"date":"2018-10-26T13:01:24","date_gmt":"2018-10-26T19:01:24","guid":{"rendered":"https:\/\/encuentro-tic.anuies.mx\/2018\/?page_id=2634"},"modified":"2018-12-06T14:10:23","modified_gmt":"2018-12-06T20:10:23","slug":"resultados-de-la-encuesta-anuies-tic-2018","status":"publish","type":"page","link":"https:\/\/encuentro-tic.anuies.mx\/2018\/resultados-de-la-encuesta-anuies-tic-2018\/","title":{"rendered":"Resultados de la Encuesta ANUIES-TIC 2018"},"content":{"rendered":"<div id=\"pl-2634\"  class=\"panel-layout\" ><div id=\"pg-2634-0\"  class=\"panel-grid panel-has-style\" ><div class=\"siteorigin-panels-stretch panel-row-style panel-row-style-for-2634-0\" style=\"padding: 100px 0; \" data-stretch-type=\"full-stretched-padded\" data-overlay=\"true\" data-overlay-color=\"#000000\" ><div id=\"pgc-2634-0-0\"  class=\"panel-grid-cell panel-grid-cell-empty\" ><\/div><div id=\"pgc-2634-0-1\"  class=\"panel-grid-cell\" ><div id=\"panel-2634-0-1-0\" class=\"so-panel widget widget_media_image panel-first-child panel-last-child\" data-index=\"0\" ><div style=\"text-align: left;\" data-title-color=\"#443f3f\" data-headings-color=\"#443f3f\" class=\"panel-widget-style panel-widget-style-for-2634-0-1-0\" ><img loading=\"lazy\" decoding=\"async\" width=\"5383\" height=\"3588\" src=\"https:\/\/encuentro-tic.anuies.mx\/ctrl-content\/uploads\/sites\/3\/2018\/11\/1-Resultados-de-la-Encuesta-ANUIES-TIC-2018.jpg\" class=\"image wp-image-2743  attachment-full size-full\" alt=\"\" style=\"max-width: 100%; height: auto;\" srcset=\"https:\/\/encuentro-tic.anuies.mx\/ctrl-content\/uploads\/sites\/3\/2018\/11\/1-Resultados-de-la-Encuesta-ANUIES-TIC-2018.jpg 5383w, https:\/\/encuentro-tic.anuies.mx\/ctrl-content\/uploads\/sites\/3\/2018\/11\/1-Resultados-de-la-Encuesta-ANUIES-TIC-2018-300x200.jpg 300w, https:\/\/encuentro-tic.anuies.mx\/ctrl-content\/uploads\/sites\/3\/2018\/11\/1-Resultados-de-la-Encuesta-ANUIES-TIC-2018-768x512.jpg 768w, https:\/\/encuentro-tic.anuies.mx\/ctrl-content\/uploads\/sites\/3\/2018\/11\/1-Resultados-de-la-Encuesta-ANUIES-TIC-2018-1024x683.jpg 1024w, https:\/\/encuentro-tic.anuies.mx\/ctrl-content\/uploads\/sites\/3\/2018\/11\/1-Resultados-de-la-Encuesta-ANUIES-TIC-2018-830x553.jpg 830w, https:\/\/encuentro-tic.anuies.mx\/ctrl-content\/uploads\/sites\/3\/2018\/11\/1-Resultados-de-la-Encuesta-ANUIES-TIC-2018-230x153.jpg 230w, https:\/\/encuentro-tic.anuies.mx\/ctrl-content\/uploads\/sites\/3\/2018\/11\/1-Resultados-de-la-Encuesta-ANUIES-TIC-2018-350x233.jpg 350w, https:\/\/encuentro-tic.anuies.mx\/ctrl-content\/uploads\/sites\/3\/2018\/11\/1-Resultados-de-la-Encuesta-ANUIES-TIC-2018-480x320.jpg 480w, https:\/\/encuentro-tic.anuies.mx\/ctrl-content\/uploads\/sites\/3\/2018\/11\/1-Resultados-de-la-Encuesta-ANUIES-TIC-2018-272x182.jpg 272w\" sizes=\"auto, (max-width: 5383px) 100vw, 5383px\" \/><\/div><\/div><\/div><div id=\"pgc-2634-0-2\"  class=\"panel-grid-cell\" ><div id=\"panel-2634-0-2-0\" class=\"so-panel widget widget_sow-editor panel-first-child\" data-index=\"1\" ><div style=\"text-align: left;\" data-title-color=\"#443f3f\" data-headings-color=\"#443f3f\" class=\"panel-widget-style panel-widget-style-for-2634-0-2-0\" ><div\n\t\t\t\n\t\t\tclass=\"so-widget-sow-editor so-widget-sow-editor-base\"\n\t\t\t\n\t\t>\n<div class=\"siteorigin-widget-tinymce textwidget\">\n\t<p><strong>Resultados de la Encuesta ANUIES-TIC 2018<\/strong><\/p>\n<p><strong>Dr. Carlos Franco Reboreda<\/strong><br \/>\nDirector de la Divisi\u00f3n de Ingenier\u00edas e Innovaci\u00f3n Tecnol\u00f3gica - Universidad de Guadalajara<br \/>\n<strong>Mtro. Tom\u00e1s Rodr\u00edguez Elizondo<\/strong><br \/>\nSubdirector de Proyectos y Servicios en la Subdirecci\u00f3n de Tecnolog\u00edas de la Informaci\u00f3n - Universidad Aut\u00f3noma de Nuevo Le\u00f3n<\/p>\n<\/div>\n<\/div><\/div><\/div><div id=\"panel-2634-0-2-1\" class=\"so-panel widget widget_sow-editor panel-last-child\" data-index=\"2\" ><div style=\"text-align: left;\" data-title-color=\"#443f3f\" data-headings-color=\"#443f3f\" class=\"panel-widget-style panel-widget-style-for-2634-0-2-1\" ><div\n\t\t\t\n\t\t\tclass=\"so-widget-sow-editor so-widget-sow-editor-base\"\n\t\t\t\n\t\t>\n<div class=\"siteorigin-widget-tinymce textwidget\">\n\t<p><a href=\"https:\/\/encuentro-tic.anuies.mx\/wp-content\/uploads\/2018\/10\/5-01a-Presentaci%C3%B3n-resultados-Estudio-2018-Gesti%C3%B3n-TI-Encuentro-ANUIES-TIC-2018.pdf\" target=\"_blank\" rel=\"noopener\"><img loading=\"lazy\" decoding=\"async\" class=\"wp-image-2453 alignleft\" src=\"https:\/\/encuentro-tic.anuies.mx\/wp-content\/uploads\/2018\/10\/pdf-icon.jpg\" alt=\"\" width=\"92\" height=\"92\" srcset=\"https:\/\/encuentro-tic.anuies.mx\/ctrl-content\/uploads\/sites\/3\/2018\/10\/pdf-icon.jpg 256w, https:\/\/encuentro-tic.anuies.mx\/ctrl-content\/uploads\/sites\/3\/2018\/10\/pdf-icon-150x150.jpg 150w, https:\/\/encuentro-tic.anuies.mx\/ctrl-content\/uploads\/sites\/3\/2018\/10\/pdf-icon-230x230.jpg 230w\" sizes=\"auto, (max-width: 92px) 100vw, 92px\" \/><\/a><\/p>\n<p><a href=\"https:\/\/encuentro-tic.anuies.mx\/wp-content\/uploads\/2018\/10\/5-01b-Indicadores-Gobierno-TIC-2018.pdf\" target=\"_blank\" rel=\"noopener\"><img loading=\"lazy\" decoding=\"async\" class=\"wp-image-2453 alignleft\" src=\"https:\/\/encuentro-tic.anuies.mx\/wp-content\/uploads\/2018\/10\/pdf-icon.jpg\" alt=\"\" width=\"92\" height=\"92\" srcset=\"https:\/\/encuentro-tic.anuies.mx\/ctrl-content\/uploads\/sites\/3\/2018\/10\/pdf-icon.jpg 256w, https:\/\/encuentro-tic.anuies.mx\/ctrl-content\/uploads\/sites\/3\/2018\/10\/pdf-icon-150x150.jpg 150w, https:\/\/encuentro-tic.anuies.mx\/ctrl-content\/uploads\/sites\/3\/2018\/10\/pdf-icon-230x230.jpg 230w\" sizes=\"auto, (max-width: 92px) 100vw, 92px\" \/><\/a><\/p>\n<p>&nbsp;<\/p>\n<\/div>\n<\/div><\/div><\/div><\/div><div id=\"pgc-2634-0-3\"  class=\"panel-grid-cell panel-grid-cell-mobile-last\" ><div id=\"panel-2634-0-3-0\" class=\"so-panel widget widget_sow-editor panel-first-child panel-last-child\" data-index=\"3\" ><div style=\"text-align: left;\" data-title-color=\"#443f3f\" data-headings-color=\"#443f3f\" class=\"panel-widget-style panel-widget-style-for-2634-0-3-0\" ><div\n\t\t\t\n\t\t\tclass=\"so-widget-sow-editor so-widget-sow-editor-base\"\n\t\t\t\n\t\t>\n<div class=\"siteorigin-widget-tinymce textwidget\">\n\t<p>Esta Conferencia Magistral estuvo segmentada en dos partes, la primera enfocada en la Gesti\u00f3n de las TIC y una segunda parte que trata el tema de Gobierno de las TIC.<\/p>\n<p>Para el desarrollo de la primera parte el Mtro. Tom\u00e1s Rodriguez, habl\u00f3 de los indicadores relacionados a la Gesti\u00f3n de las TIC en donde expuso los principales resultados obtenidos de la Encuesta Nacional de ANUIES-TIC 201.<\/p>\n<p>Dentro de los indicadores de TIC a destacar encontramos los siguientes:<\/p>\n<ul>\n<li>El nivel donde se ubica TI en el Organigrama de las IES<\/li>\n<li>Porcentaje que el CIO invierte en diferentes actividades dentro de la direcci\u00f3n de TI<\/li>\n<li>IES que cuentan con metodolog\u00eda para AP<\/li>\n<li>IES que cuentan con procesos formales de Operaci\u00f3n Ti<\/li>\n<li>IES que cuentan con servicios administrativos a trav\u00e9s de una APP M\u00f3vil<\/li>\n<li>IES que cuentan con un repositorio institucional interoperable<\/li>\n<li>IES que cuentan con certificaciones en calidad de software<\/li>\n<\/ul>\n<p>Para la segunda parte el Doctor Carlos Franco expuso los indicadores relacionados a el Gobierno de las TIC en las Instituciones de Educaci\u00f3n Superior.<\/p>\n<p>De los resultados obtenidos a partir de la Encuesta Nacional de ANUIES-TIC 2018. Mostr\u00f3 los resultados obtenido en<\/p>\n<ul>\n<li>Buenas Pr\u00e1cticas para el Gobierno de TI<\/li>\n<li>Madurez en Gobierno de TI<\/li>\n<\/ul>\n<p style=\"text-align: justify;\">El Dr. Franco expuso sus conclusiones respecto al gobierno de las TIC, indic\u00e1ndonos que hay mejoras en casi todos los indicadores con respecto al 2017, enfatiz\u00f3 la importancia de lograr la implicaci\u00f3n de tomadores de decisiones en las IES, Lo fundamental que es el rol del CIO. Hizo hincapi\u00e9 en no confundir la gesti\u00f3n o la gesti\u00f3n avanzada con el Gobierno de TIC. Concluyo indicando que el reto de las IES es gobernar sus TIC y avanzar hacia la transformaci\u00f3n Digital.<\/p>\n<\/div>\n<\/div><\/div><\/div><\/div><div id=\"pgc-2634-0-4\"  class=\"panel-grid-cell panel-grid-cell-empty\" ><\/div><\/div><\/div><div id=\"pg-2634-1\"  class=\"panel-grid panel-has-style\" ><div class=\"siteorigin-panels-stretch panel-row-style panel-row-style-for-2634-1\" style=\"padding: 60px 0; \" data-stretch-type=\"full-stretched\" data-overlay=\"true\" data-overlay-color=\"#000000\" ><div id=\"pgc-2634-1-0\"  class=\"panel-grid-cell panel-grid-cell-empty\" ><\/div><div id=\"pgc-2634-1-1\"  class=\"panel-grid-cell\" ><div id=\"panel-2634-1-1-0\" class=\"so-panel widget widget_sow-editor panel-first-child panel-last-child\" data-index=\"4\" ><div style=\"text-align: left;\" data-title-color=\"#443f3f\" data-headings-color=\"#443f3f\" class=\"panel-widget-style panel-widget-style-for-2634-1-1-0\" ><div\n\t\t\t\n\t\t\tclass=\"so-widget-sow-editor so-widget-sow-editor-base\"\n\t\t\t\n\t\t>\n<div class=\"siteorigin-widget-tinymce textwidget\">\n\t<a href=\"https:\/\/encuentro-tic.anuies.mx\/wp-content\/uploads\/2018\/10\/5-01a-Presentaci%C3%B3n-resultados-Estudio-2018-Gesti%C3%B3n-TI-Encuentro-ANUIES-TIC-2018.pdf\" class=\"pdfemb-viewer\" style=\"\" data-width=\"max\" data-height=\"max\" data-toolbar=\"bottom\" data-toolbar-fixed=\"off\">5-01a-Presentaci%C3%B3n-resultados-Estudio-2018-Gesti%C3%B3n-TI-Encuentro-ANUIES-TIC-2018<\/a>\n<\/div>\n<\/div><\/div><\/div><\/div><div id=\"pgc-2634-1-2\"  class=\"panel-grid-cell panel-grid-cell-mobile-last\" ><div id=\"panel-2634-1-2-0\" class=\"so-panel widget widget_media_video panel-first-child panel-last-child\" data-index=\"5\" ><div style=\"text-align: left;\" data-title-color=\"#443f3f\" data-headings-color=\"#443f3f\" class=\"panel-widget-style panel-widget-style-for-2634-1-2-0\" ><div style=\"width:100%;\" class=\"wp-video\"><!--[if lt IE 9]><script>document.createElement('video');<\/script><![endif]-->\n<video class=\"wp-video-shortcode\" id=\"video-2634-1\" preload=\"metadata\" controls=\"controls\"><source type=\"video\/youtube\" src=\"https:\/\/www.youtube.com\/watch?v=nETm9Plu5R8&#038;index=2&#038;list=PLSbCr4Q7oabk9b5veXCPg_K5n3awkCv5C&#038;_=1\" \/><a href=\"https:\/\/www.youtube.com\/watch?v=nETm9Plu5R8&#038;index=2&#038;list=PLSbCr4Q7oabk9b5veXCPg_K5n3awkCv5C\">https:\/\/www.youtube.com\/watch?v=nETm9Plu5R8&#038;index=2&#038;list=PLSbCr4Q7oabk9b5veXCPg_K5n3awkCv5C<\/a><\/video><\/div><\/div><\/div><\/div><div id=\"pgc-2634-1-3\"  class=\"panel-grid-cell panel-grid-cell-empty\" ><\/div><\/div><\/div><\/div>","protected":false},"excerpt":{"rendered":"<p>Resultados de la Encuesta ANUIES-TIC 2018 Dr. Carlos Franco Reboreda Director de la Divisi\u00f3n de Ingenier\u00edas e Innovaci\u00f3n Tecnol\u00f3gica &#8211; Universidad de [&hellip;]<\/p>\n","protected":false},"author":1,"featured_media":0,"parent":0,"menu_order":0,"comment_status":"closed","ping_status":"closed","template":"","meta":{"ngg_post_thumbnail":0,"footnotes":""},"class_list":["post-2634","page","type-page","status-publish","hentry"],"_links":{"self":[{"href":"https:\/\/encuentro-tic.anuies.mx\/2018\/wp-json\/wp\/v2\/pages\/2634","targetHints":{"allow":["GET"]}}],"collection":[{"href":"https:\/\/encuentro-tic.anuies.mx\/2018\/wp-json\/wp\/v2\/pages"}],"about":[{"href":"https:\/\/encuentro-tic.anuies.mx\/2018\/wp-json\/wp\/v2\/types\/page"}],"author":[{"embeddable":true,"href":"https:\/\/encuentro-tic.anuies.mx\/2018\/wp-json\/wp\/v2\/users\/1"}],"replies":[{"embeddable":true,"href":"https:\/\/encuentro-tic.anuies.mx\/2018\/wp-json\/wp\/v2\/comments?post=2634"}],"version-history":[{"count":25,"href":"https:\/\/encuentro-tic.anuies.mx\/2018\/wp-json\/wp\/v2\/pages\/2634\/revisions"}],"predecessor-version":[{"id":3126,"href":"https:\/\/encuentro-tic.anuies.mx\/2018\/wp-json\/wp\/v2\/pages\/2634\/revisions\/3126"}],"wp:attachment":[{"href":"https:\/\/encuentro-tic.anuies.mx\/2018\/wp-json\/wp\/v2\/media?parent=2634"}],"curies":[{"name":"wp","href":"https:\/\/api.w.org\/{rel}","templated":true}]}}