{"id":2631,"date":"2018-10-26T13:00:07","date_gmt":"2018-10-26T19:00:07","guid":{"rendered":"https:\/\/encuentro-tic.anuies.mx\/2018\/?page_id=2631"},"modified":"2018-11-14T14:40:18","modified_gmt":"2018-11-14T20:40:18","slug":"simplicity-el-poder-de-la-gestion-en-la-nube","status":"publish","type":"page","link":"https:\/\/encuentro-tic.anuies.mx\/2018\/simplicity-el-poder-de-la-gestion-en-la-nube\/","title":{"rendered":"SimplicITy: El poder de la gesti\u00f3n en la nube"},"content":{"rendered":"<div id=\"pl-2631\"  class=\"panel-layout\" ><div id=\"pg-2631-0\"  class=\"panel-grid panel-has-style\" ><div class=\"siteorigin-panels-stretch panel-row-style panel-row-style-for-2631-0\" style=\"padding: 100px 0; \" data-stretch-type=\"full-stretched-padded\" data-overlay=\"true\" data-overlay-color=\"#000000\" ><div id=\"pgc-2631-0-0\"  class=\"panel-grid-cell panel-grid-cell-empty\" ><\/div><div id=\"pgc-2631-0-1\"  class=\"panel-grid-cell\" ><div id=\"panel-2631-0-1-0\" class=\"so-panel widget widget_media_image panel-first-child panel-last-child\" data-index=\"0\" ><div style=\"text-align: left;\" data-title-color=\"#443f3f\" data-headings-color=\"#443f3f\" class=\"panel-widget-style panel-widget-style-for-2631-0-1-0\" ><img loading=\"lazy\" decoding=\"async\" width=\"546\" height=\"674\" src=\"https:\/\/encuentro-tic.anuies.mx\/ctrl-content\/uploads\/sites\/3\/2018\/10\/seva.jpg\" class=\"image wp-image-2683  attachment-full size-full\" alt=\"\" style=\"max-width: 100%; height: auto;\" srcset=\"https:\/\/encuentro-tic.anuies.mx\/ctrl-content\/uploads\/sites\/3\/2018\/10\/seva.jpg 546w, https:\/\/encuentro-tic.anuies.mx\/ctrl-content\/uploads\/sites\/3\/2018\/10\/seva-243x300.jpg 243w, https:\/\/encuentro-tic.anuies.mx\/ctrl-content\/uploads\/sites\/3\/2018\/10\/seva-230x284.jpg 230w, https:\/\/encuentro-tic.anuies.mx\/ctrl-content\/uploads\/sites\/3\/2018\/10\/seva-350x432.jpg 350w, https:\/\/encuentro-tic.anuies.mx\/ctrl-content\/uploads\/sites\/3\/2018\/10\/seva-480x593.jpg 480w\" sizes=\"auto, (max-width: 546px) 100vw, 546px\" \/><\/div><\/div><\/div><div id=\"pgc-2631-0-2\"  class=\"panel-grid-cell\" ><div id=\"panel-2631-0-2-0\" class=\"so-panel widget widget_sow-editor panel-first-child\" data-index=\"1\" ><div style=\"text-align: left;\" data-title-color=\"#443f3f\" data-headings-color=\"#443f3f\" class=\"panel-widget-style panel-widget-style-for-2631-0-2-0\" ><div\n\t\t\t\n\t\t\tclass=\"so-widget-sow-editor so-widget-sow-editor-base\"\n\t\t\t\n\t\t>\n<div class=\"siteorigin-widget-tinymce textwidget\">\n\t<p><strong>SimplicITy: El poder de la gesti\u00f3n en la nube<\/strong><\/p>\n<p><strong>Mtro. Angel Juan y Seva<\/strong><br \/>\nEspecialista en tecnolog\u00eda Cisco Meraki<\/p>\n<\/div>\n<\/div><\/div><\/div><div id=\"panel-2631-0-2-1\" class=\"so-panel widget widget_sow-editor panel-last-child\" data-index=\"2\" ><div style=\"text-align: left;\" data-title-color=\"#443f3f\" data-headings-color=\"#443f3f\" class=\"panel-widget-style panel-widget-style-for-2631-0-2-1\" ><div\n\t\t\t\n\t\t\tclass=\"so-widget-sow-editor so-widget-sow-editor-base\"\n\t\t\t\n\t\t>\n<div class=\"siteorigin-widget-tinymce textwidget\">\n\t<p><a href=\"https:\/\/encuentro-tic.anuies.mx\/wp-content\/uploads\/2018\/10\/4-04-SimplicITy_ANUIES-TICs.pdf\" target=\"_blank\" rel=\"noopener\"><img loading=\"lazy\" decoding=\"async\" class=\"aligncenter wp-image-2453\" src=\"https:\/\/encuentro-tic.anuies.mx\/wp-content\/uploads\/2018\/10\/pdf-icon.jpg\" alt=\"\" width=\"92\" height=\"92\" srcset=\"https:\/\/encuentro-tic.anuies.mx\/ctrl-content\/uploads\/sites\/3\/2018\/10\/pdf-icon.jpg 256w, https:\/\/encuentro-tic.anuies.mx\/ctrl-content\/uploads\/sites\/3\/2018\/10\/pdf-icon-150x150.jpg 150w, https:\/\/encuentro-tic.anuies.mx\/ctrl-content\/uploads\/sites\/3\/2018\/10\/pdf-icon-230x230.jpg 230w\" sizes=\"auto, (max-width: 92px) 100vw, 92px\" \/><\/a><\/p>\n<\/div>\n<\/div><\/div><\/div><\/div><div id=\"pgc-2631-0-3\"  class=\"panel-grid-cell panel-grid-cell-mobile-last\" ><div id=\"panel-2631-0-3-0\" class=\"so-panel widget widget_sow-editor panel-first-child panel-last-child\" data-index=\"3\" ><div style=\"text-align: left;\" data-title-color=\"#443f3f\" data-headings-color=\"#443f3f\" class=\"panel-widget-style panel-widget-style-for-2631-0-3-0\" ><div\n\t\t\t\n\t\t\tclass=\"so-widget-sow-editor so-widget-sow-editor-base\"\n\t\t\t\n\t\t>\n<div class=\"siteorigin-widget-tinymce textwidget\">\n\t<p>La importancia de simplificar tecnolog\u00eda a trav\u00e9s de la gesti\u00f3n en la nube. Se expone como la movilidad y simplicidad en el uso de la tecnolog\u00eda ayuda a provechar la misma.<\/p>\n<p>La simplicidad tiene como objetivo liberar el tiempo para que las personas expertas en tecnolog\u00eda aprovechen ese tiempo para dise\u00f1ar m\u00e1s y mejores servicios para su instituci\u00f3n.<\/p>\n<p>Menciona seis conceptos importantes cuando se habla de la gesti\u00f3n de tecnolog\u00eda en la nube:<\/p>\n<ul>\n<li>Simplicidad<\/li>\n<li>Capacidad<\/li>\n<li>Disponibilidad<\/li>\n<li>Visibilidad<\/li>\n<li>Seguridad<\/li>\n<li>Programabilidad<\/li>\n<\/ul>\n<\/div>\n<\/div><\/div><\/div><\/div><div id=\"pgc-2631-0-4\"  class=\"panel-grid-cell panel-grid-cell-empty\" ><\/div><\/div><\/div><div id=\"pg-2631-1\"  class=\"panel-grid panel-has-style\" ><div class=\"siteorigin-panels-stretch panel-row-style panel-row-style-for-2631-1\" style=\"padding: 60px 0; \" data-stretch-type=\"full-stretched\" data-overlay=\"true\" data-overlay-color=\"#000000\" ><div id=\"pgc-2631-1-0\"  class=\"panel-grid-cell panel-grid-cell-empty\" ><\/div><div id=\"pgc-2631-1-1\"  class=\"panel-grid-cell\" ><div id=\"panel-2631-1-1-0\" class=\"so-panel widget widget_sow-editor panel-first-child panel-last-child\" data-index=\"4\" ><div style=\"text-align: left;\" data-title-color=\"#443f3f\" data-headings-color=\"#443f3f\" class=\"panel-widget-style panel-widget-style-for-2631-1-1-0\" ><div\n\t\t\t\n\t\t\tclass=\"so-widget-sow-editor so-widget-sow-editor-base\"\n\t\t\t\n\t\t>\n<div class=\"siteorigin-widget-tinymce textwidget\">\n\t<a href=\"https:\/\/encuentro-tic.anuies.mx\/wp-content\/uploads\/2018\/10\/4-04-SimplicITy_ANUIES-TICs.pdf\" class=\"pdfemb-viewer\" style=\"\" data-width=\"max\" data-height=\"max\" data-toolbar=\"bottom\" data-toolbar-fixed=\"off\">4-04-SimplicITy_ANUIES-TICs<\/a>\n<\/div>\n<\/div><\/div><\/div><\/div><div id=\"pgc-2631-1-2\"  class=\"panel-grid-cell panel-grid-cell-mobile-last\" ><div id=\"panel-2631-1-2-0\" class=\"so-panel widget widget_media_video panel-first-child panel-last-child\" data-index=\"5\" ><div style=\"text-align: left;\" data-title-color=\"#443f3f\" data-headings-color=\"#443f3f\" class=\"panel-widget-style panel-widget-style-for-2631-1-2-0\" ><div style=\"width:100%;\" class=\"wp-video\"><!--[if lt IE 9]><script>document.createElement('video');<\/script><![endif]-->\n<video class=\"wp-video-shortcode\" id=\"video-2631-1\" preload=\"metadata\" controls=\"controls\"><source type=\"video\/youtube\" src=\"https:\/\/www.youtube.com\/watch?v=FyFrmhTkeik&#038;list=PLSbCr4Q7oabk9b5veXCPg_K5n3awkCv5C&#038;index=1&#038;_=1\" \/><a href=\"https:\/\/www.youtube.com\/watch?v=FyFrmhTkeik&#038;list=PLSbCr4Q7oabk9b5veXCPg_K5n3awkCv5C&#038;index=1\">https:\/\/www.youtube.com\/watch?v=FyFrmhTkeik&#038;list=PLSbCr4Q7oabk9b5veXCPg_K5n3awkCv5C&#038;index=1<\/a><\/video><\/div><\/div><\/div><\/div><div id=\"pgc-2631-1-3\"  class=\"panel-grid-cell panel-grid-cell-empty\" ><\/div><\/div><\/div><\/div>","protected":false},"excerpt":{"rendered":"<p>SimplicITy: El poder de la gesti\u00f3n en la nube Mtro. Angel Juan y Seva Especialista en tecnolog\u00eda Cisco Meraki La importancia de [&hellip;]<\/p>\n","protected":false},"author":1,"featured_media":0,"parent":0,"menu_order":0,"comment_status":"closed","ping_status":"closed","template":"","meta":{"ngg_post_thumbnail":0,"footnotes":""},"class_list":["post-2631","page","type-page","status-publish","hentry"],"_links":{"self":[{"href":"https:\/\/encuentro-tic.anuies.mx\/2018\/wp-json\/wp\/v2\/pages\/2631","targetHints":{"allow":["GET"]}}],"collection":[{"href":"https:\/\/encuentro-tic.anuies.mx\/2018\/wp-json\/wp\/v2\/pages"}],"about":[{"href":"https:\/\/encuentro-tic.anuies.mx\/2018\/wp-json\/wp\/v2\/types\/page"}],"author":[{"embeddable":true,"href":"https:\/\/encuentro-tic.anuies.mx\/2018\/wp-json\/wp\/v2\/users\/1"}],"replies":[{"embeddable":true,"href":"https:\/\/encuentro-tic.anuies.mx\/2018\/wp-json\/wp\/v2\/comments?post=2631"}],"version-history":[{"count":10,"href":"https:\/\/encuentro-tic.anuies.mx\/2018\/wp-json\/wp\/v2\/pages\/2631\/revisions"}],"predecessor-version":[{"id":3049,"href":"https:\/\/encuentro-tic.anuies.mx\/2018\/wp-json\/wp\/v2\/pages\/2631\/revisions\/3049"}],"wp:attachment":[{"href":"https:\/\/encuentro-tic.anuies.mx\/2018\/wp-json\/wp\/v2\/media?parent=2631"}],"curies":[{"name":"wp","href":"https:\/\/api.w.org\/{rel}","templated":true}]}}