{"id":2628,"date":"2018-10-26T12:58:56","date_gmt":"2018-10-26T18:58:56","guid":{"rendered":"https:\/\/encuentro-tic.anuies.mx\/2018\/?page_id=2628"},"modified":"2024-12-06T07:33:01","modified_gmt":"2024-12-06T13:33:01","slug":"experiencias_de_colaboracion_internacional","status":"publish","type":"page","link":"https:\/\/encuentro-tic.anuies.mx\/2018\/experiencias_de_colaboracion_internacional\/","title":{"rendered":"Panel: Experiencias de colaboraci\u00f3n internacional"},"content":{"rendered":"<div id=\"pl-2628\"  class=\"panel-layout\" ><div id=\"pg-2628-0\"  class=\"panel-grid panel-has-style\" ><div class=\"siteorigin-panels-stretch panel-row-style panel-row-style-for-2628-0\" style=\"padding: 100px 0; \" data-stretch-type=\"full-width-stretch\" data-overlay=\"true\" data-overlay-color=\"#000000\" ><div id=\"pgc-2628-0-0\"  class=\"panel-grid-cell panel-grid-cell-empty\" ><\/div><div id=\"pgc-2628-0-1\"  class=\"panel-grid-cell\" ><div id=\"panel-2628-0-1-0\" class=\"so-panel widget widget_media_image panel-first-child panel-last-child\" data-index=\"0\" ><div style=\"text-align: left;\" data-title-color=\"#443f3f\" data-headings-color=\"#443f3f\" class=\"panel-widget-style panel-widget-style-for-2628-0-1-0\" ><img loading=\"lazy\" decoding=\"async\" width=\"1200\" height=\"800\" src=\"https:\/\/encuentro-tic.anuies.mx\/ctrl-content\/uploads\/sites\/3\/2018\/10\/DSC_0373.jpg\" class=\"image wp-image-2680  attachment-full size-full\" alt=\"\" style=\"max-width: 100%; height: auto;\" srcset=\"https:\/\/encuentro-tic.anuies.mx\/ctrl-content\/uploads\/sites\/3\/2018\/10\/DSC_0373.jpg 1200w, https:\/\/encuentro-tic.anuies.mx\/ctrl-content\/uploads\/sites\/3\/2018\/10\/DSC_0373-300x200.jpg 300w, https:\/\/encuentro-tic.anuies.mx\/ctrl-content\/uploads\/sites\/3\/2018\/10\/DSC_0373-768x512.jpg 768w, https:\/\/encuentro-tic.anuies.mx\/ctrl-content\/uploads\/sites\/3\/2018\/10\/DSC_0373-1024x683.jpg 1024w, https:\/\/encuentro-tic.anuies.mx\/ctrl-content\/uploads\/sites\/3\/2018\/10\/DSC_0373-830x553.jpg 830w, https:\/\/encuentro-tic.anuies.mx\/ctrl-content\/uploads\/sites\/3\/2018\/10\/DSC_0373-230x153.jpg 230w, https:\/\/encuentro-tic.anuies.mx\/ctrl-content\/uploads\/sites\/3\/2018\/10\/DSC_0373-350x233.jpg 350w, https:\/\/encuentro-tic.anuies.mx\/ctrl-content\/uploads\/sites\/3\/2018\/10\/DSC_0373-480x320.jpg 480w, https:\/\/encuentro-tic.anuies.mx\/ctrl-content\/uploads\/sites\/3\/2018\/10\/DSC_0373-272x182.jpg 272w\" sizes=\"auto, (max-width: 1200px) 100vw, 1200px\" \/><\/div><\/div><\/div><div id=\"pgc-2628-0-2\"  class=\"panel-grid-cell\" ><div id=\"panel-2628-0-2-0\" class=\"so-panel widget widget_sow-editor panel-first-child\" data-index=\"1\" ><div style=\"text-align: left;\" data-title-color=\"#443f3f\" data-headings-color=\"#443f3f\" class=\"panel-widget-style panel-widget-style-for-2628-0-2-0\" ><div\n\t\t\t\n\t\t\tclass=\"so-widget-sow-editor so-widget-sow-editor-base\"\n\t\t\t\n\t\t>\n<div class=\"siteorigin-widget-tinymce textwidget\">\n\t<p><strong>Panel: Experiencias de colaboraci\u00f3n internacional<\/strong><\/p>\n<p><em><strong>Moderador:<\/strong><\/em><br \/>\n<strong>Ing. Rodrigo Moreno Ibarra<\/strong><br \/>\nDirector General Adjunto. Universia M\u00e9xico<\/p>\n<p><em><strong>Panelistas:<\/strong><\/em><br \/>\n<strong>Tomas Jim\u00e9nez Garc\u00eda<\/strong><br \/>\nDirector de Inform\u00e1tica, Universidad de Murcia<br \/>\nSecretario Ejecutivo de la CRUE-TIC (CRUE Universidades Espa\u00f1olas)<br \/>\nUniversia Holding, Director de Proyecto Metared<br \/>\n<strong>Javier de Andr\u00e9s Rivero<\/strong><br \/>\nDirector del Centro de Innovaci\u00f3n Digital y Director General de TICARUM, Universidad de Murcia, Espa\u00f1a.<br \/>\n<strong>Luis Hern\u00e1ndez Y\u00e1\u00f1ez<\/strong><br \/>\nVicerrector de TIC, Universidad Complutense de Madrid, Espa\u00f1a<\/p>\n<\/div>\n<\/div><\/div><\/div><div id=\"panel-2628-0-2-1\" class=\"so-panel widget widget_sow-editor panel-last-child\" data-index=\"2\" ><div style=\"text-align: left;\" data-title-color=\"#443f3f\" data-headings-color=\"#443f3f\" class=\"panel-widget-style panel-widget-style-for-2628-0-2-1\" ><div\n\t\t\t\n\t\t\tclass=\"so-widget-sow-editor so-widget-sow-editor-base\"\n\t\t\t\n\t\t>\n<div class=\"siteorigin-widget-tinymce textwidget\">\n\t<p><a href=\"https:\/\/encuentro-tic.anuies.mx\/ctrl-content\/uploads\/sites\/3\/2018\/10\/4-04-ANUIES-TIC-Metared.pdf\" target=\"_blank\" rel=\"noopener\"><img loading=\"lazy\" decoding=\"async\" class=\"aligncenter wp-image-2453\" src=\"https:\/\/encuentro-tic.anuies.mx\/wp-content\/uploads\/2018\/10\/pdf-icon.jpg\" alt=\"\" width=\"92\" height=\"92\" srcset=\"https:\/\/encuentro-tic.anuies.mx\/ctrl-content\/uploads\/sites\/3\/2018\/10\/pdf-icon.jpg 256w, https:\/\/encuentro-tic.anuies.mx\/ctrl-content\/uploads\/sites\/3\/2018\/10\/pdf-icon-150x150.jpg 150w, https:\/\/encuentro-tic.anuies.mx\/ctrl-content\/uploads\/sites\/3\/2018\/10\/pdf-icon-230x230.jpg 230w\" sizes=\"auto, (max-width: 92px) 100vw, 92px\" \/><\/a><\/p>\n<\/div>\n<\/div><\/div><\/div><\/div><div id=\"pgc-2628-0-3\"  class=\"panel-grid-cell panel-grid-cell-mobile-last\" ><div id=\"panel-2628-0-3-0\" class=\"so-panel widget widget_sow-editor panel-first-child panel-last-child\" data-index=\"3\" ><div style=\"text-align: left;\" data-title-color=\"#443f3f\" data-headings-color=\"#443f3f\" class=\"panel-widget-style panel-widget-style-for-2628-0-3-0\" ><div\n\t\t\t\n\t\t\tclass=\"so-widget-sow-editor so-widget-sow-editor-base\"\n\t\t\t\n\t\t>\n<div class=\"siteorigin-widget-tinymce textwidget\">\n\t<p style=\"text-align: justify;\">MetaRed es un proyecto colaborativo que conforma una red de responsables de Tecnolog\u00edas de la Informaci\u00f3n (TI) de Universidades Iberoamericanas con el objetivo de compartir mejores pr\u00e1cticas, casos de \u00e9xito y realizar desarrollos tecnol\u00f3gicos colaborativos.<\/p>\n<p style=\"text-align: justify;\">La ineludible Transformaci\u00f3n Digital de las Universidades, afecta a todas sus \u00e1reas de actuaci\u00f3n y resulta tremendamente compleja como para ser abordada de manera individual por cada universidad, en cada pa\u00eds. MetaRed ayuda en esta transformaci\u00f3n, compartiendo esfuerzos y aportando las mejores pr\u00e1cticas de los diferentes pa\u00edses. B\u00e1sicamente Metared cuenta con Grupos de Trabajo homog\u00e9neos en cada pa\u00eds, posibilitando donde sea posible, exportar las mejores pr\u00e1cticas entre los distintos pa\u00edses de la Red.<\/p>\n<p style=\"text-align: justify;\">Se expuso de manera concreta Proyectos destacados a Nivel internacional como son:<\/p>\n<ul style=\"text-align: justify;\">\n<li>MetaRed Chile-Grupo de Trabajo de Relaci\u00f3n con proveedores<\/li>\n<li>MetaRed Chile- Formaci\u00f3n conjunta en Gobierno de TI<\/li>\n<li>MetaRed Argentina\/Chile- Estudios de indicadores<\/li>\n<li>HERCULES- Sistema de Gesti\u00f3n de la Investigaci\u00f3n<\/li>\n<li>App CRUE<\/li>\n<\/ul>\n<p style=\"text-align: justify;\">En Formaci\u00f3n conjunta especializada se realizan cursos como:<\/p>\n<ul>\n<li style=\"text-align: justify;\">Auditoria tecnol\u00f3gica de seguridad<\/li>\n<li>Experto en direcci\u00f3n de servicios TI de universidades<\/li>\n<li>Seguridad en aplicaciones web para universidades<\/li>\n<\/ul>\n<p>Se habl\u00f3 del Grupo de Trabajo CRUE-TIC de Administraci\u00f3n Electr\u00f3nica, Seguridad y Auditoria de TI con la finalidad de observar el tipo de actividades que realiza y su forma de organizaci\u00f3n.<\/p>\n<p>En una segunda parte los Panelistas nos han dado su punto de vista a las siguientes preguntas realizadas:<\/p>\n<ul>\n<li>\u00bfEs posible hablar de acciones de compra conjunta a nivel global en el corto o mediano plazo?<\/li>\n<li>\u00bfHay experiencias reales de ejercicios de desarrollo de software de manera conjunta en el entorno de MetaRed entre Universidades que pertenecen a este proyecto?<\/li>\n<li>\u00bfDesde el Centro de innovaci\u00f3n Digital se est\u00e1 participando en alg\u00fan proyecto colaborativo?<\/li>\n<\/ul>\n<\/div>\n<\/div><\/div><\/div><\/div><div id=\"pgc-2628-0-4\"  class=\"panel-grid-cell panel-grid-cell-empty\" ><\/div><\/div><\/div><div id=\"pg-2628-1\"  class=\"panel-grid panel-has-style\" ><div class=\"siteorigin-panels-stretch panel-row-style panel-row-style-for-2628-1\" style=\"padding: 60px 0; \" data-stretch-type=\"full-width-stretch\" data-overlay=\"true\" data-overlay-color=\"#000000\" ><div id=\"pgc-2628-1-0\"  class=\"panel-grid-cell panel-grid-cell-empty\" ><\/div><div id=\"pgc-2628-1-1\"  class=\"panel-grid-cell\" ><div id=\"panel-2628-1-1-0\" class=\"so-panel widget widget_sow-editor panel-first-child panel-last-child\" data-index=\"4\" ><div style=\"text-align: left;\" data-title-color=\"#443f3f\" data-headings-color=\"#443f3f\" class=\"panel-widget-style panel-widget-style-for-2628-1-1-0\" ><div\n\t\t\t\n\t\t\tclass=\"so-widget-sow-editor so-widget-sow-editor-base\"\n\t\t\t\n\t\t>\n<div class=\"siteorigin-widget-tinymce textwidget\">\n\t<!-- PDF Embedder: Please provide an \"URL\" attribute in your shortcode. -->\n<\/div>\n<\/div><\/div><\/div><\/div><div id=\"pgc-2628-1-2\"  class=\"panel-grid-cell panel-grid-cell-mobile-last\" ><div id=\"panel-2628-1-2-0\" class=\"so-panel widget widget_media_video panel-first-child panel-last-child\" data-index=\"5\" ><div style=\"text-align: left;\" data-title-color=\"#443f3f\" data-headings-color=\"#443f3f\" class=\"panel-widget-style panel-widget-style-for-2628-1-2-0\" ><div style=\"width:100%;\" class=\"wp-video\"><!--[if lt IE 9]><script>document.createElement('video');<\/script><![endif]-->\n<video class=\"wp-video-shortcode\" id=\"video-2628-1\" preload=\"metadata\" controls=\"controls\"><source type=\"video\/youtube\" src=\"https:\/\/www.youtube.com\/watch?v=SR-99Ew5rdg&#038;list=PLSbCr4Q7oabmul_euXrnqjl3CE1l4ZfrQ&#038;index=1&#038;_=1\" \/><a href=\"https:\/\/www.youtube.com\/watch?v=SR-99Ew5rdg&#038;list=PLSbCr4Q7oabmul_euXrnqjl3CE1l4ZfrQ&#038;index=1\">https:\/\/www.youtube.com\/watch?v=SR-99Ew5rdg&#038;list=PLSbCr4Q7oabmul_euXrnqjl3CE1l4ZfrQ&#038;index=1<\/a><\/video><\/div><\/div><\/div><\/div><div id=\"pgc-2628-1-3\"  class=\"panel-grid-cell panel-grid-cell-empty\" ><\/div><\/div><\/div><\/div>","protected":false},"excerpt":{"rendered":"<p>Panel: Experiencias de colaboraci\u00f3n internacional Moderador: Ing. Rodrigo Moreno Ibarra Director General Adjunto. Universia M\u00e9xico Panelistas: Tomas Jim\u00e9nez Garc\u00eda Director de Inform\u00e1tica, [&hellip;]<\/p>\n","protected":false},"author":1,"featured_media":0,"parent":0,"menu_order":0,"comment_status":"closed","ping_status":"closed","template":"","meta":{"ngg_post_thumbnail":0,"footnotes":""},"class_list":["post-2628","page","type-page","status-publish","hentry"],"_links":{"self":[{"href":"https:\/\/encuentro-tic.anuies.mx\/2018\/wp-json\/wp\/v2\/pages\/2628","targetHints":{"allow":["GET"]}}],"collection":[{"href":"https:\/\/encuentro-tic.anuies.mx\/2018\/wp-json\/wp\/v2\/pages"}],"about":[{"href":"https:\/\/encuentro-tic.anuies.mx\/2018\/wp-json\/wp\/v2\/types\/page"}],"author":[{"embeddable":true,"href":"https:\/\/encuentro-tic.anuies.mx\/2018\/wp-json\/wp\/v2\/users\/1"}],"replies":[{"embeddable":true,"href":"https:\/\/encuentro-tic.anuies.mx\/2018\/wp-json\/wp\/v2\/comments?post=2628"}],"version-history":[{"count":14,"href":"https:\/\/encuentro-tic.anuies.mx\/2018\/wp-json\/wp\/v2\/pages\/2628\/revisions"}],"predecessor-version":[{"id":3138,"href":"https:\/\/encuentro-tic.anuies.mx\/2018\/wp-json\/wp\/v2\/pages\/2628\/revisions\/3138"}],"wp:attachment":[{"href":"https:\/\/encuentro-tic.anuies.mx\/2018\/wp-json\/wp\/v2\/media?parent=2628"}],"curies":[{"name":"wp","href":"https:\/\/api.w.org\/{rel}","templated":true}]}}