{"id":1915,"date":"2018-06-05T09:30:45","date_gmt":"2018-06-05T15:30:45","guid":{"rendered":"https:\/\/encuentro-tic.anuies.mx\/2018\/?page_id=1915"},"modified":"2018-06-05T09:47:36","modified_gmt":"2018-06-05T15:47:36","slug":"comite-anuies-tic","status":"publish","type":"page","link":"https:\/\/encuentro-tic.anuies.mx\/2018\/comite-anuies-tic\/","title":{"rendered":"Comit\u00e9 ANUIES-TIC"},"content":{"rendered":"<div id=\"pl-1915\"  class=\"panel-layout\" ><div id=\"pg-1915-0\"  class=\"panel-grid panel-has-style\" ><div style=\"padding: 100px 0; \" data-overlay=\"true\" data-overlay-color=\"#000000\" class=\"panel-row-style panel-row-style-for-1915-0\" ><div id=\"pgc-1915-0-0\"  class=\"panel-grid-cell\" ><div id=\"panel-1915-0-0-0\" class=\"so-panel widget widget_sow-editor panel-first-child panel-last-child\" data-index=\"0\" ><div style=\"text-align: left;\" data-title-color=\"#443f3f\" data-headings-color=\"#443f3f\" class=\"panel-widget-style panel-widget-style-for-1915-0-0-0\" ><div\n\t\t\t\n\t\t\tclass=\"so-widget-sow-editor so-widget-sow-editor-base\"\n\t\t\t\n\t\t>\n<div class=\"siteorigin-widget-tinymce textwidget\">\n\t<p>[Best_Wordpress_Gallery id=\"27\" gal_title=\"comit\u00e9\"]<\/p>\n<\/div>\n<\/div><\/div><\/div><\/div><div id=\"pgc-1915-0-1\"  class=\"panel-grid-cell\" ><div id=\"panel-1915-0-1-0\" class=\"so-panel widget widget_sow-editor panel-first-child panel-last-child\" data-index=\"1\" ><div style=\"text-align: left;\" data-title-color=\"#443f3f\" data-headings-color=\"#443f3f\" class=\"panel-widget-style panel-widget-style-for-1915-0-1-0\" ><div\n\t\t\t\n\t\t\tclass=\"so-widget-sow-editor so-widget-sow-editor-base\"\n\t\t\t\n\t\t>\n<div class=\"siteorigin-widget-tinymce textwidget\">\n\t<p style=\"color: #81354f; font-size: 22px;\"><strong>\u00bf<span style=\"font-size: 14pt;\">Qu\u00e9 es ANUIES-TIC<\/span>?<\/strong><\/p>\n<p style=\"text-align: justify;\"><span style=\"font-size: 14pt;\">El comit\u00e9 de Tecnolog\u00edas de la Informaci\u00f3n y Comunicaciones (TIC) de la ANUIES, o ANUIES-TIC es un \u00f3rgano para la participaci\u00f3n y coordinaci\u00f3n entre las Instituciones de Educaci\u00f3n Superior asociadas a la ANUIES que asesora y promueve las mejores pr\u00e1cticas para el uso y aprovechamiento de las TIC.<\/span><\/p>\n<p>&nbsp;<\/p>\n<p style=\"color: #81354f; font-size: 22px;\"><strong><span style=\"font-size: 14pt;\">Ejes estrat\u00e9gicos<\/span><\/strong><\/p>\n<p style=\"text-align: justify;\"><span style=\"font-size: 14pt;\">El Comit\u00e9 ANUIES-TIC ha priorizado como ejes principales las siguientes tem\u00e1ticas como \u00e1reas de oportunidad:<\/span><\/p>\n<p style=\"text-align: justify;\"><span style=\"font-size: 14pt;\">1. Gobierno de Tecnolog\u00edas de la Informaci\u00f3n y Comunicaciones<\/span><br \/>\n<span style=\"font-size: 14pt;\"> 2. Seguridad de la Informaci\u00f3n<\/span><br \/>\n<span style=\"font-size: 14pt;\"> 3. Gesti\u00f3n Interinstitucional con proveedores y prestadores de servicios de TI<\/span><\/p>\n<\/div>\n<\/div><\/div><\/div><\/div><\/div><\/div><\/div>","protected":false},"excerpt":{"rendered":"<p>[Best_Wordpress_Gallery id=&#8221;27&#8243; gal_title=&#8221;comit\u00e9&#8221;] \u00bfQu\u00e9 es ANUIES-TIC? El comit\u00e9 de Tecnolog\u00edas de la Informaci\u00f3n y Comunicaciones (TIC) de la ANUIES, o ANUIES-TIC es [&hellip;]<\/p>\n","protected":false},"author":1,"featured_media":0,"parent":0,"menu_order":0,"comment_status":"closed","ping_status":"closed","template":"","meta":{"ngg_post_thumbnail":0,"footnotes":""},"class_list":["post-1915","page","type-page","status-publish","hentry"],"_links":{"self":[{"href":"https:\/\/encuentro-tic.anuies.mx\/2018\/wp-json\/wp\/v2\/pages\/1915","targetHints":{"allow":["GET"]}}],"collection":[{"href":"https:\/\/encuentro-tic.anuies.mx\/2018\/wp-json\/wp\/v2\/pages"}],"about":[{"href":"https:\/\/encuentro-tic.anuies.mx\/2018\/wp-json\/wp\/v2\/types\/page"}],"author":[{"embeddable":true,"href":"https:\/\/encuentro-tic.anuies.mx\/2018\/wp-json\/wp\/v2\/users\/1"}],"replies":[{"embeddable":true,"href":"https:\/\/encuentro-tic.anuies.mx\/2018\/wp-json\/wp\/v2\/comments?post=1915"}],"version-history":[{"count":12,"href":"https:\/\/encuentro-tic.anuies.mx\/2018\/wp-json\/wp\/v2\/pages\/1915\/revisions"}],"predecessor-version":[{"id":1930,"href":"https:\/\/encuentro-tic.anuies.mx\/2018\/wp-json\/wp\/v2\/pages\/1915\/revisions\/1930"}],"wp:attachment":[{"href":"https:\/\/encuentro-tic.anuies.mx\/2018\/wp-json\/wp\/v2\/media?parent=1915"}],"curies":[{"name":"wp","href":"https:\/\/api.w.org\/{rel}","templated":true}]}}