{"id":1490,"date":"2018-05-08T11:27:22","date_gmt":"2018-05-08T17:27:22","guid":{"rendered":"https:\/\/encuentro-tic.anuies.mx\/2018\/?page_id=1490"},"modified":"2018-06-28T07:41:17","modified_gmt":"2018-06-28T13:41:17","slug":"expo-anuies-tic","status":"publish","type":"page","link":"https:\/\/encuentro-tic.anuies.mx\/2018\/expo-anuies-tic\/","title":{"rendered":"Expo ANUIES-TIC"},"content":{"rendered":"<p>La\u00a0<strong>Expo ANUIES-TIC<\/strong>\u00a0se llevar\u00e1 a cabo en la Universidad de las Am\u00e9ricas Puebla (<strong>UDLAP<\/strong>), los d\u00edas jueves 4 y viernes 5 de Octubre del 2018. \u00a0Contar\u00e1 con stands distribuidos de acuerdo al nivel de patrocinio.<\/p>\n<p>Generar\u00e1 un espacio favorable para el acercamiento directo entre las Instituciones de Educaci\u00f3n Superior y los principales fabricantes y proveedores de servicios de TI. Reunir\u00e1 a las marcas m\u00e1s reconocidas en TIC y Educaci\u00f3n.<\/p>\n<p>[Best_Wordpress_Gallery id=&#8221;25&#8243; gal_title=&#8221;Expo&#8221;]<\/p>\n<p><a href=\"http:\/\/anuies-tic.anuies.mx\/web\/encuentro2017\/galeria-encuentro-anuies-tic-2016\/\" target=\"_blank\" rel=\"noopener\"><img loading=\"lazy\" decoding=\"async\" class=\"wp-image-1634 size-full aligncenter\" src=\"https:\/\/encuentro-tic.anuies.mx\/2018\/wp-content\/uploads\/sites\/3\/2018\/05\/ver-galeria_2016.png\" alt=\"\" width=\"147\" height=\"43\" \/><\/a><\/p>\n<p><a href=\"http:\/\/anuies-tic.anuies.mx\/web\/encuentro2017\/galeria\/\" target=\"_blank\" rel=\"noopener\"><img loading=\"lazy\" decoding=\"async\" class=\"wp-image-1635 size-full aligncenter\" src=\"https:\/\/encuentro-tic.anuies.mx\/2018\/wp-content\/uploads\/sites\/3\/2018\/05\/ver-galeria_2017.png\" alt=\"\" width=\"147\" height=\"43\" \/><\/a><\/p>\n<p>&nbsp;<\/p>\n<p>Se espera contar con la participaci\u00f3n de m\u00e1s de\u00a0<strong>500<\/strong>\u00a0asistentes representando a las principales Instituciones de Educaci\u00f3n Superior en M\u00e9xico.<\/p>\n<p>&nbsp;<\/p>\n","protected":false},"excerpt":{"rendered":"<p>La\u00a0Expo ANUIES-TIC\u00a0se llevar\u00e1 a cabo en la Universidad de las Am\u00e9ricas Puebla (UDLAP), los d\u00edas jueves 4 y viernes 5 de Octubre [&hellip;]<\/p>\n","protected":false},"author":1,"featured_media":0,"parent":0,"menu_order":0,"comment_status":"closed","ping_status":"closed","template":"page-templates\/page_fullwidth.php","meta":{"ngg_post_thumbnail":0,"footnotes":""},"class_list":["post-1490","page","type-page","status-publish","hentry"],"_links":{"self":[{"href":"https:\/\/encuentro-tic.anuies.mx\/2018\/wp-json\/wp\/v2\/pages\/1490","targetHints":{"allow":["GET"]}}],"collection":[{"href":"https:\/\/encuentro-tic.anuies.mx\/2018\/wp-json\/wp\/v2\/pages"}],"about":[{"href":"https:\/\/encuentro-tic.anuies.mx\/2018\/wp-json\/wp\/v2\/types\/page"}],"author":[{"embeddable":true,"href":"https:\/\/encuentro-tic.anuies.mx\/2018\/wp-json\/wp\/v2\/users\/1"}],"replies":[{"embeddable":true,"href":"https:\/\/encuentro-tic.anuies.mx\/2018\/wp-json\/wp\/v2\/comments?post=1490"}],"version-history":[{"count":17,"href":"https:\/\/encuentro-tic.anuies.mx\/2018\/wp-json\/wp\/v2\/pages\/1490\/revisions"}],"predecessor-version":[{"id":2010,"href":"https:\/\/encuentro-tic.anuies.mx\/2018\/wp-json\/wp\/v2\/pages\/1490\/revisions\/2010"}],"wp:attachment":[{"href":"https:\/\/encuentro-tic.anuies.mx\/2018\/wp-json\/wp\/v2\/media?parent=1490"}],"curies":[{"name":"wp","href":"https:\/\/api.w.org\/{rel}","templated":true}]}}