{"id":1133,"date":"2018-05-07T13:29:33","date_gmt":"2018-05-07T19:29:33","guid":{"rendered":"https:\/\/encuentro-tic.anuies.mx\/2018\/?page_id=1133"},"modified":"2018-06-28T07:30:08","modified_gmt":"2018-06-28T13:30:08","slug":"acerca3encuentro","status":"publish","type":"page","link":"https:\/\/encuentro-tic.anuies.mx\/2018\/acerca3encuentro\/","title":{"rendered":"Encuentro ANUIES-TIC 2018"},"content":{"rendered":"<div id=\"pl-1133\"  class=\"panel-layout\" ><div id=\"pg-1133-0\"  class=\"panel-grid panel-has-style\" ><div style=\"padding: 100px 0; \" data-overlay=\"true\" data-overlay-color=\"#000000\" class=\"panel-row-style panel-row-style-for-1133-0\" ><div id=\"pgc-1133-0-0\"  class=\"panel-grid-cell\" ><div id=\"panel-1133-0-0-0\" class=\"so-panel widget widget_sow-editor panel-first-child panel-last-child\" data-index=\"0\" ><div style=\"text-align: left;\" data-title-color=\"#443f3f\" data-headings-color=\"#443f3f\" class=\"panel-widget-style panel-widget-style-for-1133-0-0-0\" ><div\n\t\t\t\n\t\t\tclass=\"so-widget-sow-editor so-widget-sow-editor-base\"\n\t\t\t\n\t\t>\n<div class=\"siteorigin-widget-tinymce textwidget\">\n\t<p>[Best_Wordpress_Gallery id=\"17\" gal_title=\"cartel promocional 2\"]<\/p>\n<\/div>\n<\/div><\/div><\/div><\/div><div id=\"pgc-1133-0-1\"  class=\"panel-grid-cell\" ><div id=\"panel-1133-0-1-0\" class=\"so-panel widget widget_sow-editor panel-first-child panel-last-child\" data-index=\"1\" ><div style=\"text-align: left;\" data-title-color=\"#443f3f\" data-headings-color=\"#443f3f\" class=\"panel-widget-style panel-widget-style-for-1133-0-1-0\" ><div\n\t\t\t\n\t\t\tclass=\"so-widget-sow-editor so-widget-sow-editor-base\"\n\t\t\t\n\t\t>\n<div class=\"siteorigin-widget-tinymce textwidget\">\n\t<p style=\"color: #81354f; font-size: 22px;\"><strong>\u00bfQu\u00e9 es?<\/strong><\/p>\n<p style=\"text-align: justify;\">Es un evento organizado por la ANUIES en coordinaci\u00f3n con su Comit\u00e9 de Tecnolog\u00edas de la Informaci\u00f3n (ANUIES-TIC), el cual tiene como prop\u00f3sito establecer un <strong>espacio de contacto<\/strong>, convivencia e intercambio de experiencias entre los <strong>responsables de TIC <\/strong>de las Instituciones de Educaci\u00f3n Superior con <strong>especialistas <\/strong>en el \u00e1mbito, y con <strong>proveedores <\/strong>que puedan potencializar el uso y aprovechamiento de las TIC.<\/p>\n<p>&nbsp;<\/p>\n<p style=\"color: #81354f; font-size: 22px;\"><strong>\u00bfA qui\u00e9nes va dirigido?<\/strong><\/p>\n<ul>\n<li>Directores generales de TIC<\/li>\n<li>Coordinadores de TIC<\/li>\n<li>Gestores de TIC<\/li>\n<li>P\u00fablico general interesado en el \u00e1mbito de las TIC<\/li>\n<\/ul>\n<p>&nbsp;<\/p>\n<p style=\"color: #81354f; font-size: 22px;\"><strong>\u00bfCu\u00e1les son las actividades que se realizan?<\/strong><\/p>\n<ul>\n<li>Conferencias Magistrales<\/li>\n<li>Paneles de Expertos<\/li>\n<li>Talleres Especializados<\/li>\n<li>Exposici\u00f3n de proveedores<\/li>\n<\/ul>\n<p>&nbsp;<\/p>\n<p style=\"color: #81354f; font-size: 22px;\"><strong>\u00bfD\u00f3nde y cu\u00e1ndo se llevar\u00e1 a cabo?<\/strong><\/p>\n<p style=\"text-align: justify;\">El Encuentro ANUIES-TIC 2018 se llevar\u00e1 a cabo los d\u00edas 3, 4 y 5 de octubre de 2018 en la Universidad de las Am\u00e9ricas Puebla (UDLAP), en Cholula, Puebla.<\/p>\n<\/div>\n<\/div><\/div><\/div><\/div><\/div><\/div><\/div>","protected":false},"excerpt":{"rendered":"<p>[Best_Wordpress_Gallery id=&#8221;17&#8243; gal_title=&#8221;cartel promocional 2&#8243;] \u00bfQu\u00e9 es? Es un evento organizado por la ANUIES en coordinaci\u00f3n con su Comit\u00e9 de Tecnolog\u00edas de [&hellip;]<\/p>\n","protected":false},"author":1,"featured_media":0,"parent":0,"menu_order":0,"comment_status":"closed","ping_status":"closed","template":"page-templates\/page_fullwidth.php","meta":{"ngg_post_thumbnail":0,"footnotes":""},"class_list":["post-1133","page","type-page","status-publish","hentry"],"_links":{"self":[{"href":"https:\/\/encuentro-tic.anuies.mx\/2018\/wp-json\/wp\/v2\/pages\/1133","targetHints":{"allow":["GET"]}}],"collection":[{"href":"https:\/\/encuentro-tic.anuies.mx\/2018\/wp-json\/wp\/v2\/pages"}],"about":[{"href":"https:\/\/encuentro-tic.anuies.mx\/2018\/wp-json\/wp\/v2\/types\/page"}],"author":[{"embeddable":true,"href":"https:\/\/encuentro-tic.anuies.mx\/2018\/wp-json\/wp\/v2\/users\/1"}],"replies":[{"embeddable":true,"href":"https:\/\/encuentro-tic.anuies.mx\/2018\/wp-json\/wp\/v2\/comments?post=1133"}],"version-history":[{"count":111,"href":"https:\/\/encuentro-tic.anuies.mx\/2018\/wp-json\/wp\/v2\/pages\/1133\/revisions"}],"predecessor-version":[{"id":1998,"href":"https:\/\/encuentro-tic.anuies.mx\/2018\/wp-json\/wp\/v2\/pages\/1133\/revisions\/1998"}],"wp:attachment":[{"href":"https:\/\/encuentro-tic.anuies.mx\/2018\/wp-json\/wp\/v2\/media?parent=1133"}],"curies":[{"name":"wp","href":"https:\/\/api.w.org\/{rel}","templated":true}]}}