{"id":1125,"date":"2018-05-07T13:22:09","date_gmt":"2018-05-07T19:22:09","guid":{"rendered":"https:\/\/encuentro-tic.anuies.mx\/2018\/?page_id=1125"},"modified":"2018-05-08T11:55:43","modified_gmt":"2018-05-08T17:55:43","slug":"acercaudlap","status":"publish","type":"page","link":"https:\/\/encuentro-tic.anuies.mx\/2018\/acercaudlap\/","title":{"rendered":"La UDLAP"},"content":{"rendered":"<div id=\"pl-1125\"  class=\"panel-layout\" ><div id=\"pg-1125-0\"  class=\"panel-grid panel-has-style\" ><div style=\"padding: 100px 0; \" data-overlay=\"true\" data-overlay-color=\"#000000\" class=\"panel-row-style panel-row-style-for-1125-0\" ><div id=\"pgc-1125-0-0\"  class=\"panel-grid-cell\" ><div id=\"panel-1125-0-0-0\" class=\"so-panel widget widget_sow-editor panel-first-child panel-last-child\" data-index=\"0\" ><div style=\"text-align: left;\" data-title-color=\"#443f3f\" data-headings-color=\"#443f3f\" class=\"panel-widget-style panel-widget-style-for-1125-0-0-0\" ><div\n\t\t\t\n\t\t\tclass=\"so-widget-sow-editor so-widget-sow-editor-base\"\n\t\t\t\n\t\t>\n<div class=\"siteorigin-widget-tinymce textwidget\">\n\t<p style=\"text-align: justify;\">La <strong>Universidad de las Am\u00e9ricas Puebla<\/strong> (<strong>UDLAP)<\/strong>, se encuentra a dos horas de la Ciudad de M\u00e9xico, una de las m\u00e1s cosmopolitas y grandes del mundo y a veinte minutos de la ciudad de Puebla, declarada como Ciudad Patrimonio Cultural de la Humanidad por la Unesco.<\/p>\n<p style=\"text-align: justify;\">La historia de la <strong>UDLAP<\/strong> comienza con el Mexico City College fundado en 1940, que sembr\u00f3 las ra\u00edces de una universidad internacional. Ahora, con m\u00e1s de 75 a\u00f1os de experiencia se ha consolidado como una instituci\u00f3n privada de excelencia acad\u00e9mica y que, con m\u00e1s de setenta programas de estudio de licenciatura y posgrado \u2013en todas las \u00e1reas del conocimiento\u2013 ofrece una experiencia multicultural a sus estudiantes que se refleja en las m\u00e1s de 55 nacionalidades representadas en el campus y por los convenios de intercambio con cerca de cuarenta pa\u00edses.<\/p>\n<p style=\"text-align: justify;\">La calidad <strong>UDLAP<\/strong> es avalada por las acreditaciones internacionales, como la otorgada por la Southern Association of Colleges and Schools Commission on Colleges (SACSCOC) desde 1959. \u00c9sta se ha ratificado con el m\u00e1ximo nivel posible, siendo una de s\u00f3lo dos universidades fuera de Estados Unidos con nivel 6, lo que representa que la <strong>UDLAP<\/strong> ha homologado los est\u00e1ndares de calidad con los de dicho pa\u00eds.<\/p>\n<p style=\"text-align: justify;\">La excelencia <strong>UDLAP<\/strong> tambi\u00e9n se ha traducido en el reconocimiento otorgado por los rankings nacionales como el del peri\u00f3dico El Universal, en el que, desde 2012, ha sido catalogada como una de las mejores universidades privadas de M\u00e9xico.<\/p>\n<p style=\"text-align: justify;\">A nivel internacional, la <strong>UDLAP<\/strong> es la \u00fanica universidad de Am\u00e9rica Latina con un solo campus en tener 5 estrellas global otorgado por QS Stars en 2017. Adem\u00e1s, obtuvo 5 estrellas en las categor\u00edas de ense\u00f1anza, internacionalizaci\u00f3n, arte y cultura, inclusi\u00f3n, infraestructura y empleabilidad.<\/p>\n<p style=\"text-align: justify;\">La UDLAP tiene un campus \u00fanico que garantiza su calidad acad\u00e9mica y ofrece una experiencia integral a los estudiantes. Los laboratorios, biblioteca, salas de c\u00f3mputo y salones, cuentan con equipo de \u00faltima tecnolog\u00eda, permitiendo que los alumnos conviertan el conocimiento te\u00f3rico en pr\u00e1ctico, fortaleciendo sus capacidades y competencias.<\/p>\n<p>[Best_Wordpress_Gallery id=\"2\" gal_title=\"3er Encuentro\"]<\/p>\n<\/div>\n<\/div><\/div><\/div><\/div><div id=\"pgc-1125-0-1\"  class=\"panel-grid-cell\" ><div id=\"panel-1125-0-1-0\" class=\"so-panel widget widget_sow-editor panel-first-child panel-last-child\" data-index=\"1\" ><div style=\"text-align: left;\" data-title-color=\"#443f3f\" data-headings-color=\"#443f3f\" class=\"panel-widget-style panel-widget-style-for-1125-0-1-0\" ><div\n\t\t\t\n\t\t\tclass=\"so-widget-sow-editor so-widget-sow-editor-base\"\n\t\t\t\n\t\t>\n<div class=\"siteorigin-widget-tinymce textwidget\">\n\t<p>[Best_Wordpress_Gallery id=\"10\" gal_title=\"udlap\"]<\/p>\n<p>&nbsp;<\/p>\n<\/div>\n<\/div><\/div><\/div><\/div><\/div><\/div><\/div>","protected":false},"excerpt":{"rendered":"<p>La Universidad de las Am\u00e9ricas Puebla (UDLAP), se encuentra a dos horas de la Ciudad de M\u00e9xico, una de las m\u00e1s cosmopolitas [&hellip;]<\/p>\n","protected":false},"author":1,"featured_media":0,"parent":0,"menu_order":0,"comment_status":"closed","ping_status":"closed","template":"page-templates\/page_fullwidth.php","meta":{"ngg_post_thumbnail":0,"footnotes":""},"class_list":["post-1125","page","type-page","status-publish","hentry"],"_links":{"self":[{"href":"https:\/\/encuentro-tic.anuies.mx\/2018\/wp-json\/wp\/v2\/pages\/1125","targetHints":{"allow":["GET"]}}],"collection":[{"href":"https:\/\/encuentro-tic.anuies.mx\/2018\/wp-json\/wp\/v2\/pages"}],"about":[{"href":"https:\/\/encuentro-tic.anuies.mx\/2018\/wp-json\/wp\/v2\/types\/page"}],"author":[{"embeddable":true,"href":"https:\/\/encuentro-tic.anuies.mx\/2018\/wp-json\/wp\/v2\/users\/1"}],"replies":[{"embeddable":true,"href":"https:\/\/encuentro-tic.anuies.mx\/2018\/wp-json\/wp\/v2\/comments?post=1125"}],"version-history":[{"count":42,"href":"https:\/\/encuentro-tic.anuies.mx\/2018\/wp-json\/wp\/v2\/pages\/1125\/revisions"}],"predecessor-version":[{"id":1508,"href":"https:\/\/encuentro-tic.anuies.mx\/2018\/wp-json\/wp\/v2\/pages\/1125\/revisions\/1508"}],"wp:attachment":[{"href":"https:\/\/encuentro-tic.anuies.mx\/2018\/wp-json\/wp\/v2\/media?parent=1125"}],"curies":[{"name":"wp","href":"https:\/\/api.w.org\/{rel}","templated":true}]}}