{"id":1113,"date":"2018-05-07T13:13:02","date_gmt":"2018-05-07T19:13:02","guid":{"rendered":"https:\/\/encuentro-tic.anuies.mx\/2018\/?page_id=1113"},"modified":"2018-05-08T10:39:29","modified_gmt":"2018-05-08T16:39:29","slug":"acercaanuies","status":"publish","type":"page","link":"https:\/\/encuentro-tic.anuies.mx\/2018\/acercaanuies\/","title":{"rendered":"La ANUIES"},"content":{"rendered":"<div id=\"pl-1113\"  class=\"panel-layout\" ><div id=\"pg-1113-0\"  class=\"panel-grid panel-has-style\" ><div style=\"padding: 100px 0; \" data-overlay=\"true\" data-overlay-color=\"#000000\" class=\"panel-row-style panel-row-style-for-1113-0\" ><div id=\"pgc-1113-0-0\"  class=\"panel-grid-cell\" ><div id=\"panel-1113-0-0-0\" class=\"so-panel widget widget_sow-editor panel-first-child panel-last-child\" data-index=\"0\" ><div style=\"text-align: left;\" data-title-color=\"#443f3f\" data-headings-color=\"#443f3f\" class=\"panel-widget-style panel-widget-style-for-1113-0-0-0\" ><div\n\t\t\t\n\t\t\tclass=\"so-widget-sow-editor so-widget-sow-editor-base\"\n\t\t\t\n\t\t>\n<div class=\"siteorigin-widget-tinymce textwidget\">\n\t<p>[Best_Wordpress_Gallery id=\"8\" gal_title=\"anuies\"]<\/p>\n<\/div>\n<\/div><\/div><\/div><\/div><div id=\"pgc-1113-0-1\"  class=\"panel-grid-cell\" ><div id=\"panel-1113-0-1-0\" class=\"so-panel widget widget_sow-editor panel-first-child panel-last-child\" data-index=\"1\" ><div style=\"text-align: left;\" data-title-color=\"#443f3f\" data-headings-color=\"#443f3f\" class=\"panel-widget-style panel-widget-style-for-1113-0-1-0\" ><div\n\t\t\t\n\t\t\tclass=\"so-widget-sow-editor so-widget-sow-editor-base\"\n\t\t\t\n\t\t>\n<div class=\"siteorigin-widget-tinymce textwidget\">\n\t<p style=\"text-align: justify;\">La <strong>Asociaci\u00f3n Nacional de Universidades e Instituciones de Educaci\u00f3n Superior<\/strong> es una asociaci\u00f3n no gubernamental, de car\u00e1cter plural, que congrega a las principales instituciones de educaci\u00f3n superior del pa\u00eds, cuyo com\u00fan denominador es su voluntad para promover el mejoramiento integral en los campos de la docencia, la investigaci\u00f3n y la extensi\u00f3n de la cultura y los servicios.<\/p>\n<p style=\"text-align: justify;\">Se cre\u00f3 formalmente el 25 de marzo de 1950 en la ciudad de Hermosillo, Sonora, con la participaci\u00f3n de 26 universidades e institutos p\u00fablicos de educaci\u00f3n superior de diversas entidades federativas. Actualmente est\u00e1 conformada por 191 universidades e instituciones de educaci\u00f3n superior.<\/p>\n<p style=\"text-align: justify;\">La <strong>ANUIES<\/strong> coordina, de manera propositiva y participativa con respeto a la autonom\u00eda y la pluralidad de las instituciones asociadas, el desarrollo de la educaci\u00f3n superior; contribuye a su fortalecimiento con declaraciones, aportaciones y directrices; participa con las autoridades educativas en la formulaci\u00f3n de planes y programas nacionales de educaci\u00f3n superior; impulsa la creaci\u00f3n de organismos especializados para el mejoramiento de la calidad educativa.<\/p>\n<\/div>\n<\/div><\/div><\/div><\/div><\/div><\/div><\/div>","protected":false},"excerpt":{"rendered":"<p>[Best_Wordpress_Gallery id=&#8221;8&#8243; gal_title=&#8221;anuies&#8221;] La Asociaci\u00f3n Nacional de Universidades e Instituciones de Educaci\u00f3n Superior es una asociaci\u00f3n no gubernamental, de car\u00e1cter plural, que [&hellip;]<\/p>\n","protected":false},"author":1,"featured_media":0,"parent":0,"menu_order":0,"comment_status":"closed","ping_status":"closed","template":"page-templates\/page_fullwidth.php","meta":{"ngg_post_thumbnail":0,"footnotes":""},"class_list":["post-1113","page","type-page","status-publish","hentry"],"_links":{"self":[{"href":"https:\/\/encuentro-tic.anuies.mx\/2018\/wp-json\/wp\/v2\/pages\/1113","targetHints":{"allow":["GET"]}}],"collection":[{"href":"https:\/\/encuentro-tic.anuies.mx\/2018\/wp-json\/wp\/v2\/pages"}],"about":[{"href":"https:\/\/encuentro-tic.anuies.mx\/2018\/wp-json\/wp\/v2\/types\/page"}],"author":[{"embeddable":true,"href":"https:\/\/encuentro-tic.anuies.mx\/2018\/wp-json\/wp\/v2\/users\/1"}],"replies":[{"embeddable":true,"href":"https:\/\/encuentro-tic.anuies.mx\/2018\/wp-json\/wp\/v2\/comments?post=1113"}],"version-history":[{"count":14,"href":"https:\/\/encuentro-tic.anuies.mx\/2018\/wp-json\/wp\/v2\/pages\/1113\/revisions"}],"predecessor-version":[{"id":1428,"href":"https:\/\/encuentro-tic.anuies.mx\/2018\/wp-json\/wp\/v2\/pages\/1113\/revisions\/1428"}],"wp:attachment":[{"href":"https:\/\/encuentro-tic.anuies.mx\/2018\/wp-json\/wp\/v2\/media?parent=1113"}],"curies":[{"name":"wp","href":"https:\/\/api.w.org\/{rel}","templated":true}]}}